{"id":400,"date":"2014-11-16T20:33:00","date_gmt":"2014-11-16T20:33:00","guid":{"rendered":"https:\/\/blogs.ua.es\/clest\/?page_id=400"},"modified":"2014-11-22T15:30:25","modified_gmt":"2014-11-22T15:30:25","slug":"local-newspaper","status":"publish","type":"page","link":"https:\/\/blogs.ua.es\/clest\/local-newspaper\/","title":{"rendered":"Local newspapers"},"content":{"rendered":"<ul>\n<li>Nota de prensa, UA:\u00a0<a href=\"http:\/\/s.ua.es\/2eom\" target=\"_blank\">La Universidad de Alicante l\u00edder en investigaci\u00f3n educativa en el \u00e1rea de Enfermer\u00eda<\/a><\/li>\n<li>Diario Informaci\u00f3n:\u00a0<a style=\"font-style: normal\" href=\"https:\/\/blogs.ua.es\/clest\/files\/2014\/11\/Debate-internacional.jpg-613\u00d71.218-p\u00edxeles.pdf\">Debate internacional<\/a><\/li>\n<li>La Verdad:\u00a0<a href=\"http:\/\/www.laverdad.es\/alicante\/ua-universidadaldia\/201411\/06\/lider-investigacion-educativa-enfermeria-20141106014829.html\" target=\"_blank\">La UA, l\u00edder en investigaci\u00f3n educativa en Enfermer\u00eda<\/a><\/li>\n<li>Diario Dicen: <a href=\"http:\/\/www.diariodicen.es\/201411\/la-universidad-de-alicante-a-la-cabeza-en-investigacion-educativa-en-enfermeria\/\" target=\"_blank\">La Universidad de Alicante, a la cabeza en investigaci\u00f3n educativa en Enfermer\u00eda<\/a><\/li>\n<li>Presspeople:\u00a0<a href=\"http:\/\/www.presspeople.com\/nota\/universidad-alicante-lider-investigacion-educativa-area\" target=\"_blank\">La Universidad de Alicante l\u00edder en investigaci\u00f3n educativa en el \u00e1rea de Enfermer\u00eda<\/a><\/li>\n<\/ul>\n","protected":false},"excerpt":{"rendered":"<p>Nota de prensa, UA:\u00a0La Universidad de Alicante l\u00edder en investigaci\u00f3n educativa en el \u00e1rea de Enfermer\u00eda Diario Informaci\u00f3n:\u00a0Debate internacional La Verdad:\u00a0La UA, l\u00edder en investigaci\u00f3n educativa en Enfermer\u00eda Diario Dicen: La Universidad de Alicante, a la cabeza en investigaci\u00f3n educativa &hellip; <a href=\"https:\/\/blogs.ua.es\/clest\/local-newspaper\/\">Continue reading <span class=\"meta-nav\">&rarr;<\/span><\/a><\/p>\n","protected":false},"author":56,"featured_media":0,"parent":0,"menu_order":11,"comment_status":"closed","ping_status":"open","template":"","meta":{"footnotes":""},"class_list":["post-400","page","type-page","status-publish","hentry"],"_links":{"self":[{"href":"https:\/\/blogs.ua.es\/clest\/wp-json\/wp\/v2\/pages\/400","targetHints":{"allow":["GET"]}}],"collection":[{"href":"https:\/\/blogs.ua.es\/clest\/wp-json\/wp\/v2\/pages"}],"about":[{"href":"https:\/\/blogs.ua.es\/clest\/wp-json\/wp\/v2\/types\/page"}],"author":[{"embeddable":true,"href":"https:\/\/blogs.ua.es\/clest\/wp-json\/wp\/v2\/users\/56"}],"replies":[{"embeddable":true,"href":"https:\/\/blogs.ua.es\/clest\/wp-json\/wp\/v2\/comments?post=400"}],"version-history":[{"count":9,"href":"https:\/\/blogs.ua.es\/clest\/wp-json\/wp\/v2\/pages\/400\/revisions"}],"predecessor-version":[{"id":413,"href":"https:\/\/blogs.ua.es\/clest\/wp-json\/wp\/v2\/pages\/400\/revisions\/413"}],"wp:attachment":[{"href":"https:\/\/blogs.ua.es\/clest\/wp-json\/wp\/v2\/media?parent=400"}],"curies":[{"name":"wp","href":"https:\/\/api.w.org\/{rel}","templated":true}]}}