{"id":103,"date":"2010-06-08T12:37:50","date_gmt":"2010-06-08T10:37:50","guid":{"rendered":"https:\/\/blogs.ua.es\/cnc2010\/?page_id=103"},"modified":"2011-04-19T09:39:25","modified_gmt":"2011-04-19T07:39:25","slug":"oa2","status":"publish","type":"page","link":"https:\/\/blogs.ua.es\/cnc2010\/congreso-virtual\/ciencia-del-color\/oa2\/","title":{"rendered":"Monitorizaci\u00f3n del color: aplicaci\u00f3n a problemas medioambientales"},"content":{"rendered":"<p>11.45, Mi\u00e9rcoles, \u00a030 de Junio de 2010<\/p>\n<p><span style=\"text-decoration: underline\"><strong>Autores:<\/strong><\/span><\/p>\n<p><em>Beatriz Prieto, Noelia Aira, Patricia Sanmart\u00edn, Cristina Silva, Benita Silva<\/em><\/p>\n<p><span style=\"text-decoration: underline\"><strong>RESUMEN:<\/strong><\/span><\/p>\n<p>En este trabajo se presenta la monitorizaci\u00f3n del color como una t\u00e9cnica anal\u00edtica no destructiva y de aplicaci\u00f3n <em>on site<\/em> muy \u00fatil en los estudios medioambientales. A modo de ejemplo se muestran los resultados obtenidos a partir de dicha monitorizaci\u00f3n en dos estudios medioambientales diferentes: la correcci\u00f3n del impacto visual generado por la explotaci\u00f3n de los recursos naturales y la r\u00e1pida recolonizaci\u00f3n biol\u00f3gica a la que se ven sometidas algunas edificaciones despu\u00e9s de la aplicaci\u00f3n de tratamientos de limpieza. En ambos casos, el an\u00e1lisis de la evoluci\u00f3n de los par\u00e1metros CIELAB en el tiempo ha aportado informaci\u00f3n relevante para la toma de decisiones dirigidas a la paliaci\u00f3n de las consecuencias derivadas de la interacci\u00f3n de los objetos de estudio con el medioambiente.<\/p>\n<p><strong><span style=\"text-decoration: underline\">Visualiza la presentaci\u00f3n:<\/span><\/strong><\/p>\n<p><a href=\"https:\/\/zebra.cpd.ua.es\/vertice\/2760\" target=\"_blank\">V\u00eddeo<\/a><\/p>\n<p><strong><span style=\"font-weight: normal\"><a href=\"https:\/\/docs.google.com\/viewer?a=v&amp;pid=sites&amp;srcid=ZGVmYXVsdGRvbWFpbnxwb3N0ZXJzY25jfGd4OjM0MTk3OTVjY2I4ZGNkOGM\" target=\"_blank\">Charla<\/a><\/span><\/strong><\/p>\n<p><strong><span style=\"font-weight: normal\"><a href=\"https:\/\/blogs.ua.es\/cnc2010\/congreso-virtual\/ciencia-del-color\" target=\"_self\"><img loading=\"lazy\" decoding=\"async\" class=\"aligncenter size-full wp-image-515\" src=\"https:\/\/blogs.ua.es\/cnc2010\/files\/2010\/06\/volver.jpg\" alt=\"\" width=\"43\" height=\"11\" \/><\/a><br \/>\n<\/span><\/strong><\/p>\n","protected":false},"excerpt":{"rendered":"<p>11.45, Mi\u00e9rcoles, \u00a030 de Junio de 2010 Autores: Beatriz Prieto, Noelia Aira, Patricia Sanmart\u00edn, Cristina Silva, Benita Silva RESUMEN: En este trabajo se presenta la monitorizaci\u00f3n del color como una t\u00e9cnica anal\u00edtica no destructiva y de aplicaci\u00f3n on site muy \u00fatil en los estudios medioambientales. A modo de ejemplo se muestran los resultados obtenidos a [&hellip;]<\/p>\n","protected":false},"author":1386,"featured_media":0,"parent":92,"menu_order":2,"comment_status":"open","ping_status":"open","template":"","meta":{"footnotes":""},"class_list":["post-103","page","type-page","status-publish","hentry"],"_links":{"self":[{"href":"https:\/\/blogs.ua.es\/cnc2010\/wp-json\/wp\/v2\/pages\/103","targetHints":{"allow":["GET"]}}],"collection":[{"href":"https:\/\/blogs.ua.es\/cnc2010\/wp-json\/wp\/v2\/pages"}],"about":[{"href":"https:\/\/blogs.ua.es\/cnc2010\/wp-json\/wp\/v2\/types\/page"}],"author":[{"embeddable":true,"href":"https:\/\/blogs.ua.es\/cnc2010\/wp-json\/wp\/v2\/users\/1386"}],"replies":[{"embeddable":true,"href":"https:\/\/blogs.ua.es\/cnc2010\/wp-json\/wp\/v2\/comments?post=103"}],"version-history":[{"count":10,"href":"https:\/\/blogs.ua.es\/cnc2010\/wp-json\/wp\/v2\/pages\/103\/revisions"}],"predecessor-version":[{"id":542,"href":"https:\/\/blogs.ua.es\/cnc2010\/wp-json\/wp\/v2\/pages\/103\/revisions\/542"}],"up":[{"embeddable":true,"href":"https:\/\/blogs.ua.es\/cnc2010\/wp-json\/wp\/v2\/pages\/92"}],"wp:attachment":[{"href":"https:\/\/blogs.ua.es\/cnc2010\/wp-json\/wp\/v2\/media?parent=103"}],"curies":[{"name":"wp","href":"https:\/\/api.w.org\/{rel}","templated":true}]}}