{"id":116,"date":"2010-06-08T13:34:29","date_gmt":"2010-06-08T11:34:29","guid":{"rendered":"https:\/\/blogs.ua.es\/cnc2010\/?page_id=116"},"modified":"2011-04-19T09:42:58","modified_gmt":"2011-04-19T07:42:58","slug":"oa4","status":"publish","type":"page","link":"https:\/\/blogs.ua.es\/cnc2010\/congreso-virtual\/ciencia-del-color\/oa4\/","title":{"rendered":"Evaluaci\u00f3n colorim\u00e9trica de colores goniocrom\u00e1ticos a partir de los colores \u00f3ptimos"},"content":{"rendered":"<p>12.15, Mi\u00e9rcoles, \u00a030 de Junio de 2010<\/p>\n<p><span style=\"text-decoration: underline\"><strong>Autores:<\/strong><\/span><\/p>\n<p><em>Esther Perales, El\u00edsabet Chorro, Werner Rudolf Cramer, Francisco Miguel Mart\u00ednez-Verd\u00fa<\/em><\/p>\n<p><span style=\"text-decoration: underline\"><strong>RESUMEN:<\/strong><\/span><\/p>\n<p>Durante los \u00faltimos a\u00f1os la innovaci\u00f3n tecnol\u00f3gica en muchas \u00e1reas ha hecho posible, entre otras cosas, la aparici\u00f3n de nuevos materiales \u00f3pticos, y en concreto los goniocrom\u00e1ticos (metalizados y perlados). As\u00ed, son ampliamente usados en varios sectores industriales como pl\u00e1sticos y recubrimientos, sobre todo para la industria automovil\u00edstica. Pero a d\u00eda de hoy no existen estudios exhaustivos que eval\u00faen sus capacidades colorim\u00e9tricas. Por tanto, en este trabajo se realiza un estudio sobre muestras goniocrom\u00e1ticas utilizando los colores \u00f3ptimos (l\u00edmites de MacAdam) asociados a colores normales (escala fotom\u00e9trica de reflexi\u00f3n espectral de 0 a 1). A partir de una base de 91 muestras industriales metalizadas y perladas, y un multi-gonio-espectrofot\u00f3metro de 10 geometr\u00edas de medida (6 para una l\u00ednea de interferencia, y otras 4 para una l\u00ednea aspecular), hemos comprobado que, aparte de encontrar muestras con claridad L* superior a 100, otras muestras con L* inferiores a 100 presentan a lo largo de la l\u00ednea de interferencia cromaticidades que quedan fuera de los l\u00edmites de MacAdam.<\/p>\n<p><strong><span style=\"text-decoration: underline\">Visualiza la presentaci\u00f3n:<\/span><\/strong><\/p>\n<p><a href=\"https:\/\/zebra.cpd.ua.es\/vertice\/2800\" target=\"_blank\">V\u00eddeo<\/a><\/p>\n<p><a href=\"https:\/\/docs.google.com\/viewer?a=v&amp;pid=sites&amp;srcid=ZGVmYXVsdGRvbWFpbnxwb3N0ZXJzY25jfGd4OjY3ZjRjOWRkNmVlMWIxYzI\" target=\"_blank\">Charla<\/a><\/p>\n<p><a href=\"https:\/\/blogs.ua.es\/cnc2010\/congreso-virtual\/ciencia-del-color\" target=\"_self\"><img loading=\"lazy\" decoding=\"async\" class=\"aligncenter size-full wp-image-515\" src=\"https:\/\/blogs.ua.es\/cnc2010\/files\/2010\/06\/volver.jpg\" alt=\"\" width=\"43\" height=\"11\" \/><\/a><\/p>\n","protected":false},"excerpt":{"rendered":"<p>12.15, Mi\u00e9rcoles, \u00a030 de Junio de 2010 Autores: Esther Perales, El\u00edsabet Chorro, Werner Rudolf Cramer, Francisco Miguel Mart\u00ednez-Verd\u00fa RESUMEN: Durante los \u00faltimos a\u00f1os la innovaci\u00f3n tecnol\u00f3gica en muchas \u00e1reas ha hecho posible, entre otras cosas, la aparici\u00f3n de nuevos materiales \u00f3pticos, y en concreto los goniocrom\u00e1ticos (metalizados y perlados). As\u00ed, son ampliamente usados en varios [&hellip;]<\/p>\n","protected":false},"author":1386,"featured_media":0,"parent":92,"menu_order":4,"comment_status":"open","ping_status":"open","template":"","meta":{"footnotes":""},"class_list":["post-116","page","type-page","status-publish","hentry"],"_links":{"self":[{"href":"https:\/\/blogs.ua.es\/cnc2010\/wp-json\/wp\/v2\/pages\/116","targetHints":{"allow":["GET"]}}],"collection":[{"href":"https:\/\/blogs.ua.es\/cnc2010\/wp-json\/wp\/v2\/pages"}],"about":[{"href":"https:\/\/blogs.ua.es\/cnc2010\/wp-json\/wp\/v2\/types\/page"}],"author":[{"embeddable":true,"href":"https:\/\/blogs.ua.es\/cnc2010\/wp-json\/wp\/v2\/users\/1386"}],"replies":[{"embeddable":true,"href":"https:\/\/blogs.ua.es\/cnc2010\/wp-json\/wp\/v2\/comments?post=116"}],"version-history":[{"count":6,"href":"https:\/\/blogs.ua.es\/cnc2010\/wp-json\/wp\/v2\/pages\/116\/revisions"}],"predecessor-version":[{"id":545,"href":"https:\/\/blogs.ua.es\/cnc2010\/wp-json\/wp\/v2\/pages\/116\/revisions\/545"}],"up":[{"embeddable":true,"href":"https:\/\/blogs.ua.es\/cnc2010\/wp-json\/wp\/v2\/pages\/92"}],"wp:attachment":[{"href":"https:\/\/blogs.ua.es\/cnc2010\/wp-json\/wp\/v2\/media?parent=116"}],"curies":[{"name":"wp","href":"https:\/\/api.w.org\/{rel}","templated":true}]}}