{"id":131,"date":"2010-06-08T14:01:17","date_gmt":"2010-06-08T12:01:17","guid":{"rendered":"https:\/\/blogs.ua.es\/cnc2010\/?page_id=131"},"modified":"2011-04-19T15:08:55","modified_gmt":"2011-04-19T13:08:55","slug":"arte-y-arquitectura","status":"publish","type":"page","link":"https:\/\/blogs.ua.es\/cnc2010\/congreso-virtual\/arte-y-arquitectura\/","title":{"rendered":"Sesi\u00f3n de Conferencias: Color en Arte y Arquitectura"},"content":{"rendered":"<p><strong><em>Moderadores<\/em><\/strong><strong><em>:<\/em><\/strong> <em>Ana Torres y Jos\u00e9 Mar\u00eda Gonz\u00e1lez Cuasante<\/em><\/p>\n<p><em><strong>Jueves, 1 de Julio de 2010<\/strong><br \/>\n<\/em><\/p>\n<p><!--more-->10.00<strong> <\/strong><strong>\u201c<\/strong><a href=\"oc1\/\" target=\"_self\"><strong>Colores comerciales para retoque pict\u00f3rico de lagunas en restauraci\u00f3n del patrimonio: Evaluaci\u00f3n de diferencias de color y cambios de solubilidad despu\u00e9s de procesos de envejecimiento acelerado<\/strong><\/a><strong>\u201d<\/strong>, <em>Alicia S\u00e1nchez Ortiz, Sandra Mic\u00f3 Bor\u00f3.<\/em><\/p>\n<p><!--more-->10.15<strong> \u201c<a href=\"https:\/\/blogs.ua.es\/cnc2010\/congreso-virtual\/arte-y-arquitectura\/oc2\/\" target=\"_self\">El color como mediador interdisciplinario entre la cultura art\u00edstico-human\u00edstica y la cultura cient\u00edfico- t\u00e9cnica en las nuevas manifestaciones del arte contempor\u00e1neo. El caso de <\/a><em><a href=\"https:\/\/blogs.ua.es\/cnc2010\/congreso-virtual\/arte-y-arquitectura\/oc2\/\" target=\"_self\">frecuencias<\/a><\/em><a href=\"oc2\/\" target=\"_self\"> (2009) de Eug\u00e8nia Balcells<\/a>\u201d, <\/strong><em>Daniel L\u00f3pez del Rinc\u00f3n.<\/em><\/p>\n<p><!--more-->10.30<strong> \u201c<a href=\"oc3\/\" target=\"_self\">Bogot\u00e1, la ciudad camale\u00f3nica<\/a>\u201d<\/strong>, <em>Samira Kadamani Abiyoma<\/em>.<\/p>\n<p><!--more-->10.45<strong> \u201c<a href=\"oc4\/\" target=\"_self\">Un modelo descriptivo de s\u00edntesis \u00f3pticas por mezcla r\u00e1pida y su representaci\u00f3n en 3D<\/a>\u201d, <\/strong><em>Jos\u00e9 Mar\u00eda Gonz\u00e1lez Cuasante,<sup> <\/sup>Mar\u00eda del Mar Cuevas Ria\u00f1o,<sup> <\/sup>Fernando Alonso Mu\u00f1oz.<\/em><\/p>\n<p><!--more-->11.00 \u00a0<strong>\u201c<a href=\"oc5\/\" target=\"_self\">El color en la arquitectura de Bruno Taut<\/a>\u201d, <\/strong><em>M\u00f3nica V\u00e1zquez Astorga.<\/em><\/p>\n<p><!--more-->11.15<strong> \u201c<a href=\"oc6\/\" target=\"_self\">Una estrategia global para el conocimiento y la preservaci\u00f3n del color en la arquitectura hist\u00f3rica<\/a>\u201d<\/strong>, <em>\u00c1ngela Garc\u00eda, Jorge Llopis, Ana Torres, Juan Serra.<\/em><\/p>\n<p><em><!--more--><a href=\"https:\/\/blogs.ua.es\/cnc2010\/congreso-virtual\/\"><img loading=\"lazy\" decoding=\"async\" class=\"aligncenter size-full wp-image-515\" src=\"https:\/\/blogs.ua.es\/cnc2010\/files\/2010\/06\/volver.jpg\" alt=\"\" width=\"43\" height=\"11\" \/><\/a><br \/>\n<\/em><\/p>\n","protected":false},"excerpt":{"rendered":"<p>Moderadores: Ana Torres y Jos\u00e9 Mar\u00eda Gonz\u00e1lez Cuasante Jueves, 1 de Julio de 2010<\/p>\n","protected":false},"author":1386,"featured_media":0,"parent":3,"menu_order":4,"comment_status":"closed","ping_status":"closed","template":"","meta":{"footnotes":""},"class_list":["post-131","page","type-page","status-publish","hentry"],"_links":{"self":[{"href":"https:\/\/blogs.ua.es\/cnc2010\/wp-json\/wp\/v2\/pages\/131","targetHints":{"allow":["GET"]}}],"collection":[{"href":"https:\/\/blogs.ua.es\/cnc2010\/wp-json\/wp\/v2\/pages"}],"about":[{"href":"https:\/\/blogs.ua.es\/cnc2010\/wp-json\/wp\/v2\/types\/page"}],"author":[{"embeddable":true,"href":"https:\/\/blogs.ua.es\/cnc2010\/wp-json\/wp\/v2\/users\/1386"}],"replies":[{"embeddable":true,"href":"https:\/\/blogs.ua.es\/cnc2010\/wp-json\/wp\/v2\/comments?post=131"}],"version-history":[{"count":13,"href":"https:\/\/blogs.ua.es\/cnc2010\/wp-json\/wp\/v2\/pages\/131\/revisions"}],"predecessor-version":[{"id":572,"href":"https:\/\/blogs.ua.es\/cnc2010\/wp-json\/wp\/v2\/pages\/131\/revisions\/572"}],"up":[{"embeddable":true,"href":"https:\/\/blogs.ua.es\/cnc2010\/wp-json\/wp\/v2\/pages\/3"}],"wp:attachment":[{"href":"https:\/\/blogs.ua.es\/cnc2010\/wp-json\/wp\/v2\/media?parent=131"}],"curies":[{"name":"wp","href":"https:\/\/api.w.org\/{rel}","templated":true}]}}