{"id":135,"date":"2010-06-08T14:04:33","date_gmt":"2010-06-08T12:04:33","guid":{"rendered":"https:\/\/blogs.ua.es\/cnc2010\/?page_id=135"},"modified":"2011-04-19T15:17:13","modified_gmt":"2011-04-19T13:17:13","slug":"reproduccion-del-color","status":"publish","type":"page","link":"https:\/\/blogs.ua.es\/cnc2010\/congreso-virtual\/reproduccion-del-color\/","title":{"rendered":"Sesi\u00f3n de Conferencias: Reproducci\u00f3n del Color"},"content":{"rendered":"<p><strong><em>Moderadores<\/em><\/strong><strong><em>: <\/em><\/strong><em>Jaume Pujol y Meritxell Vilaseca<\/em><\/p>\n<p><em><strong>Jueves, 1 de Julio de 2010<\/strong><br \/>\n<\/em><\/p>\n<p><!--more-->13.00\u00a0<strong>\u201c<a href=\"od1\/\" target=\"_self\">A swir hyperspectral imaging system for art history and art conservation<\/a><\/strong><strong>\u201d<\/strong>, <em>Haida Liang, Kafing Keita, Chris Pannell, Jon Ward.<\/em><\/p>\n<p><!--more-->13.15<strong> \u201c<a href=\"od2\/\" target=\"_self\">Ampliaci\u00f3n del gamut de color con trama a trav\u00e9s de la heptacrom\u00eda \u00ae de cualquier color a cualquier color<\/a>\u201d<\/strong>, <em>Vicente Carrasco Mart\u00ednez.<\/em><\/p>\n<p><!--more-->13.30\u00a0<strong>\u201c<a href=\"od3\/\" target=\"_self\">Desarrollo crom\u00e1tico y pl\u00e1stico de t\u00e9cnicas de impresi\u00f3n manual a partir de matrices digitales en cuatricrom\u00eda procedentes del denominado <\/a><em><a href=\"https:\/\/blogs.ua.es\/cnc2010\/congreso-virtual\/sesion-de-conferencias-reproduccion-del-color\/od3\/\" target=\"_self\">Sepa-rate colours intaglio type<\/a><\/em>\u201d,<\/strong> <em>Norberto Gonz\u00e1lez Jim\u00e9nez, Vicente Alemany S\u00e1nchez-Moscoso, Juan Gallego Garrido, Yolanda Garc\u00eda Qu\u00edlez.<\/em><\/p>\n<p><!--more-->13.45<strong> \u201c<\/strong><strong><a href=\"od4\/\" target=\"_self\">La educaci\u00f3n en color para una adecuada gesti\u00f3n del color<\/a><\/strong><strong>\u201d<\/strong>, <em>Diana Rivera Maldonado, Roberto Restrepo Paredes, Andr\u00e9s Felipe \u00c1lvarez Cardona<\/em><em>.<\/em><\/p>\n<p style=\"text-align: center\"><em><!--more--><a href=\"https:\/\/blogs.ua.es\/cnc2010\/congreso-virtual\/\"><img loading=\"lazy\" decoding=\"async\" class=\"aligncenter size-full wp-image-515\" src=\"https:\/\/blogs.ua.es\/cnc2010\/files\/2010\/06\/volver.jpg\" alt=\"\" width=\"43\" height=\"11\" \/><\/a><br \/>\n<\/em><\/p>\n","protected":false},"excerpt":{"rendered":"<p>Moderadores: Jaume Pujol y Meritxell Vilaseca Jueves, 1 de Julio de 2010<\/p>\n","protected":false},"author":1386,"featured_media":0,"parent":3,"menu_order":5,"comment_status":"closed","ping_status":"closed","template":"","meta":{"footnotes":""},"class_list":["post-135","page","type-page","status-publish","hentry"],"_links":{"self":[{"href":"https:\/\/blogs.ua.es\/cnc2010\/wp-json\/wp\/v2\/pages\/135","targetHints":{"allow":["GET"]}}],"collection":[{"href":"https:\/\/blogs.ua.es\/cnc2010\/wp-json\/wp\/v2\/pages"}],"about":[{"href":"https:\/\/blogs.ua.es\/cnc2010\/wp-json\/wp\/v2\/types\/page"}],"author":[{"embeddable":true,"href":"https:\/\/blogs.ua.es\/cnc2010\/wp-json\/wp\/v2\/users\/1386"}],"replies":[{"embeddable":true,"href":"https:\/\/blogs.ua.es\/cnc2010\/wp-json\/wp\/v2\/comments?post=135"}],"version-history":[{"count":12,"href":"https:\/\/blogs.ua.es\/cnc2010\/wp-json\/wp\/v2\/pages\/135\/revisions"}],"predecessor-version":[{"id":197,"href":"https:\/\/blogs.ua.es\/cnc2010\/wp-json\/wp\/v2\/pages\/135\/revisions\/197"}],"up":[{"embeddable":true,"href":"https:\/\/blogs.ua.es\/cnc2010\/wp-json\/wp\/v2\/pages\/3"}],"wp:attachment":[{"href":"https:\/\/blogs.ua.es\/cnc2010\/wp-json\/wp\/v2\/media?parent=135"}],"curies":[{"name":"wp","href":"https:\/\/api.w.org\/{rel}","templated":true}]}}