{"id":153,"date":"2010-06-08T16:45:25","date_gmt":"2010-06-08T14:45:25","guid":{"rendered":"https:\/\/blogs.ua.es\/cnc2010\/?page_id=153"},"modified":"2011-04-19T11:39:00","modified_gmt":"2011-04-19T09:39:00","slug":"ob1","status":"publish","type":"page","link":"https:\/\/blogs.ua.es\/cnc2010\/congreso-virtual\/percepcion-del-color\/ob1\/","title":{"rendered":"B\u00fasqueda de prototipos en dicr\u00f3matas R-V: capacidad predictiva de dos modelos"},"content":{"rendered":"<p>13.00, Mi\u00e9rcoles, 30 de Junio de 2010<\/p>\n<p><strong><span style=\"text-decoration: underline\">Autores:<\/span><\/strong><\/p>\n<p><em>Humberto Moreira, Julio Lillo, Leticia \u00c1lvaro, M\u00aa del Carmen Dur\u00e1n<\/em><\/p>\n<p><strong><span style=\"text-decoration: underline\">RESUMEN:<\/span><\/strong><\/p>\n<p>Tres grupos de observadores (controles, protanopes y deuteranopes) participaron en una tarea de b\u00fasqueda visual (mejor ejemplar de una categor\u00eda crom\u00e1tica b\u00e1sica). La tarea se realiz\u00f3 con relativamente pocos errores, lo que confirma resultados anteriores y se relaciona con la alta especificidad psicof\u00edsica de los colores de superficie. Los datos sirvieron para comparar la capacidad predictiva de dos modelos. Uno (modelo A) asumi\u00f3 que los dicr\u00f3matas R-V s\u00f3lo diferencian los colores en base a L*T\u00a0y a\u2019 (claridad transformada y saturaci\u00f3n). Otro (modelo B) asumi\u00f3 que, adem\u00e1s de lo anterior, tambi\u00e9n diferencian colores en base a la actividad residual del mecanismo R-V.<\/p>\n<p><strong><span style=\"text-decoration: underline\">Visualiza la presentaci\u00f3n:<\/span><\/strong><\/p>\n<p><a href=\"https:\/\/zebra.cpd.ua.es\/vertice\/2840\" target=\"_blank\">V\u00eddeo<\/a><\/p>\n<p><a href=\"https:\/\/docs.google.com\/viewer?a=v&amp;pid=sites&amp;srcid=ZGVmYXVsdGRvbWFpbnxwb3N0ZXJzY25jfGd4OjUzMzRiNjI1NWRkZWUzNzc\" target=\"_blank\">Charla<\/a><\/p>\n<p><a href=\"https:\/\/blogs.ua.es\/cnc2010\/congreso-virtual\/percepcion-del-color\"><img loading=\"lazy\" decoding=\"async\" class=\"aligncenter size-full wp-image-515\" src=\"https:\/\/blogs.ua.es\/cnc2010\/files\/2010\/06\/volver.jpg\" alt=\"\" width=\"43\" height=\"11\" \/><\/a><\/p>\n","protected":false},"excerpt":{"rendered":"<p>13.00, Mi\u00e9rcoles, 30 de Junio de 2010 Autores: Humberto Moreira, Julio Lillo, Leticia \u00c1lvaro, M\u00aa del Carmen Dur\u00e1n RESUMEN: Tres grupos de observadores (controles, protanopes y deuteranopes) participaron en una tarea de b\u00fasqueda visual (mejor ejemplar de una categor\u00eda crom\u00e1tica b\u00e1sica). La tarea se realiz\u00f3 con relativamente pocos errores, lo que confirma resultados anteriores y [&hellip;]<\/p>\n","protected":false},"author":1386,"featured_media":0,"parent":127,"menu_order":1,"comment_status":"open","ping_status":"open","template":"","meta":{"footnotes":""},"class_list":["post-153","page","type-page","status-publish","hentry"],"_links":{"self":[{"href":"https:\/\/blogs.ua.es\/cnc2010\/wp-json\/wp\/v2\/pages\/153","targetHints":{"allow":["GET"]}}],"collection":[{"href":"https:\/\/blogs.ua.es\/cnc2010\/wp-json\/wp\/v2\/pages"}],"about":[{"href":"https:\/\/blogs.ua.es\/cnc2010\/wp-json\/wp\/v2\/types\/page"}],"author":[{"embeddable":true,"href":"https:\/\/blogs.ua.es\/cnc2010\/wp-json\/wp\/v2\/users\/1386"}],"replies":[{"embeddable":true,"href":"https:\/\/blogs.ua.es\/cnc2010\/wp-json\/wp\/v2\/comments?post=153"}],"version-history":[{"count":5,"href":"https:\/\/blogs.ua.es\/cnc2010\/wp-json\/wp\/v2\/pages\/153\/revisions"}],"predecessor-version":[{"id":549,"href":"https:\/\/blogs.ua.es\/cnc2010\/wp-json\/wp\/v2\/pages\/153\/revisions\/549"}],"up":[{"embeddable":true,"href":"https:\/\/blogs.ua.es\/cnc2010\/wp-json\/wp\/v2\/pages\/127"}],"wp:attachment":[{"href":"https:\/\/blogs.ua.es\/cnc2010\/wp-json\/wp\/v2\/media?parent=153"}],"curies":[{"name":"wp","href":"https:\/\/api.w.org\/{rel}","templated":true}]}}