{"id":155,"date":"2010-06-08T16:42:50","date_gmt":"2010-06-08T14:42:50","guid":{"rendered":"https:\/\/blogs.ua.es\/cnc2010\/?page_id=155"},"modified":"2011-04-19T11:40:00","modified_gmt":"2011-04-19T09:40:00","slug":"ob2","status":"publish","type":"page","link":"https:\/\/blogs.ua.es\/cnc2010\/congreso-virtual\/percepcion-del-color\/ob2\/","title":{"rendered":"Una verificaci\u00f3n emp\u00edrica de la mejora de la f\u00f3rmula de diferencia de color CIEDE2000 respecto a CIELAB"},"content":{"rendered":"<p>13.15, Mi\u00e9rcoles, 30 de Junio de 2010<\/p>\n<p><strong><span style=\"text-decoration: underline\">Autores:<\/span><\/strong><\/p>\n<p><em> M. Grosman, S. Bra\u010dko, E. Mu\u00f1oz-Ib\u00e1\u00f1ez, L. G\u00f3mez-Robledo, R. Huertas, M. Melgosa<\/em><\/p>\n<p><strong><span style=\"text-decoration: underline\">RESUMEN:<\/span><\/strong><\/p>\n<p>Los 10 pares de muestras elaborados en 2002 por el Dr. Alman, con la finalidad de mostrar la mejora de CIEDE2000 con respecto a CIELAB, est\u00e1n dise\u00f1ados muy cuidadosamente: Los pares 1, 2 y 3 muestran la utilidad de la correcci\u00f3n de claridad, el par 4 la de la correcci\u00f3n de croma, los pares 5 y 6 la de la correcci\u00f3n de tono, los pares 7 y 8 la del t\u00e9rmino de rotaci\u00f3n, y los pares 9 y 10 la de la correcci\u00f3n de grises. Los resultados de las fases 1 y 2 de nuestro experimento visual son bastante similares: utilizando el \u00edndice STRESS, la predicci\u00f3n de los mismos mediante CIEDE2000 es considerablemente mejor que la realizada por CIELAB. Los resultados logrados por CIEDE2000 en la predicci\u00f3n de la fase 2 de nuestro experimento son muy similares a la variabilidad inter-observador, medida tambi\u00e9n mediante STRESS. La variabilidad intra-observador es ligeramente superior a la inter-observador.<\/p>\n<p><strong><span style=\"text-decoration: underline\">Visualiza la presentaci\u00f3n:<\/span><\/strong><\/p>\n<p><a href=\"https:\/\/zebra.cpd.ua.es\/vertice\/2860\" target=\"_blank\">V\u00eddeo<\/a><\/p>\n<p><a href=\"https:\/\/docs.google.com\/viewer?a=v&amp;pid=sites&amp;srcid=ZGVmYXVsdGRvbWFpbnxwb3N0ZXJzY25jfGd4OjYzYjMxNWQwNmY3ODVkMjc\" target=\"_blank\">Charla<\/a><\/p>\n<p><a href=\"https:\/\/blogs.ua.es\/cnc2010\/congreso-virtual\/percepcion-del-color\"><img loading=\"lazy\" decoding=\"async\" class=\"aligncenter size-full wp-image-515\" src=\"https:\/\/blogs.ua.es\/cnc2010\/files\/2010\/06\/volver.jpg\" alt=\"\" width=\"43\" height=\"11\" \/><\/a><\/p>\n","protected":false},"excerpt":{"rendered":"<p>13.15, Mi\u00e9rcoles, 30 de Junio de 2010 Autores: M. Grosman, S. Bra\u010dko, E. Mu\u00f1oz-Ib\u00e1\u00f1ez, L. G\u00f3mez-Robledo, R. Huertas, M. Melgosa RESUMEN: Los 10 pares de muestras elaborados en 2002 por el Dr. Alman, con la finalidad de mostrar la mejora de CIEDE2000 con respecto a CIELAB, est\u00e1n dise\u00f1ados muy cuidadosamente: Los pares 1, 2 y [&hellip;]<\/p>\n","protected":false},"author":1386,"featured_media":0,"parent":127,"menu_order":2,"comment_status":"open","ping_status":"open","template":"","meta":{"footnotes":""},"class_list":["post-155","page","type-page","status-publish","hentry"],"_links":{"self":[{"href":"https:\/\/blogs.ua.es\/cnc2010\/wp-json\/wp\/v2\/pages\/155","targetHints":{"allow":["GET"]}}],"collection":[{"href":"https:\/\/blogs.ua.es\/cnc2010\/wp-json\/wp\/v2\/pages"}],"about":[{"href":"https:\/\/blogs.ua.es\/cnc2010\/wp-json\/wp\/v2\/types\/page"}],"author":[{"embeddable":true,"href":"https:\/\/blogs.ua.es\/cnc2010\/wp-json\/wp\/v2\/users\/1386"}],"replies":[{"embeddable":true,"href":"https:\/\/blogs.ua.es\/cnc2010\/wp-json\/wp\/v2\/comments?post=155"}],"version-history":[{"count":4,"href":"https:\/\/blogs.ua.es\/cnc2010\/wp-json\/wp\/v2\/pages\/155\/revisions"}],"predecessor-version":[{"id":550,"href":"https:\/\/blogs.ua.es\/cnc2010\/wp-json\/wp\/v2\/pages\/155\/revisions\/550"}],"up":[{"embeddable":true,"href":"https:\/\/blogs.ua.es\/cnc2010\/wp-json\/wp\/v2\/pages\/127"}],"wp:attachment":[{"href":"https:\/\/blogs.ua.es\/cnc2010\/wp-json\/wp\/v2\/media?parent=155"}],"curies":[{"name":"wp","href":"https:\/\/api.w.org\/{rel}","templated":true}]}}