{"id":160,"date":"2010-06-08T16:47:15","date_gmt":"2010-06-08T14:47:15","guid":{"rendered":"https:\/\/blogs.ua.es\/cnc2010\/?page_id=160"},"modified":"2011-04-19T11:42:27","modified_gmt":"2011-04-19T09:42:27","slug":"ob4","status":"publish","type":"page","link":"https:\/\/blogs.ua.es\/cnc2010\/congreso-virtual\/percepcion-del-color\/ob4\/","title":{"rendered":"La ciencia visual del color en la percepci\u00f3n, la arquitectura, los alimentos, la reproducci\u00f3n, el arte el dise\u00f1o y la educaci\u00f3n \u2013 \u00bf\u00fatil o no?"},"content":{"rendered":"<p>13.45, Mi\u00e9rcoles, 30 de Junio de 2010<\/p>\n<p><strong><span style=\"text-decoration: underline\">Autor:<\/span><\/strong><\/p>\n<p><em> Karl Johan Bertilsson<\/em><\/p>\n<p><strong><span style=\"text-decoration: underline\">RESUMEN:<\/span><\/strong><\/p>\n<p>A trav\u00e9s de la historia, el humano ha batallado con el color. Para todos nosotros el color es importante. La visi\u00f3n del color es, de acuerdo a muchos cient\u00edficos vital para nuestra supervivencia. Podemos juzgar calidades, distinguir diferencias entre bueno o malo o simplemente dejarnos influir por la belleza que nos dan los colores.<\/p>\n<p>Dentro del comercio, el color puede ser la diferencia entre un fracaso o un \u00e9xito rotundo. El Grupo Color Marketing Group menciona algo muy interesante; el color es importante pero el color correcto es todav\u00eda m\u00e1s importante.<\/p>\n<p>\u00bfC\u00f3mo llegamos a tener el color correcto, sea dentro de la arquitectura, los alimentos, la reproducci\u00f3n, el arte y el dise\u00f1o?\u00a0\u00a0\u00bfEs importante ense\u00f1ar sobre el color en nuestras escuelas?\u00a0\u00a0\u00bfQu\u00e9 beneficios tendr\u00eda?<\/p>\n<p>En el Instituto Escandinavo del Color es justamente esto que ha sido el trabajo desde el inicio de las investigaciones cient\u00edficas hace casi 90 a\u00f1os. La intenci\u00f3n de esta ponencia es simplemente exponer algunas pocas conclusiones esperando que\u00a0 les\u00a0 sea de\u00a0gran utilidad.<\/p>\n<p>El gran cient\u00edfico del color y tambi\u00e9n parte responsable de la existencia del NCS \u2013 El Sistema Natural del Colores; Dr. Gunnar Tonnquist una vez manifest\u00f3 que si el color es una percepci\u00f3n visual, es l\u00f3gico que describamos los colores basados en la percepci\u00f3n visual. Suena l\u00f3gico pero en nuestra realidad la l\u00f3gica no se usa\u00a0\u00a0y, vemos a mucha gente que lo hace de otra manera.<\/p>\n<p><strong><span style=\"text-decoration: underline\">Visualiza la presentaci\u00f3n:<\/span><\/strong><\/p>\n<p><a href=\"https:\/\/zebra.cpd.ua.es\/vertice\/2900\" target=\"_blank\">V\u00eddeo<\/a><\/p>\n<p><a href=\"https:\/\/docs.google.com\/viewer?a=v&amp;pid=sites&amp;srcid=ZGVmYXVsdGRvbWFpbnxwb3N0ZXJzY25jfGd4OjU3YjdiZjFiMWMyNmVmNDY\" target=\"_blank\">Charla<\/a><\/p>\n<p><a href=\"https:\/\/blogs.ua.es\/cnc2010\/congreso-virtual\/percepcion-del-color\"><img loading=\"lazy\" decoding=\"async\" class=\"aligncenter size-full wp-image-515\" src=\"https:\/\/blogs.ua.es\/cnc2010\/files\/2010\/06\/volver.jpg\" alt=\"\" width=\"43\" height=\"11\" \/><\/a><\/p>\n","protected":false},"excerpt":{"rendered":"<p>13.45, Mi\u00e9rcoles, 30 de Junio de 2010 Autor: Karl Johan Bertilsson RESUMEN: A trav\u00e9s de la historia, el humano ha batallado con el color. Para todos nosotros el color es importante. La visi\u00f3n del color es, de acuerdo a muchos cient\u00edficos vital para nuestra supervivencia. Podemos juzgar calidades, distinguir diferencias entre bueno o malo o [&hellip;]<\/p>\n","protected":false},"author":1386,"featured_media":0,"parent":127,"menu_order":4,"comment_status":"open","ping_status":"open","template":"","meta":{"footnotes":""},"class_list":["post-160","page","type-page","status-publish","hentry"],"_links":{"self":[{"href":"https:\/\/blogs.ua.es\/cnc2010\/wp-json\/wp\/v2\/pages\/160","targetHints":{"allow":["GET"]}}],"collection":[{"href":"https:\/\/blogs.ua.es\/cnc2010\/wp-json\/wp\/v2\/pages"}],"about":[{"href":"https:\/\/blogs.ua.es\/cnc2010\/wp-json\/wp\/v2\/types\/page"}],"author":[{"embeddable":true,"href":"https:\/\/blogs.ua.es\/cnc2010\/wp-json\/wp\/v2\/users\/1386"}],"replies":[{"embeddable":true,"href":"https:\/\/blogs.ua.es\/cnc2010\/wp-json\/wp\/v2\/comments?post=160"}],"version-history":[{"count":4,"href":"https:\/\/blogs.ua.es\/cnc2010\/wp-json\/wp\/v2\/pages\/160\/revisions"}],"predecessor-version":[{"id":552,"href":"https:\/\/blogs.ua.es\/cnc2010\/wp-json\/wp\/v2\/pages\/160\/revisions\/552"}],"up":[{"embeddable":true,"href":"https:\/\/blogs.ua.es\/cnc2010\/wp-json\/wp\/v2\/pages\/127"}],"wp:attachment":[{"href":"https:\/\/blogs.ua.es\/cnc2010\/wp-json\/wp\/v2\/media?parent=160"}],"curies":[{"name":"wp","href":"https:\/\/api.w.org\/{rel}","templated":true}]}}