{"id":168,"date":"2010-06-08T18:33:48","date_gmt":"2010-06-08T16:33:48","guid":{"rendered":"https:\/\/blogs.ua.es\/cnc2010\/?page_id=168"},"modified":"2011-04-19T11:44:56","modified_gmt":"2011-04-19T09:44:56","slug":"oc2","status":"publish","type":"page","link":"https:\/\/blogs.ua.es\/cnc2010\/congreso-virtual\/arte-y-arquitectura\/oc2\/","title":{"rendered":"El color como mediador interdisciplinario entre la cultura art\u00edstico-human\u00edstica y la cultura cient\u00edfico- t\u00e9cnica en las nuevas manifestaciones del arte contempor\u00e1neo. El caso de frecuencias(2009) de Eug\u00e8nia Balcells"},"content":{"rendered":"<p>10.15, Jueves, 1 de Julio de 2010<\/p>\n<p><strong><span style=\"text-decoration: underline\">Autor:<\/span><\/strong><\/p>\n<p><em>Daniel L\u00f3pez del Rinc\u00f3n<\/em><\/p>\n<p><strong><span style=\"text-decoration: underline\">RESUMEN:<\/span><\/strong><\/p>\n<p>Las nuevas manifestaciones del arte contempor\u00e1neo presentan un especial inter\u00e9s en la unificaci\u00f3n del saber cient\u00edfico-t\u00e9cnico y el art\u00edstico-human\u00edstico a trav\u00e9s de manifestaciones art\u00edsticas que exploran los nexos de uni\u00f3n entre las disciplinas. La importancia del color es crucial en la medida en que act\u00faa como nexo interdisciplinario que trenza los conceptos propios de distintos \u00e1mbitos. Esta contribuci\u00f3n expone los resultados del an\u00e1lisis de la obra\u00a0Frecuencias, de Eug\u00e8nia Balcells, como paradigma de esta nueva sensibilidad.<\/p>\n<p><strong><span style=\"text-decoration: underline\">Visualiza la presentaci\u00f3n:<\/span><\/strong><\/p>\n<p><a href=\"https:\/\/zebra.cpd.ua.es\/vertice\/2980\" target=\"_blank\">V\u00eddeo<\/a><\/p>\n<p><a href=\"https:\/\/docs.google.com\/viewer?a=v&amp;pid=sites&amp;srcid=ZGVmYXVsdGRvbWFpbnxwb3N0ZXJzY25jfGd4OjdhMTM5ZTk1ZWFkZTRmY2M\" target=\"_blank\">Charla<\/a><\/p>\n<p><a href=\"https:\/\/blogs.ua.es\/cnc2010\/congreso-virtual\/arte-y-arquitectura\"><img loading=\"lazy\" decoding=\"async\" class=\"aligncenter size-full wp-image-515\" src=\"https:\/\/blogs.ua.es\/cnc2010\/files\/2010\/06\/volver.jpg\" alt=\"\" width=\"43\" height=\"11\" \/><\/a><\/p>\n","protected":false},"excerpt":{"rendered":"<p>10.15, Jueves, 1 de Julio de 2010 Autor: Daniel L\u00f3pez del Rinc\u00f3n RESUMEN: Las nuevas manifestaciones del arte contempor\u00e1neo presentan un especial inter\u00e9s en la unificaci\u00f3n del saber cient\u00edfico-t\u00e9cnico y el art\u00edstico-human\u00edstico a trav\u00e9s de manifestaciones art\u00edsticas que exploran los nexos de uni\u00f3n entre las disciplinas. La importancia del color es crucial en la medida [&hellip;]<\/p>\n","protected":false},"author":1386,"featured_media":0,"parent":131,"menu_order":2,"comment_status":"open","ping_status":"open","template":"","meta":{"footnotes":""},"class_list":["post-168","page","type-page","status-publish","hentry"],"_links":{"self":[{"href":"https:\/\/blogs.ua.es\/cnc2010\/wp-json\/wp\/v2\/pages\/168","targetHints":{"allow":["GET"]}}],"collection":[{"href":"https:\/\/blogs.ua.es\/cnc2010\/wp-json\/wp\/v2\/pages"}],"about":[{"href":"https:\/\/blogs.ua.es\/cnc2010\/wp-json\/wp\/v2\/types\/page"}],"author":[{"embeddable":true,"href":"https:\/\/blogs.ua.es\/cnc2010\/wp-json\/wp\/v2\/users\/1386"}],"replies":[{"embeddable":true,"href":"https:\/\/blogs.ua.es\/cnc2010\/wp-json\/wp\/v2\/comments?post=168"}],"version-history":[{"count":5,"href":"https:\/\/blogs.ua.es\/cnc2010\/wp-json\/wp\/v2\/pages\/168\/revisions"}],"predecessor-version":[{"id":555,"href":"https:\/\/blogs.ua.es\/cnc2010\/wp-json\/wp\/v2\/pages\/168\/revisions\/555"}],"up":[{"embeddable":true,"href":"https:\/\/blogs.ua.es\/cnc2010\/wp-json\/wp\/v2\/pages\/131"}],"wp:attachment":[{"href":"https:\/\/blogs.ua.es\/cnc2010\/wp-json\/wp\/v2\/media?parent=168"}],"curies":[{"name":"wp","href":"https:\/\/api.w.org\/{rel}","templated":true}]}}