{"id":170,"date":"2010-06-08T18:35:45","date_gmt":"2010-06-08T16:35:45","guid":{"rendered":"https:\/\/blogs.ua.es\/cnc2010\/?page_id=170"},"modified":"2011-04-19T11:45:59","modified_gmt":"2011-04-19T09:45:59","slug":"oc3","status":"publish","type":"page","link":"https:\/\/blogs.ua.es\/cnc2010\/congreso-virtual\/arte-y-arquitectura\/oc3\/","title":{"rendered":"Bogot\u00e1, la ciudad camale\u00f3nica"},"content":{"rendered":"<p>10.30, Jueves, 1 de Julio de 2010<\/p>\n<p><strong><span style=\"text-decoration: underline\">Autora:<\/span><\/strong><\/p>\n<p><em>Samira Kadamani Abiyoma<\/em><\/p>\n<p><strong><span style=\"text-decoration: underline\">RESUMEN:<\/span><\/strong><\/p>\n<p>La ciudad de Bogot\u00e1\u00a0 ha venido institucionalizando colores que se han convertido en parte de su atm\u00f3sfera, de su desarrollo y de su calle, incluso de manera inconsciente. Colores que han surgido en el espacio urbano tanto por la codificaci\u00f3n utilizada para la se\u00f1alizaci\u00f3n de las obras que se est\u00e1n llevando acabo en toda la ciudad, como por los nuevos sistemas de movilidad que dan evidencia de una\u00a0 urbe que est\u00e1 en constante evoluci\u00f3n y progreso. Bogot\u00e1, que era considerada como una ciudad gris por su clima fri\u00f3, su cielo nublado y constantes aguaceros, se transforma en una ciudad cosmopolita que adquiere color, se vuelve din\u00e1mica y\u00a0 multicultural; por lo que se puede afirmar que el color es determinante en la identidad urbana y se convierte en un aspecto constitutivo de las narrativas de los ciudadanos y de la historia de Bogot\u00e1.<\/p>\n<p><strong><span style=\"text-decoration: underline\">Visualiza la presentaci\u00f3n:<\/span><\/strong><\/p>\n<p><a href=\"https:\/\/zebra.cpd.ua.es\/vertice\/3000\" target=\"_blank\">V\u00eddeo<\/a><\/p>\n<p><a href=\"https:\/\/docs.google.com\/viewer?a=v&amp;pid=sites&amp;srcid=ZGVmYXVsdGRvbWFpbnxwb3N0ZXJzY25jfGd4Ojc1YzEyZjI5MzFlYWMxMzY\" target=\"_blank\">Charla<\/a><\/p>\n<p><a href=\"https:\/\/blogs.ua.es\/cnc2010\/congreso-virtual\/arte-y-arquitectura\"><img loading=\"lazy\" decoding=\"async\" class=\"aligncenter size-full wp-image-515\" src=\"https:\/\/blogs.ua.es\/cnc2010\/files\/2010\/06\/volver.jpg\" alt=\"\" width=\"43\" height=\"11\" \/><\/a><\/p>\n","protected":false},"excerpt":{"rendered":"<p>10.30, Jueves, 1 de Julio de 2010 Autora: Samira Kadamani Abiyoma RESUMEN: La ciudad de Bogot\u00e1\u00a0 ha venido institucionalizando colores que se han convertido en parte de su atm\u00f3sfera, de su desarrollo y de su calle, incluso de manera inconsciente. Colores que han surgido en el espacio urbano tanto por la codificaci\u00f3n utilizada para la [&hellip;]<\/p>\n","protected":false},"author":1386,"featured_media":0,"parent":131,"menu_order":3,"comment_status":"open","ping_status":"open","template":"","meta":{"footnotes":""},"class_list":["post-170","page","type-page","status-publish","hentry"],"_links":{"self":[{"href":"https:\/\/blogs.ua.es\/cnc2010\/wp-json\/wp\/v2\/pages\/170","targetHints":{"allow":["GET"]}}],"collection":[{"href":"https:\/\/blogs.ua.es\/cnc2010\/wp-json\/wp\/v2\/pages"}],"about":[{"href":"https:\/\/blogs.ua.es\/cnc2010\/wp-json\/wp\/v2\/types\/page"}],"author":[{"embeddable":true,"href":"https:\/\/blogs.ua.es\/cnc2010\/wp-json\/wp\/v2\/users\/1386"}],"replies":[{"embeddable":true,"href":"https:\/\/blogs.ua.es\/cnc2010\/wp-json\/wp\/v2\/comments?post=170"}],"version-history":[{"count":4,"href":"https:\/\/blogs.ua.es\/cnc2010\/wp-json\/wp\/v2\/pages\/170\/revisions"}],"predecessor-version":[{"id":556,"href":"https:\/\/blogs.ua.es\/cnc2010\/wp-json\/wp\/v2\/pages\/170\/revisions\/556"}],"up":[{"embeddable":true,"href":"https:\/\/blogs.ua.es\/cnc2010\/wp-json\/wp\/v2\/pages\/131"}],"wp:attachment":[{"href":"https:\/\/blogs.ua.es\/cnc2010\/wp-json\/wp\/v2\/media?parent=170"}],"curies":[{"name":"wp","href":"https:\/\/api.w.org\/{rel}","templated":true}]}}