{"id":172,"date":"2010-06-08T18:37:14","date_gmt":"2010-06-08T16:37:14","guid":{"rendered":"https:\/\/blogs.ua.es\/cnc2010\/?page_id=172"},"modified":"2011-04-19T11:46:52","modified_gmt":"2011-04-19T09:46:52","slug":"oc4","status":"publish","type":"page","link":"https:\/\/blogs.ua.es\/cnc2010\/congreso-virtual\/arte-y-arquitectura\/oc4\/","title":{"rendered":"Un modelo descriptivo de s\u00edntesis \u00f3pticas por mezcla r\u00e1pida y su representaci\u00f3n en 3D"},"content":{"rendered":"<p>10.45, Jueves, 1 de Julio de 2010<\/p>\n<p><strong><span style=\"text-decoration: underline\">Autores:<\/span><\/strong><\/p>\n<p><em>Jos\u00e9 Mar\u00eda Gonz\u00e1lez Cuasante,\u00a0Mar\u00eda del Mar Cuevas Ria\u00f1o,\u00a0Fernando Alonso Mu\u00f1oz<\/em><\/p>\n<p><strong><span style=\"text-decoration: underline\">RESUMEN:<\/span><\/strong><\/p>\n<p>Las mezclas \u00f3pticas de colores son s\u00edntesis partitivas promediadas y producen los mismos efectos por mezcla r\u00e1pida con discos coloreados que cuando los colores aparecen yuxtapuestos como tramas que se funden a cierta distancia.<\/p>\n<p>La mezcla r\u00e1pida con discos permite variar f\u00e1cilmente los porcentajes de superficie de los colores y es el m\u00e9todo utilizado en este caso para observarla. La representaci\u00f3n se hace en un triangulo equil\u00e1tero en cuyos v\u00e9rtices se hallan tres primarios (verde, rojo y azul). Estos tres colores pueden igualar una mezcla de blanco y negro en un punto\u00a0 anterior del tri\u00e1ngulo. Por ese punto atravesar\u00e1 el eje blanco-negro quedando determinado un espacio tridimensional con esos cinco colores.<\/p>\n<p>La representaci\u00f3n de los efectos se hace teniendo en cuenta los coeficientes de claridad de los integrantes de las mezclas, pero la representaci\u00f3n en el tri\u00e1ngulo es plana.\u00a0 Una representaci\u00f3n que tenga en cuenta las tres dimensiones del color aconseja una representaci\u00f3n tridimensional.<\/p>\n<p><strong><span style=\"text-decoration: underline\">Visualiza la presentaci\u00f3n:<\/span><\/strong><\/p>\n<p><a href=\"https:\/\/zebra.cpd.ua.es\/vertice\/3020\" target=\"_blank\">V\u00eddeo<\/a><\/p>\n<p><a href=\"https:\/\/docs.google.com\/viewer?a=v&amp;pid=sites&amp;srcid=ZGVmYXVsdGRvbWFpbnxwb3N0ZXJzY25jfGd4OjdiMTBiM2E4ZDk2ZTVmNGQ\" target=\"_blank\">Charla<\/a><\/p>\n<p><a href=\"https:\/\/blogs.ua.es\/cnc2010\/congreso-virtual\/arte-y-arquitectura\"><img loading=\"lazy\" decoding=\"async\" class=\"aligncenter size-full wp-image-515\" src=\"https:\/\/blogs.ua.es\/cnc2010\/files\/2010\/06\/volver.jpg\" alt=\"\" width=\"43\" height=\"11\" \/><\/a><\/p>\n","protected":false},"excerpt":{"rendered":"<p>10.45, Jueves, 1 de Julio de 2010 Autores: Jos\u00e9 Mar\u00eda Gonz\u00e1lez Cuasante,\u00a0Mar\u00eda del Mar Cuevas Ria\u00f1o,\u00a0Fernando Alonso Mu\u00f1oz RESUMEN: Las mezclas \u00f3pticas de colores son s\u00edntesis partitivas promediadas y producen los mismos efectos por mezcla r\u00e1pida con discos coloreados que cuando los colores aparecen yuxtapuestos como tramas que se funden a cierta distancia. La mezcla [&hellip;]<\/p>\n","protected":false},"author":1386,"featured_media":0,"parent":131,"menu_order":4,"comment_status":"open","ping_status":"open","template":"","meta":{"footnotes":""},"class_list":["post-172","page","type-page","status-publish","hentry"],"_links":{"self":[{"href":"https:\/\/blogs.ua.es\/cnc2010\/wp-json\/wp\/v2\/pages\/172","targetHints":{"allow":["GET"]}}],"collection":[{"href":"https:\/\/blogs.ua.es\/cnc2010\/wp-json\/wp\/v2\/pages"}],"about":[{"href":"https:\/\/blogs.ua.es\/cnc2010\/wp-json\/wp\/v2\/types\/page"}],"author":[{"embeddable":true,"href":"https:\/\/blogs.ua.es\/cnc2010\/wp-json\/wp\/v2\/users\/1386"}],"replies":[{"embeddable":true,"href":"https:\/\/blogs.ua.es\/cnc2010\/wp-json\/wp\/v2\/comments?post=172"}],"version-history":[{"count":5,"href":"https:\/\/blogs.ua.es\/cnc2010\/wp-json\/wp\/v2\/pages\/172\/revisions"}],"predecessor-version":[{"id":557,"href":"https:\/\/blogs.ua.es\/cnc2010\/wp-json\/wp\/v2\/pages\/172\/revisions\/557"}],"up":[{"embeddable":true,"href":"https:\/\/blogs.ua.es\/cnc2010\/wp-json\/wp\/v2\/pages\/131"}],"wp:attachment":[{"href":"https:\/\/blogs.ua.es\/cnc2010\/wp-json\/wp\/v2\/media?parent=172"}],"curies":[{"name":"wp","href":"https:\/\/api.w.org\/{rel}","templated":true}]}}