{"id":191,"date":"2010-06-08T19:16:57","date_gmt":"2010-06-08T17:16:57","guid":{"rendered":"https:\/\/blogs.ua.es\/cnc2010\/?page_id=191"},"modified":"2011-04-19T11:50:16","modified_gmt":"2011-04-19T09:50:16","slug":"od2","status":"publish","type":"page","link":"https:\/\/blogs.ua.es\/cnc2010\/congreso-virtual\/reproduccion-del-color\/od2\/","title":{"rendered":"Ampliaci\u00f3n del gamut de color con trama a trav\u00e9s de la heptacrom\u00eda \u00ae de cualquier color a cualquier color"},"content":{"rendered":"<p>13.15, Jueves, 1 de Julio de 2010<\/p>\n<p><strong><span style=\"text-decoration: underline\">Autor:<\/span><\/strong><\/p>\n<p><em>Vicente Carrasco Mart\u00ednez<\/em><\/p>\n<p><strong><span style=\"text-decoration: underline\">RESUMEN:<\/span><\/strong><\/p>\n<p>En este documento se describen los beneficios de utilizar la Heptacrom\u00eda TrueTONE bas\u00e1ndonos en la ampliaci\u00f3n del gamut que se consigue al completar la cuatricrom\u00eda tradicional con tres bases adicionales, tanto en flexograf\u00eda como en digital, en base a una formulaci\u00f3n completa donde se tengan en cuenta todas las posibles combinaciones necesarias en el sistema tramado. En el planteamiento propuesto, el negro se utiliza como un color m\u00e1s y no como un refuerzo. Solo utilizaremos este pigmento en las formulaciones que as\u00ed lo requieran.<\/p>\n<p>As\u00ed mismo se establece (en base a unas tintas parametrizadas), una relaci\u00f3n entre color un color tramado y su correspondiente en color directo.<\/p>\n<p><strong><span style=\"text-decoration: underline\">Visualiza la presentaci\u00f3n:<\/span><\/strong><\/p>\n<p><a href=\"https:\/\/zebra.cpd.ua.es\/vertice\/3080\" target=\"_blank\">V\u00eddeo<\/a><\/p>\n<p><a href=\"https:\/\/docs.google.com\/viewer?a=v&amp;pid=sites&amp;srcid=ZGVmYXVsdGRvbWFpbnxwb3N0ZXJzY25jfGd4OjZkMzNkOWIxMGJhZmFlZGY\" target=\"_blank\">Charla<\/a><\/p>\n<p><a href=\"https:\/\/blogs.ua.es\/cnc2010\/congreso-virtual\/reproduccion-del-color\"><img loading=\"lazy\" decoding=\"async\" class=\"aligncenter size-full wp-image-515\" src=\"https:\/\/blogs.ua.es\/cnc2010\/files\/2010\/06\/volver.jpg\" alt=\"\" width=\"43\" height=\"11\" \/><\/a><\/p>\n","protected":false},"excerpt":{"rendered":"<p>13.15, Jueves, 1 de Julio de 2010 Autor: Vicente Carrasco Mart\u00ednez RESUMEN: En este documento se describen los beneficios de utilizar la Heptacrom\u00eda TrueTONE bas\u00e1ndonos en la ampliaci\u00f3n del gamut que se consigue al completar la cuatricrom\u00eda tradicional con tres bases adicionales, tanto en flexograf\u00eda como en digital, en base a una formulaci\u00f3n completa donde [&hellip;]<\/p>\n","protected":false},"author":1386,"featured_media":0,"parent":135,"menu_order":2,"comment_status":"open","ping_status":"open","template":"","meta":{"footnotes":""},"class_list":["post-191","page","type-page","status-publish","hentry"],"_links":{"self":[{"href":"https:\/\/blogs.ua.es\/cnc2010\/wp-json\/wp\/v2\/pages\/191","targetHints":{"allow":["GET"]}}],"collection":[{"href":"https:\/\/blogs.ua.es\/cnc2010\/wp-json\/wp\/v2\/pages"}],"about":[{"href":"https:\/\/blogs.ua.es\/cnc2010\/wp-json\/wp\/v2\/types\/page"}],"author":[{"embeddable":true,"href":"https:\/\/blogs.ua.es\/cnc2010\/wp-json\/wp\/v2\/users\/1386"}],"replies":[{"embeddable":true,"href":"https:\/\/blogs.ua.es\/cnc2010\/wp-json\/wp\/v2\/comments?post=191"}],"version-history":[{"count":7,"href":"https:\/\/blogs.ua.es\/cnc2010\/wp-json\/wp\/v2\/pages\/191\/revisions"}],"predecessor-version":[{"id":527,"href":"https:\/\/blogs.ua.es\/cnc2010\/wp-json\/wp\/v2\/pages\/191\/revisions\/527"}],"up":[{"embeddable":true,"href":"https:\/\/blogs.ua.es\/cnc2010\/wp-json\/wp\/v2\/pages\/135"}],"wp:attachment":[{"href":"https:\/\/blogs.ua.es\/cnc2010\/wp-json\/wp\/v2\/media?parent=191"}],"curies":[{"name":"wp","href":"https:\/\/api.w.org\/{rel}","templated":true}]}}