{"id":193,"date":"2010-06-08T19:18:45","date_gmt":"2010-06-08T17:18:45","guid":{"rendered":"https:\/\/blogs.ua.es\/cnc2010\/?page_id=193"},"modified":"2011-03-16T14:26:40","modified_gmt":"2011-03-16T12:26:40","slug":"od3","status":"publish","type":"page","link":"https:\/\/blogs.ua.es\/cnc2010\/congreso-virtual\/reproduccion-del-color\/od3\/","title":{"rendered":"Desarrollo crom\u00e1tico y pl\u00e1stico de t\u00e9cnicas de impresi\u00f3n manual a partir de matrices digitales en cuatricrom\u00eda procedentes del denominado \u201cSepa-rate colours intaglio type"},"content":{"rendered":"<p>13.30, Jueves, 1 de Julio de 2010<\/p>\n<p><strong><span style=\"text-decoration: underline\">Autores:<\/span><\/strong><\/p>\n<p><em>Norberto Gonz\u00e1lez Jim\u00e9nez, Vicente Alemany S\u00e1nchez-Moscoso, Juan Gallego Garrido, Yolanda Garc\u00eda Qu\u00edlez<\/em><\/p>\n<p><strong><span style=\"text-decoration: underline\">RESUMEN:<\/span><\/strong><\/p>\n<p>Este trabajo est\u00e1 dedicado al desarrollo de sistemas y t\u00e9cnicas de reproducci\u00f3n de im\u00e1genes derivadas de procedimientos industriales que permiten su manipulaci\u00f3n digital para adaptarlas a la impresi\u00f3n manual en cuatricrom\u00eda sobre soportes pict\u00f3ricos definitivos. Se trata de un proceso creativo multidisciplinar en el que se conjugan tres modos distintos de generaci\u00f3n de im\u00e1genes que implican otras tantas concepciones y tratamientos del color diferenciados. En primer lugar la imagen digital con sus propios procesos crom\u00e1ticos dirigidos a la reproducci\u00f3n mec\u00e1nica, en segundo lugar las t\u00e9cnicas del grabado calcogr\u00e1fico tradicional en policrom\u00eda, y finalmente la estampaci\u00f3n manual sobre el soporte pict\u00f3rico. En el presente estudio se aportan diversos recursos t\u00e9cnicos para potenciar la interacciones del color de estas im\u00e1genes generadas por cuatricrom\u00eda, a\u00f1adiendo otras posibilidades pl\u00e1sticas de inter\u00e9s art\u00edstico que se pueden controlar alterando distintos factores qu\u00edmicos y f\u00edsicos del proceso.<\/p>\n<p><strong><span style=\"text-decoration: underline\">Visualiza la presentaci\u00f3n:<\/span><\/strong><\/p>\n<p><a href=\"https:\/\/zebra.cpd.ua.es\/vertice\/3081\" target=\"_blank\">V\u00eddeo<\/a><\/p>\n<p><a href=\"https:\/\/docs.google.com\/viewer?a=v&amp;pid=sites&amp;srcid=ZGVmYXVsdGRvbWFpbnxwb3N0ZXJzY25jfGd4OjRmY2U4NTdlM2IyMGE1ZQ\" target=\"_blank\">Charla<\/a><\/p>\n<p><a href=\"https:\/\/blogs.ua.es\/cnc2010\/congreso-virtual\/reproduccion-del-color\/\"><img loading=\"lazy\" decoding=\"async\" class=\"aligncenter size-full wp-image-515\" src=\"https:\/\/blogs.ua.es\/cnc2010\/files\/2010\/06\/volver.jpg\" alt=\"\" width=\"43\" height=\"11\" \/><\/a><\/p>\n","protected":false},"excerpt":{"rendered":"<p>13.30, Jueves, 1 de Julio de 2010 Autores: Norberto Gonz\u00e1lez Jim\u00e9nez, Vicente Alemany S\u00e1nchez-Moscoso, Juan Gallego Garrido, Yolanda Garc\u00eda Qu\u00edlez RESUMEN: Este trabajo est\u00e1 dedicado al desarrollo de sistemas y t\u00e9cnicas de reproducci\u00f3n de im\u00e1genes derivadas de procedimientos industriales que permiten su manipulaci\u00f3n digital para adaptarlas a la impresi\u00f3n manual en cuatricrom\u00eda sobre soportes pict\u00f3ricos [&hellip;]<\/p>\n","protected":false},"author":1386,"featured_media":0,"parent":135,"menu_order":3,"comment_status":"open","ping_status":"open","template":"","meta":{"footnotes":""},"class_list":["post-193","page","type-page","status-publish","hentry"],"_links":{"self":[{"href":"https:\/\/blogs.ua.es\/cnc2010\/wp-json\/wp\/v2\/pages\/193","targetHints":{"allow":["GET"]}}],"collection":[{"href":"https:\/\/blogs.ua.es\/cnc2010\/wp-json\/wp\/v2\/pages"}],"about":[{"href":"https:\/\/blogs.ua.es\/cnc2010\/wp-json\/wp\/v2\/types\/page"}],"author":[{"embeddable":true,"href":"https:\/\/blogs.ua.es\/cnc2010\/wp-json\/wp\/v2\/users\/1386"}],"replies":[{"embeddable":true,"href":"https:\/\/blogs.ua.es\/cnc2010\/wp-json\/wp\/v2\/comments?post=193"}],"version-history":[{"count":6,"href":"https:\/\/blogs.ua.es\/cnc2010\/wp-json\/wp\/v2\/pages\/193\/revisions"}],"predecessor-version":[{"id":525,"href":"https:\/\/blogs.ua.es\/cnc2010\/wp-json\/wp\/v2\/pages\/193\/revisions\/525"}],"up":[{"embeddable":true,"href":"https:\/\/blogs.ua.es\/cnc2010\/wp-json\/wp\/v2\/pages\/135"}],"wp:attachment":[{"href":"https:\/\/blogs.ua.es\/cnc2010\/wp-json\/wp\/v2\/media?parent=193"}],"curies":[{"name":"wp","href":"https:\/\/api.w.org\/{rel}","templated":true}]}}