{"id":195,"date":"2010-06-08T19:21:01","date_gmt":"2010-06-08T17:21:01","guid":{"rendered":"https:\/\/blogs.ua.es\/cnc2010\/?page_id=195"},"modified":"2011-03-16T14:26:01","modified_gmt":"2011-03-16T12:26:01","slug":"od4","status":"publish","type":"page","link":"https:\/\/blogs.ua.es\/cnc2010\/congreso-virtual\/reproduccion-del-color\/od4\/","title":{"rendered":"La educaci\u00f3n en color para una adecuada gesti\u00f3n del color"},"content":{"rendered":"<p>13.45, Jueves, 1 de Julio de 2010<\/p>\n<p><strong><span style=\"text-decoration: underline\">Autores:<\/span><\/strong><\/p>\n<p><em>Diana Rivera Maldonado, Roberto Restrepo Paredes, Andr\u00e9s Felipe \u00c1lvarez Cardona<\/em><\/p>\n<p><strong><span style=\"text-decoration: underline\">RESUMEN:<\/span><\/strong><\/p>\n<p>La fase inicial de esta investigaci\u00f3n tiene como finalidad hacer un diagn\u00f3stico sobre la situaci\u00f3n actual de la gesti\u00f3n del color en la ciudad de Medell\u00edn (Colombia); uno de los cap\u00edtulos\u00a0 en el trabajo es el an\u00e1lisis de la calidad de la educaci\u00f3n que se ofrece en cada una de las a\u00e9reas que interviene en el flujo de trabajo\u00a0 de las industria de la comunicaci\u00f3n grafica. Es as\u00ed como los conocimientos\u00a0 impartidos sobre el color deber\u00edan\u00a0 ser aplicados con precisi\u00f3n, claridad y discernimiento, permitiendo\u00a0 generar\u00a0 di\u00e1logos visuales, sensitivos y t\u00e9cnicos,\u00a0 cuya finalidad es producir mensajes con un alto grado de efectividad y calidad.<\/p>\n<p><strong><span style=\"text-decoration: underline\">Visualiza la presentaci\u00f3n:<\/span><\/strong><\/p>\n<p><a href=\"https:\/\/zebra.cpd.ua.es\/vertice\/2465\" target=\"_blank\">V\u00eddeo<\/a><\/p>\n<p><a href=\"https:\/\/docs.google.com\/viewer?a=v&amp;pid=sites&amp;srcid=ZGVmYXVsdGRvbWFpbnxwb3N0ZXJzY25jfGd4OmE3MjE4ZTExNGNkMGJhNQ\" target=\"_blank\">Charla<\/a><\/p>\n<p><a href=\"https:\/\/blogs.ua.es\/cnc2010\/congreso-virtual\/reproduccion-del-color\/\"><img loading=\"lazy\" decoding=\"async\" class=\"aligncenter size-full wp-image-515\" src=\"https:\/\/blogs.ua.es\/cnc2010\/files\/2010\/06\/volver.jpg\" alt=\"\" width=\"43\" height=\"11\" \/><\/a><\/p>\n","protected":false},"excerpt":{"rendered":"<p>13.45, Jueves, 1 de Julio de 2010 Autores: Diana Rivera Maldonado, Roberto Restrepo Paredes, Andr\u00e9s Felipe \u00c1lvarez Cardona RESUMEN: La fase inicial de esta investigaci\u00f3n tiene como finalidad hacer un diagn\u00f3stico sobre la situaci\u00f3n actual de la gesti\u00f3n del color en la ciudad de Medell\u00edn (Colombia); uno de los cap\u00edtulos\u00a0 en el trabajo es el [&hellip;]<\/p>\n","protected":false},"author":1386,"featured_media":0,"parent":135,"menu_order":4,"comment_status":"open","ping_status":"open","template":"","meta":{"footnotes":""},"class_list":["post-195","page","type-page","status-publish","hentry"],"_links":{"self":[{"href":"https:\/\/blogs.ua.es\/cnc2010\/wp-json\/wp\/v2\/pages\/195","targetHints":{"allow":["GET"]}}],"collection":[{"href":"https:\/\/blogs.ua.es\/cnc2010\/wp-json\/wp\/v2\/pages"}],"about":[{"href":"https:\/\/blogs.ua.es\/cnc2010\/wp-json\/wp\/v2\/types\/page"}],"author":[{"embeddable":true,"href":"https:\/\/blogs.ua.es\/cnc2010\/wp-json\/wp\/v2\/users\/1386"}],"replies":[{"embeddable":true,"href":"https:\/\/blogs.ua.es\/cnc2010\/wp-json\/wp\/v2\/comments?post=195"}],"version-history":[{"count":6,"href":"https:\/\/blogs.ua.es\/cnc2010\/wp-json\/wp\/v2\/pages\/195\/revisions"}],"predecessor-version":[{"id":413,"href":"https:\/\/blogs.ua.es\/cnc2010\/wp-json\/wp\/v2\/pages\/195\/revisions\/413"}],"up":[{"embeddable":true,"href":"https:\/\/blogs.ua.es\/cnc2010\/wp-json\/wp\/v2\/pages\/135"}],"wp:attachment":[{"href":"https:\/\/blogs.ua.es\/cnc2010\/wp-json\/wp\/v2\/media?parent=195"}],"curies":[{"name":"wp","href":"https:\/\/api.w.org\/{rel}","templated":true}]}}