{"id":212,"date":"2010-06-08T19:56:58","date_gmt":"2010-06-08T17:56:58","guid":{"rendered":"https:\/\/blogs.ua.es\/cnc2010\/?page_id=212"},"modified":"2011-04-19T11:52:52","modified_gmt":"2011-04-19T09:52:52","slug":"oe2","status":"publish","type":"page","link":"https:\/\/blogs.ua.es\/cnc2010\/congreso-virtual\/color-en-alimentos\/oe2\/","title":{"rendered":"Aplicaci\u00f3n de la colorimetr\u00eda triest\u00edmulo al estudio del fen\u00f3meno de copigmentaci\u00f3n en vinos tintos. Influencia del factor varietal"},"content":{"rendered":"<p>10.15, Viernes, 2 de Julio de 2010<\/p>\n<p><strong><span style=\"text-decoration: underline\">Autores:<\/span><\/strong><\/p>\n<p><em>Bel\u00e9n Gordillo,\u00a0M. Lourdes Gonz\u00e1lez-Miret, Francisco J. Heredia<\/em><\/p>\n<p><strong><span style=\"text-decoration: underline\">RESUMEN:<\/span><\/strong><\/p>\n<p>Se ha demostrado la utilidad de la Colorimetr\u00eda Triest\u00edmulo, espec\u00edficamente el espacio de color CIELAB, en la evaluaci\u00f3n de las implicaciones colorim\u00e9tricas asociadas al fen\u00f3meno de copigmentaci\u00f3n de antocianos en vinos tintos j\u00f3venes. En general, la magnitud de copigmentaci\u00f3n calculada por colorimetr\u00eda oscil\u00f3 entre el 11% y el 44%. En todos los vinos, la contribuci\u00f3n de la copigmentaci\u00f3n al color del vino super\u00f3 el umbral de discriminaci\u00f3n visual, teniendo un mayor peso la modificaci\u00f3n de la claridad y favoreciendo que el color del vino fuese m\u00e1s oscuro, vivo y de tonalidad m\u00e1s azulada. Se confirm\u00f3 la influencia, tanto cuantitativa como cualitativa, de la variedad de uva en la capacidad de copigmentaci\u00f3n y la estabilidad del color de vinos tintos j\u00f3venes.<\/p>\n<p><strong><span style=\"text-decoration: underline\">Visualiza la presentaci\u00f3n:<\/span><\/strong><\/p>\n<p><a href=\"https:\/\/zebra.cpd.ua.es\/vertice\/3120\" target=\"_blank\">V\u00eddeo<\/a><\/p>\n<p><a href=\"https:\/\/docs.google.com\/viewer?a=v&amp;pid=sites&amp;srcid=ZGVmYXVsdGRvbWFpbnxwb3N0ZXJzY25jMnxneDo3OTYzYTI5MjczNDhmZmE4\" target=\"_blank\">Charla<\/a><\/p>\n<p><a href=\"https:\/\/blogs.ua.es\/cnc2010\/congreso-virtual\/color-en-alimentos\"><img loading=\"lazy\" decoding=\"async\" class=\"aligncenter size-full wp-image-515\" src=\"https:\/\/blogs.ua.es\/cnc2010\/files\/2010\/06\/volver.jpg\" alt=\"\" width=\"43\" height=\"11\" \/><\/a><\/p>\n","protected":false},"excerpt":{"rendered":"<p>10.15, Viernes, 2 de Julio de 2010 Autores: Bel\u00e9n Gordillo,\u00a0M. Lourdes Gonz\u00e1lez-Miret, Francisco J. Heredia RESUMEN: Se ha demostrado la utilidad de la Colorimetr\u00eda Triest\u00edmulo, espec\u00edficamente el espacio de color CIELAB, en la evaluaci\u00f3n de las implicaciones colorim\u00e9tricas asociadas al fen\u00f3meno de copigmentaci\u00f3n de antocianos en vinos tintos j\u00f3venes. En general, la magnitud de copigmentaci\u00f3n [&hellip;]<\/p>\n","protected":false},"author":1386,"featured_media":0,"parent":137,"menu_order":2,"comment_status":"open","ping_status":"open","template":"","meta":{"footnotes":""},"class_list":["post-212","page","type-page","status-publish","hentry"],"_links":{"self":[{"href":"https:\/\/blogs.ua.es\/cnc2010\/wp-json\/wp\/v2\/pages\/212","targetHints":{"allow":["GET"]}}],"collection":[{"href":"https:\/\/blogs.ua.es\/cnc2010\/wp-json\/wp\/v2\/pages"}],"about":[{"href":"https:\/\/blogs.ua.es\/cnc2010\/wp-json\/wp\/v2\/types\/page"}],"author":[{"embeddable":true,"href":"https:\/\/blogs.ua.es\/cnc2010\/wp-json\/wp\/v2\/users\/1386"}],"replies":[{"embeddable":true,"href":"https:\/\/blogs.ua.es\/cnc2010\/wp-json\/wp\/v2\/comments?post=212"}],"version-history":[{"count":4,"href":"https:\/\/blogs.ua.es\/cnc2010\/wp-json\/wp\/v2\/pages\/212\/revisions"}],"predecessor-version":[{"id":562,"href":"https:\/\/blogs.ua.es\/cnc2010\/wp-json\/wp\/v2\/pages\/212\/revisions\/562"}],"up":[{"embeddable":true,"href":"https:\/\/blogs.ua.es\/cnc2010\/wp-json\/wp\/v2\/pages\/137"}],"wp:attachment":[{"href":"https:\/\/blogs.ua.es\/cnc2010\/wp-json\/wp\/v2\/media?parent=212"}],"curies":[{"name":"wp","href":"https:\/\/api.w.org\/{rel}","templated":true}]}}