{"id":215,"date":"2010-06-08T19:58:47","date_gmt":"2010-06-08T17:58:47","guid":{"rendered":"https:\/\/blogs.ua.es\/cnc2010\/?page_id=215"},"modified":"2011-04-19T11:53:40","modified_gmt":"2011-04-19T09:53:40","slug":"oe3","status":"publish","type":"page","link":"https:\/\/blogs.ua.es\/cnc2010\/congreso-virtual\/color-en-alimentos\/oe3\/","title":{"rendered":"Predicci\u00f3n de estabilidad en emulsiones. Su aplicaci\u00f3n a f\u00f3rmulas de estructura cremigel. Comparaci\u00f3n de m\u00e9todos"},"content":{"rendered":"<p>10.30, Viernes, 2 de Julio de 2010<\/p>\n<p><strong><span style=\"text-decoration: underline\">Autores:<\/span><\/strong><\/p>\n<p><em>Amadeu Bajona, M\u00f3nica Navarro, M\u00aa Carmen Gonz\u00e1lez, Susana Bascompta, Amable Bernab\u00e9, Santi Sala, Nora Ventosa<\/em><\/p>\n<p><strong><span style=\"text-decoration: underline\">RESUMEN:<\/span><\/strong><\/p>\n<p>Se realiza un estudio de la estabilidad de seis emulsiones cosm\u00e9ticas. Se presentan en este trabajo resultados de las determinaciones de las constantes de desemulsificaci\u00f3n de dos emulsiones cosm\u00e9ticas con estructura de cremigel. Se analiza la evoluci\u00f3n, durante el envejecimiento acelerado, del di\u00e1metro de las got\u00edculas de la fase dispersa mediante la t\u00e9cnica de Dispersi\u00f3n M\u00faltiple de Luz con un analizador \u00f3ptico de estabilidad e inestabilidad de dispersiones l\u00edquidas. Se calculan las variaciones de las superficies de interfase y los correspondientes valores de las constantes de desemulsificaci\u00f3n de las muestras mantenidas en armarios t\u00e9rmicos a 45\u00baC y a 25\u00baC.<\/p>\n<p>Se estudia, en paralelo, la variaci\u00f3n de la cualidad &#8211; aspecto blanco- de las mismas muestras. Se determina la curva de reflectancia en el espectro visible entre 400 y 700 nm.<\/p>\n<p>Se relaciona la p\u00e9rdida de blancura, en cada caso, con la disminuci\u00f3n del valor de la superficie de interfase. Se calculan los valores de las constantes de desemulsificaci\u00f3n obtenidas por este m\u00e9todo.<\/p>\n<p>Se comparan los resultados obtenidos por ambos m\u00e9todos.<\/p>\n<p><strong><span style=\"text-decoration: underline\">Visualiza la presentaci\u00f3n:<\/span><\/strong><\/p>\n<p><a href=\"https:\/\/zebra.cpd.ua.es\/vertice\/3140\" target=\"_blank\">V\u00eddeo<\/a><\/p>\n<p><a href=\"https:\/\/docs.google.com\/viewer?a=v&amp;pid=sites&amp;srcid=ZGVmYXVsdGRvbWFpbnxwb3N0ZXJzY25jMnxneDozOGRlMjA1NzM1Yzc5NWIz\" target=\"_blank\">Charla<\/a><\/p>\n<p><a href=\"https:\/\/blogs.ua.es\/cnc2010\/congreso-virtual\/color-en-alimentos\"><img loading=\"lazy\" decoding=\"async\" class=\"aligncenter size-full wp-image-515\" src=\"https:\/\/blogs.ua.es\/cnc2010\/files\/2010\/06\/volver.jpg\" alt=\"\" width=\"43\" height=\"11\" \/><\/a><\/p>\n","protected":false},"excerpt":{"rendered":"<p>10.30, Viernes, 2 de Julio de 2010 Autores: Amadeu Bajona, M\u00f3nica Navarro, M\u00aa Carmen Gonz\u00e1lez, Susana Bascompta, Amable Bernab\u00e9, Santi Sala, Nora Ventosa RESUMEN: Se realiza un estudio de la estabilidad de seis emulsiones cosm\u00e9ticas. Se presentan en este trabajo resultados de las determinaciones de las constantes de desemulsificaci\u00f3n de dos emulsiones cosm\u00e9ticas con estructura [&hellip;]<\/p>\n","protected":false},"author":1386,"featured_media":0,"parent":137,"menu_order":3,"comment_status":"open","ping_status":"open","template":"","meta":{"footnotes":""},"class_list":["post-215","page","type-page","status-publish","hentry"],"_links":{"self":[{"href":"https:\/\/blogs.ua.es\/cnc2010\/wp-json\/wp\/v2\/pages\/215","targetHints":{"allow":["GET"]}}],"collection":[{"href":"https:\/\/blogs.ua.es\/cnc2010\/wp-json\/wp\/v2\/pages"}],"about":[{"href":"https:\/\/blogs.ua.es\/cnc2010\/wp-json\/wp\/v2\/types\/page"}],"author":[{"embeddable":true,"href":"https:\/\/blogs.ua.es\/cnc2010\/wp-json\/wp\/v2\/users\/1386"}],"replies":[{"embeddable":true,"href":"https:\/\/blogs.ua.es\/cnc2010\/wp-json\/wp\/v2\/comments?post=215"}],"version-history":[{"count":6,"href":"https:\/\/blogs.ua.es\/cnc2010\/wp-json\/wp\/v2\/pages\/215\/revisions"}],"predecessor-version":[{"id":563,"href":"https:\/\/blogs.ua.es\/cnc2010\/wp-json\/wp\/v2\/pages\/215\/revisions\/563"}],"up":[{"embeddable":true,"href":"https:\/\/blogs.ua.es\/cnc2010\/wp-json\/wp\/v2\/pages\/137"}],"wp:attachment":[{"href":"https:\/\/blogs.ua.es\/cnc2010\/wp-json\/wp\/v2\/media?parent=215"}],"curies":[{"name":"wp","href":"https:\/\/api.w.org\/{rel}","templated":true}]}}