{"id":219,"date":"2010-06-08T20:01:08","date_gmt":"2010-06-08T18:01:08","guid":{"rendered":"https:\/\/blogs.ua.es\/cnc2010\/?page_id=219"},"modified":"2011-04-19T11:54:43","modified_gmt":"2011-04-19T09:54:43","slug":"oe4","status":"publish","type":"page","link":"https:\/\/blogs.ua.es\/cnc2010\/congreso-virtual\/color-en-alimentos\/oe4\/","title":{"rendered":"Influencia del color de la placa cromotr\u00f3pica en la captura accidental de fauna auxiliar en cultivo de pimiento bajo invernadero en el campo de Cartagena"},"content":{"rendered":"<p>10.45, Viernes, 2 de Julio de 2010<\/p>\n<p><strong><span style=\"text-decoration: underline\">Autores:<\/span><\/strong><\/p>\n<p><em>L\u00f3pez-Mar\u00edn, J., Gonz\u00e1lez, A., Porras, I, Conesa, A., Manera, J,\u00a0Mart\u00ednez-Nicol\u00e1s, J, G\u00e1lvez,A<\/em><\/p>\n<p><strong><span style=\"text-decoration: underline\">RESUMEN:<\/span><\/strong><\/p>\n<p>El uso de placas cromotr\u00f3picas para atrapar insectos perjudiciales, basado en su atracci\u00f3n por el color, est\u00e1 muy extendido en cultivos bajo invernadero de pimiento. En estos cultivos la lucha biol\u00f3gica contra las plagas conlleva la suelta de insectos predatores beneficiosos, pudiendo ser atra\u00eddos por esas trampas. El color de la placa influye en la especie y en el n\u00famero de capturas realizadas. Estas trampas pueden ser de distinto material, pl\u00e1stico, papel, etc., siendo las m\u00e1s utilizadas las primeras.<\/p>\n<p>En el presente trabajo se ha estudiado el n\u00famero de capturas no deseadas hechas de un insecto auxiliar,\u00a0Aphidius colemani, predador de pulgones, en placas cromotr\u00f3picas de distinto color, colocadas en invernadero de pimiento entre los meses de febrero y junio. Los resultados preliminares indican cierta atracci\u00f3n por el color amarillo del insecto auxiliar, y una determinada inestabilidad del color amarillo en las trampas de papel.<\/p>\n<p><strong><span style=\"text-decoration: underline\">Visualiza la presentaci\u00f3n:<\/span><\/strong><\/p>\n<p><a href=\"https:\/\/zebra.cpd.ua.es\/vertice\/3141\" target=\"_blank\">V\u00eddeo<\/a><\/p>\n<p><a href=\"https:\/\/docs.google.com\/viewer?a=v&amp;pid=sites&amp;srcid=ZGVmYXVsdGRvbWFpbnxwb3N0ZXJzY25jMnxneDoyNDBmZTEwNDBhNTNhMGI2\" target=\"_blank\">Charla<\/a><\/p>\n<p><a href=\"https:\/\/blogs.ua.es\/cnc2010\/congreso-virtual\/color-en-alimentos\"><img loading=\"lazy\" decoding=\"async\" class=\"aligncenter size-full wp-image-515\" src=\"https:\/\/blogs.ua.es\/cnc2010\/files\/2010\/06\/volver.jpg\" alt=\"\" width=\"43\" height=\"11\" \/><\/a><\/p>\n","protected":false},"excerpt":{"rendered":"<p>10.45, Viernes, 2 de Julio de 2010 Autores: L\u00f3pez-Mar\u00edn, J., Gonz\u00e1lez, A., Porras, I, Conesa, A., Manera, J,\u00a0Mart\u00ednez-Nicol\u00e1s, J, G\u00e1lvez,A RESUMEN: El uso de placas cromotr\u00f3picas para atrapar insectos perjudiciales, basado en su atracci\u00f3n por el color, est\u00e1 muy extendido en cultivos bajo invernadero de pimiento. En estos cultivos la lucha biol\u00f3gica contra las plagas [&hellip;]<\/p>\n","protected":false},"author":1386,"featured_media":0,"parent":137,"menu_order":4,"comment_status":"open","ping_status":"open","template":"","meta":{"footnotes":""},"class_list":["post-219","page","type-page","status-publish","hentry"],"_links":{"self":[{"href":"https:\/\/blogs.ua.es\/cnc2010\/wp-json\/wp\/v2\/pages\/219","targetHints":{"allow":["GET"]}}],"collection":[{"href":"https:\/\/blogs.ua.es\/cnc2010\/wp-json\/wp\/v2\/pages"}],"about":[{"href":"https:\/\/blogs.ua.es\/cnc2010\/wp-json\/wp\/v2\/types\/page"}],"author":[{"embeddable":true,"href":"https:\/\/blogs.ua.es\/cnc2010\/wp-json\/wp\/v2\/users\/1386"}],"replies":[{"embeddable":true,"href":"https:\/\/blogs.ua.es\/cnc2010\/wp-json\/wp\/v2\/comments?post=219"}],"version-history":[{"count":4,"href":"https:\/\/blogs.ua.es\/cnc2010\/wp-json\/wp\/v2\/pages\/219\/revisions"}],"predecessor-version":[{"id":564,"href":"https:\/\/blogs.ua.es\/cnc2010\/wp-json\/wp\/v2\/pages\/219\/revisions\/564"}],"up":[{"embeddable":true,"href":"https:\/\/blogs.ua.es\/cnc2010\/wp-json\/wp\/v2\/pages\/137"}],"wp:attachment":[{"href":"https:\/\/blogs.ua.es\/cnc2010\/wp-json\/wp\/v2\/media?parent=219"}],"curies":[{"name":"wp","href":"https:\/\/api.w.org\/{rel}","templated":true}]}}