{"id":226,"date":"2010-06-08T20:19:40","date_gmt":"2010-06-08T18:19:40","guid":{"rendered":"https:\/\/blogs.ua.es\/cnc2010\/?page_id=226"},"modified":"2011-04-19T11:55:44","modified_gmt":"2011-04-19T09:55:44","slug":"of1","status":"publish","type":"page","link":"https:\/\/blogs.ua.es\/cnc2010\/congreso-virtual\/color-multidisciplinar\/of1\/","title":{"rendered":"Color\u00edmetro COLORLAB: Un color\u00edmetro triest\u00edmulo para aplicaciones docentes"},"content":{"rendered":"<p>11.30, Viernes, 2 de Julio de 2010<\/p>\n<p><strong><span style=\"text-decoration: underline\">Autores:<\/span><\/strong><\/p>\n<p><em>P. Capilla, M. J. Luque, M. D. De Fez<\/em><\/p>\n<p><strong><span style=\"text-decoration: underline\">RESUMEN:<\/span><\/strong><\/p>\n<p>Se ha implementado un color\u00edmetro triest\u00edmulo con opciones de configuraci\u00f3n personalizada para la realizaci\u00f3n de pr\u00e1cticas diversas en los campos de la colorimetr\u00eda y la psicof\u00edsica de la visi\u00f3n. B\u00e1sicamente, se trata de un conjunto de funciones sobre entorno Matlab\u00ae que permite generar est\u00edmulos colorim\u00e9tricamente controlados en un monitor, para realizar igualaciones de un color cualquiera, en distintas condiciones de observaci\u00f3n, mediante la mezcla de 3 primarios. Para la generaci\u00f3n y control de los est\u00edmulos se hace uso de la librer\u00eda Colorlab 1.0 [1]. El monitor que se va a utilizar deber\u00eda calibrarse previamente, aunque tambi\u00e9n es posible utilizar unos datos de calibrado est\u00e1ndar.<\/p>\n<p><strong><span style=\"text-decoration: underline\">Visualiza la charla:<\/span><\/strong><\/p>\n<p><a href=\"https:\/\/zebra.cpd.ua.es\/vertice\/3160\" target=\"_blank\">V\u00eddeo<\/a><\/p>\n<p><a href=\"https:\/\/blogs.ua.es\/cnc2010\/congreso-virtual\/color-multidisciplinar\"><img loading=\"lazy\" decoding=\"async\" class=\"aligncenter size-full wp-image-515\" src=\"https:\/\/blogs.ua.es\/cnc2010\/files\/2010\/06\/volver.jpg\" alt=\"\" width=\"43\" height=\"11\" \/><\/a><\/p>\n","protected":false},"excerpt":{"rendered":"<p>11.30, Viernes, 2 de Julio de 2010 Autores: P. Capilla, M. J. Luque, M. D. De Fez RESUMEN: Se ha implementado un color\u00edmetro triest\u00edmulo con opciones de configuraci\u00f3n personalizada para la realizaci\u00f3n de pr\u00e1cticas diversas en los campos de la colorimetr\u00eda y la psicof\u00edsica de la visi\u00f3n. B\u00e1sicamente, se trata de un conjunto de funciones [&hellip;]<\/p>\n","protected":false},"author":1386,"featured_media":0,"parent":139,"menu_order":1,"comment_status":"open","ping_status":"open","template":"","meta":{"footnotes":""},"class_list":["post-226","page","type-page","status-publish","hentry"],"_links":{"self":[{"href":"https:\/\/blogs.ua.es\/cnc2010\/wp-json\/wp\/v2\/pages\/226","targetHints":{"allow":["GET"]}}],"collection":[{"href":"https:\/\/blogs.ua.es\/cnc2010\/wp-json\/wp\/v2\/pages"}],"about":[{"href":"https:\/\/blogs.ua.es\/cnc2010\/wp-json\/wp\/v2\/types\/page"}],"author":[{"embeddable":true,"href":"https:\/\/blogs.ua.es\/cnc2010\/wp-json\/wp\/v2\/users\/1386"}],"replies":[{"embeddable":true,"href":"https:\/\/blogs.ua.es\/cnc2010\/wp-json\/wp\/v2\/comments?post=226"}],"version-history":[{"count":5,"href":"https:\/\/blogs.ua.es\/cnc2010\/wp-json\/wp\/v2\/pages\/226\/revisions"}],"predecessor-version":[{"id":565,"href":"https:\/\/blogs.ua.es\/cnc2010\/wp-json\/wp\/v2\/pages\/226\/revisions\/565"}],"up":[{"embeddable":true,"href":"https:\/\/blogs.ua.es\/cnc2010\/wp-json\/wp\/v2\/pages\/139"}],"wp:attachment":[{"href":"https:\/\/blogs.ua.es\/cnc2010\/wp-json\/wp\/v2\/media?parent=226"}],"curies":[{"name":"wp","href":"https:\/\/api.w.org\/{rel}","templated":true}]}}