{"id":23,"date":"2010-05-26T11:49:44","date_gmt":"2010-05-26T09:49:44","guid":{"rendered":"https:\/\/blogs.ua.es\/cnc2010\/?page_id=23"},"modified":"2010-06-08T22:50:41","modified_gmt":"2010-06-08T20:50:41","slug":"contribuciones","status":"publish","type":"page","link":"https:\/\/blogs.ua.es\/cnc2010\/contribuciones\/","title":{"rendered":"Contribuciones"},"content":{"rendered":"<p>En esta p\u00e1gina podr\u00e1s encontrar todas las contribuciones presentadas al IX Congreso Nacional de Color. Te invitamos a que dejes tus comentarios, dudas y recomendaciones. Recuerda que con este blog pretendemos fomentar el intercambio de conocimiento entre toda la comunidad cient\u00edfica e interesada en cualquier tem\u00e1tica relacionada con el color.<\/p>\n<p>Contribuciones en el \u00e1rea:<\/p>\n<p style=\"padding-left: 30px\"><a href=\"ciencia-del-color\/\" target=\"_self\">Ciencia del Color<\/a><\/p>\n<p style=\"padding-left: 30px\"><a href=\"percepcion-del-color\/\" target=\"_self\">Percepci\u00f3n del Color<\/a><\/p>\n<p style=\"padding-left: 30px\"><a href=\"arte-y-arquitectura\/\" target=\"_self\">Color en Arte y Arquitectura<\/a><\/p>\n<p style=\"padding-left: 30px\"><a href=\"reproduccion-del-color\/\" target=\"_self\">Reproducci\u00f3n del Color<\/a><\/p>\n<p style=\"padding-left: 30px\"><a href=\"color-en-alimentos\/\" target=\"_self\">Color en Alimentos<\/a><\/p>\n<p style=\"padding-left: 30px\"><a href=\"color-multidisciplinar\/\" target=\"_self\">Color Multidisciplinar<\/a><\/p>\n","protected":false},"excerpt":{"rendered":"<p>En esta p\u00e1gina podr\u00e1s encontrar todas las contribuciones presentadas al IX Congreso Nacional de Color. Te invitamos a que dejes tus comentarios, dudas y recomendaciones. Recuerda que con este blog pretendemos fomentar el intercambio de conocimiento entre toda la comunidad cient\u00edfica e interesada en cualquier tem\u00e1tica relacionada con el color. Contribuciones en el \u00e1rea: Ciencia [&hellip;]<\/p>\n","protected":false},"author":1386,"featured_media":0,"parent":0,"menu_order":2,"comment_status":"closed","ping_status":"closed","template":"","meta":{"footnotes":""},"class_list":["post-23","page","type-page","status-publish","hentry"],"_links":{"self":[{"href":"https:\/\/blogs.ua.es\/cnc2010\/wp-json\/wp\/v2\/pages\/23","targetHints":{"allow":["GET"]}}],"collection":[{"href":"https:\/\/blogs.ua.es\/cnc2010\/wp-json\/wp\/v2\/pages"}],"about":[{"href":"https:\/\/blogs.ua.es\/cnc2010\/wp-json\/wp\/v2\/types\/page"}],"author":[{"embeddable":true,"href":"https:\/\/blogs.ua.es\/cnc2010\/wp-json\/wp\/v2\/users\/1386"}],"replies":[{"embeddable":true,"href":"https:\/\/blogs.ua.es\/cnc2010\/wp-json\/wp\/v2\/comments?post=23"}],"version-history":[{"count":5,"href":"https:\/\/blogs.ua.es\/cnc2010\/wp-json\/wp\/v2\/pages\/23\/revisions"}],"predecessor-version":[{"id":261,"href":"https:\/\/blogs.ua.es\/cnc2010\/wp-json\/wp\/v2\/pages\/23\/revisions\/261"}],"wp:attachment":[{"href":"https:\/\/blogs.ua.es\/cnc2010\/wp-json\/wp\/v2\/media?parent=23"}],"curies":[{"name":"wp","href":"https:\/\/api.w.org\/{rel}","templated":true}]}}