{"id":230,"date":"2010-06-08T20:23:51","date_gmt":"2010-06-08T18:23:51","guid":{"rendered":"https:\/\/blogs.ua.es\/cnc2010\/?page_id=230"},"modified":"2011-04-19T11:57:14","modified_gmt":"2011-04-19T09:57:14","slug":"of3","status":"publish","type":"page","link":"https:\/\/blogs.ua.es\/cnc2010\/congreso-virtual\/color-multidisciplinar\/of3\/","title":{"rendered":"Envejecimiento con radiaci\u00f3n UV de un cart\u00f3n pluma. Estudio de su evoluci\u00f3n crom\u00e1tica y composici\u00f3n"},"content":{"rendered":"<p>12.00, Viernes, 2 de Julio de 2010<\/p>\n<p><strong><span style=\"text-decoration: underline\">Autores:<\/span><\/strong><\/p>\n<p><em>M. San Andr\u00e9s, J. M. de la Roja, R. Chercoles, M. G\u00f3mez, V. G. Baonza<\/em><\/p>\n<p><strong><span style=\"text-decoration: underline\">RESUMEN:<\/span><\/strong><\/p>\n<p>El uso de materiales en el \u00e1mbito de la conservaci\u00f3n del Patrimonio requiere conocer su composici\u00f3n y comportamiento a largo plazo. Por ello, resulta imprescindible su caracterizaci\u00f3n anal\u00edtica, el estudio de su variaci\u00f3n a largo plazo y las consecuencias sobre sus propiedades iniciales. En este trabajo se estudia una variedad de cart\u00f3n pluma (cart\u00f3n pluma neutro), material laminar multicapa compuesto de un n\u00facleo interno espumado de poliestireno recubierto de cartulina de celulosa pura que contiene una carga de calcita. Ambos\u00a0 componentes (cartulina y n\u00facleo) han sido sometidos a envejecimiento artificial acelerado bajo la acci\u00f3n de radiaci\u00f3n UV y muestran un comportamiento muy distinto. La cartulina es pr\u00e1cticamente estable en su composici\u00f3n y color (DEab*=0,19), mientras que el n\u00facleo espumado de poliestireno experimenta una marcada oxidaci\u00f3n que repercute en su color\u00a0 (DEab*=35,78). Los an\u00e1lisis FTIR-ATR constatan la formaci\u00f3n de grupos oxigenados, especialmente C=O cuya presencia aumenta con el envejecimiento. La intensidad de la banda asignada a este grupo y el DEab\u00a0experimentado se relacionan mediante una curva de regresi\u00f3n no lineal, que muestra la evoluci\u00f3n de la alteraci\u00f3n del sustrato de poliestireno.<\/p>\n<p><strong><span style=\"text-decoration: underline\">Visualiza la presentaci\u00f3n:<\/span><\/strong><\/p>\n<p><a href=\"https:\/\/zebra.cpd.ua.es\/vertice\/3180\" target=\"_blank\">V\u00eddeo<\/a><\/p>\n<p><a href=\"https:\/\/docs.google.com\/viewer?a=v&amp;pid=sites&amp;srcid=ZGVmYXVsdGRvbWFpbnxwb3N0ZXJzY25jMnxneDoyZGVhMDFlNjQ3ZjU2NTJl\" target=\"_blank\">Charla<\/a><\/p>\n<p><a href=\"https:\/\/blogs.ua.es\/cnc2010\/congreso-virtual\/color-multidisciplinar\"><img loading=\"lazy\" decoding=\"async\" class=\"aligncenter size-full wp-image-515\" src=\"https:\/\/blogs.ua.es\/cnc2010\/files\/2010\/06\/volver.jpg\" alt=\"\" width=\"43\" height=\"11\" \/><\/a><\/p>\n","protected":false},"excerpt":{"rendered":"<p>12.00, Viernes, 2 de Julio de 2010 Autores: M. San Andr\u00e9s, J. M. de la Roja, R. Chercoles, M. G\u00f3mez, V. G. Baonza RESUMEN: El uso de materiales en el \u00e1mbito de la conservaci\u00f3n del Patrimonio requiere conocer su composici\u00f3n y comportamiento a largo plazo. Por ello, resulta imprescindible su caracterizaci\u00f3n anal\u00edtica, el estudio de [&hellip;]<\/p>\n","protected":false},"author":1386,"featured_media":0,"parent":139,"menu_order":3,"comment_status":"open","ping_status":"open","template":"","meta":{"footnotes":""},"class_list":["post-230","page","type-page","status-publish","hentry"],"_links":{"self":[{"href":"https:\/\/blogs.ua.es\/cnc2010\/wp-json\/wp\/v2\/pages\/230","targetHints":{"allow":["GET"]}}],"collection":[{"href":"https:\/\/blogs.ua.es\/cnc2010\/wp-json\/wp\/v2\/pages"}],"about":[{"href":"https:\/\/blogs.ua.es\/cnc2010\/wp-json\/wp\/v2\/types\/page"}],"author":[{"embeddable":true,"href":"https:\/\/blogs.ua.es\/cnc2010\/wp-json\/wp\/v2\/users\/1386"}],"replies":[{"embeddable":true,"href":"https:\/\/blogs.ua.es\/cnc2010\/wp-json\/wp\/v2\/comments?post=230"}],"version-history":[{"count":6,"href":"https:\/\/blogs.ua.es\/cnc2010\/wp-json\/wp\/v2\/pages\/230\/revisions"}],"predecessor-version":[{"id":567,"href":"https:\/\/blogs.ua.es\/cnc2010\/wp-json\/wp\/v2\/pages\/230\/revisions\/567"}],"up":[{"embeddable":true,"href":"https:\/\/blogs.ua.es\/cnc2010\/wp-json\/wp\/v2\/pages\/139"}],"wp:attachment":[{"href":"https:\/\/blogs.ua.es\/cnc2010\/wp-json\/wp\/v2\/media?parent=230"}],"curies":[{"name":"wp","href":"https:\/\/api.w.org\/{rel}","templated":true}]}}