{"id":241,"date":"2010-06-08T20:33:52","date_gmt":"2010-06-08T18:33:52","guid":{"rendered":"https:\/\/blogs.ua.es\/cnc2010\/?page_id=241"},"modified":"2011-04-19T11:58:37","modified_gmt":"2011-04-19T09:58:37","slug":"of5","status":"publish","type":"page","link":"https:\/\/blogs.ua.es\/cnc2010\/congreso-virtual\/color-multidisciplinar\/of5\/","title":{"rendered":"El museo de los colores"},"content":{"rendered":"<p>12.30, Viernes, 2 de Julio de 2010<\/p>\n<p><strong><span style=\"text-decoration: underline\"> Autores:<\/span><\/strong><\/p>\n<p><em> Adoraci\u00f3n S\u00e1nchez, Antonia Rodr\u00edguez, Asunci\u00f3n Bosch<\/em><\/p>\n<p><strong><span style=\"text-decoration: underline\">RESUMEN:<\/span><\/strong><\/p>\n<p>Importante es recordar que la cultura se aprende como si de un lenguaje se tratara, si desde los primeros a\u00f1os tenemos acceso y disfrute de ella, en un futuro, la facilidad para asimilarla ser\u00e1 mayor. Nos movemos en mundo de im\u00e1genes desde que nacemos, donde la percepci\u00f3n del color es algo tan natural que pasa \u201cdesapercibido\u201d su gran valor a nivel cognitivo, ante nosotros.<\/p>\n<p>El color impresiona en muchas ocasiones al que lo percibe, seg\u00fan los contextos, el color se ve, llama la atenci\u00f3n, tiene capacidad de expresi\u00f3n, de reacci\u00f3n, de emoci\u00f3n. Construimos un significado propio, capaz de conmover, capaz de comunicar una idea.<\/p>\n<p>Generalmente, cuando se habla del color, se lo hace en un sentido gen\u00e9rico: el verde, el rojo, etc. No obstante, si nos detenemos a observar el &#8220;mundo del color&#8221; o los colores en el mundo que nos rodea, vemos su enorme variedad y empezamos a percibir y diferenciar los verdes, los rojos, etc. Esta gran variedad est\u00e1 relacionada con las caracter\u00edsticas propias de cada color (cualidad crom\u00e1tica), con sus variantes de claridad y oscuridad (valor) y con su grado de pureza (saturaci\u00f3n). Pero tambi\u00e9n importante la psicolog\u00eda del color y sus variables seg\u00fan sea el pa\u00eds o la cultura de este.<\/p>\n<p>El color, como elemento del lenguaje visual, es objeto de la exploraci\u00f3n, representaci\u00f3n y conocimiento de los ni\u00f1os y ni\u00f1as\u00a0 desde los primeros a\u00f1os.\u00a0 Al uso espont\u00e1neo del color por parte del alumnado, se le sumar\u00e1n algunas propuestas tendientes a que perciban con atenci\u00f3n e intenci\u00f3n la variedad del color en el mundo que los rodea promoviendo que se planteen y exploren c\u00f3mo lograr algunas de estas variaciones en sus propias representaciones y c\u00f3mo manipulando los colores manipulamos las sensaciones.<\/p>\n<p>\u00bfC\u00f3mo pedirles que sean buenos docentes, en este caso, en Educaci\u00f3n Infantil, si no trabajamos con ellos las competencias necesarias? Al futuro docente no s\u00f3lo hay que\u00a0 presentarle elementos que le permitan desenvolverse dentro de esta disciplina, sino brindarle modos y medios para poder interactuar con otros docentes y trabajar en equipo con los contenidos de cada \u00e1rea.<\/p>\n<p>El conocimiento, la elaboraci\u00f3n y la puesta en marcha de propuestas docentes que incorporen elementos del lenguaje art\u00edstico y el lenguaje del color har\u00e1 que en su futura labor aparezcan permanentemente aspectos creativos importantes no s\u00f3lo para un mejor desenvolvimiento dentro del aula, sino para poder encontrar soluciones \u201ccreativas\u201d a los distintos problemas con los que se puedan encontrar. Y un maestro creativo tendr\u00e1 alumnado creativo, con esp\u00edritu innovador y un dinamismo constante.<\/p>\n<p><strong><span style=\"text-decoration: underline\">Visualiza la presentaci\u00f3n:<\/span><\/strong><\/p>\n<p><a href=\"https:\/\/docs.google.com\/viewer?a=v&amp;pid=sites&amp;srcid=ZGVmYXVsdGRvbWFpbnxwb3N0ZXJzY25jMnxneDo3YTg2YzFiOTQ2ZmY1MWQx\" target=\"_blank\">Charla<\/a><\/p>\n<p><a href=\"https:\/\/blogs.ua.es\/cnc2010\/congreso-virtual\/color-multidisciplinar\"><img loading=\"lazy\" decoding=\"async\" class=\"aligncenter size-full wp-image-515\" src=\"https:\/\/blogs.ua.es\/cnc2010\/files\/2010\/06\/volver.jpg\" alt=\"\" width=\"43\" height=\"11\" \/><\/a><\/p>\n","protected":false},"excerpt":{"rendered":"<p>12.30, Viernes, 2 de Julio de 2010 Autores: Adoraci\u00f3n S\u00e1nchez, Antonia Rodr\u00edguez, Asunci\u00f3n Bosch RESUMEN: Importante es recordar que la cultura se aprende como si de un lenguaje se tratara, si desde los primeros a\u00f1os tenemos acceso y disfrute de ella, en un futuro, la facilidad para asimilarla ser\u00e1 mayor. Nos movemos en mundo de [&hellip;]<\/p>\n","protected":false},"author":1386,"featured_media":0,"parent":139,"menu_order":5,"comment_status":"open","ping_status":"open","template":"","meta":{"footnotes":""},"class_list":["post-241","page","type-page","status-publish","hentry"],"_links":{"self":[{"href":"https:\/\/blogs.ua.es\/cnc2010\/wp-json\/wp\/v2\/pages\/241","targetHints":{"allow":["GET"]}}],"collection":[{"href":"https:\/\/blogs.ua.es\/cnc2010\/wp-json\/wp\/v2\/pages"}],"about":[{"href":"https:\/\/blogs.ua.es\/cnc2010\/wp-json\/wp\/v2\/types\/page"}],"author":[{"embeddable":true,"href":"https:\/\/blogs.ua.es\/cnc2010\/wp-json\/wp\/v2\/users\/1386"}],"replies":[{"embeddable":true,"href":"https:\/\/blogs.ua.es\/cnc2010\/wp-json\/wp\/v2\/comments?post=241"}],"version-history":[{"count":3,"href":"https:\/\/blogs.ua.es\/cnc2010\/wp-json\/wp\/v2\/pages\/241\/revisions"}],"predecessor-version":[{"id":569,"href":"https:\/\/blogs.ua.es\/cnc2010\/wp-json\/wp\/v2\/pages\/241\/revisions\/569"}],"up":[{"embeddable":true,"href":"https:\/\/blogs.ua.es\/cnc2010\/wp-json\/wp\/v2\/pages\/139"}],"wp:attachment":[{"href":"https:\/\/blogs.ua.es\/cnc2010\/wp-json\/wp\/v2\/media?parent=241"}],"curies":[{"name":"wp","href":"https:\/\/api.w.org\/{rel}","templated":true}]}}