{"id":248,"date":"2010-06-08T22:15:02","date_gmt":"2010-06-08T20:15:02","guid":{"rendered":"https:\/\/blogs.ua.es\/cnc2010\/?page_id=248"},"modified":"2010-09-09T10:56:08","modified_gmt":"2010-09-09T08:56:08","slug":"percepcion-del-color","status":"publish","type":"page","link":"https:\/\/blogs.ua.es\/cnc2010\/contribuciones\/percepcion-del-color\/","title":{"rendered":"Contribuciones: Percepci\u00f3n del Color"},"content":{"rendered":"<p><!--more-->PB01<strong>:\u00a0\u00a0\u00a0 \u201c<a href=\"https:\/\/docs.google.com\/viewer?a=v&amp;pid=sites&amp;srcid=ZGVmYXVsdGRvbWFpbnxwb3N0ZXJzY25jMnxneDoxNjk1OTBhNDY5NTgzZWMy\" target=\"_blank\">The number of discernible colours perceived by dichromats in natural scenes: The influence of different theoretical models<\/a><\/strong><strong>\u201d<\/strong>, <em>Jo\u00e3o MM Linhares, S\u00e9rgio MC Nascimento.<\/em><\/p>\n<p>Several models are available to simulate the colour perception of dichromat observers. The goal of this work was to study how much the estimated number of discernible colours in natural scenes depends on the theoretical colour model applied. Twelve images of natural scenes were simulated for trichromats as if they were seen by dichromats. Two theoretical models were used in these simulations. The CIELAB colour volume was estimated to each image for normal observers and dichromats and for each of the models tested. The number of discernible colours was estimated by segmenting the CIELAB colour volume into unitary cubes and by counting the number of non-empty cubes, that is, assuming that all the colours that are inside the same cube could not be discernible. Reductions to less than 10% of the colours perceived by normal trichromats were found to all dichromats regardless the dichromatic colour model used. This result seems to indicate that the estimated chromatic diversity of natural scenes perceived by dichromats is not strongly influenced by the dichromatic colour model used.<\/p>\n<p><!--more-->PB02<strong>:\u00a0\u00a0\u00a0 \u201c<a href=\"http:\/\/docs.google.com\/viewer?a=v&amp;pid=sites&amp;srcid=ZGVmYXVsdGRvbWFpbnxwb3N0ZXJzY25jfGd4OmRhMmM4OWQ4MDc3ZmUxZA\" target=\"_blank\">La influencia del contexto en la definici\u00f3n de las fronteras entre las categor\u00edas crom\u00e1ticas<\/a><\/strong><strong>\u201d<\/strong>, <em>Robert Benavente, C. Alejandro P\u00e1rraga, Maria Vanrell.<\/em><\/p>\n<p>En este art\u00edculo presentamos los resultados de un experimento de categorizaci\u00f3n de color en el que las muestras se presentaron sobre un fondo multicolor (Mondrian) para simular los efectos del contexto. Los resultados se comparan con los de un experimento previo que, utilizando un paradigma diferente, determin\u00f3 las fronteras sin tener en cuenta el contexto. El an\u00e1lisis de los resultados muestra que las fronteras obtenidas con el experimento en contexto presentan menos confusi\u00f3n que las obtenidas en el experimento sin contexto.<\/p>\n<p><!--more-->PB03<strong>:\u00a0\u00a0\u00a0 \u201cAn\u00e1lisis de la variaci\u00f3n interobservadores en la percepci\u00f3n colorim\u00e9trica de pinturas rupestres. An\u00e1lisis en los espacios CIELAB y CIECAM02\u201d<\/strong>, <em>J. M. Ezquerro, Jes\u00fas Zoido, Daniel V\u00e1zquez, Antonio \u00c1lvarez, Juan Antonio Herraez, Marian del Egido, Roberto Onta\u00f1\u00f3n.<\/em><\/p>\n<p>Hemos analizado como var\u00eda la percepci\u00f3n colorim\u00e9trica de pinturas rupestres para un conjunto de observadores bajo diferentes iluminantes. Para ello hemos utilizado las f\u00f3rmulas de diferencia de color de dos espacios de representaci\u00f3n de color CIELAB y CIECAM02. Adem\u00e1s, utilizando de referencia el observador CIE31, hemos analizado para que iluminantes la variaci\u00f3n en la percepci\u00f3n del color es m\u00e1s homog\u00e9nea.<\/p>\n<p><strong> <\/strong><\/p>\n<p><!--more-->PB04<strong>:\u00a0\u00a0\u00a0 \u201cPseudometrizaci\u00f3n probabil\u00edstica de los espacios de color para la cuantificaci\u00f3n de la discriminaci\u00f3n crom\u00e1tica\u201d<\/strong>, <em>Manuel P\u00e9rez Molina, Elena Fern\u00e1ndez Var\u00f3, Jorge Franc\u00e9s Monllor, Sergi Gallego Rico, Manuel Ortu\u00f1o S\u00e1nchez.<\/em><\/p>\n<p>Con el fin de cuantificar la discriminaci\u00f3n crom\u00e1tica en el sistema visual humano, en este trabajo se propone un tipo de pseudom\u00e9trica que se puede definir universalmente sobre cualquier espacio de color. Dicha pseudom\u00e9trica se construye en base a la capacidad con la que el sistema visual humano distingue colores y se cuantifica mediante una probabilidad de discriminaci\u00f3n p(a,b) para cada par de est\u00edmulos crom\u00e1ticos (a,b). A partir de la probabilidad p se define una nueva aplicaci\u00f3n d que asigna a cada par de est\u00edmulos crom\u00e1ticos (a,b) el m\u00ednimo valor posible d(a,b) para las sumas de probabilidades p(a,x)+p(x,y)+p(y,v)+\u2026+p(t,w)+p(w,b) \u2013siendo x, y,\u2026,v, t, w, b un conjunto finito arbitrario de est\u00edmulos crom\u00e1ticos-. Se demuestra que, con independencia de la naturaleza y caracter\u00edsticas del espacio de color considerado, d es siempre una pseudom\u00e9trica sobre dicho espacio de color, y adem\u00e1s se llega al siguiente resultado principal: la probabilidad de discriminaci\u00f3n crom\u00e1tica coincide con la pseudom\u00e9trica considerada cuando esta \u00faltima se define sobre el conjunto de todos los pares de est\u00edmulos con una probabilidad de discriminaci\u00f3n mayor o igual a 0.5. Este resultado permite concluir que la probabilidad de discriminaci\u00f3n crom\u00e1tica es una pseudom\u00e9trica para aquellos pares de est\u00edmulos \u201crazonablemente distinguibles\u201d pero puede perder su car\u00e1cter m\u00e9trico \u2013preservando no obstante ciertas propiedades similares a las m\u00e9tricas- al considerar pares de est\u00edmulos \u201cmenos distinguibles\u201d.<\/p>\n<p><!--more-->PB05<strong>:\u00a0\u00a0\u00a0 \u201cEfecto H-K: un posible l\u00edmite en el incremento en la percepci\u00f3n de la claridad debido al cromatismo de los est\u00edmulos\u201d<\/strong>, <em>M\u00aa del Carmen Dur\u00e1n, Julio Lillo, Humberto Moreira, Leticia \u00c1lvaro.<\/em><\/p>\n<p>Se estudi\u00f3 la influencia de tres variables colorim\u00e9tricas (H*, L* y C*) en el efecto H-K (Helmholtz-Kolrausch). Para medir la claridad percibida se utiliz\u00f3 una tarea de elecci\u00f3n forzada (selecci\u00f3n del est\u00edmulo m\u00e1s claro) entre pares de est\u00edmulos (uno crom\u00e1tico y otro acrom\u00e1tico). Los est\u00edmulos crom\u00e1ticos difirieron en \u00e1ngulo crom\u00e1tico (los correspondientes a los tres primarios y al mejor ejemplo de amarillo en el monitor utilizado), claridad CIE (L*= 50 \u00f3 70) y croma CIE (C*= 30 \u00f3 50). La magnitud del efecto H-K encontrado dependi\u00f3 de la interacci\u00f3n entre las tres variables colorim\u00e9tricas consideradas, lo que parece indicar la existencia de un efecto techo (el crecimiento en la claridad percibida debida al cromatismo estar\u00eda limitada por el nivel de L*).\u00a0 Los resultados obtenidos no permiten explicar el efecto H-K considerando s\u00f3lo uno de los tres siguientes mecanismos perceptivos: el nivel de cromatismo, la actividad en el mecanismo azul-amarillo, la actividad en el sistema circadiano.<\/p>\n<p><!--more-->PB06<strong>:\u00a0\u00a0\u00a0 \u201cCorrelaci\u00f3n entre varios par\u00e1metros fisiol\u00f3gicos y la variabilidad individual en las funciones de igualaci\u00f3n del color\u201d<\/strong>, <em>Pedro J. Pardo, Francisco L. Naranjo, \u00c1ngel Luis P\u00e9rez, Mar\u00eda Isabel Suero.<\/em><\/p>\n<p>Las diferencias individuales en la percepci\u00f3n del color y su relaci\u00f3n con la variabilidad de ciertos par\u00e1metros fisiol\u00f3gicos como densidades \u00f3pticas de pigmento macular, de medios intraoculares y de fotopigmento o como la longitud de onda de m\u00e1xima sensibilidad de los fotopigmentos de conos L y M es un tema abierto y objeto de investigaci\u00f3n actualmente. Se presenta un trabajo en el que se han estudiado las correlaciones entre las longitudes de onda y las razones de energ\u00eda empleadas en igualaciones azul-amarillo para obtener blanco y algunos de los par\u00e1metros fisiol\u00f3gicos antes citados.<\/p>\n<p><!--more-->PB07<strong>:\u00a0\u00a0\u00a0 \u201cPor qu\u00e9 los primates son los \u00fanicos mam\u00edferos que poseen visi\u00f3n tricrom\u00e1tica?<\/strong>, <em>Cesar Urtubia Vicario.<\/em><\/p>\n<p>En los \u00faltimos treinta\u00a0 a\u00f1os se ha aportado mucha informaci\u00f3n relativa a la comprensi\u00f3n de la visi\u00f3n en color de los primates., Lo que se conoc\u00eda anteriormente, lo hab\u00edan suministrado estudios psicof\u00edsicos de humanos con visi\u00f3n en color normal y defectuosa, e investigaciones fisiol\u00f3gicas del sistema visual del macaco. Las investigaciones incidieron en las variaciones normales en la visi\u00f3n en color en un amplio rango de especies de primates inferiores. Los resultados de estos estudios, han sido cruciales para nuestro conocimiento de las interrelaciones entre los genes que codifican las opsinas, los fotopigmentos de los conos y la organizaci\u00f3n neuronal de la visi\u00f3n en color.<\/p>\n<p><strong> <\/strong><\/p>\n<p><!--more-->PB08<strong>:\u00a0\u00a0\u00a0 \u201cUn m\u00e9todo para evaluar la adecuaci\u00f3n de las simulaciones de la  visi\u00f3n dicr\u00f3mata: Aplicaci\u00f3n a las gafas variantor\u201d, <\/strong><em>Leticia \u00c1lvaro, Julio Lillo, M\u00aa del Carmen Dur\u00e1n, Humberto Moreira.<\/em><\/p>\n<p>Se analiz\u00f3 la adecuaci\u00f3n de un m\u00e9todo para evaluar instrumentos de simulaci\u00f3n de la visi\u00f3n dicr\u00f3mata. Se utiliz\u00f3 tal m\u00e9todo para evaluar un instrumento concreto: Las gafas Variantor (Cambridge Research Systems). Estas fueron utilizadas por 10 personas con visi\u00f3n normal (tricr\u00f3matas comunes), al tiempo que realizaron dos tareas diferentes. En la primera seleccionaron los est\u00edmulos que se ve\u00edan grises o casi grises cuando se contemplaban a trav\u00e9s de las gafas (pseudo<strong><span style=\"text-decoration: underline\">a<\/span><\/strong>crom\u00e1ticos). La segunda fue una aplicaci\u00f3n del m\u00e9todo AMLA que sirvi\u00f3 para determinar\u00a0 las claridades con las que se ve\u00edan estos est\u00edmulos. Aunque la primera tarea se realiz\u00f3 con tres conjuntos estimulares diferentes, tal variaci\u00f3n no afect\u00f3 al valor del \u00e1ngulo de tono (H*) de los est\u00edmulos seleccionados como pseudoacrom\u00e1ticos. Tampoco afect\u00f3, en la segunda tarea, al valor relativo de la claridad ajustada (L*). Estos resultados indicaron que el m\u00e9todo de evaluaci\u00f3n funcion\u00f3 adecuadamente. Por otra parte, los valores concretos de H* y L* obtenidos al usar las gafas indicaron que estas no proporcionan una simulaci\u00f3n plenamente adecuada de la visi\u00f3n dicr\u00f3mata.<\/p>\n<p><!--more-->PB09<strong>:\u00a0\u00a0\u00a0 \u201cPercepci\u00f3n visual de una secuencia rectangular vista a trav\u00e9s de una red acrom\u00e1tica de contraste unidad\u201d, <\/strong><em>Jorge Montalv\u00e1, Ignacio Tortajada, Isabel Castilla, Marisa Mart\u00ednez, Mariano Aguilar.<\/em><\/p>\n<p>Con redes acrom\u00e1ticas horizontales y verticales de contraste unidad, utilizadas como campo de adaptaci\u00f3n en la  visi\u00f3n de dos secuencias (una roja y otra azul) se estudia la relaci\u00f3n que existe entre la frecuencia de dichas redes y el efecto Bezold producido en la visi\u00f3n de las secuencias. Los resultados obtenidos nos dicen que con la orientaci\u00f3n horizontal de la red, el efecto Bezold es mayor que con la  vertical y que con ambas orientaciones este efecto es mayor en la secuencia azul.<\/p>\n<p><!--more-->PB010<strong>: \u201cVariaci\u00f3n del punto de fusi\u00f3n crom\u00e1tico (pfc) de redes dicrom\u00e1ticas verticales y horizontales, al cambiar la orientaci\u00f3n de su movimiento\u201d<\/strong>, <em>Ignacio Tortajada, Jorge Montalv\u00e1, Mariano Aguilar.<\/em><\/p>\n<p>En este trabajo se estudia la influencia que la orientaci\u00f3n (vertical-horizontal) del movimiento de redes dicrom\u00e1ticas, perpendiculares a este movimiento, tiene en su punto de fusi\u00f3n crom\u00e1tico (PFC), con el resultado de que siempre es mayor en el movimiento vertical, aumento que no var\u00eda al hacerlo los colores de las cuatro redes estudiadas (rojo-amarillo, verde-azul, rojo-verde y amarillo-azul).<\/p>\n<p><!--more-->PB011<strong>: \u201cUniformidad del test Farnsworth-Munsell 100 Hue\u201d<\/strong>, <em>M. Garc\u00eda-Romera, M. Grosman, L. G\u00f3mez-Robledo, R. Huertas, M. Melgosa.<\/em><\/p>\n<p>Se han realizado 3 medidas espectrorradiom\u00e9tricas no consecutivas de cada una de las 85 muestras que componen el test \u2018Farnsworth-Munsell 100 Hue\u2019, iluminado por una fuente D65. Se desea estudiar hasta qu\u00e9 punto las muestras de este test est\u00e1n distribuidas de manera uniforme en recientes espacios de color. Obtenemos que la claridad de las muestras del test var\u00eda de forma muy similar en los espacios CIELAB, DIN99d y CIECAM02, siendo el rango de variaci\u00f3n inferior a 10 unidades. El croma de las muestras tambi\u00e9n var\u00eda de forma similar en los tres espacios citados, aunque con mayor amplitud, en especial en CIELAB. La diferencia de color entre muestras consecutivas del test presenta un coeficiente de variaci\u00f3n elevado: 37% para CIELAB y 33.7% para CIEDE2000. A partir de estos resultados, consideramos que globalmente no puede afirmarse que las muestras del test \u2018Farnsworth-Munsell 100 Hue\u2019 se encuentran distribuidas de forma uniforme desde el punto de vista perceptivo. Pensamos que el hecho de que las 85 muestras se observen en 4 grupos o regletas separadas dificulta la detecci\u00f3n visual de faltas de uniformidad. Probablemente, de las 4 regletas que componen el test, la primera y la \u00faltima son las que ofrecen las mayores oportunidades de mejora en cuanto a uniformidad se refiere.<\/p>\n","protected":false},"excerpt":{"rendered":"","protected":false},"author":1386,"featured_media":0,"parent":23,"menu_order":2,"comment_status":"open","ping_status":"open","template":"","meta":{"footnotes":""},"class_list":["post-248","page","type-page","status-publish","hentry"],"_links":{"self":[{"href":"https:\/\/blogs.ua.es\/cnc2010\/wp-json\/wp\/v2\/pages\/248","targetHints":{"allow":["GET"]}}],"collection":[{"href":"https:\/\/blogs.ua.es\/cnc2010\/wp-json\/wp\/v2\/pages"}],"about":[{"href":"https:\/\/blogs.ua.es\/cnc2010\/wp-json\/wp\/v2\/types\/page"}],"author":[{"embeddable":true,"href":"https:\/\/blogs.ua.es\/cnc2010\/wp-json\/wp\/v2\/users\/1386"}],"replies":[{"embeddable":true,"href":"https:\/\/blogs.ua.es\/cnc2010\/wp-json\/wp\/v2\/comments?post=248"}],"version-history":[{"count":3,"href":"https:\/\/blogs.ua.es\/cnc2010\/wp-json\/wp\/v2\/pages\/248\/revisions"}],"predecessor-version":[{"id":481,"href":"https:\/\/blogs.ua.es\/cnc2010\/wp-json\/wp\/v2\/pages\/248\/revisions\/481"}],"up":[{"embeddable":true,"href":"https:\/\/blogs.ua.es\/cnc2010\/wp-json\/wp\/v2\/pages\/23"}],"wp:attachment":[{"href":"https:\/\/blogs.ua.es\/cnc2010\/wp-json\/wp\/v2\/media?parent=248"}],"curies":[{"name":"wp","href":"https:\/\/api.w.org\/{rel}","templated":true}]}}