{"id":25,"date":"2010-05-26T11:54:13","date_gmt":"2010-05-26T09:54:13","guid":{"rendered":"https:\/\/blogs.ua.es\/cnc2010\/?page_id=25"},"modified":"2010-09-09T10:55:26","modified_gmt":"2010-09-09T08:55:26","slug":"ciencia-del-color","status":"publish","type":"page","link":"https:\/\/blogs.ua.es\/cnc2010\/contribuciones\/ciencia-del-color\/","title":{"rendered":"Contribuciones: Ciencia del color"},"content":{"rendered":"<p><!--more-->PA01:<strong> \u201cObtenci\u00f3n de espectros met\u00e1meros que se cortan en longitudes de onda elegidas arbitrariamente\u201d<\/strong>, <em>J. Federico Ech\u00e1varri, A. Ignacio Negueruela, Fernando Ayala<\/em><\/p>\n<p>En trabajos anteriores hemos comprobado que se pueden utilizar t\u00e9cnicas de PCA sobre una amplia base de espectros de reflexi\u00f3n para obtener diferentes met\u00e1meros de un color dado para un observador e iluminante determinados. En ocasiones, puede resultar interesante que todos esos espectros tengan el mismo valor para una longitud de onda determinada. En este trabajo presentamos un m\u00e9todo para obtener espectros met\u00e1meros que tengan el mismo valor de reflectancia en una o varias longitudes de onda determinadas.<\/p>\n<p><!--more-->PA02<strong>:\u00a0\u00a0\u00a0 \u201cObtenci\u00f3n de espectros met\u00e1meros con varios iluminantes para una muestra dada\u201d<\/strong>, <em>Fernando Ayala, J. Federico Ech\u00e1varri, A. Ignacio Negueruela.<\/em><\/p>\n<p>Reciben el nombre de espectros met\u00e1meros aquellos que, a\u00fan siendo diferentes, proporcionan el mismo color bajo un iluminante y un observador dados. Sin embargo, si calculamos sus coordenadas colorim\u00e9tricas con un iluminante diferente, \u00e9stas ser\u00e1n distintas y, en algunos casos, muy distintas. Un m\u00e9todo de obtener espectros de reflectancia met\u00e1meros con otro dado consiste en reconstruir este espectro a partir de los vectores propios, obtenidos mediante PCA, de un amplio conjunto de espectros, como pueden ser las muestras del Atlas Munsell.<\/p>\n<p>En este trabajo se presenta un m\u00e9todo para obtener espectros de reflectancia que sean met\u00e1meros bajo dos, o m\u00e1s, iluminantes. Este resultado es posible si conocemos los suficientes vectores propios de la base utilizada y los valores triest\u00edmulo del espectro original calculados con los respectivos iluminantes. Debido al m\u00e9todo matem\u00e1tico usado en la obtenci\u00f3n de los espectros, \u00e9stos son met\u00e1meros perfectos de la muestra original.<\/p>\n<p><!--more-->PA03<strong>:\u00a0\u00a0\u00a0 \u201cConstrucci\u00f3n de una cabina de luz para la evaluaci\u00f3n cr\u00edtica del color\u201d<\/strong>, <em>Aar\u00f3n A Mu\u00f1oz M, Lisbeth Giesurin y Maria F Martinez M.<\/em><\/p>\n<p>La Temperatura del color de una fuente de luz se define comparando su color dentro del espectro luminoso con el de la luz que emitir\u00eda un Cuerpo Negro, calentado a una temperatura determinada. En el presente trabajo se construye una cabina de luz con materiales sencillos para la observaci\u00f3n y evaluaci\u00f3n del color de un objeto, la misma fue comparada\u00a0 a trav\u00e9s de muestras patr\u00f3n y muestras arbitrarias con un cabina de luz comercial, observando el mismo comportamiento en ambas cabinas, a medida que se cambia los iluminantes con diferentes tipos de temperatura de color. La metodolog\u00eda desarrollada aporta al laboratorio de \u00f3ptica\u00a0 un m\u00e9todo para la observaci\u00f3n del efecto de la temperatura del color de los iluminantes en la observaci\u00f3n del color.<\/p>\n<p><!--more-->PA04<strong>:\u00a0\u00a0\u00a0 \u201c<a href=\"https:\/\/docs.google.com\/viewer?a=v&amp;pid=sites&amp;srcid=ZGVmYXVsdGRvbWFpbnxwb3N0ZXJzY25jMnxneDo3ZWVhOGNiY2Q0ZDM2MmRl&amp;pli=1\" target=\"_blank\">Alteraciones crom\u00e1ticas en diversos tipos de gu\u00edas de luz<\/a><\/strong><strong>\u201d<\/strong>, <em>Berta Garc\u00eda-Fernandez, Daniel Vazquez-Molin\u00ed, Antonio Alvarez Fernandez-Balbuena, Jes\u00fas Zoido.<\/em><\/p>\n<p>El objetivo de este estudio es evaluar la diferencia en contenido espectral y crom\u00e1tico entre la luz transmitida en una gu\u00eda de luz cil\u00edndrica de aluminio y otra pl\u00e1stica hueca que trabaje en reflexi\u00f3n total. Con objeto de evaluar estas diferencias, se ha calculado para cada uno de los dos casos el desplazamiento experimentado por los valores triest\u00edmulo asociados a la fuente de luz y aquellos que se obtienen para la distribuci\u00f3n espectral resultante despu\u00e9s de la transmisi\u00f3n en la  gu\u00eda. Teniendo en cuenta estos desplazamientos, se ha calculado la variaci\u00f3n en el \u00edndice general de diferencia de color para las diferentes longitudes de gu\u00eda.<\/p>\n<p><!--more-->PA05<strong>:\u00a0\u00a0\u00a0 \u201cEstudio de la variabilidad de color de muestras crom\u00e1ticas del atlas NCS ante cambios de iluminante\u201d<\/strong>, <em>E. Cordero, M.I. Suero, P.J. Pardo, A.L. P\u00e9rez.<\/em><\/p>\n<p>El \u00e1lbum NCS 1950 es uno de los atlas crom\u00e1ticos de mayor difusi\u00f3n en el mundo. Dejando a un lado las caracter\u00edsticas propias de este \u00e1lbum, sus muestras son utilizadas habitualmente en experiencias de laboratorio relacionadas con la investigaci\u00f3n en visi\u00f3n del color. Para conocer la fortaleza de dichas muestras ante cambios de iluminante se presentan los resultados experimentales obtenidos primero, al medir las curvas de reflectancia de todas las muestras y segundo, al calcular qu\u00e9 muestras presentan una mayor variabilidad en coordenadas de color ante cambios de iluminante y qu\u00e9 muestras la menor variabilidad.<\/p>\n<p><!--more-->PA06<strong>:\u00a0\u00a0\u00a0 \u201cRepresentaci\u00f3n formal para la interpretaci\u00f3n preliminar de medidas pentadimensionales de BSDF\u201d<\/strong>, <em>Alejandro Ferrero, Ana M. Rabal, Jos\u00e9 Luis Fontecha, Alicia Pons, Joaqu\u00edn Campos y Antonio Corr\u00f3ns.<\/em><\/p>\n<p>Se describe una representaci\u00f3n formal que permite interpretar f\u00e1cilmente medidas de la Funci\u00f3n de Distribuci\u00f3n Bidireccional de Dispersi\u00f3n (BSDF), y se explican una serie de operaciones en este formalismo para obtener informaci\u00f3n b\u00e1sica de la medida, como isotrop\u00eda de la muestra respecto a la orientaci\u00f3n de la iluminaci\u00f3n, simetr\u00eda de la radiaci\u00f3n dispersada respecto al plano de incidencia o direcciones de dispersi\u00f3n dominantes.<\/p>\n<p><!--more-->PA07<strong>:\u00a0\u00a0\u00a0 \u201cDeterminaci\u00f3n del color del suelo mediante un sistema de aprendizaje autom\u00e1tico\u201d<\/strong>, <em>\u00c1ngel Marqu\u00e9s, Sara Ib\u00e1\u00f1ez, H\u00e9ctor Moreno, Juan M. Gisbert.<\/em><\/p>\n<p>En este trabajo proponemos una metodolog\u00eda de laboratorio orientada a la obtenci\u00f3n autom\u00e1tica del color del suelo. En el desarrollo del trabajo se relacionan sistemas de coordenadas propios de la Colorimetr\u00eda con las notaciones Munsell utilizadas en las aplicaciones relacionadas con la Edafolog\u00eda y la Ciencia del Suelo.<\/p>\n<p>La ventaja principal de la metodolog\u00eda descrita con respecto a la determinaci\u00f3n de color cl\u00e1sica basada en la comparaci\u00f3n visual es la reducci\u00f3n de la influencia del observador.<\/p>\n<p><!--more-->PA08<strong>:\u00a0\u00a0\u00a0 \u201cCaracterizaci\u00f3n colorim\u00e9trica de recubrimientos en polvo fotoluminiscentes\u201d<\/strong>, <em>Natividad Alc\u00f3n, Consuelo Moreno, M\u00aa Teresa Rodr\u00edguez, \u00c1ngel Tolosa.<\/em><\/p>\n<p>Un recubrimiento o pintura fotoluminiscente es aquel que, despu\u00e9s de ser excitado por una radiaci\u00f3n ultravioleta, visible o infrarroja, en ausencia de cualquier estimulo luminoso, tiene la capacidad de emitir luz visible, durante un cierto tiempo, con una luminancia determinada.<\/p>\n<p>Esta propiedad es utilizada en multitud de productos, especialmente en aquellos destinados a la se\u00f1alizaci\u00f3n para casos de emergencia (indicaci\u00f3n de salidas, extintores, escaleras\u2026).<\/p>\n<p>Principalmente son dos los par\u00e1metros f\u00edsicos que determinan la aptitud para el uso de este tipo de productos: El tiempo de atenuaci\u00f3n y su color.<\/p>\n<p>Dado que ambos par\u00e1metros van a estar condicionados por el tipo y concentraci\u00f3n de pigmento fotoluminisente empleado en la obtenci\u00f3n del recubrimiento o pintura, nuestro trabajo ha pretendido establecer la relaci\u00f3n existente entre color y tiempo de atenuaci\u00f3n, en funci\u00f3n de la concentraci\u00f3n de pigmento presente en la pintura.<\/p>\n<p>Para ello, se han preparado tres recubrimientos en polvo con diferentes concentraciones de pigmento fotoluminiscente, 20, 35 y 43%, aplic\u00e1ndose sobre probetas normalizadas de aluminio, con diferentes espesores: 100 y 200 \u03bcm aproximadamente.<\/p>\n<p>El color de las probetas se ha caracterizado a trav\u00e9s de las coordenadas crom\u00e1ticas CIELab* (D65, 10\u00ba, SCI), utilizando un espectrofot\u00f3metro dotado de esfera integradora. Se han realizado cinco medidas en diferentes zonas de cada una de las probetas y a efectos de an\u00e1lisis de resultados, cada muestra o probeta ha quedado caracterizada por la media de las cinco medidas efectuadas.<\/p>\n<p>El tiempo de atenuaci\u00f3n se ha calculando siguiendo las pautas establecidas en la Norma UNE 23035.<\/p>\n","protected":false},"excerpt":{"rendered":"","protected":false},"author":1386,"featured_media":0,"parent":23,"menu_order":1,"comment_status":"open","ping_status":"open","template":"","meta":{"footnotes":""},"class_list":["post-25","page","type-page","status-publish","hentry"],"_links":{"self":[{"href":"https:\/\/blogs.ua.es\/cnc2010\/wp-json\/wp\/v2\/pages\/25","targetHints":{"allow":["GET"]}}],"collection":[{"href":"https:\/\/blogs.ua.es\/cnc2010\/wp-json\/wp\/v2\/pages"}],"about":[{"href":"https:\/\/blogs.ua.es\/cnc2010\/wp-json\/wp\/v2\/types\/page"}],"author":[{"embeddable":true,"href":"https:\/\/blogs.ua.es\/cnc2010\/wp-json\/wp\/v2\/users\/1386"}],"replies":[{"embeddable":true,"href":"https:\/\/blogs.ua.es\/cnc2010\/wp-json\/wp\/v2\/comments?post=25"}],"version-history":[{"count":11,"href":"https:\/\/blogs.ua.es\/cnc2010\/wp-json\/wp\/v2\/pages\/25\/revisions"}],"predecessor-version":[{"id":480,"href":"https:\/\/blogs.ua.es\/cnc2010\/wp-json\/wp\/v2\/pages\/25\/revisions\/480"}],"up":[{"embeddable":true,"href":"https:\/\/blogs.ua.es\/cnc2010\/wp-json\/wp\/v2\/pages\/23"}],"wp:attachment":[{"href":"https:\/\/blogs.ua.es\/cnc2010\/wp-json\/wp\/v2\/media?parent=25"}],"curies":[{"name":"wp","href":"https:\/\/api.w.org\/{rel}","templated":true}]}}