{"id":250,"date":"2010-06-08T22:17:07","date_gmt":"2010-06-08T20:17:07","guid":{"rendered":"https:\/\/blogs.ua.es\/cnc2010\/?page_id=250"},"modified":"2010-09-09T10:56:52","modified_gmt":"2010-09-09T08:56:52","slug":"reproduccion-del-color","status":"publish","type":"page","link":"https:\/\/blogs.ua.es\/cnc2010\/contribuciones\/reproduccion-del-color\/","title":{"rendered":"Contribuciones: Reproducci\u00f3n del Color"},"content":{"rendered":"<p><!--more-->PD01<strong>:\u00a0\u00a0 \u201cCalibraci\u00f3n de un monitor LCD para investigaci\u00f3n de percepci\u00f3n del color en programas de extensi\u00f3n comunitaria\u201d<\/strong>, <em>Morales de Mu\u00f1oz. R., Mu\u00f1oz. A., Mu\u00f1oz R., Mart\u00ednez. M.<\/em><\/p>\n<p>En este trabajo presentamos la colorimetr\u00eda y calibraci\u00f3n de un monitor LCD\u00a0 para su aplicaci\u00f3n en investigaci\u00f3n sobre la percepci\u00f3n del color. Los experimentos colorim\u00e9tricos se desarrollaron en lenguaje Java\u00a0 para estudiar la sensibilidad de la visi\u00f3n crom\u00e1tica respecto al nivel RGB, la diferenciaci\u00f3n de colores\u00a0 y la sensibilidad al contraste respecto de la intensidad del est\u00edmulo en estudiantes de educaci\u00f3n media como parte de in programa de extensi\u00f3n comunitaria.<\/p>\n<p><!--more-->PD02<strong>:\u00a0\u00a0 \u201cDesarrollo de una herramienta de software para la correspondencia de las mediciones de espectrofot\u00f3metros\u201d<\/strong>, <em>Jes\u00fas Inarejos, Vicente de Garcia, Susana Otero, Esther Perales, El\u00edsabet Chorro, Francisco Mart\u00ednez-Verd\u00fa.<\/em><\/p>\n<p>Esta investigaci\u00f3n pretende desarrollar una herramienta de software que permita minimizar las diferencias interinstrumentales de diferentes espectrofot\u00f3metros que se han detectado; con esto, se pretende conseguir la emulaci\u00f3n de cualquier equipo por otro dado y de este modo minimizar las diferencias de medici\u00f3n entre estos instrumentos, mejorar la comunicaci\u00f3n de datos de color y facilitar las labores de control de calidad en procesos de gesti\u00f3n de color.<\/p>\n<p><!--more-->PD03<strong>:\u00a0\u00a0 \u201c<a href=\"http:\/\/docs.google.com\/viewer?a=v&amp;pid=sites&amp;srcid=ZGVmYXVsdGRvbWFpbnxwb3N0ZXJzY25jfGd4OjJhOWQwYTI2ZDRmZTc1Yzk\" target=\"_blank\">An\u00e1lisis de la reproducibilidad de varios espectrofot\u00f3metros t\u00edpicos para artes gr\u00e1ficas<\/a><\/strong><strong>\u201d, <\/strong><em>Esther  Perales<\/em><em>, El\u00edsabet Chorro, Francisco Mart\u00ednez-Verd\u00fa, Jes\u00fas Inarejos, Susana Otero.<\/em><\/p>\n<p>La intercomparaci\u00f3n de instrumentos de medida del color, tanto en aspectos de repetibilidad y reproducibilidad, son actualmente temas de inter\u00e9s en Ciencia y Tecnolog\u00eda del Color. En particular, en la reproducci\u00f3n de colores impresos, sea la tecnolog\u00eda de impresi\u00f3n que sea, es muy importante la gesti\u00f3n de toda la cadena de reproducci\u00f3n y comunicaci\u00f3n del color. Y para ello, habiendo una gran variedad de tipos de instrumentos, la evaluaci\u00f3n de la reproducibilidad entre ellos resulta clave para una gesti\u00f3n integral eficiente de todo estos procesos. Con el fin de justificar la necesidad o no de un algoritmo de emulaci\u00f3n de un instrumento en otro, es necesario realizar en primer lugar un an\u00e1lisis de reproducibilidad de ambos. A este respecto, el estudio presentado aqu\u00ed se centra en un an\u00e1lisis combinatorio del grado de reproducibilidad entre 7 espectrofot\u00f3metros de geometr\u00eda 45\u00ba\/0\u00ba habitualmente utilizados en el control de calidad en Artes Gr\u00e1ficas. Aplicando algoritmos recientes recomendados por la norma ASTM E2214-08, hemos encontrado que, por ejemplo, ninguno de los 6 instrumentos son estad\u00edsticamente equivalentes con respecto al tomado como referencia. Esto quiere decir, que las desviaciones de medida y diferencias de color encontradas midiendo la misma muestra en estos instrumentos, con id\u00e9ntica geometr\u00eda de medida, no se deben a errores aleatorios, sino sistem\u00e1ticos (tipo de blanco patr\u00f3n, escala fotom\u00e9trica, tolerancia angular de la geometr\u00eda de medida, etc). Sin embargo, estos tests de reproducibilidad no permiten discriminar entre las fuentes de errores sistem\u00e1ticos y su grado de importancia. Por todo ello, est\u00e1 m\u00e1s que justificado la necesidad de un algoritmo de emulaci\u00f3n que convierta los valores colorim\u00e9tricos CIELAB medidos en un instrumento como si fueran medidos con otro diferente para conseguir as\u00ed una comunicaci\u00f3n y gesti\u00f3n eficaz en las m\u00faltiples etapas de cualquier proceso de reproducci\u00f3n impresa de colores.<\/p>\n<p><!--more-->PD04<strong>:\u00a0\u00a0 \u201cDesarrollo de un sistema hiperespectral para la medida del color en muestras extensas con patrones espacialmente complejos\u201d<\/strong>, <em>Edgar Ferrer, Meritxell Vilaseca, Jaume Pujol, Montserrat Arjona. <\/em><\/p>\n<p>Cada vez son m\u00e1s los distintos dispositivos para la medida del color basados en sensores optoelectr\u00f3nicos de imagen. En los \u00faltimos a\u00f1os se ha generalizado el uso de sistemas multiespectrales y, en particular, se han empezado a emplear sistemas hiperespectrales que combinan un sistema espectrogr\u00e1fico con una c\u00e1mara monocrom\u00e1tica capaz de realizar medidas de alta calidad con informaci\u00f3n espectral y espacial. Adem\u00e1s, estos sistemas tienen la ventaja de proporcionar el espectro de cada uno de los p\u00edxeles de una l\u00ednea de la imagen. En este trabajo se presenta el m\u00e9todo de puesta a punto y validaci\u00f3n de un sistema hiperespectral para fines colorim\u00e9tricos y aplicados a muestras extensas con patrones espacialmente complejos. Para ello se ha desarrollado el software que permite obtener im\u00e1genes hiperespectrales de alta calidad y se han aplicado los algoritmos necesarios para la determinaci\u00f3n de los espectros de reflectancia y diferencias de color de las muestras. Tambi\u00e9n, se ha validado la incertidumbre del sistema comparando los resultados hallados con los obtenidos con un instrumento de referencia a trav\u00e9s de la comparaci\u00f3n de las curvas de reflectancia espectral. Por \u00faltimo se ha aplicado a la medida en muestras reales extensas con patrones espacialmente complejos, concretamente para aplicaciones relacionadas con la industria de la madera.<\/p>\n<p><!--more-->PD05<strong>:\u00a0\u00a0 \u201c<a href=\"http:\/\/docs.google.com\/viewer?a=v&amp;pid=sites&amp;srcid=ZGVmYXVsdGRvbWFpbnxwb3N0ZXJzY25jfGd4OjJjOGMzYTgyODdkY2RmMzA\" target=\"_blank\">Calibraci\u00f3n preliminar de un espectrofluor\u00edmetro modular y multidisciplinar para la medida de colores fluorescentes<\/a><\/strong><strong>\u201d<\/strong>, <em>M\u00aa Mar Santamar\u00eda, Esther Perales, Valent\u00edn Viqueira, Francisco Miguel Mart\u00ednez-Verd\u00fa.<\/em><\/p>\n<p>La medida y caracterizaci\u00f3n de colores fluorescentes en Ciencia del Color sigue siendo actualmente un reto en algunos aspectos. As\u00ed, ya no es habitual, debido al alto coste, encontrar en el mercado espectrofluor\u00edmetros bidireccionales, basados en 2 monocromadores, en empresas fabricantes de instrumentos convencionales de medida del color. En cambio, otras compa\u00f1\u00edas con mayor oferta instrumental en fot\u00f3nica s\u00ed que lanzan al mercado espectrofluor\u00edmetros para aplicaciones m\u00faltiples. Recientemente, nuestro grupo de investigaci\u00f3n ha adquirido un instrumento de estas caracter\u00edsticas, y el objetivo de esta contribuci\u00f3n es presentar los pasos preliminares llevados a cabo para la calibraci\u00f3n de dicho instrumento. Siguiendo recomendaciones CIE (CIE 182:2007), esta calibraci\u00f3n va a consistir principalmente en varios pasos (ruido de fondo, medida de un blanco patr\u00f3n no fluorescente, longitud de onda, linealidad, etc) para la obtenci\u00f3n y representaci\u00f3n de los factores de radiancia luminiscente biespectral, reflejada y total de cualquier muestra fluorescente. De esta forma, ser\u00e1 posible a continuaci\u00f3n calcular la apariencia del color de dicha muestra bajo cualquier observador patr\u00f3n, iluminante y espacio uniforme de color, y realizar otras operaciones colorim\u00e9tricas t\u00edpicas como diferencias de color, caracterizaci\u00f3n de colorantes fluorescentes para formulaci\u00f3n, gamas de colores, etc.<\/p>\n<p><!--more-->PD06<strong>:\u00a0\u00a0 \u201cEstudio experimental de la estabilidad de la reproducci\u00f3n crom\u00e1tica de una consola port\u00e1til de video-juegos\u201d<\/strong>, <em>Guadalupe Mart\u00ednez, \u00c1ngel Luis P\u00e9rez, Pedro J. Pardo, Mar\u00eda Isabel Suero.<\/em><\/p>\n<p>Uno de las cualidades que debe presentar un dispositivo con capacidad de generar est\u00edmulos crom\u00e1ticos con fines de investigaci\u00f3n o de diagnosis de anomal\u00edas en la visi\u00f3n del color debe ser su estabilidad. Esta estabilidad debe darse tanto en el tiempo como en el espacio, as\u00ed como con el \u00e1ngulo de visi\u00f3n. En este trabajo se hace un an\u00e1lisis de estas caracter\u00edsticas para el caso de una consola de videojuegos port\u00e1til y se comprueba que las caracter\u00edsticas crom\u00e1ticas son muy buenas, llegando a ser destacables una vez superado un periodo inicial de funcionamiento de la  consola. En cuanto a la estabilidad en luminancia, se han detectado variaciones importantes con el \u00e1ngulo de visi\u00f3n y con la temperatura ambiente.<\/p>\n<p><!--more-->PD07<strong>:\u00a0\u00a0 \u201cEstudio de las caracter\u00edsticas de reproducci\u00f3n crom\u00e1tica de un modelo port\u00e1til de consola de videojuegos en funci\u00f3n de su lugar de procedencia\u201d<\/strong>, <em>\u00c1ngel Luis P\u00e9rez, Pedro J. Pardo, Mar\u00eda Isabel Suero, Guadalupe Mart\u00ednez.<\/em><\/p>\n<p>Las consolas de video-juegos port\u00e1tiles se presentan como un sistema v\u00e1lido para ser empleado en estudios relacionados con la visi\u00f3n del color y con la detecci\u00f3n de deficiencias en la visi\u00f3n del color. Este hecho las sit\u00faa a la altura de otros medios digitales generadores de est\u00edmulos crom\u00e1ticos como ordenadores personales dotados de pantallas CRT o TFT pero con la ventaja de tener un hardware definido, no manipulable por el usuario, y en el que \u00fanicamente se puede ajustar por software la luminancia de la pantalla en cinco niveles. Si adem\u00e1s este dispositivo presentara unos valores de reproducci\u00f3n crom\u00e1tica similares en todo el mundo ser\u00eda una herramienta verdaderamente \u00fatil para distribuir pruebas de detecci\u00f3n de deficiencias en la visi\u00f3n del color empleando este medio como soporte f\u00edsico. Se presenta un estudio de la variabilidad de la reproducci\u00f3n crom\u00e1tica de este tipo de dispositivo adquirido en distintas partes del mundo.<\/p>\n<p><!--more-->PD08<strong>:\u00a0\u00a0 \u201cValidez de un modelo de consola de video juegos port\u00e1til para investigaci\u00f3n en visi\u00f3n del color\u201d<\/strong>, <em>M.I. Suero, P.J. Pardo, A.L. P\u00e9rez.<\/em><\/p>\n<p>El uso de distintos tipos de pantallas CRT o TFT en tareas de investigaci\u00f3n relacionadas con la visi\u00f3n del color est\u00e1 ampliamente extendido por su sencillez de uso y por la facilidad de generar est\u00edmulos crom\u00e1ticos. En este trabajo se presenta un estudio de la validez para tareas de investigaci\u00f3n en visi\u00f3n del color de un nuevo tipo de dispositivo digital basado en pantallas LCD-TFT pero que presentan la ventaja adicional de la portabilidad, como son las consolas de video juegos port\u00e1tiles.<\/p>\n<p><!--more-->PD09<strong>:\u00a0\u00a0 \u201cCorrelador de transformadas conjuntas acrom\u00e1tico mediante compensaci\u00f3n temporal para el reconocimiento de formas en color\u201d<\/strong>, <em>Pascuala Garc\u00eda-Mart\u00ednez, Jos\u00e9 Luis Mart\u00ednez, Mar\u00eda del Mar S\u00e1nchez-L\u00f3pez e Ignacio Moreno.<\/em><\/p>\n<p>En este trabajo dise\u00f1amos un correlador de transformada conjunta (JTC) para el reconocimiento de patrones en una imagen en color. Un JTC consiste en un sencillo sistema transformador de Fourier que permite registrar una distribuci\u00f3n bidimensional con informaci\u00f3n espectral de los diferentes objetos que componen una escena de entrada. Dicha distribuci\u00f3n se denomina espectro de potencia conjunto, y su transformada de Fourier permite obtener unos picos de correlaci\u00f3n que indican la presencia o no del objeto a reconocer. Normalmente este sistema \u00f3ptico es iluminado con luz coherente espacialmente y monocrom\u00e1tica. En este trabajo proponemos iluminar el JTC con tres l\u00edneas l\u00e1ser de tres longitudes de onda en los rangos rojo, verde y azul (RGB), permitiendo as\u00ed su aplicaci\u00f3n al reconocimiento de objetos en color. Debido al fen\u00f3meno de la dispersi\u00f3n crom\u00e1tica, el espectro de potencia conjunto presentar\u00e1 diferente factor de escala para cada longitud de onda y as\u00ed, los picos de correlaci\u00f3n se obtendr\u00e1n en posiciones distintas seg\u00fan el color, lo que puede ocasionar la aparici\u00f3n de falsas alarmas en la detecci\u00f3n. Con el fin de evitar la aparici\u00f3n de m\u00faltiples picos de correlaci\u00f3n correspondientes a cada color, se propone en este trabajo un JTC acrom\u00e1tico mediante el uso de un multiplexado temporal en un sistema basado en un modulador de cristal l\u00edquido ferroel\u00e9ctrico sobre silicio (FLCoS) operando en modulaci\u00f3n s\u00f3lo de fase sincronizado a una rueda de filtros de color. La acromaticidad se consigue ajustando apropiadamente en el modulador las escalas de los espectros de potencia conjuntos de las distintas longitudes de onda sincronizadas con el sector del filtro de color rotatorio correspondiente. Como resultado, en el sistema de compensaci\u00f3n crom\u00e1tica propuesto, se producir\u00e1 un pico de correlaci\u00f3n blanco correspondiente a la posici\u00f3n exacta del objeto en color a detectar. Se presentan en este trabajo resultados experimentales preliminares.<\/p>\n<p><!--more-->PD10<strong>: \u201c<a href=\"http:\/\/docs.google.com\/viewer?a=v&amp;pid=sites&amp;srcid=ZGVmYXVsdGRvbWFpbnxwb3N0ZXJzY25jfGd4OjZiYmEwODBiYWRlYTdmNjY\" target=\"_blank\">Evaluaci\u00f3n del nivel de repetibilidad para medidas de color obtenidas mediante dos sistemas de captura digital de imagen<\/a><\/strong><strong>\u201d<\/strong>, <em>El\u00edsabet Chorro, Meritxell Vilaseca, Jorge A. Herrera, Esther Perales, Francisco Miguel Mart\u00ednez-Verd\u00fa, Jaume Pujol.<\/em><\/p>\n<p>En muchas ocasiones tanto sistemas convencionales como multiespectrales de captura digital de im\u00e1genes, son usados para realizar medidas colorim\u00e9tricas. Sin embargo, antes de empezar a utilizar un dispositivo de captura de imagen como espectroradi\u00f3metro es altamente recomendable realizar un estudio de repetibilidad y reproducibilidad del sistema para asegurar cierta fiabilidad en las medidas. En este trabajo se presenta una metodolog\u00eda a seguir para el estudio de la repetibilidad de tales sistemas. En concreto se mostrar\u00e1n los resultados de dicha metodolog\u00eda para dos sistemas diferentes de captura digital de im\u00e1genes: uno de ellos consiste en una c\u00e1mara de tres filtros y el otro en una c\u00e1mara de 7 filtros, ambos calibrados para ser usados como espectroradi\u00f3metros. Las medidas colorim\u00e9tricas de estos instrumentos ser\u00e1n comparadas con las medidas realizadas con un instrumento tele-espectroradi\u00f3metrico convencional de referencia. Los resultados de los tests estad\u00edsticos mostrar\u00e1n que ambos dispositivos tienen buenos niveles de repetibilidad.<\/p>\n<p><!--more-->PD11<strong>: \u201c<a href=\"https:\/\/docs.google.com\/viewer?a=v&amp;pid=sites&amp;srcid=ZGVmYXVsdGRvbWFpbnxwb3N0ZXJzY25jMnxneDoxODIwMTc3NDRjYWRkN2M4\" target=\"_blank\">Estabilidad temporal y reproducci\u00f3n del color en pantallas planas LCD y AMOLED<\/a><\/strong><strong>\u201d<\/strong>, <em>Antonio M. Pozo, Jos\u00e9 J. Castro, Manuel Rubi\u00f1o.<\/em><\/p>\n<p>Hasta hace poco tiempo la tecnolog\u00eda utilizada para las pantallas electr\u00f3nicas estaba basada casi exclusivamente en el tubo de rayos cat\u00f3dicos (CRT). Actualmente esta tecnolog\u00eda est\u00e1 siendo sustituida r\u00e1pidamente por otras como la basada en mol\u00e9culas de cristal l\u00edquido (LCD) o las basadas en LEDs org\u00e1nicos (OLED) o plasma. Este r\u00e1pido cambio tecnol\u00f3gico exige que se analicen y comparen las caracter\u00edsticas radiom\u00e9tricas, fotom\u00e9tricas o colorim\u00e9tricas de estas nuevas pantallas. En este trabajo se analizan y comparan diferentes aspectos de dos tipos de pantallas planas: LCD (Liquid Crystal Display) y AMOLED (Active-Matrix Organic Light Emitting-Diode). Se ha estudiado la variaci\u00f3n temporal de la luminancia y coordenadas de cromaticidad de las im\u00e1genes presentadas, aspecto esencial para una posterior calibraci\u00f3n colorim\u00e9trica de los dispositivos. Se presentan tambi\u00e9n las curvas de radiancia espectral de los primarios RGB para cada una de las pantallas. Finalmente, se comparan las gamas de color producidas por los dos dispositivos lo que nos permite obtener informaci\u00f3n sobre su capacidad de reproducci\u00f3n crom\u00e1tica.<\/p>\n<p><!--more-->PD12<strong>: \u201cPredicci\u00f3n de las propiedades colorim\u00e9tricas de un modulador de cristal l\u00edquido nem\u00e1tico\u201d<\/strong>, <em>Jos\u00e9 Luis Mart\u00ednez, Ignacio Moreno.<\/em><\/p>\n<p>En este trabajo presentamos la aplicaci\u00f3n de un modelo microsc\u00f3pico de la orientaci\u00f3n del director en un modulador de cristal l\u00edquido nem\u00e1tico (TN-LCD), con objeto de predecir de las propiedades colorim\u00e9tricas de la luz transmitida por el dispositivo en diferentes configuraciones de polarizaci\u00f3n. Como ejemplo, se han realizado predicciones para un filtro \u00f3ptico sintonizable simple consistente en situar el modulador entre dos polarizadores lineales y se ha representado la evoluci\u00f3n de las propiedades de color de luz transmitida sobre los diagramas CIE1931 y CIELAB. Las predicciones se han contrastado con los resultados experimentales, mostrando un gran acuerdo entre s\u00ed.<\/p>\n<p><!--more-->PD13<strong>: \u201cCaracter\u00edsticas colorim\u00e9tricas de una pantalla con tecnolog\u00eda OLED\u201d, <\/strong><em>Esther  Perales<\/em><em>, El\u00edsabet Chorro, M\u00aa Carmen Garc\u00eda-Domene, Dolores de Fez.<\/em><\/p>\n<p>En este trabajo presentamos las caracter\u00edsticas colorim\u00e9tricas de una pantalla OLED, valorando la luminancia, rango din\u00e1mico, constancia de primarios, aditividad y dependencia de canales, adem\u00e1s de comprobar si puede aplicarse un m\u00e9todo f\u00edsico de caracterizaci\u00f3n.<\/p>\n<p><!--more-->PD14<strong>: \u201cRecuperaci\u00f3n de albedo y normales con c\u00e1mara RGB digital\u201d<\/strong>, <em>Clara Plata, Ra\u00fal Luz\u00f3n, Juan Luis Nieves, Javier Romero.<\/em><\/p>\n<p>En este art\u00edculo se propone un dispositivo espacio-espectral para adquirir y simular im\u00e1genes en color bajo diferentes condiciones de iluminaci\u00f3n. Este dispositivo permite el an\u00e1lisis y s\u00edntesis de im\u00e1genes en color bajo diferentes \u00e1ngulos de iluminaci\u00f3n, incluso de objetos cuya superficie es rugosa. Para ello se ha usado una c\u00e1mara digital RGB para la reproducci\u00f3n del color bajo condiciones de iluminaci\u00f3n no-controladas en combinaci\u00f3n con un algoritmo est\u00e9reo-fotom\u00e9trico para estimar las normales de cada punto en la imagen y el albedo de las superficies en cada p\u00edxel. Los resultados indican que el empleo del albedo en lugar de la  informaci\u00f3n RGB directa posibilita evitar las sombras y los brillos que podr\u00edan falsear resultados al aplicar algoritmos de an\u00e1lisis y s\u00edntesis de color.<\/p>\n<p><!--more-->PD15<strong>: \u201cColor accuracy of two non-calibrated commercial cameras\u201d<\/strong>, <em>Martina Grosman, Rafael Huertas, Luis G\u00f3mez-Robledo, Manuel Melgosa, Samuel Morillas, Ana Carrasco.<\/em><\/p>\n<p>Obtaining color coordinates from an image is a complicated process, in which calibration and characterization of the camera are essential. However, it is interesting to study what can be obtained if the camera is not calibrated. This work achieves an approximation to this study. Two different commercial cameras have been employed to obtain images of 8 different color samples. No calibration of the cameras has been performed, recovering CIELAB coordinates of the samples through Adobe\uf0d2 Photoshop\uf0d2 software. The results have been compared with the CIELAB coordinates computed from the spectral radiance of the samples measured with a spectroradiometer. The illumination was controlled putting the samples in a GretagMacbeth boothlight provided with a daylight simulator lamp. In this work the aperture of the cameras was fixed in 5.6. Nevertheless the sensitivity (ISO values) and exposure time have been systematically changed. The results show differences between the cameras, the samples and the setup of sensitivity and exposure time. The average color differences of the samples are 10.83 and 18.79 CIELAB units for the two cameras with the optimal combinations of ISO value and exposure time.<\/p>\n<p><!--more-->PD16<strong>: \u201cViabilidad del uso de algoritmos de clustering en la recuperaci\u00f3n espectral a partir de respuestas de un conjunto de sensores\u201d<\/strong>, <em>Eva M. Valero, Natalia Lyubova, Juan L. Nieves, Javier Hern\u00e1ndez Andr\u00e9s.<\/em><\/p>\n<p>El campo de las im\u00e1genes multiespectrales o hiperespectrales est\u00e1 registrando una considerable actividad en los \u00faltimos a\u00f1os. Los algoritmos de Clustering se han aplicado en este contexto con el fin principalmente de clasificar materiales u objetos incluidos en las escenas multiespectrales (ya sea provenientes de sistemas de captura de im\u00e1genes mediante sat\u00e9lite o im\u00e1genes a\u00e9reas, donde es especialmente interesante obtener una relaci\u00f3n de \u00e1reas pertenecientes a una determinada clase). En nuestro estudio, presentamos algunos datos que apoyan la viabilidad de aplicar los algoritmos de clustering para simplificar el problema de recuperar la informaci\u00f3n espectral (caracterizada por al menos 30 datos por cada p\u00edxel de la imagen) a partir de unos pocos valores de respuesta de un sistema de sensores obtenidos con una c\u00e1mara digital convencional de sensor CCD.<\/p>\n<p>Hemos utilizado tres algoritmos diferentes de clustering, trabajando con respuestas de sensores simuladas, con o sin la inclusi\u00f3n de un nivel elevado de ruido en el sistema de captura. Como par\u00e1metro adicional, hemos trabajado con sistemas formados por tres o seis sensores. En el caso de seis sensores, \u00e9stos fueron el resultado de simular la introducci\u00f3n de un filtro coloreado delante del objetivo de la c\u00e1mara digital, con el fin de aumentar el n\u00famero de sensores sin complicar excesivamente el sistema de captura. Hemos estudiado la influencia sobre la calidad de las se\u00f1ales espectrales recuperadas del ruido introducido, el n\u00famero de sensores, el n\u00famero de clases empleadas en el proceso de clustering, y el tipo de algoritmo utilizado.<\/p>\n","protected":false},"excerpt":{"rendered":"","protected":false},"author":1386,"featured_media":0,"parent":23,"menu_order":4,"comment_status":"open","ping_status":"open","template":"","meta":{"footnotes":""},"class_list":["post-250","page","type-page","status-publish","hentry"],"_links":{"self":[{"href":"https:\/\/blogs.ua.es\/cnc2010\/wp-json\/wp\/v2\/pages\/250","targetHints":{"allow":["GET"]}}],"collection":[{"href":"https:\/\/blogs.ua.es\/cnc2010\/wp-json\/wp\/v2\/pages"}],"about":[{"href":"https:\/\/blogs.ua.es\/cnc2010\/wp-json\/wp\/v2\/types\/page"}],"author":[{"embeddable":true,"href":"https:\/\/blogs.ua.es\/cnc2010\/wp-json\/wp\/v2\/users\/1386"}],"replies":[{"embeddable":true,"href":"https:\/\/blogs.ua.es\/cnc2010\/wp-json\/wp\/v2\/comments?post=250"}],"version-history":[{"count":6,"href":"https:\/\/blogs.ua.es\/cnc2010\/wp-json\/wp\/v2\/pages\/250\/revisions"}],"predecessor-version":[{"id":482,"href":"https:\/\/blogs.ua.es\/cnc2010\/wp-json\/wp\/v2\/pages\/250\/revisions\/482"}],"up":[{"embeddable":true,"href":"https:\/\/blogs.ua.es\/cnc2010\/wp-json\/wp\/v2\/pages\/23"}],"wp:attachment":[{"href":"https:\/\/blogs.ua.es\/cnc2010\/wp-json\/wp\/v2\/media?parent=250"}],"curies":[{"name":"wp","href":"https:\/\/api.w.org\/{rel}","templated":true}]}}