{"id":256,"date":"2010-06-08T22:22:57","date_gmt":"2010-06-08T20:22:57","guid":{"rendered":"https:\/\/blogs.ua.es\/cnc2010\/?page_id=256"},"modified":"2010-09-09T10:57:34","modified_gmt":"2010-09-09T08:57:34","slug":"color-multidisciplinar","status":"publish","type":"page","link":"https:\/\/blogs.ua.es\/cnc2010\/contribuciones\/color-multidisciplinar\/","title":{"rendered":"Contribuciones: Color Multidisciplinar"},"content":{"rendered":"<p><!--more-->PF01<strong>:\u00a0\u00a0\u00a0 \u201cCaracterizaci\u00f3n espectrofotom\u00e9trica de nanopigmentos basados en arcillas y colorantes org\u00e1nicos\u201d<\/strong>, <em>Ernesto Baena-Murillo, Valent\u00edn Viqueira-P\u00e9rez, Eduardo Gilabert-P\u00e9rez y Francisco Mart\u00ednez-Verd\u00fa.<\/em><\/p>\n<p>Se presenta una revisi\u00f3n de los principales conceptos y definiciones sobre nanopigmentos, adem\u00e1s de algunos acercamientos interesantes mediante t\u00e9cnicas espectrofotom\u00e9tricas para la determinaci\u00f3n de las caracter\u00edsticas estructurales de los agregados moleculares de colorante formados sobre part\u00edculas de arcilla.<\/p>\n<p><!--more-->PF02<strong>:\u00a0\u00a0\u00a0 \u201cDesarrollo de tintas offset basadas en nanopigmentos. S\u00edntesis, formulaci\u00f3n, ensayo y caracterizaci\u00f3n de propiedades\u201d<\/strong>, <em>Jesus Inarejos, Vicente de Garcia, Susana Otero, Ver\u00f3nica Marchante, Francisco Mart\u00ednez-Verd\u00fa, Elena Marchante, Juan Antonio Maci\u00e1, Elisabet Chorro, Esther Perales.<\/em><\/p>\n<p>El presente proyecto, se ha centrado en el estudio de nuevas tintas de impresi\u00f3n para tecnolog\u00eda de impresi\u00f3n offset, en cuyas formulaciones se han incorporado nanopigmentos novedosos y ecol\u00f3gicos, y en la evaluaci\u00f3n de su idoneidad para implementarlas industrialmente en un futuro cercano.<\/p>\n<p><!--more-->PF03<strong>:\u00a0\u00a0\u00a0 \u201c<a href=\"http:\/\/docs.google.com\/viewer?a=v&amp;pid=sites&amp;srcid=ZGVmYXVsdGRvbWFpbnxwb3N0ZXJzY25jfGd4OjU3MTNlNzczZTA4MDQzMzQ\" target=\"_blank\">Propiedades colorim\u00e9tricas de polietileno coloreado con nanopigmentos azules<\/a><\/strong><strong>\u201d<\/strong>, <em>Ver\u00f3nica Marchante, Francisco Mart\u00ednez-Verd\u00fa, Antonio Marcilla, Maribel Beltr\u00e1n.<\/em><\/p>\n<p>Los nanopigmentos o Planocolors \u00ae son un tipo especial de pigmentos que, como aditivos, mejoran las propiedades mec\u00e1nicas, t\u00e9rmicas y de estabilidad de los sustratos, adem\u00e1s de proporcionar conjuntamente las ventajas de tintes y pigmentos, minimizando sus inconvenientes. Los nanopigmentos pueden utilizarse en una amplia variedad de sustratos, aunque esta investigaci\u00f3n se centra en su aplicaci\u00f3n sobre pol\u00edmeros termopl\u00e1sticos para hacer materiales polim\u00e9ricos nanocompuestos, con el fin de evaluar sus propiedades y prestaciones. En este trabajo se presenta los resultados colorim\u00e9tricos de evaluar la influencia de varios par\u00e1metros en la s\u00edntesis de nanopigmentos, tales como la saturaci\u00f3n de la arcilla con colorante, el tama\u00f1o de poro del tamiz tras el proceso de filtrado, la concentraci\u00f3n de nanopigmento, etc.<\/p>\n<p><!--more-->PF04<strong>:\u00a0\u00a0\u00a0 \u201c<a href=\"http:\/\/docs.google.com\/viewer?a=v&amp;pid=sites&amp;srcid=ZGVmYXVsdGRvbWFpbnxwb3N0ZXJzY25jfGd4OjZkZDcyZmExZDBlODM3OTk\" target=\"_blank\">Dise\u00f1o, s\u00edntesis y caracterizaci\u00f3n de nanopigmentos electrocr\u00f3micos<\/a><\/strong><strong>\u201d<\/strong>, <em>E. Marchante, V. Marchante, E. Baena-Murillo, F. M. Mart\u00ednez-Verd\u00fa.<\/em><\/p>\n<p>La investigaci\u00f3n y el desarrollo de nuevos materiales dotados de mayores y mejores prestaciones han conllevado la aparici\u00f3n de nuevas sustancias colorantes con propiedades especiales tales como electrocromismo, termocromismo, etc. Partiendo de estas innovaciones en los colorantes, y junto con los avances realizados entorno a los nanomateriales, se plantea la posibilidad de conseguir desarrollar nanopigmentos funcionales. Es decir, nanopigmentos basados en nanoarcillas y colorantes funcionales. De este modo se alcanzar\u00edan tres objetivos: conferir color al material o sustrato, mejorando sus propiedades f\u00edsico-qu\u00edmicas, aumentar la estabilidad del colorante y dotar al material de funciones especiales, lo cual ampliar\u00eda su campo de aplicaci\u00f3n.<\/p>\n<p><!--more-->PF05<strong>:\u00a0\u00a0\u00a0 \u201c<a href=\"http:\/\/docs.google.com\/viewer?a=v&amp;pid=sites&amp;srcid=ZGVmYXVsdGRvbWFpbnxwb3N0ZXJzY25jfGd4OjYyN2ZjZjU3ZjgzYmZkNjA\" target=\"_blank\">Evoluci\u00f3n del color en diferentes estados fenol\u00f3gicos de la flor en distintas variedades de clavel para maceta<\/a><\/strong><strong>\u201d<\/strong>, <em>L\u00f3pez-Mar\u00edn, J., Gonz\u00e1lez, A., Manera, F.J., Conesa, A., Espinosa, F., Porras, I.<\/em><\/p>\n<p>El clavel para maceta se muestra como una alternativa al de flor cortada, pero se hace necesario concretar las caracter\u00edsticas de la evoluci\u00f3n del color de los p\u00e9talos de sus flores durante diferentes ciclos de cultivo. La determinaci\u00f3n de las coordenadas de color de ciertas variedades de tonalidades rojas y rosas indican cambios de color durante su vida \u00fatil, lo cual queda reflejado en los distintos valores alcanzados en el Hue y el Croma.<\/p>\n<p><!--more-->PF06<strong>:\u00a0\u00a0\u00a0 \u201c<a href=\"http:\/\/docs.google.com\/viewer?a=v&amp;pid=sites&amp;srcid=ZGVmYXVsdGRvbWFpbnxwb3N0ZXJzY25jfGd4OjY3MjJkM2ZmMjFmOGNkN2M\" target=\"_blank\">Estudio preliminar sobre la incorporaci\u00f3n y\/o s\u00edntesis de nanopigmentos para la tintura en CO<\/a><sub><a href=\"http:\/\/docs.google.com\/viewer?a=v&amp;pid=sites&amp;srcid=ZGVmYXVsdGRvbWFpbnxwb3N0ZXJzY25jfGd4OjY3MjJkM2ZmMjFmOGNkN2M\" target=\"_blank\">2<\/a><\/sub><a href=\"http:\/\/docs.google.com\/viewer?a=v&amp;pid=sites&amp;srcid=ZGVmYXVsdGRvbWFpbnxwb3N0ZXJzY25jfGd4OjY3MjJkM2ZmMjFmOGNkN2M\" target=\"_blank\"> supercr\u00edtico<\/a><\/strong><strong>\u201d<\/strong>, <em>B. Mic\u00f3, F.M. Mart\u00ednez-Verd\u00fa, E. Gilabert.<\/em><\/p>\n<p>Este trabajo presenta un resumen de prospectiva sobre la idoneidad y viabilidad t\u00e9cnica de incorporar y sintetizar nanopigmentos para realizar tintura de fibras sint\u00e9ticas y fibras naturales en CO2 supercr\u00edtico (scCO2) con el objeto de plantear futuras l\u00edneas de investigaci\u00f3n que posibiliten el empleo de esta t\u00e9cnica a nivel industrial. Una de las principales limitaciones de esta t\u00e9cnica de tintura es la naturaleza de los colorantes solubles en scCO2, cuya estructura debe ser apolar. Para ampliar la selecci\u00f3n de colorantes solubles en este estudio se plantea la s\u00edntesis de nanopigmentos, derivados del intercambio i\u00f3nico entre nanoarcillas y colorantes org\u00e1nicos. Si el conjunto resultara soluble en scCO2 se pretende abrir con ello una nueva l\u00ednea de investigaci\u00f3n en tintura supercr\u00edtica cuyo objetivo final es reducir sus limitaciones y potenciar sus ventajas. Por otro lado existe la posibilidad de sintetizar estos nanocompuestos en medio supercr\u00edtico con el consecuente ahorro en agua, y la posibilidad de recuperar los excedentes y subproductos del proceso de s\u00edntesis. Adem\u00e1s en esta l\u00ednea de investigaci\u00f3n queda abierta la posibilidad de funcionalizar los nanopigmentos sintetizados en funci\u00f3n de su campo de aplicaci\u00f3n.<\/p>\n<p><!--more-->PF07<strong>:\u00a0\u00a0\u00a0 \u201cEl color como indicador de la intensidad de los incendios en suelos de Galicia: primeros resultados\u201d<\/strong>, <em>Patricia Sanmart\u00edn, Javier Cancelo, Mar\u00eda E. Rial, Benita Silva, Francisco D\u00edaz-Fierros, Beatriz Prieto.<\/em><\/p>\n<p>De la superficie total que arde en Espa\u00f1a anualmente, aproximadamente el 50% corresponde a Galicia donde tienen lugar el 40% del total de los incendios. Estos afectan tanto a la vegetaci\u00f3n, fauna y cauces fluviales como a las propiedades qu\u00edmicas y mineral\u00f3gicas del suelo, variando su grado de afectaci\u00f3n con la temperatura alcanzada por lo que la intensidad del incendio es un factor determinante para cuantificar la magnitud del impacto ambiental que \u00e9ste supone. Entre los indicadores de la intensidad de un incendio destacan: el ennegrecimiento del suelo debido a la combusti\u00f3n de la materia org\u00e1nica, los residuos de ceniza blanca y el enrojecimiento debido a la deshidrataci\u00f3n de los \u00f3xidos de Fe. Este trabajo pretende ser una primera aproximaci\u00f3n al estudio de la relaci\u00f3n existente entre las variaciones de color que se producen en los suelos gallegos y la temperatura que estos alcanzan, con el fin de valorar el posible uso del color como indicador de la intensidad de un incendio. Con este fin se realiz\u00f3 una quema controlada en el laboratorio de muestras inalteradas de un Regosol \u00fambrico con l\u00e1mparas de infrarrojos hasta que las muestras alcanzaron 250\u00baC y 450\u00baC a 1 cm de profundidad. Sobre la superficie de cada una de las muestras quemadas y sin quemar se determin\u00f3 el color en 220 puntos con un color\u00edmetro por contacto, trabajando posteriormente con las notaciones de color Munsell y CIELAB. Los resultados obtenidos mostraron cambios significativos en el tono del suelo (Hue), entre las muestras control, las muestras quemadas a 250\u00baC y las quemadas a 450\u00baC, no as\u00ed en los valores de intensidad (Chroma) y luminosidad (Value), que s\u00f3lo variaron entre las muestras quemadas y sin quemar. Esto parece indicar que ser\u00e1 el valor de Hue, i.e. el que se refiere a la longitud de onda dominante dentro del espectro visible, el par\u00e1metro a tener en cuenta en el uso del color como indicador de la intensidad de incendios en suelos de Galicia.<\/p>\n<p><!--more-->PF08<strong>:\u00a0\u00a0\u00a0 \u201cEl color de las rocas ornamentales: comparaci\u00f3n de las metodolog\u00edas de determinaci\u00f3n en granitos y pizarras\u201d<\/strong>, <em>Patricia Sanmart\u00edn, Perla Ferrer, Victor C\u00e1rdenes, Francisco M. Martinez-Verd\u00fa, Benita Silva, Beatriz Prieto.<\/em><\/p>\n<p>La industria de manufactura de rocas ornamentales precisa de protocolos de determinaci\u00f3n del color ajustados a las peculiaridades de cada tipo de roca. En trabajos anteriores se propuso un protocolo para rocas gran\u00edticas y se apunt\u00f3 su validez para otro tipo de rocas, con colores y texturas m\u00e1s homog\u00e9neas, como m\u00e1rmoles y pizarras. En este trabajo, empleando la metodolog\u00eda propuesta en el estudio del color de las rocas gran\u00edticas, se determina el \u00e1rea y el n\u00famero de medidas m\u00ednimo necesario para caracterizar el color de las pizarras de acuerdo al tama\u00f1o del cabezal de medida empleado; a la vez que se comparan los resultados obtenidos con aquellos anteriormente determinados para granitos. Los resultados obtenidos en pizarras se ajustan a las hip\u00f3tesis planteadas con anterioridad al confirmar que el n\u00famero de medidas a realizar y el \u00e1rea de medida ser\u00e1n menores cuanto menor sea la heterogeneidad en color y textura de la roca.<\/p>\n<p><!--more-->PF09<strong>:\u00a0\u00a0\u00a0 \u201cEstudio colorim\u00e9trico de la aleaci\u00f3n 76% Au \u2013 5% Al \u2013 19 % Cu\u201d<\/strong>, <em>O. J. Restrepo, J. Tob\u00f3n Moreno, M. Hern\u00e1ndez S, H. S\u00e1nchez , J. Ruiz C\u00f3rdoba.<\/em><\/p>\n<p>La industria joyera ha venido experimentando algunos desarrollos, gracias a los descubrimientos en la metalurgia y en el dise\u00f1o de joyas que han requerido de nuevos avance. Es por ello que en el Departamento de Ingenier\u00eda de Materiales de la Universidad de Antioquia, en asocio con el Laboratorio de Cer\u00e1micos y V\u00edtreos de la  Universidad Nacional de Colombia, se ha venido trabajando en la fabricaci\u00f3n de nuevas aleaciones preciosas, que permiten generar alternativas en colores y efectos superficiales. Entre estas aleaciones se encuentra la aleaci\u00f3n con 76% Au \u2013 19% Cu \u2013 5% Al, la cual presenta un efecto superficial destellante, para aplicaciones est\u00e9ticas. El efecto se presenta cuando se induce por envejecimiento una reacci\u00f3n cuasi-martens\u00edtica, creando maclas en la superficie del metal que reflejan la luz en diferentes direcciones. La aleaci\u00f3n ha mostrado valores colorim\u00e9tricos y espectros de reflectancia, similares al de aleaciones de oro blanco.<\/p>\n<p><!--more-->PF10<strong>:\u00a0\u00a0\u00a0 \u201cObtenci\u00f3n de tonalidad marr\u00f3n en pigmentos cer\u00e1micos fabricados mediante s\u00edntesis hidrotermal en comparaci\u00f3n con el m\u00e9todo tradicional\u201d<\/strong>, <em>Leidy J. Jaramillo Nieves, Juan F. Montoya Carvajal, O. J. Restrepo Baena.<\/em><\/p>\n<p>En este estudio se hace un an\u00e1lisis de la tonalidad marr\u00f3n de un pigmento cer\u00e1mico obtenido por s\u00edntesis hidrotermal y se compara con el pigmento marr\u00f3n obtenido por el m\u00e9todo tradicional. Se realizaron experimentos donde se hicieron variaciones al pH, la concentraci\u00f3n de las sales precursoras y el tipo de sal de hierro empleada. La variable de respuesta que se analiz\u00f3 fue el color y el comportamiento de \u00e9ste con respecto al que se obtuvo por v\u00eda tradicional.\u00a0 El m\u00e9todo utilizado para caracterizar las muestras obtenidas fue espectrofotometr\u00eda UV-VIS-NIR. Por \u00faltimo se espera que este estudio permita definir la factibilidad t\u00e9cnica y sirva de avance para el desarrollo de pigmentos cer\u00e1micos con diferentes tonalidades por v\u00edas alternas a la tradicional buscando obtener ventajas ambientales, econ\u00f3micas y tecnol\u00f3gicas, comparados con los m\u00e9todos tradicionales.<\/p>\n<p><!--more-->PF11<strong>:\u00a0\u00a0\u00a0 \u201c<a href=\"https:\/\/docs.google.com\/viewer?a=v&amp;pid=sites&amp;srcid=ZGVmYXVsdGRvbWFpbnxwb3N0ZXJzY25jMnxneDo2YjQ3ODIyMWJiMzA2MDAw\" target=\"_blank\">Color y m\u00fasica. Relaciones f\u00edsicas entre tonos de color y notas musicales<\/a><\/strong><strong>\u201d<\/strong>, <em>Joaqu\u00edn P\u00e9rez, Eduardo J. Gilabert.<\/em><\/p>\n<p>Hace m\u00e1s de trescientos a\u00f1os que f\u00edsicos, matem\u00e1ticos, m\u00fasicos y pintores han ido relacionando colores con notas musicales. Personajes ilustres como Isaac Newton, Louis Bertrand Castell, A. Wallace Rimington, Alexander Scriabin, Roy de Maistre, Olivier Messiaen y otros han propuesto relaciones entre el color y la m\u00fasica. Algunos de ellos relacionaron color y m\u00fasica por puro misticismo, otros buscando un nuevo arte y otros por pura deformaci\u00f3n sensitiva (sinest\u00e9sia). Ning\u00fan autor ha justificado cient\u00edficamente la relaci\u00f3n propuesta. Entonces, \u00bfExiste una relaci\u00f3n cient\u00edfica entre los colores y las notas musicales? Esta cuesti\u00f3n es la que motiva la b\u00fasqueda de una relaci\u00f3n cient\u00edfica entre el color y la m\u00fasica.<\/p>\n<p>Como premisa del trabajo se considera la correspondencia de las dimensiones f\u00edsicas del color (tono, luminosidad y saturaci\u00f3n) con las dimensiones f\u00edsicas del sonido (altura, volumen y timbre). En este trabajo se comparan entre s\u00ed la dimensi\u00f3n tono de color con la dimensi\u00f3n altura de sonido utilizando los valores de los espectros de luz visible y del sonido musical y buscando una relaci\u00f3n matem\u00e1tica entre los mismos. Los recursos utilizados para la realizaci\u00f3n de los ensayos han consistido en el c\u00e1lculo de los valores de \u03bb, \u0192 y RGB del espectro de luz y la elaboraci\u00f3n de tablas, gr\u00e1ficos y ecuaciones matem\u00e1ticas.<\/p>\n<p>Tras varios ensayos consistentes en comparar valores de \u03bb y \u0192 de los espectros de luz y sonido musical se ha obtenido la expresi\u00f3n matem\u00e1tica que relaciona el tono de color con la nota musical correspondiente: \u03bbc = 72,135\u2022ln(\u03bbm) + 577,76. El resultado abre nuevas l\u00edneas de investigaci\u00f3n de an\u00e1lisis de las dimensiones f\u00edsicas del color y la m\u00fasica y del an\u00e1lisis del color y la m\u00fasica en cuanto a sus efectos psicol\u00f3gicos.<\/p>\n<p><!--more-->PF12<strong>:\u00a0\u00a0\u00a0 \u201cRecuperando tradiciones y t\u00e9cnicas tint\u00f3reas. Artesanos del municipio de Pizarro. Choco- Colombia\u201d<\/strong>, <em>Amparo Quijano, Nydia Leonor Gasca.<\/em><\/p>\n<p>Este trabajo muestra la aplicaci\u00f3n artesanal de colorantes naturales, a partir de las plan-tas tint\u00f3reas: bija (bixia Orellana), c\u00farcuma (c\u00farcuma longa), puchama (bignoniaceae), coronillo (Rhamnaceae), agraz (vaccinium sp), brevo (ficus carica) sauco (sambucus mexicana). Dichas plantas, utilizadas tradicionalmente con esta finalidad en el munici-pio de Pizarro, departamento del Choc\u00f3, y en Bogot\u00e1 en el Laboratorio de Color, Uni-versidad de los Andes, permiten rescatar y mejorar procesos de aprovechamiento soste-nible de la diversidad biol\u00f3gica y de los recursos naturales colombianos. Se inici\u00f3 con la conformaci\u00f3n de grupos para la recolecci\u00f3n, identificaci\u00f3n y preparaci\u00f3n del material: semillas, frutos, ra\u00edces, tallos y hojas de las especies seleccionadas, utilizando como mordientes naturales: ceniza, lim\u00f3n, aguacate y barro para fijar el tinte. Como auxiliar de las mordientes se utiliz\u00f3 sal para matizar y emparejar el color de la tintura. Adem\u00e1s de los extractos obtenidos, igualmente se rescata el mejoramiento t\u00e9cnico del proceso, el impacto social que el proyecto tuvo sobre la comunidad artesanal y tambi\u00e9n la imple-mentaci\u00f3n de la t\u00e9cnica en curso de tintorer\u00eda en la Universidad<\/p>\n<p><!--more-->PF13<strong>:\u00a0\u00a0\u00a0 \u201cEficacia visual del color en las prestaciones cient\u00edficas\u201d<\/strong>, <em>Jos\u00e9 Ram\u00f3n And\u00fajar Garc\u00eda.<\/em><\/p>\n<p>Este art\u00edculo pretende dar una informaci\u00f3n b\u00e1sica y escueta que ayude a mejorar el car\u00e1cter pr\u00e1ctico de las presentaciones en Microsoft PowerPoint o aplicaciones similares, entendiendo que muchos profesionales, de diferentes \u00e1mbitos de conocimiento, lo necesitan para exponer sus explicaciones y transmitir informaci\u00f3n y no tienen una formaci\u00f3n b\u00e1sica en dise\u00f1o gr\u00e1fico.<\/p>\n<p><!--more-->PF14<strong>:\u00a0\u00a0\u00a0 \u201c<a href=\"http:\/\/docs.google.com\/viewer?a=v&amp;pid=sites&amp;srcid=ZGVmYXVsdGRvbWFpbnxwb3N0ZXJzY25jfGd4OjIwZGQ2NDczM2QwNDQ0MWI\" target=\"_blank\">Evaluaci\u00f3n espectral y colorim\u00e9trica de puntos cu\u00e1nticos<\/a><\/strong><strong>\u201d<\/strong>, <em>Frederic Cort\u00e9s, Rafael Abargues, Juan P. Mart\u00ednez-Pastor, Esther Perales, Elisabet Chorro, Valent\u00edn Viqueira, Francisco Miguel Mart\u00ednez-Verd\u00fa<\/em><\/p>\n<p>Las nanopart\u00edculas semiconductoras (puntos cu\u00e1nticos) son nanomateriales emisores de luz por luminiscencia a partir de una excitaci\u00f3n UV, con prometedoras aplicaciones futuras en nano-biomedicina y nano-optoelectr\u00f3nica. El comportamiento \u00f3ptico b\u00e1sico de estos nanomateriales luminiscentes depende principalmente de su composici\u00f3n qu\u00edmica, forma y tama\u00f1o. En este trabajo se realiza un an\u00e1lisis espectral y colorim\u00e9trico preliminar de dos variedades qu\u00edmicas de puntos cu\u00e1nticos (CdSe y CdTe) en funci\u00f3n diferentes variaciones en sus procesos de s\u00edntesis. Este an\u00e1lisis comprende el paso de los espectros de absorci\u00f3n\/emisi\u00f3n relativa a valores colorim\u00e9tricos convencionales usando espacios de representaci\u00f3n del color recomendados por la Comisi\u00f3n Internacional de Iluminaci\u00f3n y Color (CIE) con el fin de evaluar el rango de colores perceptibles, y, correlacionar la evoluci\u00f3n de color con las variables implicadas en el proceso de sus s\u00edntesis.<\/p>\n","protected":false},"excerpt":{"rendered":"","protected":false},"author":1386,"featured_media":0,"parent":23,"menu_order":6,"comment_status":"open","ping_status":"open","template":"","meta":{"footnotes":""},"class_list":["post-256","page","type-page","status-publish","hentry"],"_links":{"self":[{"href":"https:\/\/blogs.ua.es\/cnc2010\/wp-json\/wp\/v2\/pages\/256","targetHints":{"allow":["GET"]}}],"collection":[{"href":"https:\/\/blogs.ua.es\/cnc2010\/wp-json\/wp\/v2\/pages"}],"about":[{"href":"https:\/\/blogs.ua.es\/cnc2010\/wp-json\/wp\/v2\/types\/page"}],"author":[{"embeddable":true,"href":"https:\/\/blogs.ua.es\/cnc2010\/wp-json\/wp\/v2\/users\/1386"}],"replies":[{"embeddable":true,"href":"https:\/\/blogs.ua.es\/cnc2010\/wp-json\/wp\/v2\/comments?post=256"}],"version-history":[{"count":6,"href":"https:\/\/blogs.ua.es\/cnc2010\/wp-json\/wp\/v2\/pages\/256\/revisions"}],"predecessor-version":[{"id":483,"href":"https:\/\/blogs.ua.es\/cnc2010\/wp-json\/wp\/v2\/pages\/256\/revisions\/483"}],"up":[{"embeddable":true,"href":"https:\/\/blogs.ua.es\/cnc2010\/wp-json\/wp\/v2\/pages\/23"}],"wp:attachment":[{"href":"https:\/\/blogs.ua.es\/cnc2010\/wp-json\/wp\/v2\/media?parent=256"}],"curies":[{"name":"wp","href":"https:\/\/api.w.org\/{rel}","templated":true}]}}