{"id":267,"date":"2010-06-10T15:23:32","date_gmt":"2010-06-10T13:23:32","guid":{"rendered":"https:\/\/blogs.ua.es\/cnc2010\/?page_id=267"},"modified":"2010-06-10T15:26:31","modified_gmt":"2010-06-10T13:26:31","slug":"extraoficial","status":"publish","type":"page","link":"https:\/\/blogs.ua.es\/cnc2010\/extraoficial\/","title":{"rendered":"Extraoficial"},"content":{"rendered":"<p>En esta secci\u00f3n te invitamos a que dejes todos los comentarios y sugerencias, que pese a estar relacionados con la tem\u00e1tica que nos ha tra\u00eddo hasta aqu\u00ed, no tienen relaci\u00f3n directa con las charlas del congreso.<\/p>\n<p>\u00c1nimo y participa<\/p>\n","protected":false},"excerpt":{"rendered":"<p>En esta secci\u00f3n te invitamos a que dejes todos los comentarios y sugerencias, que pese a estar relacionados con la tem\u00e1tica que nos ha tra\u00eddo hasta aqu\u00ed, no tienen relaci\u00f3n directa con las charlas del congreso. \u00c1nimo y participa<\/p>\n","protected":false},"author":1386,"featured_media":0,"parent":0,"menu_order":4,"comment_status":"open","ping_status":"open","template":"","meta":{"footnotes":""},"class_list":["post-267","page","type-page","status-publish","hentry"],"_links":{"self":[{"href":"https:\/\/blogs.ua.es\/cnc2010\/wp-json\/wp\/v2\/pages\/267","targetHints":{"allow":["GET"]}}],"collection":[{"href":"https:\/\/blogs.ua.es\/cnc2010\/wp-json\/wp\/v2\/pages"}],"about":[{"href":"https:\/\/blogs.ua.es\/cnc2010\/wp-json\/wp\/v2\/types\/page"}],"author":[{"embeddable":true,"href":"https:\/\/blogs.ua.es\/cnc2010\/wp-json\/wp\/v2\/users\/1386"}],"replies":[{"embeddable":true,"href":"https:\/\/blogs.ua.es\/cnc2010\/wp-json\/wp\/v2\/comments?post=267"}],"version-history":[{"count":5,"href":"https:\/\/blogs.ua.es\/cnc2010\/wp-json\/wp\/v2\/pages\/267\/revisions"}],"predecessor-version":[{"id":272,"href":"https:\/\/blogs.ua.es\/cnc2010\/wp-json\/wp\/v2\/pages\/267\/revisions\/272"}],"wp:attachment":[{"href":"https:\/\/blogs.ua.es\/cnc2010\/wp-json\/wp\/v2\/media?parent=267"}],"curies":[{"name":"wp","href":"https:\/\/api.w.org\/{rel}","templated":true}]}}