{"id":67,"date":"2010-06-08T11:36:10","date_gmt":"2010-06-08T09:36:10","guid":{"rendered":"https:\/\/blogs.ua.es\/cnc2010\/?page_id=67"},"modified":"2011-03-16T14:36:04","modified_gmt":"2011-03-16T12:36:04","slug":"ci2","status":"publish","type":"page","link":"https:\/\/blogs.ua.es\/cnc2010\/congreso-virtual\/conferencias-invitadas\/ci2\/","title":{"rendered":"Historia de los sistemas de ordenamiento del color desarrollados en relaci\u00f3n con la arquitectura"},"content":{"rendered":"<p><strong><em>9.00\u00a0-10.00, Jueves 1 de Julio de 2010<\/em><\/strong><\/p>\n<p>a cargo del\u00a0Dr. Jos\u00e9 Lu\u00eds Caivano, Facultad de Arquitectura, Dise\u00f1o y Urbanismo, Universidad de Buenos Aires<\/p>\n<p><strong><span style=\"text-decoration: underline\">RESUMEN:<\/span><\/strong><\/p>\n<p>Dentro de la teor\u00eda del color, los sistemas de ordenamiento basados en variables crom\u00e1ticas, que se representan habitualmente en modelos bi o tridimensionales, con una ubicaci\u00f3n espec\u00edfica para cada color, ocupan un lugar relevante. Los modelos evolucionaron hist\u00f3ricamente desde escalas lineales y esquemas bidimensionales hasta cuerpos tridimensionales. Un caso particular son los sistemas de color desarrollados en relaci\u00f3n con la arquitectura y el dise\u00f1o. Este trabajo analiza las propuestas de algunos arquitectos y te\u00f3ricos orientados hacia la arquitectura que han ideado sistemas de ordenamiento del color. Ese conjunto de teor\u00edas y modelos constituye un valioso aporte al conjunto de la teor\u00eda general del color. No obstante, en la ense\u00f1anza y pr\u00e1ctica de la arquitectura no es suficientemente conocido. Profundizar este conocimiento permitir\u00eda promover en las disciplinas del dise\u00f1o una concepci\u00f3n del proceso proyectual donde el color no aparezca en la \u00faltima etapa como un mero agregado a la forma o un aspecto decorativo sino con el car\u00e1cter estructurante y decisivo que puede tener a lo largo de dicho proceso y en el producto final, donde es uno de los factores visuales que m\u00e1s impacta en la percepci\u00f3n y uso de los objetos dise\u00f1ados.<\/p>\n<p><strong><span style=\"text-decoration: underline\">Visualiza la presentaci\u00f3n:<\/span><\/strong><\/p>\n<p><a href=\"https:\/\/zebra.cpd.ua.es\/vertice\/2960\" target=\"_blank\">V\u00eddeo<\/a><\/p>\n<p><a href=\"https:\/\/docs.google.com\/viewer?a=v&amp;pid=sites&amp;srcid=ZGVmYXVsdGRvbWFpbnxwb3N0ZXJzY25jfGd4OjYyMjdlY2E3NzA0MTA3YTU&amp;pli=1\" target=\"_blank\">Charla<\/a><\/p>\n<p><a href=\"https:\/\/blogs.ua.es\/cnc2010\/congreso-virtual\/conferencias-invitadas\/\"><img loading=\"lazy\" decoding=\"async\" class=\"aligncenter size-full wp-image-515\" src=\"https:\/\/blogs.ua.es\/cnc2010\/files\/2010\/06\/volver.jpg\" alt=\"\" width=\"43\" height=\"11\" \/><\/a><\/p>\n","protected":false},"excerpt":{"rendered":"<p>9.00\u00a0-10.00, Jueves 1 de Julio de 2010 a cargo del\u00a0Dr. Jos\u00e9 Lu\u00eds Caivano, Facultad de Arquitectura, Dise\u00f1o y Urbanismo, Universidad de Buenos Aires RESUMEN: Dentro de la teor\u00eda del color, los sistemas de ordenamiento basados en variables crom\u00e1ticas, que se representan habitualmente en modelos bi o tridimensionales, con una ubicaci\u00f3n espec\u00edfica para cada color, ocupan [&hellip;]<\/p>\n","protected":false},"author":1386,"featured_media":0,"parent":10,"menu_order":2,"comment_status":"open","ping_status":"open","template":"","meta":{"footnotes":""},"class_list":["post-67","page","type-page","status-publish","hentry"],"_links":{"self":[{"href":"https:\/\/blogs.ua.es\/cnc2010\/wp-json\/wp\/v2\/pages\/67","targetHints":{"allow":["GET"]}}],"collection":[{"href":"https:\/\/blogs.ua.es\/cnc2010\/wp-json\/wp\/v2\/pages"}],"about":[{"href":"https:\/\/blogs.ua.es\/cnc2010\/wp-json\/wp\/v2\/types\/page"}],"author":[{"embeddable":true,"href":"https:\/\/blogs.ua.es\/cnc2010\/wp-json\/wp\/v2\/users\/1386"}],"replies":[{"embeddable":true,"href":"https:\/\/blogs.ua.es\/cnc2010\/wp-json\/wp\/v2\/comments?post=67"}],"version-history":[{"count":13,"href":"https:\/\/blogs.ua.es\/cnc2010\/wp-json\/wp\/v2\/pages\/67\/revisions"}],"predecessor-version":[{"id":397,"href":"https:\/\/blogs.ua.es\/cnc2010\/wp-json\/wp\/v2\/pages\/67\/revisions\/397"}],"up":[{"embeddable":true,"href":"https:\/\/blogs.ua.es\/cnc2010\/wp-json\/wp\/v2\/pages\/10"}],"wp:attachment":[{"href":"https:\/\/blogs.ua.es\/cnc2010\/wp-json\/wp\/v2\/media?parent=67"}],"curies":[{"name":"wp","href":"https:\/\/api.w.org\/{rel}","templated":true}]}}