{"id":92,"date":"2010-06-08T12:19:23","date_gmt":"2010-06-08T10:19:23","guid":{"rendered":"https:\/\/blogs.ua.es\/cnc2010\/?page_id=92"},"modified":"2011-03-16T14:31:57","modified_gmt":"2011-03-16T12:31:57","slug":"ciencia-del-color","status":"publish","type":"page","link":"https:\/\/blogs.ua.es\/cnc2010\/congreso-virtual\/ciencia-del-color\/","title":{"rendered":"Sesi\u00f3n de conferencias: Ciencia del Color"},"content":{"rendered":"<p><em><strong>Moderadores: <\/strong><\/em><em>Javier Romero y Eduardo Gilabert<\/em><\/p>\n<p><em><strong>Mi\u00e9rcoles, 30 de Junio de 2010<\/strong><\/em><\/p>\n<p><!--more-->11.30\u00a0\u00a0\u00a0\u00a0 <strong>\u201c<a href=\"oa1\/\" target=\"_self\">Utilizaci\u00f3n de LEDs en sistemas multiespectrales: Influencia del \u00e1ngulo y del tiempo en la emisi\u00f3n espectral<\/a><\/strong><strong>\u201d, <\/strong><em>\u00d3scar Mart\u00ednez, Meritxell Vilaseca, Carles Pizarro, Montserrat Arjona, Jaume Pujol.<\/em><\/p>\n<p><em><!--more--><\/em><\/p>\n<p>11.45\u00a0\u00a0\u00a0\u00a0 <strong>\u201c<a href=\"oa2\/\" target=\"_self\">Monitorizaci\u00f3n del color: aplicaci\u00f3n a problemas medioambientales<\/a><\/strong><strong>\u201d<\/strong>, <em>Beatriz Prieto, Noelia Aira, Patricia Sanmart\u00edn, Cristina Silva, Benita Silva.<\/em><\/p>\n<p><em><!--more--><\/em><\/p>\n<p>12.00\u00a0\u00a0\u00a0\u00a0 <strong>\u201c<a href=\"oa3\/\" target=\"_self\">Resultados previos de la funci\u00f3n de distribuci\u00f3n de dispersi\u00f3n bidireccional de un patr\u00f3n colorim\u00e9trico<\/a><\/strong><strong>\u201d, <\/strong><em>A. M. Rabal, A. Ferrero, J. L. Fontecha, A. Pons, J. Campos, A. Corr\u00f3ns<\/em><\/p>\n<p><!--more-->12.15\u00a0\u00a0\u00a0\u00a0<strong> \u201c<a href=\"oa4\/\" target=\"_self\">Evaluaci\u00f3n colorim\u00e9trica de colores goniocrom\u00e1ticos a partir de los colores \u00f3ptimo<\/a><\/strong><strong>s<\/strong>\u201d, Esther Perales, El\u00edsabet Chorro, Werner Rudolf Cramer, Francisco Miguel Mart\u00ednez-Verd\u00fa.<\/p>\n<p><!--more-->12.30\u00a0\u00a0\u00a0\u00a0 <strong>\u201c<a href=\"oa5\/\" target=\"_self\">How the spectral structure of the light source determines colour rendering<\/a><\/strong><strong>\u201d<\/strong>, <em>S\u00e9rgio Miguel Cardoso Nascimento,<strong> <\/strong>Paulo Eduardo Reis Felgueiras, Jo\u00e3o Manuel Maciel Linhares.<\/em><\/p>\n<p><!--more-->12.45\u00a0\u00a0\u00a0\u00a0 <strong>\u201d<a href=\"oa6\/\" target=\"_self\">Optimizaci\u00f3n de fuentes de luz para la iluminaci\u00f3n del patrimonio art\u00edstico. Aplicaci\u00f3n a las pinturas rupestres de la cueva de <\/a><em><a href=\"https:\/\/blogs.ua.es\/cnc2010\/congreso-virtual\/ciencia-del-color\/oa6\/\" target=\"_self\">El Castillo<\/a><\/em><\/strong><strong>\u201d,<\/strong> Jes\u00fas Zoido, Daniel V\u00e1zquez, Antonio \u00c1lvarez, Ju\u00e1n Antonio Herraez, Marian del Egido, Roberto Onta\u00f1\u00f3n.<\/p>\n<p><!--more--><a href=\"https:\/\/blogs.ua.es\/cnc2010\/congreso-virtual\/\"><img loading=\"lazy\" decoding=\"async\" class=\"aligncenter size-full wp-image-515\" src=\"https:\/\/blogs.ua.es\/cnc2010\/files\/2010\/06\/volver.jpg\" alt=\"\" width=\"43\" height=\"11\" \/><\/a><\/p>\n","protected":false},"excerpt":{"rendered":"<p>Moderadores: Javier Romero y Eduardo Gilabert Mi\u00e9rcoles, 30 de Junio de 2010<\/p>\n","protected":false},"author":1386,"featured_media":0,"parent":3,"menu_order":2,"comment_status":"closed","ping_status":"closed","template":"","meta":{"footnotes":""},"class_list":["post-92","page","type-page","status-publish","hentry"],"_links":{"self":[{"href":"https:\/\/blogs.ua.es\/cnc2010\/wp-json\/wp\/v2\/pages\/92","targetHints":{"allow":["GET"]}}],"collection":[{"href":"https:\/\/blogs.ua.es\/cnc2010\/wp-json\/wp\/v2\/pages"}],"about":[{"href":"https:\/\/blogs.ua.es\/cnc2010\/wp-json\/wp\/v2\/types\/page"}],"author":[{"embeddable":true,"href":"https:\/\/blogs.ua.es\/cnc2010\/wp-json\/wp\/v2\/users\/1386"}],"replies":[{"embeddable":true,"href":"https:\/\/blogs.ua.es\/cnc2010\/wp-json\/wp\/v2\/comments?post=92"}],"version-history":[{"count":9,"href":"https:\/\/blogs.ua.es\/cnc2010\/wp-json\/wp\/v2\/pages\/92\/revisions"}],"predecessor-version":[{"id":94,"href":"https:\/\/blogs.ua.es\/cnc2010\/wp-json\/wp\/v2\/pages\/92\/revisions\/94"}],"up":[{"embeddable":true,"href":"https:\/\/blogs.ua.es\/cnc2010\/wp-json\/wp\/v2\/pages\/3"}],"wp:attachment":[{"href":"https:\/\/blogs.ua.es\/cnc2010\/wp-json\/wp\/v2\/media?parent=92"}],"curies":[{"name":"wp","href":"https:\/\/api.w.org\/{rel}","templated":true}]}}