{"id":11,"date":"2011-09-06T06:15:20","date_gmt":"2011-09-06T06:15:20","guid":{"rendered":"https:\/\/blogs.ua.es\/coachingthecoathers\/?page_id=11"},"modified":"2011-11-28T04:34:20","modified_gmt":"2011-11-28T04:34:20","slug":"modulo-3-recursos-tecnologicos-de-apoyo-a-las-acciones-formativas","status":"publish","type":"page","link":"https:\/\/blogs.ua.es\/coachingthecoathers\/modulo-3-recursos-tecnologicos-de-apoyo-a-las-acciones-formativas\/","title":{"rendered":"M\u00f3dulo 3.- Recursos tecnol\u00f3gicos de apoyo a las acciones formativas"},"content":{"rendered":"<p style=\"text-align: justify\">La Web 2.0 nos facilita infinidad de herramientas que nos ayudan a estimular el desarrollo del conocimiento en los discentes objeto de nuestro trabajo, apoyados en las tecnolog\u00edas de la informaci\u00f3n y la comunicaci\u00f3n podemos desarrollar actividades muy similares a las que tradicionalmente se han llevado a cabo en las aulas, ampli\u00e1ndolas con las particularidades que Internet aporta y aprovechando el inter\u00e9s que despierta en el alumnado este medio de trabajo cada vez m\u00e1s difundido.<\/p>\n<p style=\"text-align: justify\">A continuaci\u00f3n, destacamos una selecci\u00f3n de herramientas que pueden desarrollar un interesante papel en nuestra docencia y durante el desarrollo del m\u00f3dulo descubriremos las caracter\u00edsticas did\u00e1cticas espec\u00edficas que se desprenden del la aplicaci\u00f3n pedag\u00f3gica de las mismas.<\/p>\n<p style=\"text-align: center\"><a href=\"https:\/\/blogs.ua.es\/coachingthecoathers\/files\/2011\/09\/Presentaci%C3%B3n-Formador-de-Formadores.pdf\">Presentaci\u00f3n Formador de Formadores<\/a><\/p>\n<p>&nbsp;<\/p>\n<p>Herramienta para el trabajo colaborativo en linea: Nos hacemos una cuenta <a href=\"http:\/\/twitter.com\/?lang=es&amp;logged_out=1#\">twitter<\/a> y compartimos informaci\u00f3n en la <a href=\"https:\/\/www.dropbox.com\/\">nuve<\/a>.<a href=\"https:\/\/blogs.ua.es\/coachingthecoathers\/files\/2011\/09\/images1.jpg\"><img loading=\"lazy\" decoding=\"async\" class=\"size-full wp-image-150 aligncenter\" src=\"https:\/\/blogs.ua.es\/coachingthecoathers\/files\/2011\/09\/images1.jpg\" alt=\"\" width=\"226\" height=\"156\" \/><\/a><\/p>\n<ol>\n<li>Utilizar la propia navegaci\u00f3n web como una estrategia did\u00e1ctica.\n<ul>\n<li><a href=\"http:\/\/www.google.es\/\">Navegador<\/a><\/li>\n<\/ul>\n<\/li>\n<li>Los blogs educativos\n<ul>\n<li><a href=\"https:\/\/blogs.ua.es\/psicologiaeducacio\/\">Blog Psicolog\u00eda del desarrollo y la educaci\u00f3n<\/a><\/li>\n<\/ul>\n<p><a href=\"https:\/\/blogs.ua.es\/coachingthecoathers\/files\/2011\/09\/BLOG1.jpg\"><img loading=\"lazy\" decoding=\"async\" class=\"size-medium wp-image-37 aligncenter\" src=\"https:\/\/blogs.ua.es\/coachingthecoathers\/files\/2011\/09\/BLOG1-300x225.jpg\" alt=\"\" width=\"300\" height=\"225\" srcset=\"https:\/\/blogs.ua.es\/coachingthecoathers\/files\/2011\/09\/BLOG1-300x225.jpg 300w, https:\/\/blogs.ua.es\/coachingthecoathers\/files\/2011\/09\/BLOG1.jpg 1024w\" sizes=\"auto, (max-width: 300px) 100vw, 300px\" \/><\/a><\/li>\n<li>Proyectos de trabajo mediante WebQuest.\n<ul>\n<li><a href=\"http:\/\/www.edutic.ua.es\/visualiza_wq\/descripcion.asp?id=8209\">WebQuest. El informe Psicopedag\u00f3gico Escolar<\/a><\/li>\n<\/ul>\n<\/li>\n<li>Mapas conceptuales interactivos.\n<ul>\n<li><a href=\"http:\/\/cmap.ihmc.us\/download\/\">Cmaptools<\/a><\/li>\n<\/ul>\n<p><a href=\"https:\/\/blogs.ua.es\/coachingthecoathers\/files\/2011\/09\/cmaptools.jpg\"><img loading=\"lazy\" decoding=\"async\" class=\"size-medium wp-image-38 aligncenter\" src=\"https:\/\/blogs.ua.es\/coachingthecoathers\/files\/2011\/09\/cmaptools-300x215.jpg\" alt=\"\" width=\"300\" height=\"215\" srcset=\"https:\/\/blogs.ua.es\/coachingthecoathers\/files\/2011\/09\/cmaptools-300x215.jpg 300w, https:\/\/blogs.ua.es\/coachingthecoathers\/files\/2011\/09\/cmaptools.jpg 1024w\" sizes=\"auto, (max-width: 300px) 100vw, 300px\" \/><\/a><\/p>\n<ul>\n<li><a href=\"http:\/\/www.xmind.net\/\">Xmind<\/a><\/li>\n<\/ul>\n<\/li>\n<li>Los marcadores sociales en linea.\n<ul>\n<li><a href=\"http:\/\/www.delicious.com\/ignasins\/\">Delicious<\/a><\/li>\n<\/ul>\n<p>Desarrollar conocimiento en equipos de trabajo colaborativo mediante una Wiki.<\/p>\n<ul>\n<li><a href=\"http:\/\/psidesarrollo2equipo16.wikispaces.com\/\">Wikiapuntes 1<\/a><\/li>\n<li><a href=\"http:\/\/psidesarrollo3equipo8.wikispaces.com\/\">Wikiapuntes 2<\/a><\/li>\n<li><a href=\"http:\/\/teaytdah.wikispaces.com\/\">Proyecto de investigaci\u00f3n<\/a><\/li>\n<li><a href=\"http:\/\/aplicaciondelasticalafomracion.wikispaces.com\/\">Formador de formadores<\/a><\/li>\n<\/ul>\n<p>&nbsp;<\/li>\n<\/ol>\n<p>Ante cualquier duda, correo de contacto: ignasi.navarro@ua.es<\/p>\n<p>&nbsp;<\/p>\n","protected":false},"excerpt":{"rendered":"<p>La Web 2.0 nos facilita infinidad de herramientas que nos ayudan a estimular el desarrollo del conocimiento en los discentes objeto de nuestro trabajo, apoyados en las tecnolog\u00edas de la informaci\u00f3n y la comunicaci\u00f3n podemos desarrollar actividades muy similares a &hellip; <a href=\"https:\/\/blogs.ua.es\/coachingthecoathers\/modulo-3-recursos-tecnologicos-de-apoyo-a-las-acciones-formativas\/\">Continue reading <span class=\"meta-nav\">&rarr;<\/span><\/a><\/p>\n","protected":false},"author":1687,"featured_media":0,"parent":0,"menu_order":0,"comment_status":"open","ping_status":"open","template":"","meta":{"footnotes":""},"class_list":["post-11","page","type-page","status-publish","hentry"],"_links":{"self":[{"href":"https:\/\/blogs.ua.es\/coachingthecoathers\/wp-json\/wp\/v2\/pages\/11","targetHints":{"allow":["GET"]}}],"collection":[{"href":"https:\/\/blogs.ua.es\/coachingthecoathers\/wp-json\/wp\/v2\/pages"}],"about":[{"href":"https:\/\/blogs.ua.es\/coachingthecoathers\/wp-json\/wp\/v2\/types\/page"}],"author":[{"embeddable":true,"href":"https:\/\/blogs.ua.es\/coachingthecoathers\/wp-json\/wp\/v2\/users\/1687"}],"replies":[{"embeddable":true,"href":"https:\/\/blogs.ua.es\/coachingthecoathers\/wp-json\/wp\/v2\/comments?post=11"}],"version-history":[{"count":19,"href":"https:\/\/blogs.ua.es\/coachingthecoathers\/wp-json\/wp\/v2\/pages\/11\/revisions"}],"predecessor-version":[{"id":164,"href":"https:\/\/blogs.ua.es\/coachingthecoathers\/wp-json\/wp\/v2\/pages\/11\/revisions\/164"}],"wp:attachment":[{"href":"https:\/\/blogs.ua.es\/coachingthecoathers\/wp-json\/wp\/v2\/media?parent=11"}],"curies":[{"name":"wp","href":"https:\/\/api.w.org\/{rel}","templated":true}]}}