{"id":61,"date":"2011-09-16T14:49:29","date_gmt":"2011-09-16T14:49:29","guid":{"rendered":"https:\/\/blogs.ua.es\/coachingthecoathers\/?page_id=61"},"modified":"2011-11-07T09:26:53","modified_gmt":"2011-11-07T09:26:53","slug":"autoevaluacion-modulo-2","status":"publish","type":"page","link":"https:\/\/blogs.ua.es\/coachingthecoathers\/autoevaluacion-modulo-2\/","title":{"rendered":"Pruebas de Autoevaluaci\u00f3n"},"content":{"rendered":"<div><strong><strong><strong>\u00a0<\/strong><\/strong><\/strong><strong>AUTOEVALUACI\u00d3N SESI\u00d3N INTRODUCTORIA (1\u00aa parte de la primera sesi\u00f3n)<\/strong><\/div>\n<p>\u00a01.- \u00bfQu\u00e9 tres tareas desarrolla un modelo docente?:<strong> ___________________________________________.<\/strong><\/p>\n<p><strong>\u00a0<\/strong>2.- \u00bfQu\u00e9 es lo m\u00e1s dif\u00edcil de conseguir en la tarea formativa?:<strong> ___________________________________________.<\/strong><\/p>\n<p><strong>\u00a0<\/strong>3.- \u00bfQu\u00e9 dos modalidades de formaci\u00f3n existen?:<strong> ___________________________________________.<\/strong><\/p>\n<p><strong>\u00a0<\/strong>4.- \u00bfQu\u00e9 cinco tareas pedag\u00f3gicas desarrolla el formador?:<strong> ___________________________________________.<\/strong><\/p>\n<p><strong>\u00a0<\/strong>5.- En la actualidad, y en el futuro, el formador es el _______________ del aprendizaje.<\/p>\n<p><strong>AUTOEVALUACI\u00d3N MODULO 2.1 (2\u00aa parte primera sesi\u00f3n).<\/strong><\/p>\n<p>1.- \u00bfQu\u00e9 significa <strong>\u201cser docente\u201d<\/strong>?:\u00a0\u00a0\u00a0\u00a0\u00a0\u00a0\u00a0\u00a0\u00a0\u00a0\u00a0 _______________________________________________________.<\/p>\n<p><strong>\u00a0<\/strong>2.- Cu\u00e1ndo respondemos a la pregunta <strong>\u201ccomo vamos a ense\u00f1ar<\/strong>\u201d, \u00bfa que elemento curricular nos referimos?:\u00a0\u00a0\u00a0\u00a0\u00a0\u00a0\u00a0\u00a0\u00a0\u00a0\u00a0 _______________________________________________________.<\/p>\n<p>\u00a03.- Una programaci\u00f3n debe ser _____________,\u00a0 _______________e ir _______________________________________________________.<\/p>\n<p><strong>\u00a0<\/strong>4.- Programar es un proceso de\u2026<strong>\u00a0<\/strong>\u00a0\u00a0\u00a0\u00a0\u00a0\u00a0\u00a0\u00a0\u00a0\u00a0\u00a0 ________________________________________________________<\/p>\n<p>\u00a05.- \u201cDar sentido a lo que se aprende\u201d es el aprendizaje\u2026\u00a0\u00a0\u00a0\u00a0\u00a0\u00a0\u00a0\u00a0\u00a0\u00a0\u00a0 ________________________________________________________<\/p>\n<p><strong>AUTOEVALUACI\u00d3N MODULO 2.2.<\/strong><\/p>\n<p>\u00a0El formador\/a que reflexiona y toma decisiones desarrolla un modelo docente: ________________________________________________________<\/p>\n<p>2.\u00a0\u00a0 Las metodolog\u00eda generales mas utilizadas son: ____________________, ________________, __________________, ____________________<\/p>\n<p>3.\u00a0\u00a0 Las actividades de ense\u00f1anza son la que realiza el: _____________________________________________________<\/p>\n<p>4. Cualquier material utilizado con finalidades did\u00e1cticas es un: _____________________________________________________<\/p>\n<p>5. Las dos actividades b\u00e1sicas de la interacci\u00f3n docente son:____________, _____________<\/p>\n<p>&nbsp;<\/p>\n<p>&nbsp;<\/p>\n","protected":false},"excerpt":{"rendered":"<p>\u00a0AUTOEVALUACI\u00d3N SESI\u00d3N INTRODUCTORIA (1\u00aa parte de la primera sesi\u00f3n) \u00a01.- \u00bfQu\u00e9 tres tareas desarrolla un modelo docente?: ___________________________________________. \u00a02.- \u00bfQu\u00e9 es lo m\u00e1s dif\u00edcil de conseguir en la tarea formativa?: ___________________________________________. \u00a03.- \u00bfQu\u00e9 dos modalidades de formaci\u00f3n existen?: ___________________________________________. \u00a04.- &hellip; <a href=\"https:\/\/blogs.ua.es\/coachingthecoathers\/autoevaluacion-modulo-2\/\">Continue reading <span class=\"meta-nav\">&rarr;<\/span><\/a><\/p>\n","protected":false},"author":2150,"featured_media":0,"parent":0,"menu_order":0,"comment_status":"open","ping_status":"open","template":"","meta":{"footnotes":""},"class_list":["post-61","page","type-page","status-publish","hentry"],"_links":{"self":[{"href":"https:\/\/blogs.ua.es\/coachingthecoathers\/wp-json\/wp\/v2\/pages\/61","targetHints":{"allow":["GET"]}}],"collection":[{"href":"https:\/\/blogs.ua.es\/coachingthecoathers\/wp-json\/wp\/v2\/pages"}],"about":[{"href":"https:\/\/blogs.ua.es\/coachingthecoathers\/wp-json\/wp\/v2\/types\/page"}],"author":[{"embeddable":true,"href":"https:\/\/blogs.ua.es\/coachingthecoathers\/wp-json\/wp\/v2\/users\/2150"}],"replies":[{"embeddable":true,"href":"https:\/\/blogs.ua.es\/coachingthecoathers\/wp-json\/wp\/v2\/comments?post=61"}],"version-history":[{"count":6,"href":"https:\/\/blogs.ua.es\/coachingthecoathers\/wp-json\/wp\/v2\/pages\/61\/revisions"}],"predecessor-version":[{"id":72,"href":"https:\/\/blogs.ua.es\/coachingthecoathers\/wp-json\/wp\/v2\/pages\/61\/revisions\/72"}],"wp:attachment":[{"href":"https:\/\/blogs.ua.es\/coachingthecoathers\/wp-json\/wp\/v2\/media?parent=61"}],"curies":[{"name":"wp","href":"https:\/\/api.w.org\/{rel}","templated":true}]}}