{"id":82,"date":"2011-10-02T15:49:35","date_gmt":"2011-10-02T15:49:35","guid":{"rendered":"https:\/\/blogs.ua.es\/coachingthecoathers\/?page_id=82"},"modified":"2011-11-07T09:32:11","modified_gmt":"2011-11-07T09:32:11","slug":"soluciones-a-la-autoevaluacion-del-modulo-2","status":"publish","type":"page","link":"https:\/\/blogs.ua.es\/coachingthecoathers\/soluciones-a-la-autoevaluacion-del-modulo-2\/","title":{"rendered":"Soluciones a las autoevaluaciones"},"content":{"rendered":"<p><strong>AUTOEVALUACI\u00d3N (1\u00aa parte)<\/strong><\/p>\n<p>\u00a01.- \u00bfQu\u00e9 tres tareas desarrolla un modelo docente?: <strong>&#8211; Eval\u00faa (<em>inicial, continua y final<\/em>), planifica y programa.<\/strong><\/p>\n<p><strong>\u00a0<\/strong>2.- \u00bfQu\u00e9 es lo mas dif\u00edcil de conseguir en la tarea formativa?:\u00a0<strong>&#8211; La motivaci\u00f3n.<\/strong><\/p>\n<p><strong>\u00a0<\/strong>3.- \u00bfQu\u00e9 dos modalidades de formaci\u00f3n existen?:\u00a0\u00a0 <strong>&#8211; Interna y externa.<\/strong><\/p>\n<p><strong>\u00a0<\/strong>4.- \u00bfQu\u00e9 cinco tareas pedag\u00f3gicas desarrolla el formador?:\u00a0\u00a0\u00a0 <strong>&#8211; Educar \u2013 Innovar \u2013 Asesorar \u2013 Capacitar \u2013 Evaluar<\/strong><\/p>\n<p><strong>\u00a0<\/strong>5.- En la actualidad, y en el futuro, el formador es el <strong>orientador <\/strong>\/ <strong>ayudante \/ gu\u00eda<\/strong> del aprendizaje.<\/p>\n<p>\u00a0<strong>AUTOEVALUACI\u00d3N M\u00d3DULO 2.1\u00a0(2\u00aa parte)<\/strong><\/p>\n<p>\u00a01.- \u00bfQu\u00e9 significa <strong>\u201cser docente\u201d<\/strong>?:\u00a0 <strong>Tener la capacidad de transmitir \/ ense\u00f1ar.<\/strong><\/p>\n<p><strong>\u00a0<\/strong>2.- Cu\u00e1ndo respondemos a la pregunta <strong>\u201ccomo vamos a ense\u00f1ar<\/strong>\u201d, \u00bfa que elemento curricular nos referimos?:\u00a0 <strong>Metodolog\u00eda y actividades.<\/strong><\/p>\n<p><strong>\u00a0<\/strong>3.- Una programaci\u00f3n debe ser <strong>din\u00e1mica, flexible<\/strong>, e ir <strong>reajust\u00e1ndose.<\/strong><\/p>\n<p><strong>\u00a0<\/strong>4.- Programar es un proceso de\u2026<strong> toma de decisiones.<\/strong><\/p>\n<p><strong>\u00a0<\/strong>5.- Dar sentido a lo que se aprende es el aprendizaje:\u00a0 <strong>significativo.<\/strong><\/p>\n<p>&nbsp;<\/p>\n<p><strong>AUTOEVALUACI\u00d3N MODULO 2.2.<\/strong><\/p>\n<p><strong><span style=\"color: #000000\">\u00a01. <\/span><\/strong>El formador\/a que reflexiona y toma decisiones desarrolla un modelo docente: <strong>mediacional.<\/strong><\/p>\n<p>&nbsp;<\/p>\n<ol start=\"2\">\n<li>Las metodolog\u00eda generales mas utilizadas son: <strong>Aprendizaje significativo, aut\u00f3nomo, colaborativo, y basado en proyectos\/problemas.<\/strong><\/li>\n<\/ol>\n<p>3. Las actividades de ense\u00f1anza son la que realiza el: <strong>docente \/ formador-a.<\/strong><\/p>\n<p><span style=\"color: #000000\">4. <\/span>Cualquier material utilizado con finalidades did\u00e1cticas es un: <strong>recurso did\u00e1ctico.<\/strong><\/p>\n<p>5. Las dos actividades b\u00e1sicas de la interacci\u00f3n docente son: <strong>la motivaci\u00f3n y la empat\u00eda.<\/strong><\/p>\n<p>&nbsp;<\/p>\n<p>&nbsp;<\/p>\n<p>&nbsp;<\/p>\n<div>\n<div><strong><\/strong>\u00a0<\/div>\n<\/div>\n<p>&nbsp;<\/p>\n<p>&nbsp;<\/p>\n<p><strong><\/strong><\/p>\n","protected":false},"excerpt":{"rendered":"<p>AUTOEVALUACI\u00d3N (1\u00aa parte) \u00a01.- \u00bfQu\u00e9 tres tareas desarrolla un modelo docente?: &#8211; Eval\u00faa (inicial, continua y final), planifica y programa. \u00a02.- \u00bfQu\u00e9 es lo mas dif\u00edcil de conseguir en la tarea formativa?:\u00a0&#8211; La motivaci\u00f3n. \u00a03.- \u00bfQu\u00e9 dos modalidades de formaci\u00f3n &hellip; <a href=\"https:\/\/blogs.ua.es\/coachingthecoathers\/soluciones-a-la-autoevaluacion-del-modulo-2\/\">Continue reading <span class=\"meta-nav\">&rarr;<\/span><\/a><\/p>\n","protected":false},"author":2150,"featured_media":0,"parent":0,"menu_order":0,"comment_status":"open","ping_status":"open","template":"","meta":{"footnotes":""},"class_list":["post-82","page","type-page","status-publish","hentry"],"_links":{"self":[{"href":"https:\/\/blogs.ua.es\/coachingthecoathers\/wp-json\/wp\/v2\/pages\/82","targetHints":{"allow":["GET"]}}],"collection":[{"href":"https:\/\/blogs.ua.es\/coachingthecoathers\/wp-json\/wp\/v2\/pages"}],"about":[{"href":"https:\/\/blogs.ua.es\/coachingthecoathers\/wp-json\/wp\/v2\/types\/page"}],"author":[{"embeddable":true,"href":"https:\/\/blogs.ua.es\/coachingthecoathers\/wp-json\/wp\/v2\/users\/2150"}],"replies":[{"embeddable":true,"href":"https:\/\/blogs.ua.es\/coachingthecoathers\/wp-json\/wp\/v2\/comments?post=82"}],"version-history":[{"count":4,"href":"https:\/\/blogs.ua.es\/coachingthecoathers\/wp-json\/wp\/v2\/pages\/82\/revisions"}],"predecessor-version":[{"id":126,"href":"https:\/\/blogs.ua.es\/coachingthecoathers\/wp-json\/wp\/v2\/pages\/82\/revisions\/126"}],"wp:attachment":[{"href":"https:\/\/blogs.ua.es\/coachingthecoathers\/wp-json\/wp\/v2\/media?parent=82"}],"curies":[{"name":"wp","href":"https:\/\/api.w.org\/{rel}","templated":true}]}}