{"id":9,"date":"2011-09-06T06:14:50","date_gmt":"2011-09-06T06:14:50","guid":{"rendered":"https:\/\/blogs.ua.es\/coachingthecoathers\/?page_id=9"},"modified":"2011-11-22T18:15:35","modified_gmt":"2011-11-22T18:15:35","slug":"modulo-2-planificacion-de-acciones-formativas-evaluacion-de-la-formacion","status":"publish","type":"page","link":"https:\/\/blogs.ua.es\/coachingthecoathers\/modulo-2-planificacion-de-acciones-formativas-evaluacion-de-la-formacion\/","title":{"rendered":"M\u00f3dulo 2.3- Planificaci\u00f3n de acciones formativas: Evaluaci\u00f3n de la formaci\u00f3n"},"content":{"rendered":"<p>Para comenzar a trabajar uno de los aspectos fundamentales de la sesi\u00f3n de trabajo del martes hay que familiarizarse con el concepto de <strong>evaluaci\u00f3n formativa<\/strong>. Precisamente con ese objetivo, el pasado a\u00f1o publicamos un art\u00edculo destinado a la comunidad universistaria, algo lejana al uso del concepto. Aqu\u00ed os lo remito, y el martes trabajaremos, entre otras cosas, sobre el.<\/p>\n<p>\u00a0<a href=\"https:\/\/blogs.ua.es\/coachingthecoathers\/files\/2011\/09\/LA-EVALUACION-FORMATIVA-ESA-GRAN-DESCONOCIDA.pdf\">LA EVALUACION FORMATIVA ESA GRAN DESCONOCIDA<\/a><\/p>\n<p>Como ya os coment\u00e9, y luego se me olvid\u00f3, os env\u00edo un peque\u00f1o dossier de t\u00e9cnicas de estudio que puede serviros para iniciaros en estas estrategias tan importantes para un buen arendizaje.<\/p>\n<p><a href=\"https:\/\/blogs.ua.es\/coachingthecoathers\/files\/2011\/09\/T\u00e9cnicas-de-estudio.pdf\">T\u00e9cnicas de estudio<\/a><\/p>\n<p>Y como os he dicho esta ma\u00f1ana, os env\u00edo el cuestionario de evaluaci\u00f3n final. Cuando le teng\u00e1is cumplimentado me lo pod\u00e9is remitir a mi coreo electr\u00f3nico, que os recuerdo que es:\u00a0<strong><a href=\"mailto:jdatua@gmail.com\">jdatua@gmail.com<\/a><\/strong><\/p>\n<p>Aqu\u00ed va el cuestionario en PDF, porque el blog no me deja subir el archivo en word. Tendr\u00e9is que escanearlo para remit\u00edrmelo, o dejarlo en alg\u00fan sitio para que yo lo recoja el d\u00eda que os devuelva las programaciones.<\/p>\n<p>\u00a0<a href=\"https:\/\/blogs.ua.es\/coachingthecoathers\/files\/2011\/09\/CUESTIONARIO-DE-EVALUACI\u00d3N-FINAL-BLOG1.pdf\">CUESTIONARIO DE EVALUACI\u00d3N FINAL BLOG<\/a><\/p>\n<p>Hasta siempre.<\/p>\n","protected":false},"excerpt":{"rendered":"<p>Para comenzar a trabajar uno de los aspectos fundamentales de la sesi\u00f3n de trabajo del martes hay que familiarizarse con el concepto de evaluaci\u00f3n formativa. Precisamente con ese objetivo, el pasado a\u00f1o publicamos un art\u00edculo destinado a la comunidad universistaria, &hellip; <a href=\"https:\/\/blogs.ua.es\/coachingthecoathers\/modulo-2-planificacion-de-acciones-formativas-evaluacion-de-la-formacion\/\">Continue reading <span class=\"meta-nav\">&rarr;<\/span><\/a><\/p>\n","protected":false},"author":1687,"featured_media":0,"parent":0,"menu_order":0,"comment_status":"open","ping_status":"open","template":"","meta":{"footnotes":""},"class_list":["post-9","page","type-page","status-publish","hentry"],"_links":{"self":[{"href":"https:\/\/blogs.ua.es\/coachingthecoathers\/wp-json\/wp\/v2\/pages\/9","targetHints":{"allow":["GET"]}}],"collection":[{"href":"https:\/\/blogs.ua.es\/coachingthecoathers\/wp-json\/wp\/v2\/pages"}],"about":[{"href":"https:\/\/blogs.ua.es\/coachingthecoathers\/wp-json\/wp\/v2\/types\/page"}],"author":[{"embeddable":true,"href":"https:\/\/blogs.ua.es\/coachingthecoathers\/wp-json\/wp\/v2\/users\/1687"}],"replies":[{"embeddable":true,"href":"https:\/\/blogs.ua.es\/coachingthecoathers\/wp-json\/wp\/v2\/comments?post=9"}],"version-history":[{"count":7,"href":"https:\/\/blogs.ua.es\/coachingthecoathers\/wp-json\/wp\/v2\/pages\/9\/revisions"}],"predecessor-version":[{"id":160,"href":"https:\/\/blogs.ua.es\/coachingthecoathers\/wp-json\/wp\/v2\/pages\/9\/revisions\/160"}],"wp:attachment":[{"href":"https:\/\/blogs.ua.es\/coachingthecoathers\/wp-json\/wp\/v2\/media?parent=9"}],"curies":[{"name":"wp","href":"https:\/\/api.w.org\/{rel}","templated":true}]}}