{"id":64,"date":"2012-12-19T17:41:02","date_gmt":"2012-12-19T17:41:02","guid":{"rendered":"https:\/\/blogs.ua.es\/comercioenlossiglosxvyxvi\/?page_id=64"},"modified":"2013-01-09T20:21:42","modified_gmt":"2013-01-09T20:21:42","slug":"bibliografia","status":"publish","type":"page","link":"https:\/\/blogs.ua.es\/comercioenlossiglosxvyxvi\/bibliografia\/","title":{"rendered":"Bibliograf\u00eda"},"content":{"rendered":"<p><span style=\"color: #ff0000\">Libros de consulta<\/span><\/p>\n<ul>\n<li>Historia de Espa\u00f1a<\/li>\n<li>Historia del mundo. Edad Moderna\u00a0 Eduardo Ibarra Rodriguez (1940)<\/li>\n<li>Naves, puertos e itinerarios mar\u00edtimos en la \u00e9poca moderna. Jose Luis Casado Soto<\/li>\n<li>Las grandes rutas del comercio. Jean Duch\u00e9 (1970)<\/li>\n<\/ul>\n<p>&nbsp;<\/p>\n<p><span style=\"color: #ff0000\">P\u00e1gina web de consulta<\/span><\/p>\n<ul>\n<li><a href=\"http:\/\/es.wikipedia.org\/wiki\/Descubrimiento_de_Am%C3%A9rica\">http:\/\/es.wikipedia.org\/wiki\/Descubrimiento_de_Am%C3%A9rica<\/a><\/li>\n<li><a href=\"http:\/\/html.rincondelvago.com\/siglo-xvi_comercio-entre-america-y-europa.html\">http:\/\/html.rincondelvago.com\/siglo-xvi_comercio-entre-america-y-europa.html<\/a><\/li>\n<li><a href=\"http:\/\/gestiondelaexportaciondued5.blogspot.com.es\/2012\/03\/la-ruta-de-comercio-europa-asia.html\">http:\/\/gestiondelaexportaciondued5.blogspot.com.es\/2012\/03\/la-ruta-de-comercio-europa-asia.html<\/a><\/li>\n<li>\u00a0<a href=\"http:\/\/mabierto.wordpress.com\/2009\/03\/02\/asia-africa-2009-2010-la-ruta-de-la-seda-el-nilo-y-el-congo\/\">http:\/\/mabierto.wordpress.com\/2009\/03\/02\/asia-africa-2009-2010-la-ruta-de-la-seda-el-nilo-y-el-congo\/<\/a><\/li>\n<li><a href=\"http:\/\/historiaeconomicamoderna.blogspot.com\/2010\/01\/comercio.html\">http:\/\/historiaeconomicamoderna.blogspot.com\/2010\/01\/comercio.html<\/a><\/li>\n<li><a href=\"http:\/\/www.educahistoria.com\/javierosset\/documentos\/Edad%20Moderna.pdf\">http:\/\/www.educahistoria.com\/javierosset\/documentos\/Edad%20Moderna.pdf<\/a><\/li>\n<li><a href=\"http:\/\/es.wikipedia.org\/wiki\/Wikipedia:Portada\">http:\/\/es.wikipedia.org\/wiki\/Wikipedia:Portada<\/a><\/li>\n<li><a href=\"http:\/\/historia.mforos.com\/725447\/5199805-la-ruta-de-la-seda\/\">http:\/\/historia.mforos.com\/725447\/5199805-la-ruta-de-la-seda\/<\/a><\/li>\n<li><a href=\"http:\/\/commons.wikimedia.org\/wiki\/File:Marco_Polo_portrait.jpg\">http:\/\/commons.wikimedia.org\/wiki\/File:Marco_Polo_portrait.jpg<\/a><\/li>\n<li><a href=\"http:\/\/es.wikipedia.org\/wiki\/Marco_Polo\">http:\/\/es.wikipedia.org\/wiki\/Marco_Polo<\/a><\/li>\n<\/ul>\n","protected":false},"excerpt":{"rendered":"<p>Libros de consulta Historia de Espa\u00f1a Historia del mundo. Edad Moderna\u00a0 Eduardo Ibarra Rodriguez (1940) Naves, puertos e itinerarios mar\u00edtimos en la \u00e9poca moderna. Jose Luis Casado Soto Las grandes rutas del comercio. Jean Duch\u00e9 (1970) &nbsp; P\u00e1gina web de &hellip; <a href=\"https:\/\/blogs.ua.es\/comercioenlossiglosxvyxvi\/bibliografia\/\">Continue reading <span class=\"meta-nav\">&rarr;<\/span><\/a><\/p>\n","protected":false},"author":2742,"featured_media":0,"parent":0,"menu_order":0,"comment_status":"open","ping_status":"open","template":"","meta":{"footnotes":""},"class_list":["post-64","page","type-page","status-publish","hentry"],"_links":{"self":[{"href":"https:\/\/blogs.ua.es\/comercioenlossiglosxvyxvi\/wp-json\/wp\/v2\/pages\/64","targetHints":{"allow":["GET"]}}],"collection":[{"href":"https:\/\/blogs.ua.es\/comercioenlossiglosxvyxvi\/wp-json\/wp\/v2\/pages"}],"about":[{"href":"https:\/\/blogs.ua.es\/comercioenlossiglosxvyxvi\/wp-json\/wp\/v2\/types\/page"}],"author":[{"embeddable":true,"href":"https:\/\/blogs.ua.es\/comercioenlossiglosxvyxvi\/wp-json\/wp\/v2\/users\/2742"}],"replies":[{"embeddable":true,"href":"https:\/\/blogs.ua.es\/comercioenlossiglosxvyxvi\/wp-json\/wp\/v2\/comments?post=64"}],"version-history":[{"count":9,"href":"https:\/\/blogs.ua.es\/comercioenlossiglosxvyxvi\/wp-json\/wp\/v2\/pages\/64\/revisions"}],"predecessor-version":[{"id":184,"href":"https:\/\/blogs.ua.es\/comercioenlossiglosxvyxvi\/wp-json\/wp\/v2\/pages\/64\/revisions\/184"}],"wp:attachment":[{"href":"https:\/\/blogs.ua.es\/comercioenlossiglosxvyxvi\/wp-json\/wp\/v2\/media?parent=64"}],"curies":[{"name":"wp","href":"https:\/\/api.w.org\/{rel}","templated":true}]}}