{"id":66,"date":"2012-12-19T17:41:13","date_gmt":"2012-12-19T17:41:13","guid":{"rendered":"https:\/\/blogs.ua.es\/comercioenlossiglosxvyxvi\/?page_id=66"},"modified":"2013-01-05T19:16:18","modified_gmt":"2013-01-05T19:16:18","slug":"cronologia","status":"publish","type":"page","link":"https:\/\/blogs.ua.es\/comercioenlossiglosxvyxvi\/cronologia\/","title":{"rendered":"Cronolog\u00eda"},"content":{"rendered":"<p>(El comercio en los siglos xv y xvi se refiere unas \u00e9pocas,un poco de los musulmanes,los reinos cristianos,y los reyes cat\u00f3licos)<\/p>\n<p>&nbsp;<\/p>\n","protected":false},"excerpt":{"rendered":"<p>(El comercio en los siglos xv y xvi se refiere unas \u00e9pocas,un poco de los musulmanes,los reinos cristianos,y los reyes cat\u00f3licos) &nbsp;<\/p>\n","protected":false},"author":2742,"featured_media":0,"parent":0,"menu_order":0,"comment_status":"open","ping_status":"open","template":"","meta":{"footnotes":""},"class_list":["post-66","page","type-page","status-publish","hentry"],"_links":{"self":[{"href":"https:\/\/blogs.ua.es\/comercioenlossiglosxvyxvi\/wp-json\/wp\/v2\/pages\/66","targetHints":{"allow":["GET"]}}],"collection":[{"href":"https:\/\/blogs.ua.es\/comercioenlossiglosxvyxvi\/wp-json\/wp\/v2\/pages"}],"about":[{"href":"https:\/\/blogs.ua.es\/comercioenlossiglosxvyxvi\/wp-json\/wp\/v2\/types\/page"}],"author":[{"embeddable":true,"href":"https:\/\/blogs.ua.es\/comercioenlossiglosxvyxvi\/wp-json\/wp\/v2\/users\/2742"}],"replies":[{"embeddable":true,"href":"https:\/\/blogs.ua.es\/comercioenlossiglosxvyxvi\/wp-json\/wp\/v2\/comments?post=66"}],"version-history":[{"count":4,"href":"https:\/\/blogs.ua.es\/comercioenlossiglosxvyxvi\/wp-json\/wp\/v2\/pages\/66\/revisions"}],"predecessor-version":[{"id":173,"href":"https:\/\/blogs.ua.es\/comercioenlossiglosxvyxvi\/wp-json\/wp\/v2\/pages\/66\/revisions\/173"}],"wp:attachment":[{"href":"https:\/\/blogs.ua.es\/comercioenlossiglosxvyxvi\/wp-json\/wp\/v2\/media?parent=66"}],"curies":[{"name":"wp","href":"https:\/\/api.w.org\/{rel}","templated":true}]}}