{"id":15,"date":"2011-12-02T09:33:47","date_gmt":"2011-12-02T09:33:47","guid":{"rendered":"https:\/\/blogs.ua.es\/comunicacionalicantefranquismo\/?page_id=15"},"modified":"2011-12-02T09:33:47","modified_gmt":"2011-12-02T09:33:47","slug":"pagina-de-prueba","status":"publish","type":"page","link":"https:\/\/blogs.ua.es\/comunicacionalicantefranquismo\/pagina-de-prueba\/","title":{"rendered":"P\u00e1gina de Prueba"},"content":{"rendered":"<p>Volvemos a realizar otra prueba, esta vez con la opci\u00f3n de p\u00e1ginas. De la asignatura de Fuentes y Documentos, de 1\u00ba del Grado de Geograf\u00eda y Ordenaci\u00f3n del Territorio, de la Universidad de Alicante.<\/p>\n","protected":false},"excerpt":{"rendered":"<p>Volvemos a realizar otra prueba, esta vez con la opci\u00f3n de p\u00e1ginas. De la asignatura de Fuentes y Documentos, de 1\u00ba del Grado de Geograf\u00eda y Ordenaci\u00f3n del Territorio, de la Universidad de Alicante.<\/p>\n","protected":false},"author":2438,"featured_media":0,"parent":0,"menu_order":0,"comment_status":"open","ping_status":"open","template":"","meta":{"footnotes":""},"class_list":["post-15","page","type-page","status-publish","hentry"],"_links":{"self":[{"href":"https:\/\/blogs.ua.es\/comunicacionalicantefranquismo\/wp-json\/wp\/v2\/pages\/15","targetHints":{"allow":["GET"]}}],"collection":[{"href":"https:\/\/blogs.ua.es\/comunicacionalicantefranquismo\/wp-json\/wp\/v2\/pages"}],"about":[{"href":"https:\/\/blogs.ua.es\/comunicacionalicantefranquismo\/wp-json\/wp\/v2\/types\/page"}],"author":[{"embeddable":true,"href":"https:\/\/blogs.ua.es\/comunicacionalicantefranquismo\/wp-json\/wp\/v2\/users\/2438"}],"replies":[{"embeddable":true,"href":"https:\/\/blogs.ua.es\/comunicacionalicantefranquismo\/wp-json\/wp\/v2\/comments?post=15"}],"version-history":[{"count":2,"href":"https:\/\/blogs.ua.es\/comunicacionalicantefranquismo\/wp-json\/wp\/v2\/pages\/15\/revisions"}],"predecessor-version":[{"id":17,"href":"https:\/\/blogs.ua.es\/comunicacionalicantefranquismo\/wp-json\/wp\/v2\/pages\/15\/revisions\/17"}],"wp:attachment":[{"href":"https:\/\/blogs.ua.es\/comunicacionalicantefranquismo\/wp-json\/wp\/v2\/media?parent=15"}],"curies":[{"name":"wp","href":"https:\/\/api.w.org\/{rel}","templated":true}]}}