{"id":13,"date":"2012-06-11T13:53:37","date_gmt":"2012-06-11T13:53:37","guid":{"rendered":"https:\/\/blogs.ua.es\/comunicacioneinfancia\/?page_id=13"},"modified":"2012-06-11T14:32:47","modified_gmt":"2012-06-11T14:32:47","slug":"contacto","status":"publish","type":"page","link":"https:\/\/blogs.ua.es\/comunicacioneinfancia\/contacto\/","title":{"rendered":"Contacto"},"content":{"rendered":"<p>&nbsp;<\/p>\n<table class=\"tipo1\" style=\"height: 161px;width: 591px\" border=\"0\">\n<tbody>\n<tr class=\"titulo\">\n<td style=\"text-align: center\"><strong>Secretar\u00eda<\/strong><\/td>\n<td style=\"text-align: center\">\u00a0<strong>Victoria Tur Vi\u00f1es<\/strong><\/td>\n<td style=\"text-align: center\"><strong><br \/>\n<\/strong><\/td>\n<\/tr>\n<tr>\n<td style=\"text-align: center\">Dpto. Comunicaci\u00f3n y Psicolog\u00eda Social<br \/>\nCampus\u00a0San Vicente del Raspeig Ap.99. E-03080 Alicante<\/td>\n<td style=\"text-align: center\">\u00a0Profesora Titular de la Universidad de Alicante<\/td>\n<td style=\"text-align: center\"><\/td>\n<\/tr>\n<tr>\n<td style=\"text-align: center\"><strong><a href=\"mailto:dcps@ua.es\">dcps@ua.es<\/a><\/strong><\/td>\n<td style=\"text-align: center\"><strong>\u00a0<a href=\"mailto:Victoria.Tur@ua.es\">Victoria.Tur@ua.es<\/a><\/strong><\/td>\n<\/tr>\n<\/tbody>\n<\/table>\n<p>Si lo prefieres\u2026 <a href=\"https:\/\/docs.google.com\/spreadsheet\/viewform?formkey=dExXeU8yX2NTeUlxVmkwRUU3emlieFE6MQ\"> Pincha aqu\u00ed para rellenar el formulario<\/a><\/p>\n","protected":false},"excerpt":{"rendered":"<p>&nbsp; Secretar\u00eda \u00a0Victoria Tur Vi\u00f1es Dpto. Comunicaci\u00f3n y Psicolog\u00eda Social Campus\u00a0San Vicente del Raspeig Ap.99. E-03080 Alicante \u00a0Profesora Titular de la Universidad de Alicante dcps@ua.es \u00a0Victoria.Tur@ua.es Si lo prefieres\u2026 Pincha aqu\u00ed para rellenar el formulario<\/p>\n","protected":false},"author":2406,"featured_media":0,"parent":0,"menu_order":0,"comment_status":"open","ping_status":"open","template":"","meta":{"footnotes":""},"class_list":["post-13","page","type-page","status-publish","hentry"],"_links":{"self":[{"href":"https:\/\/blogs.ua.es\/comunicacioneinfancia\/wp-json\/wp\/v2\/pages\/13","targetHints":{"allow":["GET"]}}],"collection":[{"href":"https:\/\/blogs.ua.es\/comunicacioneinfancia\/wp-json\/wp\/v2\/pages"}],"about":[{"href":"https:\/\/blogs.ua.es\/comunicacioneinfancia\/wp-json\/wp\/v2\/types\/page"}],"author":[{"embeddable":true,"href":"https:\/\/blogs.ua.es\/comunicacioneinfancia\/wp-json\/wp\/v2\/users\/2406"}],"replies":[{"embeddable":true,"href":"https:\/\/blogs.ua.es\/comunicacioneinfancia\/wp-json\/wp\/v2\/comments?post=13"}],"version-history":[{"count":6,"href":"https:\/\/blogs.ua.es\/comunicacioneinfancia\/wp-json\/wp\/v2\/pages\/13\/revisions"}],"predecessor-version":[{"id":50,"href":"https:\/\/blogs.ua.es\/comunicacioneinfancia\/wp-json\/wp\/v2\/pages\/13\/revisions\/50"}],"wp:attachment":[{"href":"https:\/\/blogs.ua.es\/comunicacioneinfancia\/wp-json\/wp\/v2\/media?parent=13"}],"curies":[{"name":"wp","href":"https:\/\/api.w.org\/{rel}","templated":true}]}}