{"id":2,"date":"2012-06-11T13:37:45","date_gmt":"2012-06-11T13:37:45","guid":{"rendered":"https:\/\/blogs.ua.es\/comunicacioneinfancia\/?page_id=2"},"modified":"2017-10-01T15:55:05","modified_gmt":"2017-10-01T15:55:05","slug":"equipo","status":"publish","type":"page","link":"https:\/\/blogs.ua.es\/comunicacioneinfancia\/equipo\/","title":{"rendered":"Equipo"},"content":{"rendered":"<h2><strong>Investigadores<\/strong><\/h2>\n<table border=\"0\">\n<tbody>\n<tr>\n<td>\n<p><div id=\"attachment_272\" style=\"width: 160px\" class=\"wp-caption alignnone\"><a href=\"http:\/\/cv1.cpd.ua.es\/ConsPlanesEstudio\/ConsGrpInv\/buscapubli.asp?codGrupo=352297&amp;idioma=C&amp;wArticulo=on&amp;wLibro=on&amp;wAutor=2255\"><img loading=\"lazy\" decoding=\"async\" aria-describedby=\"caption-attachment-272\" class=\"size-thumbnail wp-image-272 \" src=\"https:\/\/blogs.ua.es\/comunicacionypublicosespecificos\/files\/2011\/11\/Victoria_mini-150x150.jpg\" alt=\"\" width=\"150\" height=\"150\" \/><\/a><p id=\"caption-attachment-272\" class=\"wp-caption-text\">Victoria Tur<\/p><\/div><\/td>\n<td>\n<p><div id=\"attachment_278\" style=\"width: 160px\" class=\"wp-caption alignnone\"><a href=\"https:\/\/blogs.ua.es\/comunicacionypublicosespecificos\/files\/2011\/11\/IRENE-RAMOS.pdf\"><img loading=\"lazy\" decoding=\"async\" aria-describedby=\"caption-attachment-278\" class=\"size-thumbnail wp-image-278 \" src=\"https:\/\/blogs.ua.es\/comunicacionypublicosespecificos\/files\/2011\/11\/Irene_mini1-150x150.jpg\" alt=\"\" width=\"150\" height=\"150\" \/><\/a><p id=\"caption-attachment-278\" class=\"wp-caption-text\">Irene Ramos-Soler<\/p><\/div><\/td>\n<td width=\"224\">\n<p><div id=\"attachment_329\" style=\"width: 160px\" class=\"wp-caption alignnone\"><a href=\"https:\/\/blogs.ua.es\/comunicacionypublicosespecificos\/files\/2011\/11\/Carmen-Lopez-Sanchez.pdf\"><img loading=\"lazy\" decoding=\"async\" aria-describedby=\"caption-attachment-329\" class=\"size-thumbnail wp-image-329 \" src=\"https:\/\/blogs.ua.es\/comunicacionypublicosespecificos\/files\/2011\/11\/Carmen-150x150.png\" alt=\"\" width=\"150\" height=\"150\" \/><\/a><p id=\"caption-attachment-329\" class=\"wp-caption-text\">Carmen L\u00f3pez-S\u00e1nchez<\/p><\/div><\/td>\n<\/tr>\n<\/tbody>\n<\/table>\n<p><strong>MIEMBROS<\/strong>: <a href=\"https:\/\/cvnet.cpd.ua.es\/curriculum-breve\/es\/tur-vines-victoria\/5345\">Victoria Tur Vi\u00f1es<\/a>, <a href=\"https:\/\/cvnet.cpd.ua.es\/curriculum-breve\/es\/ramos-soler-irene\/13767\">Irene Ramos Soler<\/a> y <a href=\"https:\/\/cvnet.cpd.ua.es\/curriculum-breve\/es\/lopez-sanchez-maria-del-carmen\/17288\">Carmen L\u00f3pez-S\u00e1nchez<\/a>.<\/p>\n<p>Tambi\u00e9n han colaborado de forma temporal <strong>profesores<\/strong> del \u00e1mbito de la econom\u00eda (Dr. Ildefonso Grande Esteban, Dra. Macarena Lozano Oyola y Lcdo. Luis Benjam\u00edn Romero Landa), la filolog\u00eda (Dolores Fern\u00e1ndez), la publicidad (Concepci\u00f3n Campillo) y las relaciones p\u00fablicas (M\u00aa Carmen Carret\u00f3n).<\/p>\n<p>En calidad de <strong>t\u00e9cnicos<\/strong> contratados colaboradores con el grupo de investigaci\u00f3n, han participado Jos\u00e9 Manuel Garc\u00eda, Estefan\u00eda Samaniego, Cristina Gonz\u00e1lez, Eva Espinar, Jaur\u00e9s Sanch\u00eds, Carlos Verd\u00fa y Maite Franc\u00e9s.<\/p>\n<p>&nbsp;<\/p>\n<p><strong>COLABORACIONES<\/strong><\/p>\n<p><a href=\"https:\/\/www.unicef.org\/es\">UNICEF<\/a>, <a href=\"http:\/\/taconline.net\/\">Telespectadores Asociados de Catalu\u00f1a (TAC)<\/a>, ATR-CV\u00a0<a href=\"http:\/\/atrcv.org\/\">Asociaci\u00f3n de Consumidores de Medios de la Comunidad Valenciana<\/a>, <a href=\"https:\/\/www.prisa.com\/es\/info\/audiovisual\">Grupo Prisa<\/a>, <a href=\"https:\/\/www.grupocomunicar.com\/\">Grupo Comunicar<\/a>,\u00a0 <a href=\"http:\/\/www.oeti.org\/web\/index.php\">Observatorio Europeo de la Televisi\u00f3n Infantil (OETI)<\/a>, <a href=\"http:\/\/www.aiju.info\/\">Intituto Tecnol\u00f3gico del juguete (AIJU)<\/a>, <a href=\"http:\/\/www.famosa.es\/es\/\">Famosa<\/a>, <a href=\"https:\/\/www.megabrands.com\/es-es\/\">Megabrands<\/a>,<a href=\"http:\/\/www.zapf-creation.com\/\"> Zapf Creation<\/a>, <a href=\"https:\/\/www.upf.edu\/es\/\">Universitat Pompeu Fabra<\/a>,\u00a0<a href=\"http:\/\/catedratmkf.es\/es\/home\/\">C\u00e1tedra\u00a0de Comunicaci\u00f3n y Marketing Infantil y Adolescente TMKF<\/a>, <a href=\"http:\/\/www.icmedianet.org\/es\/\">iCmedia Federaci\u00f3n de Asociaciones de Consumidores y Usuarios de los Medios<\/a>, <a href=\"https:\/\/www.infanciaycomunicacion.org\/\">Asociaci\u00f3n Internacional para la Investigaci\u00f3n sobre infancia, juventud y comunicaci\u00f3n Kids&amp;Com<\/a>.<\/p>\n","protected":false},"excerpt":{"rendered":"<p>Investigadores MIEMBROS: Victoria Tur Vi\u00f1es, Irene Ramos Soler y Carmen L\u00f3pez-S\u00e1nchez. Tambi\u00e9n han colaborado de forma temporal profesores del \u00e1mbito de la econom\u00eda (Dr. Ildefonso Grande Esteban, Dra. Macarena Lozano Oyola y Lcdo. Luis Benjam\u00edn Romero Landa), la filolog\u00eda (Dolores &hellip; <a href=\"https:\/\/blogs.ua.es\/comunicacioneinfancia\/equipo\/\">Continue reading <span class=\"meta-nav\">&rarr;<\/span><\/a><\/p>\n","protected":false},"author":2406,"featured_media":0,"parent":0,"menu_order":0,"comment_status":"open","ping_status":"open","template":"","meta":{"footnotes":""},"class_list":["post-2","page","type-page","status-publish","hentry"],"_links":{"self":[{"href":"https:\/\/blogs.ua.es\/comunicacioneinfancia\/wp-json\/wp\/v2\/pages\/2","targetHints":{"allow":["GET"]}}],"collection":[{"href":"https:\/\/blogs.ua.es\/comunicacioneinfancia\/wp-json\/wp\/v2\/pages"}],"about":[{"href":"https:\/\/blogs.ua.es\/comunicacioneinfancia\/wp-json\/wp\/v2\/types\/page"}],"author":[{"embeddable":true,"href":"https:\/\/blogs.ua.es\/comunicacioneinfancia\/wp-json\/wp\/v2\/users\/2406"}],"replies":[{"embeddable":true,"href":"https:\/\/blogs.ua.es\/comunicacioneinfancia\/wp-json\/wp\/v2\/comments?post=2"}],"version-history":[{"count":10,"href":"https:\/\/blogs.ua.es\/comunicacioneinfancia\/wp-json\/wp\/v2\/pages\/2\/revisions"}],"predecessor-version":[{"id":414,"href":"https:\/\/blogs.ua.es\/comunicacioneinfancia\/wp-json\/wp\/v2\/pages\/2\/revisions\/414"}],"wp:attachment":[{"href":"https:\/\/blogs.ua.es\/comunicacioneinfancia\/wp-json\/wp\/v2\/media?parent=2"}],"curies":[{"name":"wp","href":"https:\/\/api.w.org\/{rel}","templated":true}]}}