{"id":29,"date":"2012-06-11T14:17:40","date_gmt":"2012-06-11T14:17:40","guid":{"rendered":"https:\/\/blogs.ua.es\/comunicacioneinfancia\/?page_id=29"},"modified":"2017-10-01T15:25:16","modified_gmt":"2017-10-01T15:25:16","slug":"contenidos-audiovisuales-infantiles","status":"publish","type":"page","link":"https:\/\/blogs.ua.es\/comunicacioneinfancia\/contenidos-audiovisuales-infantiles\/","title":{"rendered":"Contenidos Audiovisuales Infantiles"},"content":{"rendered":"<p><strong>CERTIFICACI\u00d3N DE CONTENIDOS AUDIOVISUALES INFANTILES<\/strong><\/p>\n<ul>\n<li>Tur-Vi\u00f1es, V., Fuente-Cobo, C. (2015).\u00a0 El c\u00f3digo de autorregulaci\u00f3n sobre contenidos televisivos e infancia. An\u00e1lisis cr\u00edtico y propuestas de mejora. En Fuente Cobo, C. et al. <a href=\"https:\/\/www.amazon.es\/Criterios-Procedimientos-Calificaci%C3%B3n-Contenidos-Audiovisuales\/dp\/8488788940\"><em>Criterios y procedimientos de calificaci\u00f3n de contenidos audiovisuales<\/em><\/a>. Colecci\u00f3n Informes del Instituto (pp. 73-86). Madrid: Instituto de Radio y Televisi\u00f3n Espa\u00f1ola (IRTVE). ISBN: 978-84-88788-94-8.<\/li>\n<li><\/li>\n<li>Tur-Vi\u00f1es, V., Mu\u00f1oz Salda\u00f1a, M. y Mora- Figueroa Monfort, B. (2015).\u00a0 An\u00e1lisis internacional de modelos de clasificaci\u00f3n de contenidos. Estudio comparativo y en profundidad del modelo holand\u00e9s y brit\u00e1nico. En Fuente Cobo, C. et al. <a href=\"https:\/\/www.amazon.es\/Criterios-Procedimientos-Calificaci%C3%B3n-Contenidos-Audiovisuales\/dp\/8488788940\"><em>Criterios y procedimientos de calificaci\u00f3n de contenidos audiovisuales<\/em><\/a>. Colecci\u00f3n Informes del Instituto (pp. 59-78) Madrid: Instituto de Radio y Televisi\u00f3n Espa\u00f1ola (IRTVE). ISBN: 978-84-88788-94-8.<\/li>\n<li><\/li>\n<li>Fuente Cobo, C., Ort\u00edz Sobrino, M.\u00c1., Tur-Vi\u00f1es, V., Mart\u00ednez Otero, J., Mu\u00f1oz Salda\u00f1a, M. y Mora- Figueroa Monfort, B. (2015). <a href=\"https:\/\/www.amazon.es\/Criterios-Procedimientos-Calificaci%C3%B3n-Contenidos-Audiovisuales\/dp\/8488788940\"><em>Criterios y procedimientos de calificaci\u00f3n de contenidos audiovisuales<\/em><\/a>. Colecci\u00f3n Informes del Instituto. Madrid: Instituto de Radio y Televisi\u00f3n Espa\u00f1ola (IRTVE). ISBN: 978-84-88788-94-8. P\u00e1ginas: 131.<\/li>\n<li><\/li>\n<li>Tur-Vi\u00f1es, T. et al. (2008). Contenidos program\u00e1ticos audiovisuales: Experiencias internacionales en regulaci\u00f3n. Sphera P\u00fablica, Revista de Ciencias Sociales y Comunicaci\u00f3n, 8, 41-64.\u00a0\u00a0<a href=\"https:\/\/blogs.ua.es\/comunicacioneinfancia\/files\/2012\/09\/SPHERA-contenidos-programaticos-audiovisuales-experiencias-internacionales-en-regulacion-CORTO.pdf\">Texto Completo<\/a><\/li>\n<li><\/li>\n<li>Tur-Vi\u00f1es, T y Gonz\u00e1lez-D\u00edaz, C. (2008). Conte\u00fados audiovisuales de qualidade dirigidos ao p\u00fablico infantil. Discursos e Pr\u00e1ticas de Qualidade na Televis\u00e1o, 287-312.<a href=\"https:\/\/blogs.ua.es\/comunicacioneinfancia\/files\/2012\/09\/TUR-Y-GONZALEZ-ConteUdos-audiovisuales-de-qualidade-dirigidos-ao-publico-infantil.pdf\">\u00a0Texto Completo<\/a><\/li>\n<\/ul>\n<ul>\n<li>Lozano-Oyola, M. y Romero-Landa, L.B. (2006). La regulaci\u00f3n europea del mercado televisivo para la protecci\u00f3n de los menores. En\u00a0<em>IX Congreso Internacional Ibercom. El espacio iberoamericano de comunicaci\u00f3n en la era digital<\/em>. Sevilla, Espa\u00f1a: Facultad de Comunicaci\u00f3n de la Universidad de Sevilla.\u00a0<a href=\"https:\/\/blogs.ua.es\/comunicacioneinfancia\/files\/2012\/09\/LOZANO-Y-ROMERO-2006-La-regulacion-europea-del-mercado-televisivo-para-la-proteccion-de-los-menores.pdf\">Texto Completo<\/a><\/li>\n<\/ul>\n<ul>\n<li>\u00a0Tur-Vi\u00f1es, V. (2006) Desde la experiencia de producto a la creaci\u00f3n\u00a0de experiencias.\u00a0<em>Revista Recre@rte<\/em>, 5.\u00a0<a href=\"http:\/\/www.iacat.com\/revista\/recrearte\/recrearte05\/Seccion4\/Experiencia.htm#_ftnref4\" target=\"_blank\" rel=\"noopener\">http:\/\/www.iacat.com\/revista\/recrearte\/recrearte05\/Seccion4\/Experiencia.htm#_ftnref4<\/a><\/li>\n<\/ul>\n<ul>\n<li>Lozano-Oyola, M. y Romero-Landa, L.B. (2006). Los contenidos televisivos y la protecci\u00f3n de los menores desde una perspectiva econ\u00f3mica: la certificaci\u00f3n de la calidad. En\u00a0<em>XX Reuni\u00f3n Anual ASEPELT-ESPA\u00d1A<\/em>. La Laguna, Espa\u00f1a: Departamento de Econom\u00eda de las Instituciones, Estad\u00edstica Econ\u00f3mica y Econometr\u00eda de la Universidad de La Laguna.\u00a0<a href=\"https:\/\/blogs.ua.es\/comunicacioneinfancia\/files\/2012\/09\/LOZANO-Y-ROMERO-2006-Los-contenidos-televisivos-y-la-proteccion-de-los-menores-desde-una-perspectiva-economica-la-certificacion-de-la-calidad.pdf\">Texto Completo<\/a><\/li>\n<\/ul>\n<ul>\n<li>Tur-Vi\u00f1es, T. (2006). La calidad del audiovisual infantil, desde el receptor. En\u00a0<em>VII Foro Universitario de Investigaci\u00f3n en Comunicaci\u00f3n<\/em>. (pp. 171-180). Madrid, Espa\u00f1a: Edipo.\u00a0<a href=\"https:\/\/blogs.ua.es\/comunicacioneinfancia\/files\/2012\/06\/Tur-2005-EL-CONCEPTO-DE-CALIDAD-DEL-CONTENIDO-AUDIOVISUAL-DESDE-EL-EMISOR.pdf\">Texto Completo<\/a><\/li>\n<\/ul>\n<ul>\n<li>Carret\u00f3n-Ballester, C y Espinar, E. (2005). Metodolog\u00eda para el estudio de la calidad de los contenidos audiovisuales program\u00e1ticos dirigidos a la infancia: trabajo de campo en centros escolares de Alicante.\u00a0<em>La Televisi\u00f3n que queremos\u2026 hacia una TV de calidad<\/em>. Vol. XIII, Num. 25, 2\u00ba semestre.\u00a0<a href=\"https:\/\/blogs.ua.es\/comunicacioneinfancia\/files\/2012\/06\/CARRETON-Y-ESPINAR-2005-Metodolog\u00eda-para-el-estudio-de-la-calidad-de-los-contenidos-audiovisualesprogram\u00e1ticos-dirigidos-a-la-infancia.pdf\">Texto Completo<\/a><\/li>\n<\/ul>\n<ul>\n<li>Franc\u00e9s-Barcel\u00f3, M. T. (2005) \u00bfLudistas o convencidos? Una aproximaci\u00f3n a la realidad televisiva infantil.\u00a0<em>La Televisi\u00f3n que queremos\u2026 hacia una TV de calidad<\/em>, Vol. XIII, Num. 25, 2\u00ba semestre.\u00a0<a href=\"https:\/\/blogs.ua.es\/comunicacioneinfancia\/files\/2012\/06\/FRANCES-2005-Ludistas-o-convencidos-una-aproximaci\u00f3n-a-la-realidad-televisiva-infantil.pdf\">Texto Completo<\/a><\/li>\n<\/ul>\n<ul>\n<li>Gonz\u00e1lez-D\u00edaz, C. (2005) Programaci\u00f3n infantil: entre la educaci\u00f3n y el entretenimiento.\u00a0<em>La Televisi\u00f3n que queremos\u2026 hacia una TV de calidad<\/em>. Vol. XIII, Num. 25, 2\u00ba semestre.\u00a0<a href=\"https:\/\/blogs.ua.es\/comunicacioneinfancia\/files\/2012\/09\/GONZALEZ-2005-Programacion-infantil-entre-la-educacion-y-el-entretenimiento.pdf\">\u00a0Texto Completo<\/a><\/li>\n<\/ul>\n<ul>\n<li>Tur-Vi\u00f1es, V. (2005): Aproximaci\u00f3n a la medida emp\u00edrica de la calidad del audiovisual dirigido a ni\u00f1os.<em>\u00a0<\/em><em>Revista Comunicar<\/em>, vol. XIII, n\u00ba25, ISSN: 1134-3478\/DL: H-199-93. \u00a0Huelva, Espa\u00f1a. \u00a0<a href=\"https:\/\/blogs.ua.es\/comunicacioneinfancia\/files\/2012\/09\/Tur-V-2005-Aproximacion-a-la-medida-empirica-de-la-calidad-del-audiovisual-dirigido-a-ninos-Comunicar-25.pdf\">Texto Completo<\/a><\/li>\n<\/ul>\n<ul>\n<li>Romero-Landa, L.B. y Lozano-Oyola, M. (2003). \u00abLa tragedia de los comunes\u00bb y la \u00abtelebasura\u00bb: una propuesta desoluci\u00f3n desde la experiencia de las metodolog\u00edas de certificaci\u00f3n de calidad y de gesti\u00f3n medioambiental. En\u00a0<em>XVIII Congreso Internacional de Comunicaci\u00f3n. Ecolog\u00eda de la televisi\u00f3n: tecnolog\u00eda, contenidos y desaf\u00edos empresariales<\/em>. (pp. 443-449). Pamplona, Espa\u00f1a: Eunate.<\/li>\n<\/ul>\n<ul>\n<li>Tur-Vi\u00f1es, T. y Franc\u00e9s-Barcel\u00f3, M. (2003). \u00a0De la experiencia de producto a la experiencia del consumidor.\u00a0 En\u00a0<em>XVIII Congreso Internacional de Comunicaci\u00f3n<\/em>. (pp. 1029-1038). Salamanca, Espa\u00f1a: Universidad Pontificia de Salamanca. \u00a0\u00a0<a href=\"https:\/\/blogs.ua.es\/comunicacioneinfancia\/files\/2012\/06\/Tur-y-Franc\u00e9s-2003-Acerca-de-la-programaci\u00f3n-infantil.pdf\">Texto Completo<\/a><\/li>\n<\/ul>\n<ul>\n<li>Tur-Vi\u00f1es, T. (2003). Indicadores de Calidad en los Contenidos Audiovisuales De Televisi\u00f3n. En V Foro de Investigaci\u00f3n en Comunicaci\u00f3n de la Universidad Complutense de Madrid. Madrid, Espa\u00f1a: Universidad Complutense de Madrid.\u00a0<a href=\"https:\/\/blogs.ua.es\/comunicacioneinfancia\/files\/2012\/06\/TUR-2003-INDICADORES-DE-CALIDAD-DE-LOS-CONTENIDOS-AUDIOVISUALES-DIRIGIDOS-A-LA-INFANCIA.pdf\">Texto Completo<\/a><\/li>\n<\/ul>\n<ul>\n<li>Tur-Vi\u00f1es, T. (2003) La medida de la calidad de los contenidos audiovisuales en televisi\u00f3n destinados al Target infantil (4-12 a\u00f1os). En\u00a0<em>Congreso Iberoamericano de Comunicaci\u00f3n y Educaci\u00f3n. Luces en el laberinto audiovisual<\/em>. (pp. 325). Huelva, Espa\u00f1a. \u00a0<a href=\"https:\/\/blogs.ua.es\/comunicacioneinfancia\/files\/2012\/06\/TUR-2003-LA-MEDIDA-DE-LA-CALIDAD-DE-LOS-CONTENIDOS-AUDIOVISUALES-EN-TV-DIRIGIDOS-A-NI\u00d1OS.pdf\">Texto Completo<\/a><\/li>\n<\/ul>\n<p>&nbsp;<\/p>\n<p>&nbsp;<\/p>\n<p>&nbsp;<\/p>\n","protected":false},"excerpt":{"rendered":"<p>CERTIFICACI\u00d3N DE CONTENIDOS AUDIOVISUALES INFANTILES Tur-Vi\u00f1es, V., Fuente-Cobo, C. (2015).\u00a0 El c\u00f3digo de autorregulaci\u00f3n sobre contenidos televisivos e infancia. An\u00e1lisis cr\u00edtico y propuestas de mejora. En Fuente Cobo, C. et al. Criterios y procedimientos de calificaci\u00f3n de contenidos audiovisuales. Colecci\u00f3n &hellip; <a href=\"https:\/\/blogs.ua.es\/comunicacioneinfancia\/contenidos-audiovisuales-infantiles\/\">Continue reading <span class=\"meta-nav\">&rarr;<\/span><\/a><\/p>\n","protected":false},"author":2406,"featured_media":0,"parent":0,"menu_order":0,"comment_status":"open","ping_status":"open","template":"","meta":{"footnotes":""},"class_list":["post-29","page","type-page","status-publish","hentry"],"_links":{"self":[{"href":"https:\/\/blogs.ua.es\/comunicacioneinfancia\/wp-json\/wp\/v2\/pages\/29","targetHints":{"allow":["GET"]}}],"collection":[{"href":"https:\/\/blogs.ua.es\/comunicacioneinfancia\/wp-json\/wp\/v2\/pages"}],"about":[{"href":"https:\/\/blogs.ua.es\/comunicacioneinfancia\/wp-json\/wp\/v2\/types\/page"}],"author":[{"embeddable":true,"href":"https:\/\/blogs.ua.es\/comunicacioneinfancia\/wp-json\/wp\/v2\/users\/2406"}],"replies":[{"embeddable":true,"href":"https:\/\/blogs.ua.es\/comunicacioneinfancia\/wp-json\/wp\/v2\/comments?post=29"}],"version-history":[{"count":8,"href":"https:\/\/blogs.ua.es\/comunicacioneinfancia\/wp-json\/wp\/v2\/pages\/29\/revisions"}],"predecessor-version":[{"id":407,"href":"https:\/\/blogs.ua.es\/comunicacioneinfancia\/wp-json\/wp\/v2\/pages\/29\/revisions\/407"}],"wp:attachment":[{"href":"https:\/\/blogs.ua.es\/comunicacioneinfancia\/wp-json\/wp\/v2\/media?parent=29"}],"curies":[{"name":"wp","href":"https:\/\/api.w.org\/{rel}","templated":true}]}}