{"id":33,"date":"2012-06-11T14:19:20","date_gmt":"2012-06-11T14:19:20","guid":{"rendered":"https:\/\/blogs.ua.es\/comunicacioneinfancia\/?page_id=33"},"modified":"2012-09-10T17:38:25","modified_gmt":"2012-09-10T17:38:25","slug":"informes-cualitativos-y-cuantitativos","status":"publish","type":"page","link":"https:\/\/blogs.ua.es\/comunicacioneinfancia\/informes-cualitativos-y-cuantitativos\/","title":{"rendered":"Informes cualitativos y cuantitativos"},"content":{"rendered":"<p><strong>CERTIFICACI\u00d3N DE CONTENIDOS AUDIOVISUALES INFANTILES<\/strong><\/p>\n<ul>\n<li><a href=\"https:\/\/blogs.ua.es\/comunicacioneinfancia\/files\/2012\/09\/Informe-sobre-norma-de-calidad-para-los-contenidos-televisivos-dirigidos-a-menores.pdf\">Tur-Vi\u00f1es, V. et al. (2007). <em>Norma de Calidad de los contenidos dirigidos a los menores.<\/em> (Informe 2004 febrero &#8211; 2007 febrero del proyecto SEJ2004-01830\/CPOL). Alicante: Universidad de Alicante<\/a><\/li>\n<\/ul>\n<div><span style=\"font-size: small\"><span style=\"line-height: 24px\"><br \/>\n<\/span><\/span><\/div>\n<ul>\n<li>\u00a0<a href=\"https:\/\/blogs.ua.es\/comunicacioneinfancia\/files\/2012\/09\/Informe-sobre-experiencias-de-certificaci\u00f3n.pdf\">Tur-Vi\u00f1es, V. et al. (2006).<em> Marco te\u00f3rico y el estado de la cuesti\u00f3n sobre experiencias de Certificaci\u00f3n.<\/em> (Informe 2004 febrero &#8211; 2007 febrero del proyecto SEJ2004-01830\/CPOL). Alicante: Universidad de Alicante<\/a><\/li>\n<\/ul>\n<div><span style=\"font-size: small\"><span style=\"line-height: 24px\"><br \/>\n<\/span><\/span><\/div>\n<ul>\n<li>\u00a0<a href=\"https:\/\/blogs.ua.es\/comunicacioneinfancia\/files\/2012\/09\/Informe-2006-programaci\u00f3n-televisiva-infantil.pdf\">Tur-Vi\u00f1es, V. et al. (2006). <em>Programaci\u00f3n Televisiva Infantil<\/em>. (Informe 2004 febrero &#8211; 2007 febrero del proyecto SEJ2004-01830\/CPOL). Alicante: Universidad de Alicante<\/a><\/li>\n<\/ul>\n<div><span style=\"font-size: small\"><span style=\"line-height: 24px\"><br \/>\n<\/span><\/span><\/div>\n<ul>\n<li><a href=\"https:\/\/blogs.ua.es\/comunicacioneinfancia\/files\/2012\/09\/Informe-2004-descriptivo-de-los-contenidos-program\u00e1ticos-y-publicitarios-dirigidos-a-ni\u00f1os-an\u00e1lisis-de-audiencia-y-contenido.pdf\">Tur-Vi\u00f1es, V. et al. (2004).<em> Informe descriptivo de los contenidos \u00a0program\u00e1ticos\u00a0y publicitarios dirigidos a ni\u00f1os. An\u00e1lisis de audiencia y contenido.<\/em> (Informe 2004 febrero &#8211; 2007 febrero del proyecto SEJ2004-01830\/CPOL). Alicante: Universidad de Alicante<\/a><\/li>\n<\/ul>\n<div><span style=\"font-size: small\"><span style=\"line-height: 24px\"><br \/>\n<\/span><\/span><\/div>\n<ul>\n<li><a href=\"https:\/\/blogs.ua.es\/comunicacioneinfancia\/files\/2012\/09\/Memoria-2003-sobre-la-calidad-de-los-contenidos-program\u00e1ticos-y-publicitarios-televisivos.pdf\">Tur-Vi\u00f1es, V. et al. (2003)<em>. Calidad de los contenidos audiovisuales \u2013program\u00e1ticos y publicitarios- de televisi\u00f3n destinados al target infantil (4-12 a\u00f1os).<\/em> (Informe 2003 octubre &#8211; 2004 octubre del proyecto GRE03-14). Alicante: Universidad de Alicante<\/a><\/li>\n<\/ul>\n<div><span style=\"font-size: small\"><span style=\"line-height: 24px\"><br \/>\n<\/span><\/span><\/div>\n<p>C<strong>OMUNICACI\u00d3N PUBLICITARIA DIRIGIDA A LA INFANCIA<\/strong><\/p>\n<ul>\n<li><a href=\"https:\/\/blogs.ua.es\/comunicacioneinfancia\/files\/2012\/09\/informe-2006-publicidad-infantil.pdf\">Tur-Vi\u00f1es, V. et al. (2006). <em>Publicidad televisiva infantil.<\/em> (Informe 2004 febrero &#8211; 2007 febrero del proyecto SEJ2004-01830\/CPOL). Alicante: Universidad de Alicante<\/a><\/li>\n<\/ul>\n<p>&nbsp;<\/p>\n<p><strong>ESTUDIOS DE PERCEPCI\u00d3N E INFLUENCIA<\/strong><\/p>\n<ul>\n<li><a href=\"https:\/\/blogs.ua.es\/comunicacioneinfancia\/files\/2012\/09\/Informe-2006-audiencia-programaci\u00f3n-televisiva-infantil.pdf\">Tur-Vi\u00f1es, V. et al. (2006).<em> Audiencia programaci\u00f3n televisiva infantil.<\/em> (Informe 2004 febrero &#8211; 2007 febrero del proyecto SEJ2004-01830\/CPOL). Alicante: Universidad de Alicante<\/a><\/li>\n<\/ul>\n<div><span style=\"font-size: small\"><span style=\"line-height: 24px\"><br \/>\n<\/span><\/span><\/div>\n<ul>\n<li><a href=\"https:\/\/blogs.ua.es\/comunicacioneinfancia\/files\/2012\/09\/cuestionario-a-ni\u00f1os-sobre-h\u00e1bitos-de-visionado-televisivo-preferencias-y-recuerdo-an\u00e1lisis-descriptivo-y-caracterizante.pdf\">Tur-Vi\u00f1es, V. et al. (2006).<em> H\u00e1bitos de visionado televisivo, preferencias programa tv\/cadena tv, preferencias de actividades en el tiempo de ocio y recuerdo espont\u00e1neo\/sugerido del contenido de los programas. Informe descriptivo y caracterizante del cuestionario a estudiantes 3-12 a\u00f1os en el municipio de Alicante.<\/em> (Informe 2004 febrero &#8211; 2007 febrero del proyecto SEJ2004-01830\/CPOL). Alicante: Universidad de Alicante<\/a><\/li>\n<\/ul>\n<p>&nbsp;<\/p>\n<p><span style=\"color: #000000\"><strong>BASE DE DATOS<\/strong><\/span><\/p>\n<p>En esta base de tados se recogen los distintos resultados que han tomado las variables del estudio de programaci\u00f3n infantil emitida por las diferentes cadenas de televisi\u00f3n analizadas.<\/p>\n<p><a title=\"basedatoscalconif\" href=\"http:\/\/web.ua.es\/es\/comunicacioneinfancia\/documentos\/doc-grupo-invest\/base-de-datos\/basedatoscalconif.pdf\">Base de datos de la programaci\u00f3n analizada a\u00f1o 2006<\/a><\/p>\n<p>&nbsp;<\/p>\n","protected":false},"excerpt":{"rendered":"<p>CERTIFICACI\u00d3N DE CONTENIDOS AUDIOVISUALES INFANTILES Tur-Vi\u00f1es, V. et al. (2007). Norma de Calidad de los contenidos dirigidos a los menores. (Informe 2004 febrero &#8211; 2007 febrero del proyecto SEJ2004-01830\/CPOL). Alicante: Universidad de Alicante \u00a0Tur-Vi\u00f1es, V. et al. (2006). Marco te\u00f3rico &hellip; <a href=\"https:\/\/blogs.ua.es\/comunicacioneinfancia\/informes-cualitativos-y-cuantitativos\/\">Continue reading <span class=\"meta-nav\">&rarr;<\/span><\/a><\/p>\n","protected":false},"author":2406,"featured_media":0,"parent":0,"menu_order":0,"comment_status":"open","ping_status":"open","template":"","meta":{"footnotes":""},"class_list":["post-33","page","type-page","status-publish","hentry"],"_links":{"self":[{"href":"https:\/\/blogs.ua.es\/comunicacioneinfancia\/wp-json\/wp\/v2\/pages\/33","targetHints":{"allow":["GET"]}}],"collection":[{"href":"https:\/\/blogs.ua.es\/comunicacioneinfancia\/wp-json\/wp\/v2\/pages"}],"about":[{"href":"https:\/\/blogs.ua.es\/comunicacioneinfancia\/wp-json\/wp\/v2\/types\/page"}],"author":[{"embeddable":true,"href":"https:\/\/blogs.ua.es\/comunicacioneinfancia\/wp-json\/wp\/v2\/users\/2406"}],"replies":[{"embeddable":true,"href":"https:\/\/blogs.ua.es\/comunicacioneinfancia\/wp-json\/wp\/v2\/comments?post=33"}],"version-history":[{"count":19,"href":"https:\/\/blogs.ua.es\/comunicacioneinfancia\/wp-json\/wp\/v2\/pages\/33\/revisions"}],"predecessor-version":[{"id":197,"href":"https:\/\/blogs.ua.es\/comunicacioneinfancia\/wp-json\/wp\/v2\/pages\/33\/revisions\/197"}],"wp:attachment":[{"href":"https:\/\/blogs.ua.es\/comunicacioneinfancia\/wp-json\/wp\/v2\/media?parent=33"}],"curies":[{"name":"wp","href":"https:\/\/api.w.org\/{rel}","templated":true}]}}