{"id":80,"date":"2012-06-11T15:49:54","date_gmt":"2012-06-11T15:49:54","guid":{"rendered":"https:\/\/blogs.ua.es\/comunicacioneinfancia\/?page_id=80"},"modified":"2017-10-01T15:34:14","modified_gmt":"2017-10-01T15:34:14","slug":"noticias","status":"publish","type":"page","link":"https:\/\/blogs.ua.es\/comunicacioneinfancia\/noticias\/","title":{"rendered":"Noticias"},"content":{"rendered":"<p>Noticias ordenadas cronol\u00f3gicamente, de las m\u00e1s reciente a la m\u00e1s antigua:<\/p>\n<p><strong>2017<\/strong><\/p>\n<h3 class=\"post_title\"><a title=\"Victoria Tur Vi\u00f1es, Doctora en Sociolog\u00ed\u00ada de la Universidad de Alicante, XIV Premio Hermes\" href=\"http:\/\/atrcv.org\/victoria-tur-vines-doctora-en-sociologi%c2%ada-de-la-universidad-de-alicante-xiv-premio-hermes\/\" rel=\"bookmark\">Victoria Tur Vi\u00f1es, Doctora en Sociolog\u00ed\u00ada de la Universidad de Alicante, XIV Premio Hermes<\/a><\/h3>\n<h3 class=\"post_title\"><a title=\"La comunicaci\u00f3n audiovisual hoy en d\u00eda, por Victoria Tur Vi\u00f1es\" href=\"http:\/\/atrcv.org\/la-comunicacion-audiovisual-hoy-en-dia-por-victoria-tur-vines\/\" rel=\"bookmark\">La comunicaci\u00f3n audiovisual hoy en d\u00eda, por Victoria Tur Vi\u00f1es<\/a><\/h3>\n<h3 class=\"post_title\"><a title=\"La comunicaci\u00f3n audiovisual responsable, tarea de todos\" href=\"http:\/\/atrcv.org\/la-comunicacion-audiovisual-responsable-tarea-de-todos\/\" rel=\"bookmark\">La comunicaci\u00f3n audiovisual responsable, tarea de todos<\/a><\/h3>\n<p>__________________________________________________________<\/p>\n<p><strong>2016<\/strong><\/p>\n<ul>\n<li><a href=\"http:\/\/catedratmkf.es\/es\/home\/\">\u00a1Inauguramos la C\u00e1tedra TMKF!<\/a><\/li>\n<\/ul>\n<p>_____________________________________________________________<\/p>\n<p><strong>2012<\/strong><\/p>\n<ul>\n<li>\u201c<a href=\"https:\/\/blogs.ua.es\/comunicacioneinfancia\/files\/2012\/09\/El-50-de-las-compras-infantiles-se-sujetan-a-los-deseos-de-los-menores.pdf\">El 50% de las compras infantiles se sujetan a los deseos de los menores<\/a>\u201d, en El Correo Gallego.es, Espa\u00f1a, 17 de Septiembre de 2012.<\/li>\n<li>\u201c<a href=\"https:\/\/blogs.ua.es\/comunicacioneinfancia\/files\/2012\/06\/Revista-UAcit_Comunicando-con-the-now-generation.pdf\">Comunicando con The Now Generation<\/a>\u201d, en UaCitNews (Revista de ciencia y tecnolog\u00eda de la Universidad de Alicante), n\u00ba2, 24-25, 2012.<\/li>\n<\/ul>\n<p>_______________________________________________________________<\/p>\n<p>&nbsp;<\/p>\n<div>\n<p><strong>\u00a02010<\/strong><\/p>\n<\/div>\n<ul>\n<li>\u201c<a href=\"https:\/\/blogs.ua.es\/comunicacioneinfancia\/files\/2012\/06\/Nuestro-hijos-ser\u00e1n-excelentes-estrategas-gracias-a-los-videojuegos.pdf\">Nuestro hijos ser\u00e1n excelentes estrategas gracias a los videojuegos<\/a>\u201d en InfoRuvid, (Bolet\u00edn de Actualidad en I+D+i de las Universidades Valencianas), Espa\u00f1a,\u00a0 13 de Octubre de 2010.<\/li>\n<\/ul>\n<p>_______________________________________________________________<\/p>\n<p>&nbsp;<\/p>\n<p><strong>2009<\/strong><\/p>\n<ul>\n<li>\u201c<a href=\"https:\/\/blogs.ua.es\/comunicacioneinfancia\/files\/2012\/09\/me-he-comprado-el-coche-que-queria-mi-hijo-peque\u00f1o.pdf\">Me he comprado el coche que quer\u00eda mi hijo peque\u00f1o<\/a>\u201d en Magazine el Mundo, n\u00ba519, Espa\u00f1a, 6 de Septiembre de 2009.<\/li>\n<\/ul>\n<p>_______________________________________________________________<\/p>\n<div><\/div>\n<p><strong>2008<\/strong><\/p>\n<ul>\n<li>\u201c<a href=\"https:\/\/blogs.ua.es\/comunicacioneinfancia\/files\/2012\/09\/Peque\u00f1os-consumistas-Alicante-INFORMACION.pdf\">Peque\u00f1os consumistas<\/a>\u201d en Diario Informaci\u00f3n, Espa\u00f1a, 24 de Julio de 2008.<\/li>\n<li>\u201c<a href=\"https:\/\/blogs.ua.es\/comunicacioneinfancia\/files\/2012\/09\/Un-estudio-revela-que-los-ni\u00f1os-deciden-la-mitad-de-las-compras-familiares.pdf\">Un estudio revela que los ni\u00f1os deciden la mitad de las compras familiares<\/a>\u201d en 20 Minutos.es, Espa\u00f1a, 24 de Julio de 2008.<\/li>\n<li>\u201c<a href=\"https:\/\/blogs.ua.es\/comunicacioneinfancia\/files\/2012\/09\/los-ninos-deciden-sobre-la-mitad-de-los-productos-que-les-compran.pdf\">Los ni\u00f1os deciden sobre la mitad de los productos que les compran<\/a>\u201d en Las Provincias, Espa\u00f1a, 24 de Julio de 2008.<\/li>\n<li>\u00a0\u201c<a href=\"https:\/\/blogs.ua.es\/comunicacioneinfancia\/files\/2012\/09\/marketing-y-ninos-un-libro.pdf\">Marketing y ni\u00f1os: un libro<\/a>\u201d, en Espacio ij blog de Marketing Infantil y Juvenil, 16 de Noviembre de 2008.<\/li>\n<li>\u201c<a href=\"https:\/\/blogs.ua.es\/comunicacioneinfancia\/files\/2012\/09\/La-mitad-de-las-compras-infantiles-est\u00e1n-sujetas-a-los-deseos-de-los-menores-Sociedad-INFORMACION.pdf\">La mitad de las compras infantiles est\u00e1n sujetas a los deseos de los menores<\/a>\u201d, en Diario Informaci\u00f3n, Espa\u00f1a, 23 de Julio de 2008.<\/li>\n<li>\u201c<a href=\"https:\/\/blogs.ua.es\/comunicacioneinfancia\/files\/2012\/09\/La-mitad-de-las-compras-infantiles-est\u00e1n-sujetas-a-los-deseos-de-los-menores.pdf\">La mitad de las compras infantiles est\u00e1n sujetas a los deseos de los menores<\/a>\u201d, en Finanzas.com, Espa\u00f1a, 17 de Septiembre de 2008<\/li>\n<\/ul>\n<div>\n<p>\u00a0_______________________________________________________________<\/p>\n<\/div>\n<p>&nbsp;<\/p>\n<p><strong>2007<\/strong><\/p>\n<ul>\n<li>\u201c<a href=\"https:\/\/blogs.ua.es\/comunicacioneinfancia\/files\/2012\/09\/cuatro-universidades-trabajan-en-una-nueva-calificacion-de-programas-aptos-para-la-infancia.pdf\">Cuatro universidades trabajan en una nueva calificaci\u00f3n de programas aptos para la infancia<\/a>\u201d, en El Pa\u00eds, Espa\u00f1a, 12 de febrero de 2007, p. 93<\/li>\n<li>\u201c<a href=\"https:\/\/blogs.ua.es\/comunicacioneinfancia\/files\/2012\/09\/El-laberinto-de-la-medicion-de-audiencias-online-_-EL-PAIS.pdf\">El laberinto de la medici\u00f3n de audiencias online<\/a>\u201d, en El Pa\u00eds, Espa\u00f1a, 4 de diciembre de 2007.<\/li>\n<li>\u201c<a href=\"https:\/\/blogs.ua.es\/comunicacioneinfancia\/files\/2012\/09\/la-UA-disena-un-codigo-de-control-de-contenidos-en-la-television-infantil.pdf\">La UA dise\u00f1a un c\u00f3digo de control de contenidos en la televisi\u00f3n infantil<\/a>\u201d, en Diario Informaci\u00f3n, Espa\u00f1a, 12 de Febrero de 2007, Portada.<\/li>\n<li>\u201c<a href=\"https:\/\/blogs.ua.es\/comunicacioneinfancia\/files\/2012\/09\/la-UA-disena-un-modelo-para-controlar-contenidos-de-TV.pdf\">La UA dise\u00f1a un modelo para controlar contenidos de TV<\/a>\u201d, en Diario Informaci\u00f3n, Espa\u00f1a, 12 de Febrero de 2007, p.60.<\/li>\n<li>\u201c<a href=\"https:\/\/blogs.ua.es\/comunicacioneinfancia\/files\/2012\/09\/la-universidad-de-alicante-dirige-un-programa-para-clasificar-los-programas-infantiles-en-television.pdf\">La Universidad de Alicante dirige un programa para clasificar los programas infantiles en televisi\u00f3n<\/a>\u201d en La Verdad, Espa\u00f1a, 12 de Febrero de 2007, p.45.<\/li>\n<li>\u201c<a href=\"https:\/\/blogs.ua.es\/comunicacioneinfancia\/files\/2012\/09\/los-padres-prefieren-no-disgustar-a-los-hijos-y-evitar-los-conflictos.pdf\">Los padres prefieren no disgustar a los hijos y evitar conflictos<\/a>\u201d, en La Verdad, Espa\u00f1a, 4 de Enero de 2007.<\/li>\n<li>\u201c<a href=\"https:\/\/blogs.ua.es\/comunicacioneinfancia\/files\/2012\/09\/los-padres-prefieren-no-disgustar-a-los-hijos-y-evitar-los-conflictos_-tortuga.pdf\">Los padres prefieren no disgustar a los hijos y evitar conflictos<\/a>\u201d, \u00a0en Tortuga Educadora, Espa\u00f1a, 18 de marzo de 2007.<\/li>\n<li>\u201c<a href=\"https:\/\/blogs.ua.es\/comunicacioneinfancia\/files\/2012\/09\/Mas-de-la-mitad-de-los-escolares-hace-sus-tareas-con-la-tele-encendida.pdf\">M\u00e1s de la mitad de los escolares hace sus tareas con la televisi\u00f3n encendida<\/a>\u201d en Diario Informaci\u00f3n, Espa\u00f1a, 15 de Abril de 2007.<\/li>\n<li>\u201c<a href=\"https:\/\/blogs.ua.es\/comunicacioneinfancia\/files\/2012\/09\/papa-compratelo.pdf\">Pap\u00e1, c\u00f3mpratelo<\/a>\u201d en El Pa\u00eds, Espa\u00f1a, 21 de Enero de 2007.<\/li>\n<\/ul>\n<p>_______________________________________________________________<\/p>\n<p>&nbsp;<\/p>\n<p><strong>2006<\/strong><\/p>\n<ul>\n<li>\u201c<a href=\"https:\/\/blogs.ua.es\/comunicacioneinfancia\/files\/2012\/09\/Indicadores-de-calidad-en-los-contenidos-audiovisuales-de-televisi\u00f3n-dirigidos-a-la-infancia.pdf\">Indicadores de calidad en los contenidos audiovisuales de televisi\u00f3n dirigidos a la infancia<\/a>\u201d en The Communication Initiative, 9 de Octubre de 2006.<\/li>\n<\/ul>\n<p>_______________________________________________________________<\/p>\n<div><\/div>\n<p><strong>2004<\/strong><\/p>\n<ul>\n<li>\u201c<a href=\"https:\/\/blogs.ua.es\/comunicacioneinfancia\/files\/2012\/09\/me-lo-pido.pdf\">Me lo pido<\/a>\u201d en El Pa\u00eds, Espa\u00f1a, 19 de Diciembre de 2004.<\/li>\n<\/ul>\n<p>_______________________________________________________________<\/p>\n<div><\/div>\n<p><strong>2002<\/strong><\/p>\n<ul>\n<li>\u201c<a href=\"https:\/\/blogs.ua.es\/comunicacioneinfancia\/files\/2012\/09\/La-industria-del-juguete-invierte-52-millones-de-euros-en-publicidad.pdf\">La industria del juguete invierte 5,2 millones de euros en publicidad<\/a>\u201d, en ABC, Espa\u00f1a, 2 de Mayo de 2002.<\/li>\n<li>\u201c<a href=\"https:\/\/blogs.ua.es\/comunicacioneinfancia\/files\/2012\/09\/las-empresas-de-juguetes-destinan-33-millones-de-euros-a-publicidad.pdf\">Las empresas de juguetes destinan 33 millones de euros a publicidad\u201d<\/a> en La Verdad, Espa\u00f1a, 30 de Abril de 2002.<\/li>\n<li>\u201c<a href=\"https:\/\/blogs.ua.es\/comunicacioneinfancia\/files\/2012\/09\/las-jugueteras-invierten-33-millones-anuales.pdf\">Las jugueteras invierten 33 millones anuales<\/a>\u201d en ABC, Espa\u00f1a, 30 de Abril de 2002.<\/li>\n<\/ul>\n<p>_______________________________________________________________<\/p>\n<p><strong>Otras:<\/strong><\/p>\n<ul>\n<li>\u201c<a href=\"https:\/\/blogs.ua.es\/comunicacioneinfancia\/files\/2012\/09\/La-mitad-de-los-escolares-estudian-viendo-la-tele.pdf\">La mitad de los escolares estudian viendo la tele<\/a>\u201d, Espa\u00f1a<\/li>\n<li>\u201c<a href=\"https:\/\/blogs.ua.es\/comunicacioneinfancia\/files\/2012\/09\/los-juguetes-se-dirigen-al-portal.pdf\">Los juguetes se dirigen al portal<\/a>\u201d, Espa\u00f1a.<\/li>\n<\/ul>\n<p>&nbsp;<\/p>\n","protected":false},"excerpt":{"rendered":"<p>Noticias ordenadas cronol\u00f3gicamente, de las m\u00e1s reciente a la m\u00e1s antigua: 2017 Victoria Tur Vi\u00f1es, Doctora en Sociolog\u00ed\u00ada de la Universidad de Alicante, XIV Premio Hermes La comunicaci\u00f3n audiovisual hoy en d\u00eda, por Victoria Tur Vi\u00f1es La comunicaci\u00f3n audiovisual responsable, &hellip; <a href=\"https:\/\/blogs.ua.es\/comunicacioneinfancia\/noticias\/\">Continue reading <span class=\"meta-nav\">&rarr;<\/span><\/a><\/p>\n","protected":false},"author":2406,"featured_media":0,"parent":0,"menu_order":0,"comment_status":"open","ping_status":"open","template":"","meta":{"footnotes":""},"class_list":["post-80","page","type-page","status-publish","hentry"],"_links":{"self":[{"href":"https:\/\/blogs.ua.es\/comunicacioneinfancia\/wp-json\/wp\/v2\/pages\/80","targetHints":{"allow":["GET"]}}],"collection":[{"href":"https:\/\/blogs.ua.es\/comunicacioneinfancia\/wp-json\/wp\/v2\/pages"}],"about":[{"href":"https:\/\/blogs.ua.es\/comunicacioneinfancia\/wp-json\/wp\/v2\/types\/page"}],"author":[{"embeddable":true,"href":"https:\/\/blogs.ua.es\/comunicacioneinfancia\/wp-json\/wp\/v2\/users\/2406"}],"replies":[{"embeddable":true,"href":"https:\/\/blogs.ua.es\/comunicacioneinfancia\/wp-json\/wp\/v2\/comments?post=80"}],"version-history":[{"count":38,"href":"https:\/\/blogs.ua.es\/comunicacioneinfancia\/wp-json\/wp\/v2\/pages\/80\/revisions"}],"predecessor-version":[{"id":411,"href":"https:\/\/blogs.ua.es\/comunicacioneinfancia\/wp-json\/wp\/v2\/pages\/80\/revisions\/411"}],"wp:attachment":[{"href":"https:\/\/blogs.ua.es\/comunicacioneinfancia\/wp-json\/wp\/v2\/media?parent=80"}],"curies":[{"name":"wp","href":"https:\/\/api.w.org\/{rel}","templated":true}]}}