{"id":19,"date":"2011-12-09T09:52:05","date_gmt":"2011-12-09T09:52:05","guid":{"rendered":"https:\/\/blogs.ua.es\/comunicacionymayores\/?page_id=19"},"modified":"2011-12-21T11:22:26","modified_gmt":"2011-12-21T11:22:26","slug":"inicio","status":"publish","type":"page","link":"https:\/\/blogs.ua.es\/comunicacionymayores\/inicio\/","title":{"rendered":"Inicio"},"content":{"rendered":"<p>Bienvenidos a la L\u00ednea de Comunicaci\u00f3n y Mayores del Grupo de Investigaci\u00f3n de Comunicaci\u00f3n y P\u00fablicos Espec\u00edficos\u2026<\/p>\n","protected":false},"excerpt":{"rendered":"<p>Bienvenidos a la L\u00ednea de Comunicaci\u00f3n y Mayores del Grupo de Investigaci\u00f3n de Comunicaci\u00f3n y P\u00fablicos Espec\u00edficos\u2026<\/p>\n","protected":false},"author":2406,"featured_media":0,"parent":0,"menu_order":0,"comment_status":"closed","ping_status":"closed","template":"","meta":{"footnotes":""},"class_list":["post-19","page","type-page","status-publish","hentry"],"_links":{"self":[{"href":"https:\/\/blogs.ua.es\/comunicacionymayores\/wp-json\/wp\/v2\/pages\/19","targetHints":{"allow":["GET"]}}],"collection":[{"href":"https:\/\/blogs.ua.es\/comunicacionymayores\/wp-json\/wp\/v2\/pages"}],"about":[{"href":"https:\/\/blogs.ua.es\/comunicacionymayores\/wp-json\/wp\/v2\/types\/page"}],"author":[{"embeddable":true,"href":"https:\/\/blogs.ua.es\/comunicacionymayores\/wp-json\/wp\/v2\/users\/2406"}],"replies":[{"embeddable":true,"href":"https:\/\/blogs.ua.es\/comunicacionymayores\/wp-json\/wp\/v2\/comments?post=19"}],"version-history":[{"count":10,"href":"https:\/\/blogs.ua.es\/comunicacionymayores\/wp-json\/wp\/v2\/pages\/19\/revisions"}],"predecessor-version":[{"id":142,"href":"https:\/\/blogs.ua.es\/comunicacionymayores\/wp-json\/wp\/v2\/pages\/19\/revisions\/142"}],"wp:attachment":[{"href":"https:\/\/blogs.ua.es\/comunicacionymayores\/wp-json\/wp\/v2\/media?parent=19"}],"curies":[{"name":"wp","href":"https:\/\/api.w.org\/{rel}","templated":true}]}}