{"id":53,"date":"2011-12-09T10:13:15","date_gmt":"2011-12-09T10:13:15","guid":{"rendered":"https:\/\/blogs.ua.es\/comunicacionymayores\/?page_id=53"},"modified":"2011-12-20T19:50:03","modified_gmt":"2011-12-20T19:50:03","slug":"congresos","status":"publish","type":"page","link":"https:\/\/blogs.ua.es\/comunicacionymayores\/publicaciones\/congresos\/","title":{"rendered":"Congresos"},"content":{"rendered":"<ul>\n<li>\u00a0Carret\u00f3n-Ballester, M.C. y Ramos-Soler, I. (2011). Gesti\u00f3n de comunidades y p\u00fablicos emergentes: redes sociales para mayores y\/o mayores en redes sociales. En\u00a0 <em>VI Congreso Internacional de Investigadores en Relaciones P\u00fablicas.<\/em> Pontevedra.<\/li>\n<li>Grande, I. , Ramos-Soler, I. (2005). Profiling aging consumers television usage. Implications on advertising strategy. En\u00a0 <em>12th International Conference on Recent Advances in Retailing Consumer Services, EIRASS<\/em>. Orlando (USA).<\/li>\n<li>Ramos-Soler, I. (2007). Adaptaci\u00f3n y validaci\u00f3n de la lista de valores LOV a las personas mayores de 65 a\u00f1os. En <em>IV Congreso de Metodolog\u00eda de Encuestas. <\/em>Pamplona.<\/li>\n<li>Ramos-Soler, I. (2008). Las personas mayores en la publicidad. En <em>50\u00ba Congreso Sdad. Espa\u00f1ola de Geriatr\u00eda y Gerontolog\u00eda.<\/em> Granada.<\/li>\n<li>Ramos-Soler, I. (2009). La publicidad y los mayores. En <em>Jornadas Retos Sociales para el siglo XXI: Las personas mayores y los medios de comunicaci\u00f3n. <\/em>Alicante.<\/li>\n<li>Ramos-Soler, I. (2009). Las personas mayores y la publicidad. En\u00a0 <em>II Jornadas las personas mayores y su imagen p\u00fablica en los medios de comunicaci\u00f3n. <\/em>Vitoria.<\/li>\n<li>Ramos-Soler, I. (2010). Publicidad y Marketing orientada a los mayores. En <em>XVII Jornadas profesionales: intervenci\u00f3n psicol\u00f3gica en el envejecimiento activo. <\/em>Alicante.<\/li>\n<li>Ramos-Soler, I. y Tur-Vi\u00f1es, V. (2011). A Cross-Cultural Approach for the sources of information for the elderly consumers: the spanish case. En <em>18<sup>th<\/sup> Recent Advances in Retailing &amp; Services Science Conference. <\/em>San Diego (USA).<\/li>\n<li>Ramos-Soler, I.; Grande, I. (2006).\u00a0 The lifestyle of elderly consumers as a segmentation criterion. Implications for advertising message design. En <em>13th International Conference on Recent Advances in Retailing Consumer Services, EIRASS.\u00a0 <\/em>Budapest (Hungria).<\/li>\n<li>Ramos-Soler, I.; Grande, I.; Tur, V. (2009). Elderly people and advertising: making them more visible and present in the consumer society. En <em>16th International Conference on Recent Advances in Retailing Consumer Services, EIRASS.\u00a0 <\/em>Niagara Falls (Canad\u00e1).<\/li>\n<\/ul>\n","protected":false},"excerpt":{"rendered":"<p>\u00a0Carret\u00f3n-Ballester, M.C. y Ramos-Soler, I. (2011). Gesti\u00f3n de comunidades y p\u00fablicos emergentes: redes sociales para mayores y\/o mayores en redes sociales. En\u00a0 VI Congreso Internacional de Investigadores en Relaciones P\u00fablicas. Pontevedra. Grande, I. , Ramos-Soler, I. (2005). Profiling aging consumers &hellip; <a href=\"https:\/\/blogs.ua.es\/comunicacionymayores\/publicaciones\/congresos\/\">Continue reading <span class=\"meta-nav\">&rarr;<\/span><\/a><\/p>\n","protected":false},"author":2406,"featured_media":0,"parent":5,"menu_order":4,"comment_status":"closed","ping_status":"closed","template":"","meta":{"footnotes":""},"class_list":["post-53","page","type-page","status-publish","hentry"],"_links":{"self":[{"href":"https:\/\/blogs.ua.es\/comunicacionymayores\/wp-json\/wp\/v2\/pages\/53","targetHints":{"allow":["GET"]}}],"collection":[{"href":"https:\/\/blogs.ua.es\/comunicacionymayores\/wp-json\/wp\/v2\/pages"}],"about":[{"href":"https:\/\/blogs.ua.es\/comunicacionymayores\/wp-json\/wp\/v2\/types\/page"}],"author":[{"embeddable":true,"href":"https:\/\/blogs.ua.es\/comunicacionymayores\/wp-json\/wp\/v2\/users\/2406"}],"replies":[{"embeddable":true,"href":"https:\/\/blogs.ua.es\/comunicacionymayores\/wp-json\/wp\/v2\/comments?post=53"}],"version-history":[{"count":7,"href":"https:\/\/blogs.ua.es\/comunicacionymayores\/wp-json\/wp\/v2\/pages\/53\/revisions"}],"predecessor-version":[{"id":102,"href":"https:\/\/blogs.ua.es\/comunicacionymayores\/wp-json\/wp\/v2\/pages\/53\/revisions\/102"}],"up":[{"embeddable":true,"href":"https:\/\/blogs.ua.es\/comunicacionymayores\/wp-json\/wp\/v2\/pages\/5"}],"wp:attachment":[{"href":"https:\/\/blogs.ua.es\/comunicacionymayores\/wp-json\/wp\/v2\/media?parent=53"}],"curies":[{"name":"wp","href":"https:\/\/api.w.org\/{rel}","templated":true}]}}