{"id":62,"date":"2011-12-09T10:15:11","date_gmt":"2011-12-09T10:15:11","guid":{"rendered":"https:\/\/blogs.ua.es\/comunicacionymayores\/?page_id=62"},"modified":"2011-12-20T19:52:49","modified_gmt":"2011-12-20T19:52:49","slug":"proyectos","status":"publish","type":"page","link":"https:\/\/blogs.ua.es\/comunicacionymayores\/proyectos-de-investigacion\/proyectos\/","title":{"rendered":"Proyectos"},"content":{"rendered":"<p><strong>T\u00edtulo del proyecto:<\/strong> Mayores y Publicidad: An\u00e1lisis y efectos del uso de la imagen de las personas mayores en la publicidad en Espa\u00f1a. REF: GVPRE\/2008\/302.<\/p>\n<p><strong>Entidad financiadora:<\/strong> \u00a0Conselleria d\u2019Educacio de la Generalitat Valenciana. Programa p\u00fablico de ayudas a la realizaci\u00f3n de proyectos precompetitivos de I+D para equipos de investigaci\u00f3n.<\/p>\n<p><strong>Duraci\u00f3n<\/strong>: desde 01\/01\/2008 hasta 31\/12\/2008<\/p>\n<p><strong>Investigador principal<\/strong>: Irene Ramos Soler<\/p>\n<p><strong>N\u00famero de investigadores<\/strong>: 4\u00a0\u00a0 <strong>Cuant\u00eda de la subvenci\u00f3n :<\/strong> 18.140 \u20ac<\/p>\n<p>&nbsp;<\/p>\n<p><strong>T\u00edtulo del proyecto<\/strong>: Observatorio Mayores y Medios de Comunicaci\u00f3n (MAYMECO).<\/p>\n<p><strong>Entidad financiadora<\/strong>: Universidad de Alicante<\/p>\n<p><strong>Duraci\u00f3n:<\/strong> desde 08\/09\/2008 hasta actualidad<\/p>\n<p><strong>Investigador:<\/strong> Irene Ramos Soler<\/p>\n<p><strong>N\u00famero de investigadores<\/strong>: 4\u00a0\u00a0 <strong>Cuant\u00eda de la subvenci\u00f3n<\/strong> : 6000 \u20ac<\/p>\n<p>&nbsp;<\/p>\n","protected":false},"excerpt":{"rendered":"<p>T\u00edtulo del proyecto: Mayores y Publicidad: An\u00e1lisis y efectos del uso de la imagen de las personas mayores en la publicidad en Espa\u00f1a. REF: GVPRE\/2008\/302. Entidad financiadora: \u00a0Conselleria d\u2019Educacio de la Generalitat Valenciana. Programa p\u00fablico de ayudas a la realizaci\u00f3n &hellip; <a href=\"https:\/\/blogs.ua.es\/comunicacionymayores\/proyectos-de-investigacion\/proyectos\/\">Continue reading <span class=\"meta-nav\">&rarr;<\/span><\/a><\/p>\n","protected":false},"author":2406,"featured_media":0,"parent":7,"menu_order":1,"comment_status":"closed","ping_status":"closed","template":"","meta":{"footnotes":""},"class_list":["post-62","page","type-page","status-publish","hentry"],"_links":{"self":[{"href":"https:\/\/blogs.ua.es\/comunicacionymayores\/wp-json\/wp\/v2\/pages\/62","targetHints":{"allow":["GET"]}}],"collection":[{"href":"https:\/\/blogs.ua.es\/comunicacionymayores\/wp-json\/wp\/v2\/pages"}],"about":[{"href":"https:\/\/blogs.ua.es\/comunicacionymayores\/wp-json\/wp\/v2\/types\/page"}],"author":[{"embeddable":true,"href":"https:\/\/blogs.ua.es\/comunicacionymayores\/wp-json\/wp\/v2\/users\/2406"}],"replies":[{"embeddable":true,"href":"https:\/\/blogs.ua.es\/comunicacionymayores\/wp-json\/wp\/v2\/comments?post=62"}],"version-history":[{"count":3,"href":"https:\/\/blogs.ua.es\/comunicacionymayores\/wp-json\/wp\/v2\/pages\/62\/revisions"}],"predecessor-version":[{"id":107,"href":"https:\/\/blogs.ua.es\/comunicacionymayores\/wp-json\/wp\/v2\/pages\/62\/revisions\/107"}],"up":[{"embeddable":true,"href":"https:\/\/blogs.ua.es\/comunicacionymayores\/wp-json\/wp\/v2\/pages\/7"}],"wp:attachment":[{"href":"https:\/\/blogs.ua.es\/comunicacionymayores\/wp-json\/wp\/v2\/media?parent=62"}],"curies":[{"name":"wp","href":"https:\/\/api.w.org\/{rel}","templated":true}]}}