{"id":139,"date":"2011-11-29T20:10:19","date_gmt":"2011-11-29T19:10:19","guid":{"rendered":"https:\/\/blogs.ua.es\/comunicacionypublicosespecificos\/?page_id=139"},"modified":"2017-10-03T18:47:31","modified_gmt":"2017-10-03T17:47:31","slug":"inicio","status":"publish","type":"page","link":"https:\/\/blogs.ua.es\/comunicacionypublicosespecificos\/","title":{"rendered":"Inicio"},"content":{"rendered":"<p>COMPUBES es un grupo de investigaci\u00f3n impulsado por profesores e investigadores de la Universidad de Alicante con car\u00e1cter interdisciplinar, interuniversitario e internacional. Est\u00e1 dirigido por la <a href=\"https:\/\/cvnet.cpd.ua.es\/curriculum-breve\/es\/tur-vines-victoria\/5345\">Dra. Victoria Tur-Vi\u00f1es.<\/a><\/p>\n<p>Nuestro trabajo se organiza alrededor de la\u00a0<strong>investigaci\u00f3n, la formaci\u00f3n y la transferencia.\u00a0<\/strong>\u00a0Pretendemos mejorar y aportar avances al conocimiento cient\u00edfico de la comunicaci\u00f3n en general\u00a0y sus p\u00fablicos, \u00a0el marketing de salud y adicciones, la comunicaci\u00f3n empresarial, de franquicia, de centros comerciales y local, as\u00ed como la difusi\u00f3n de la Ciencia.<\/p>\n<p>El grupo tambi\u00e9n se plantea como fin \u00faltimo contribuir al desarrollo de competencias para la <strong>investigaci\u00f3n en Comunicaci\u00f3n<\/strong>\u00a0y aplicar el conocimiento generado en la prestaci\u00f3n de servicios de asesor\u00eda en investigaci\u00f3n e intervenci\u00f3n a instituciones y entidades.<\/p>\n<p>Nuestras\u00a0<strong>l\u00edneas de investigaci\u00f3n<\/strong>\u00a0son las siguientes:<\/p>\n<h2>&#8211;<a href=\"https:\/\/blogs.ua.es\/comunicacioneinfancia\/\">Comunicaci\u00f3n e Infancia.<\/a><\/h2>\n<h5>Proyectos vigentes:<\/h5>\n<h5><strong><a href=\"http:\/\/www.handsupchildren.org\/es\/home\">HandsUp Promoting The Effective Elimination of Corporal Punishment Against Children.<\/a>\u00a0<\/strong>European Commission Directorate-General Justice and Consumers. Rights, Equality and Citizenship Programme (JUST\/2015\/RD AP\/AG\/CORP4000009182). Entidades participantes: Ag\u00eancia Piaget para o Desenvolvimento, Universidade Cat\u00f3lica Portuguesa (PT), Camino (DE), Universidad de Alicante (ES), Social Activities and Practices Institute (BG) and One Child, One World (EL).<\/h5>\n<h5><strong>Redes sociales, adolescentes y j\u00f3venes: convergencia de medios y cultural digital.\u00a0<\/strong>MINECO 2015 Programa Estatal de I+D+i Orientada a los Retos de la Sociedad (564275392-75392-45-516). Entidades participantes: Fundaci\u00f3n Universitaria San Pablo Ceu,\u00a0 Universidad Rey Juan Carlos, Universidad de Alicante, Universidad Complutense De Madrid, Centro de Ense\u00f1anza Universitaria Sek, Universidad Nova De Lisboa<\/h5>\n<h5><strong>Transalfabetismos. Competencias transmedia y estrategias informales de aprendizaje de los adolescentes. <\/strong>Mineco,Programa Estatal de I+D+i orientado a los retos de la sociedad (CSO2014-56250-R). Entidades participantes: Universidad Pompeu Fabra, Universidad de Alicante, Universidad de La Coru\u00f1a, Universidad de C\u00f3rdoba y Universidad Nacional de Educaci\u00f3n a Distancia.<\/h5>\n<h2>&#8211;<a href=\"https:\/\/blogs.ua.es\/comunicacionymayores\/\">Comunicaci\u00f3n y Mayores<\/a>.<\/h2>\n<h2>-Estudios de percepci\u00f3n e influencia en los\u00a0p\u00fablicos.<\/h2>\n<h2>-Nuevas tendencias en comunicaci\u00f3n:<\/h2>\n<p><a href=\"http:\/\/comunicacionencambio.com\/\">Observatorio Comunicaci\u00f3n En Cambio<\/a>.<\/p>\n<h2>-Comunicaci\u00f3n y Difusi\u00f3n Cient\u00edfica:<\/h2>\n<p><a href=\"https:\/\/www.mediterranea-comunicacion.org\/\">Revista Mediterr\u00e1nea de Comunicaci\u00f3n \/ Mediterranean Journal of Communication<\/a><\/p>\n<h2>&#8211;<a href=\"https:\/\/web.ua.es\/es\/comunicacionyfranquicia\/\">Comunicaci\u00f3n empresarial, comunicaci\u00f3n en franquicia y centros \u00a0comerciales<\/a>.<\/h2>\n<h2>-Comunicaci\u00f3n y\u00a0organizaciones p\u00fablicas y\u00a0privadas.<\/h2>\n<h2>-Marketing de salud, medios de comunicaci\u00f3n,\u00a0adicciones y p\u00fablicos.<\/h2>\n<p>&nbsp;<\/p>\n<p>Bienvenidos a la p\u00e1gina web del Grupo de Investigaci\u00f3n COMPUBES.<\/p>\n<p style=\"text-align: right\">Victoria Tur-Vi\u00f1es<\/p>\n<p style=\"text-align: right\">Directora<\/p>\n<p>&nbsp;<\/p>\n","protected":false},"excerpt":{"rendered":"<p>COMPUBES es un grupo de investigaci\u00f3n impulsado por profesores e investigadores de la Universidad de Alicante con car\u00e1cter interdisciplinar, interuniversitario e internacional. Est\u00e1 dirigido por la Dra. Victoria Tur-Vi\u00f1es. Nuestro trabajo se organiza alrededor de la\u00a0investigaci\u00f3n, la formaci\u00f3n y la &hellip; <a href=\"https:\/\/blogs.ua.es\/comunicacionypublicosespecificos\/\">Continue reading <span class=\"meta-nav\">&rarr;<\/span><\/a><\/p>\n","protected":false},"author":2406,"featured_media":0,"parent":0,"menu_order":0,"comment_status":"closed","ping_status":"closed","template":"","meta":{"footnotes":""},"class_list":["post-139","page","type-page","status-publish","hentry"],"_links":{"self":[{"href":"https:\/\/blogs.ua.es\/comunicacionypublicosespecificos\/wp-json\/wp\/v2\/pages\/139","targetHints":{"allow":["GET"]}}],"collection":[{"href":"https:\/\/blogs.ua.es\/comunicacionypublicosespecificos\/wp-json\/wp\/v2\/pages"}],"about":[{"href":"https:\/\/blogs.ua.es\/comunicacionypublicosespecificos\/wp-json\/wp\/v2\/types\/page"}],"author":[{"embeddable":true,"href":"https:\/\/blogs.ua.es\/comunicacionypublicosespecificos\/wp-json\/wp\/v2\/users\/2406"}],"replies":[{"embeddable":true,"href":"https:\/\/blogs.ua.es\/comunicacionypublicosespecificos\/wp-json\/wp\/v2\/comments?post=139"}],"version-history":[{"count":39,"href":"https:\/\/blogs.ua.es\/comunicacionypublicosespecificos\/wp-json\/wp\/v2\/pages\/139\/revisions"}],"predecessor-version":[{"id":537,"href":"https:\/\/blogs.ua.es\/comunicacionypublicosespecificos\/wp-json\/wp\/v2\/pages\/139\/revisions\/537"}],"wp:attachment":[{"href":"https:\/\/blogs.ua.es\/comunicacionypublicosespecificos\/wp-json\/wp\/v2\/media?parent=139"}],"curies":[{"name":"wp","href":"https:\/\/api.w.org\/{rel}","templated":true}]}}