{"id":163,"date":"2011-11-30T12:16:19","date_gmt":"2011-11-30T11:16:19","guid":{"rendered":"https:\/\/blogs.ua.es\/comunicacionypublicosespecificos\/?page_id=163"},"modified":"2011-12-20T12:19:40","modified_gmt":"2011-12-20T11:19:40","slug":"articulos-de-revistas","status":"publish","type":"page","link":"https:\/\/blogs.ua.es\/comunicacionypublicosespecificos\/articulos-de-revistas\/","title":{"rendered":"Art\u00edculos de revistas"},"content":{"rendered":"<div>\n<p><strong>\u00a0<\/strong><\/p>\n<ul>\n<li>Campillo Alhama, C., Castell\u00f3 Mart\u00ednez, A. y Hern\u00e1ndez Ruiz, A. (2011). La estrategia de comunicaci\u00f3n 2.0 en los eventos empresariales.\u00a0<em>Icono 14.<\/em><a href=\"http:\/\/www.icono14.net\/index.php\/eventos\">http:\/\/www.icono14.net\/index.php\/eventos<\/a>.<\/li>\n<li>Carret\u00f3n Ballester, MC y Ramos Soler, I (2011). \u00a0Redes Sociales para Mayores y\/o Mayores en Redes Sociales. <em>Revista ICONO 14<\/em>, 6, 395-415. ISSN: 1697-8293<\/li>\n<li>Castell\u00f3 Mart\u00ednez, A. (2010). \u00bfCu\u00e1nto vale un fan? El reto de la medici\u00f3n de la audiencia en los social mediA.<em>\u00a0<\/em><em>Pensar la publicidaD. Revista internacional de investigaciones publicitarias, 2<\/em>, \u00a0vol. Iv, 89-110.<a href=\"http:\/\/revistas.ucm.es\/inf\/18878598\/articulos\/PEPU1010220089A.PDF\">http:\/\/revistas.ucM.es\/inf\/18878598\/articulos\/pepu1010220089A.pdf<\/a><\/li>\n<li>Castell\u00f3 Mart\u00ednez, A. (2010). \u00c9tica en publicidad onlinE.<em>\u00a0<\/em><em>Fonseca, journal of communication, \u00a01<\/em>, \u00a0219-237.\u00a0<a href=\"http:\/\/fjc.usal.es\/index.php\/sumario1\/55-eticapublicidad\">Http:\/\/fjC.usal.es\/index.php\/sumario1\/55-eticapublicidad<\/a><\/li>\n<li>Castell\u00f3 Mart\u00ednez, A. (2010). La orientaci\u00f3n empresarial hacia el cliente en la web2.0.\u00a0<em>Miguel Hern\u00e1ndez communication journal, 1,<\/em>\u00a099-131. Universidad miguel Hern\u00e1ndez, UMH (Elche-Alicante). \u00a0<a href=\"http:\/\/mhcj.es\/2010\/05\/12\/castello\/\">Http:\/\/mhcJ.es\/2010\/05\/12\/castello\/<\/a><\/li>\n<li>Castell\u00f3 Mart\u00ednez, A. (2010). La sensibilizaci\u00f3n medioambiental en redes sociales onlinE.\u00a0<em>Revista fisec-estrategias,<\/em>\u00a0<em>13<\/em>, 23-46.<a href=\"http:\/\/www.cienciared.com.ar\/ra\/doc.php?n=1261\">www.cienciareD.coM.ar\/ra\/doC.php?n=1261<\/a><\/li>\n<li>Castell\u00f3 Mart\u00ednez, A. (2010). Una nueva figura profesional: el Community Manager.\u00a0<em>Revista Pangea, 1.<\/em>\u00a0<a href=\"http:\/\/revistapangea.org\/01-01-103\">Http:\/\/revistapangeA.org\/01-01-103<\/a><\/li>\n<li>Castell\u00f3 Mart\u00ednez, A. (2011). La venta online a trav\u00e9s de medios sociales: el Social CommercE.\u00a0<em>Revista fisec-estrategias, 15<\/em>, 83-104. CienciareD.coM.ar\/ra\/doC.php?n=1550.<\/li>\n<li>Fern\u00e1ndez Poyatos, D. y Tur Vi\u00f1es, V. (2005): El mensaje televisivo de programas y publicidad dirigido al p\u00fablico infantil. Revista comunicar, vol xiii, n\u00ba25, issn: 1134-3478\/dl: h-199-93.<a href=\"http:\/\/www.revistacomunicar.com\/index.php?contenido=detalles&amp;numero=25&amp;articulo=25-2005-121\">http:\/\/www.revistacomunicar.com\/index.php?contenido=detalles&amp;numero=25&amp;articulo=25-2005-121<\/a><\/li>\n<li>Gallego, E., Van-Der Hofstadt, C., Estevez, C., L\u00f3pez-S\u00e1nchez<strong>,\u00a0<\/strong>C., y Garc\u00eda del Castillo, JA. (2001).\u00a0<em>Representaci\u00f3n social de la droga: posibilidad de aplicaci\u00f3n pr\u00e1ctica de un constructo eminentemente te\u00f3rico<\/em><strong><em>.<\/em><\/strong>health and addictions\/salud y drogas,\u00a0 1,\u00a0\u00a02,\u00a0 275 \u2013<strong>\u00a0<\/strong>286.\u00a0<a href=\"http:\/\/www.haaj.org\/sites\/default\/files\/Representaci%C3%B3n%20Social%20de%20la%20droga.pdf\">Http:\/\/www.haaJ.org\/sites\/default\/files\/representaci%c3%b3n%20social%20de%20la%20drogA.pdf<\/a><\/li>\n<li>Garc\u00eda del Castillo, J.A., G\u00e1zquez, M. y Garc\u00eda del Castillo-L\u00f2pez, A. (2011).\u00a0 Importancia de la credibilidad de las fuentes medi\u00e1ticas en materia de drogas.\u00a0<em>Miguel Hern\u00e1ndez communication journal, 2,<\/em>\u00a010-23. Issn: 1989-8681.<a href=\"http:\/\/mhcj.es\/2011\/09\/22\/garcia_gasquez_garcia\/\">http:\/\/mhcJ.es\/2011\/09\/22\/garcia_gasquez_garcia\/<\/a><\/li>\n<li>Garc\u00eda del Castillo, J.A., L\u00f3pez-S\u00e1nchez, C., Fern\u00e1ndez, I., y Catal\u00e1, l. (2003).\u00a0<em>Evaluaci\u00f3n del programa de prevenci\u00f3n de drogas barbacanA.<\/em><strong><em>\u00a0<\/em><\/strong>\u00a0Health and addictions\/salud y drogas, 3,\u00a01,\u00a0 33 \u2013 54.<a href=\"http:\/\/www.haaj.org\/sites\/default\/files\/EVALUACI%C3%93N%20DEL%20PROGRAMA%20DE%20PREVENCI%C3%93N.pdf\">http:\/\/www.haaJ.org\/sites\/default\/files\/evaluaci%c3%93n%20del%20programa%20de%20prevenci%c3%93n.pdf<\/a><\/li>\n<li>G\u00e1zquez, M., Garc\u00eda del Castillo, J. A. y espada, J.P. (2009). Caracter\u00edsticas de los programas eficaces para la prevenci\u00f3n escolar del consumo de drogas.\u00a0<em>Health and addictions,<\/em>\u00a09(2), 185-208. Issn: 1578-5319.<a href=\"http:\/\/www.haaj.org\/es\/caracteristicas-de-los-programas-eficaces-para-la-prevencion-escolar-del-consumo-de-drogas\">http:\/\/www.haaJ.org\/es\/caracteristicas-de-los-programas-eficaces-para-la-prevencion-escolar-del-consumo-de-drogas<\/a><\/li>\n<li>G\u00e1zquez, M., Garc\u00eda del Castillo, J. A. y espada, J.P. (2010). Eficacia de los programas de prevenci\u00f3n escolar en funci\u00f3n del agente preventivo: profesores vs expertos.\u00a0<em>Health and addictions, 10<\/em>(2), 111-131. Issn: 1578-5319.<a href=\"http:\/\/www.haaj.org\/es\/eficacia-de-los-programas-de-prevencion-escolar-en-funcion-del-agente-preventivo-profesores-vs\">http:\/\/www.haaJ.org\/es\/eficacia-de-los-programas-de-prevencion-escolar-en-funcion-del-agente-preventivo-profesores-vs<\/a><\/li>\n<li>G\u00e1zquez, M., Garc\u00eda del Castillo, J. A. y espada, J.P. (2011). Eficacia diferencial de dos programas de prevenci\u00f3n escolar en el consumo de tabaco, seg\u00fan el tipo de aplicador.\u00a0<em>Psicothema, 23<\/em>(4), 537-543. Issn: 0214 \u2013 9915.<a href=\"http:\/\/www.psicothema.es\/psicothema.asp?id=3919\">http:\/\/www.psicothemA.es\/psicothemA.asp?id=3919<\/a><\/li>\n<li>G\u00e1zquez, M., Garc\u00eda del Castillo, J. A. y Ruiz, I. (2011). Importancia de la fidelidad en la implementaci\u00f3n de programas escolares para prevenir el consumo de drogas.\u00a0<em>Health and addictions, 11<\/em>(2), 51-69. Issn: 1578-5319. \u00a0<a href=\"http:\/\/www.haaj.org\/es\/importancia-de-la-fidelidad-en-la-implementacion-de-programas-escolares-para-prevenir-el-consumo-de\">Http:\/\/www.haaJ.org\/es\/importancia-de-la-fidelidad-en-la-implementacion-de-programas-escolares-para-prevenir-el-consumo-de<\/a><\/li>\n<li>Lloret, D., g\u00e1zquez M. y Garc\u00eda del Castillo J. A. (2006). La formaci\u00f3n en materia de drogodependencias en los programas de tercer ciclo en ciencias de la saluD.\u00a0<em>Salud y drogas, 6<\/em>(2), 229-247. Issn: 1578-5319.<a href=\"http:\/\/www.haaj.org\/es\/la-formacion-en-materia-de-drogodependencias-en-los-programas-de-tercer-ciclo-en-ciencias-de-la-salu\">http:\/\/www.haaJ.org\/es\/la-formacion-en-materia-de-drogodependencias-en-los-programas-de-tercer-ciclo-en-ciencias-de-la-salu<\/a><\/li>\n<li>L\u00f3pez-S\u00e1nchez, C., Tur Vi\u00f1es, v, y Garc\u00eda del Castillo J.A. (2010): &#8220;Evaluaci\u00f3n del protagonista-antagonista en los contenidos audiovisuales dirigidos a la infancia en cadenas de televisi\u00f3n espa\u00f1olas&#8221;, revista latina de comunicaci\u00f3n social, 65. La Laguna (Tenerife): universidad de la Laguna, p\u00e1ginas 553 a 560.\u00a0<a href=\"http:\/\/www.revistalatinacs.org\/10\/art3\/918_Alicante\/40_Tur.html\">Http:\/\/www.revistalatinacs.org\/10\/art3\/918_alicante\/40_Tur.html<\/a>. Doi: 10.4185\/rlcs-65-2010-918-553-560<\/li>\n<li>L\u00f3pez-S\u00e1nchez, M.C., G\u00e1zquez, M., y Garc\u00eda del Castillo-L\u00f3pez, A. (2011). Estudio piloto sobre la comunicaci\u00f3n y transmisi\u00f3n del conocimiento cient\u00edfico en los grupos de investigaci\u00f3n universitarios.\u00a0<em>Pangea. Revista de la red acad\u00e9mica iberoamericana de comunicaci\u00f3n<\/em>. (en prensa). Issn: 2172 \u2013 3168. \u00a0<a href=\"http:\/\/revistapangea.org\/\">Http:\/\/revistapangeA.org\/<\/a><\/li>\n<li>Mart\u00edn, M., Quiles, MC., y L\u00f3pez-S\u00e1nchez, C. (2004).\u00a0<em>Los sistemas de autorregulaci\u00f3n como mecanismos de control de la publicidad de tabaco: evaluaci\u00f3n mediante an\u00e1lisis emp\u00edrico.<\/em><strong>\u00a0<\/strong>Gaceta sanitaria, 18,\u00a0 5,\u00a0 \u00a0366 \u2013 373.<a href=\"http:\/\/scielo.isciii.es\/scielo.php?script=sci_arttext&amp;pid=S021391112004000700005&amp;lng=es&amp;nrm=iso\">http:\/\/scielo.isciiI.es\/scielo.php?script=sci_arttext&amp;pid=s021391112004000700005&amp;lng=es&amp;nrm=iso<\/a><\/li>\n<li>Mart\u00ednez, E., Monserrat, J. Y Tur, V. (2011): \u201cEl color en spots infantiles: prevalencia crom\u00e1tica y relaci\u00f3n con el logotipo de marca\u201d, revista comunicar, n\u00ba38.<\/li>\n<li>Monserrat Gauch\u00ed, J. y Castell\u00f3 Mart\u00ednez, A. (2010). La comunicaci\u00f3n en la franquicia ante el reto 2.0.\u00a0<em>Revista fisec-estrategias, \u00a014<\/em>, vol. I., 113-143. CienciareD.coM.ar\/ra\/doC.php?n=1364<\/li>\n<li>Papi G\u00e1lvez, N. y Ramos Soler, I. (2004). \u00a0El debate de la ampliaci\u00f3n europea y los medios de comunicaci\u00f3n publicitarios: un enfoque interdisciplinar. <em>Questiones Publicitarias. Revista Internacional de Comunicaci\u00f3n y Publicidad, <\/em>9, Vol I., 129-148. ISSN: 1988-8732<\/li>\n<li>\u00a0Pueo Ortega, B. y Tur Vi\u00f1es, V. (2011): \u201cEl sonido espacial envolvente para una comunicaci\u00f3n comercial de alto realismo\u201d, \u00a0sphera p\u00fablicA. Revista de ciencias sociales y de la\u00a0 comunicaci\u00f3n, n\u00ba 11, pP. 183-203.<\/li>\n<li>Pueo Ortega, B.;\u00a0 Tur Vi\u00f1es, V. (2009):\u00a0<a href=\"http:\/\/www.icono14.net\/index.php\/articulos\/sonido-espacial-para-una-inmersion-audiovisual-de-alto-realismo\">sonido espacial para una inmersi\u00f3n audiovisual de alto realismo.<\/a>\u00a0Revista icono 14, n\u00ba 13, pP. 334-345. Issn 1697-8293.<\/li>\n<li>Ramos Soler, I (2008). Estilos de Vida y valores en las personas mayores de 65 a\u00f1os. Adaptaci\u00f3n y validaci\u00f3n de la lista de valores LOV. <em>Revista\u00a0 Internacional de Metodolog\u00eda de Encuestas, <\/em>Vol 10, 119-141 ISSN: 1575-7803<\/li>\n<li>Ramos Soler, I y Carret\u00f3n Ballester, MC (2011).\u00a0 Las TICs en la comunicaci\u00f3n con personas mayores: la conducta empresarial y el modelo bidireccional de Motivaci\u00f3n Mixta. <em>Revista Tripodos, <\/em>16-30. ISSN: 1138-3305<\/li>\n<li>Ramos Soler, I y Carret\u00f3n Ballester, MC (2012). Presencia y representaci\u00f3n de las personas mayores en la publicidad: el caso espa\u00f1ol. <em>Revista Espa\u00f1ola de Geriatr\u00eda y Gerontolog\u00eda<\/em>, 1-12, ISSN: 0211-139X<\/li>\n<li>Ros diego, V.J. y Castell\u00f3 Mart\u00ednez, A. (2011). La comunicaci\u00f3n de la responsabilidad en los medios sociales.\u00a0<em>Revista latina de comunicaci\u00f3n social, 67<\/em>, 47-67.\u00a0<a href=\"http:\/\/www.revistalatinacs.org\/067\/art\/947_UA\/03_Araceli.html\">Http:\/\/www.revistalatinacs.org\/067\/art\/947_ua\/03_aracelI.html<\/a>. Doi:\u00a0<a href=\"http:\/\/dx.doi.org\/10.4185\/RLCS-067-947-047-067\">10.4185\/rlcs-067-947-047-067 \/ crossref link<\/a>. Issn: 1138-5820<\/li>\n<li>Tur Vi\u00f1es, V. (2006): La creatividad publicitaria en el espacio europeo de educaci\u00f3n superior. Revista tr\u00edpodos, vol. Extra n\u00ba5, pP. 153-160. Issn: 1138-3305.<\/li>\n<li>Tur Vi\u00f1es, V., Romero B. y Lozano M.\u00a0 (2008):\u00a0\u00a0\u00a0\u00a0<a href=\"http:\/\/www.ucam.edu\/sphera\/numeros\/numero-8\/sphera8.pdf\">contenidos program\u00e1ticos audiovisuales: experiencias internacionales en regulaci\u00f3n<\/a>. \u00a0Sphera p\u00fablicA. Revista de ciencias sociales y de la\u00a0 comunicaci\u00f3n, n\u00ba 8, pP.41-63.\u00a0\u00a0 Issn: 1180- 9210.<\/li>\n<li>Tur Vi\u00f1es, V.; Grande Esteban, I. (2009):\u00a0<a href=\"http:\/\/www.ehu.es\/zer\/\">violencia y prosocialidad en los contenidos televisivos visionados por menores en alicante<\/a>. \u00a0Revista zer de comunicaci\u00f3n, vol. 14, n\u00ba 27, pP.33-59.<\/li>\n<li>Tur Vi\u00f1es, Victoria (2005): Aproximaci\u00f3n a la medida emp\u00edrica de la calidad del audiovisual dirigido a ni\u00f1os. Revista comunicar, vol. Xiii, n\u00ba25, issn: 1134-3478\/dl: h-199-93.\u00a0\u00a0<a href=\"http:\/\/www.revistacomunicar.com\/verpdf.php?numero=25&amp;articulo=25-2005-118\">Http:\/\/www.revistacomunicar.com\/verpdf.php?numero=25&amp;articulo=25-2005-118<\/a><\/li>\n<\/ul>\n<p>&nbsp;<\/p>\n<p><span style=\"font-size: small\"><span style=\"line-height: 24px\"><strong><br \/>\n<\/strong><\/span><\/span><\/p>\n<\/div>\n","protected":false},"excerpt":{"rendered":"<p>\u00a0 Campillo Alhama, C., Castell\u00f3 Mart\u00ednez, A. y Hern\u00e1ndez Ruiz, A. (2011). La estrategia de comunicaci\u00f3n 2.0 en los eventos empresariales.\u00a0Icono 14.http:\/\/www.icono14.net\/index.php\/eventos. Carret\u00f3n Ballester, MC y Ramos Soler, I (2011). \u00a0Redes Sociales para Mayores y\/o Mayores en Redes Sociales. Revista &hellip; <a href=\"https:\/\/blogs.ua.es\/comunicacionypublicosespecificos\/articulos-de-revistas\/\">Continue reading <span class=\"meta-nav\">&rarr;<\/span><\/a><\/p>\n","protected":false},"author":2406,"featured_media":0,"parent":0,"menu_order":0,"comment_status":"closed","ping_status":"closed","template":"","meta":{"footnotes":""},"class_list":["post-163","page","type-page","status-publish","hentry"],"_links":{"self":[{"href":"https:\/\/blogs.ua.es\/comunicacionypublicosespecificos\/wp-json\/wp\/v2\/pages\/163","targetHints":{"allow":["GET"]}}],"collection":[{"href":"https:\/\/blogs.ua.es\/comunicacionypublicosespecificos\/wp-json\/wp\/v2\/pages"}],"about":[{"href":"https:\/\/blogs.ua.es\/comunicacionypublicosespecificos\/wp-json\/wp\/v2\/types\/page"}],"author":[{"embeddable":true,"href":"https:\/\/blogs.ua.es\/comunicacionypublicosespecificos\/wp-json\/wp\/v2\/users\/2406"}],"replies":[{"embeddable":true,"href":"https:\/\/blogs.ua.es\/comunicacionypublicosespecificos\/wp-json\/wp\/v2\/comments?post=163"}],"version-history":[{"count":14,"href":"https:\/\/blogs.ua.es\/comunicacionypublicosespecificos\/wp-json\/wp\/v2\/pages\/163\/revisions"}],"predecessor-version":[{"id":373,"href":"https:\/\/blogs.ua.es\/comunicacionypublicosespecificos\/wp-json\/wp\/v2\/pages\/163\/revisions\/373"}],"wp:attachment":[{"href":"https:\/\/blogs.ua.es\/comunicacionypublicosespecificos\/wp-json\/wp\/v2\/media?parent=163"}],"curies":[{"name":"wp","href":"https:\/\/api.w.org\/{rel}","templated":true}]}}