{"id":170,"date":"2011-11-30T12:34:52","date_gmt":"2011-11-30T11:34:52","guid":{"rendered":"https:\/\/blogs.ua.es\/comunicacionypublicosespecificos\/?page_id=170"},"modified":"2011-12-20T12:22:46","modified_gmt":"2011-12-20T11:22:46","slug":"libros","status":"publish","type":"page","link":"https:\/\/blogs.ua.es\/comunicacionypublicosespecificos\/libros\/","title":{"rendered":"Libros"},"content":{"rendered":"<ul>\n<li>\u00a0Carret\u00f3n Ballester, MC y Ramos Soler, I. (2009). <em>Las Relaciones P\u00fablicas en la gesti\u00f3n de la Comunicaci\u00f3n Interna.<\/em> Sevilla: AIRP (Asociaci\u00f3n de Investigadores en Relaciones P\u00fablicas). ISBN: 978-84-612-8596-9<\/li>\n<li>Castell\u00f3 Mart\u00ednez, A. (2007). <em>Tendencias en la planificaci\u00f3n publicitaria online. La estandarizaci\u00f3n en la medici\u00f3n de audiencia online como s\u00edntoma de la madurez de Internet como soporte publicitario<\/em>. Madrid: Asociaci\u00f3n parala Investigaci\u00f3n de Medios de Comunicaci\u00f3n (AIMC).<\/li>\n<li>Castell\u00f3 Mart\u00ednez, A. (2010). <em>Estrategias empresariales en la Web 2.0. Las redes sociales online<\/em>. Alicante: Editorial Club Universitario (ECU).<\/li>\n<li>Garc\u00eda del Castillo, J.A. y L\u00f3pez-S\u00e1nchez, C. (2009). <em>Medios de comunicaci\u00f3n, publicidad y adicciones. <\/em>Madrid: EDAF. ISBN: 978-84-414-2109-7<\/li>\n<li>Garc\u00eda del Castillo, J.A. y L\u00f3pez-S\u00e1nchez, C. (comps.). (2005).<em>Manual de estudios sobre coca\u00edna y drogas de s\u00edntesis. <\/em>Madrid: EDAF. ISBN: 84-414-1692-3.<\/li>\n<li>Garc\u00eda-Rodr\u00edguez, J.A. y L\u00f3pez-S\u00e1nchez, C. (1988). <em>Prevenci\u00f3n primaria de las drogodependencias en la escuela. Teor\u00eda y m\u00e9todo.<\/em> Alicante: Ayuntamiento de Santa Pola. ISBN: 84-505-7338-6<\/li>\n<li>Garc\u00eda-Rodr\u00edguez, J.A. y L\u00f3pez-S\u00e1nchez, C. (1994). <em>Informaci\u00f3n y consumo de drogas: escolares y padres de la comunidad de Ibi. <\/em>Ibi (Alicante):Ayuntamiento de Ibi. ISBN: 84-920078.<\/li>\n<li>Garc\u00eda-Rodr\u00edguez, J.A. y L\u00f3pez-S\u00e1nchez, C. (1998). <em>Barbacana 1: Gu\u00eda T\u00e9cnica. <\/em>Elche (Alicante): Universidad Miguel Hern\u00e1ndez. ISBN: 84-605-8311-2<\/li>\n<li>Garc\u00eda-Rodr\u00edguez, J.A. y L\u00f3pez-S\u00e1nchez, C. (2001). <em>Barbacana II: Cuaderno del alumno. <\/em>Elche (Alicante): Generalitat Valenciana..ISBN: 84-482-2766-2<\/li>\n<li>Garc\u00eda-Rodr\u00edguez, J.A. y L\u00f3pez-S\u00e1nchez, C. (2001).<em>Barbacana II: Gu\u00eda t\u00e9cnica. <\/em>Elche (Alicante):Generalitat Valenciana..ISBN: 84-482-2765-4<\/li>\n<li>Garc\u00eda-Rodr\u00edguez, J.A. y L\u00f3pez-S\u00e1nchez, C. (comps.). (1998). <em>Nuevas aportaciones en prevenci\u00f3n de las drogodependencias. <\/em>Madrid: S\u00edntesis.\u00a0ISBN: 84-7738-603-X<\/li>\n<li>Garc\u00eda-Rodr\u00edguez, J.A. y L\u00f3pez-S\u00e1nchez, C. (comps.). (2001).<em>Manual de estudios sobre alcohol. <\/em>Madrid: EDAF. ISBN: 84-414-1028-3<\/li>\n<li>Garc\u00eda-Rodr\u00edguez, J.A; L\u00f3pez-S\u00e1nchez, C. (1998). <em>Barbacana 1: Cuaderno del Alumno. <\/em>Elche (Alicante): Universidad Miguel Hern\u00e1ndez. ISBN: 84-605-8310-4<\/li>\n<li>Garc\u00eda-Rodr\u00edguez, JA y L\u00f3pez-S\u00e1nchez, C. (2002).<em>Barbacana I: Caitelul elevului. <\/em>Bucarest (Rumania): Ministerul de Interne si Unniunea Europeana. ISBN: 973-8338743.<\/li>\n<li>Garc\u00eda-Rodr\u00edguez, JA. y L\u00f3pez-S\u00e1nchez, C. (2002).<em>Barbacana I: Ghid Metodologic. <\/em><span class=\"Apple-style-span\" style=\"text-align: -webkit-left\">Bucarest (Rumania): Ministerul de Interne si Unniunea Europeana.\u00a0ISBN: 973-8338-75-1<\/span><\/li>\n<li>Garc\u00eda-Rodr\u00edguez, JA; L\u00f3pez-S\u00e1nchez, C; Fern\u00e1ndez, S y Santos, C. (2001). <em>Estudio sobre tabaco, alcohol y otras drogas en el Campello. <\/em>Alicante: Instituto de Investigaci\u00f3n de Drogodependencias. ISBN: 84-699-4815-6.<\/li>\n<li>L\u00f3pez-S\u00e1nchez, C., Garc\u00eda-Rodr\u00edguez, J.A., Jover, M.C., y S\u00e1nchez, C. (2001). <em>Fundamentos b\u00e1sicos sobre tabaco, alcohol y otras drogas .<\/em>Alicante: Instituto de Investigaci\u00f3n de Drogodependencias. ISBN: 84-699-5166.<\/li>\n<li>Ramos Soler, I (2007). <em>El Estilo de Vida de los Mayores y la Publicidad<\/em>. Barcelona: Fundaci\u00f3n \u201cLa Caixa\u201d. ISBN: 978-84-7664-953-4<\/li>\n<li>Tur Vi\u00f1es, V.; Ramor Soler, I. (2008): Marketing y ni\u00f1os. Madrid: ESIC.ISBN: 9788473565424.<\/li>\n<li>Tur Vi\u00f1es, Victoria (2004): Comunicaci\u00f3n Publicitaria de Juguetes en televisi\u00f3n. Alicante: Servicio de Publicaciones de la Universidad de Alicante. P\u00e1ginas: 348. ISBN:\u00a0\u00a0 84-7908-780-3<\/li>\n<\/ul>\n","protected":false},"excerpt":{"rendered":"<p>\u00a0Carret\u00f3n Ballester, MC y Ramos Soler, I. (2009). Las Relaciones P\u00fablicas en la gesti\u00f3n de la Comunicaci\u00f3n Interna. Sevilla: AIRP (Asociaci\u00f3n de Investigadores en Relaciones P\u00fablicas). ISBN: 978-84-612-8596-9 Castell\u00f3 Mart\u00ednez, A. (2007). Tendencias en la planificaci\u00f3n publicitaria online. La estandarizaci\u00f3n &hellip; <a href=\"https:\/\/blogs.ua.es\/comunicacionypublicosespecificos\/libros\/\">Continue reading <span class=\"meta-nav\">&rarr;<\/span><\/a><\/p>\n","protected":false},"author":2406,"featured_media":0,"parent":0,"menu_order":0,"comment_status":"closed","ping_status":"closed","template":"","meta":{"footnotes":""},"class_list":["post-170","page","type-page","status-publish","hentry"],"_links":{"self":[{"href":"https:\/\/blogs.ua.es\/comunicacionypublicosespecificos\/wp-json\/wp\/v2\/pages\/170","targetHints":{"allow":["GET"]}}],"collection":[{"href":"https:\/\/blogs.ua.es\/comunicacionypublicosespecificos\/wp-json\/wp\/v2\/pages"}],"about":[{"href":"https:\/\/blogs.ua.es\/comunicacionypublicosespecificos\/wp-json\/wp\/v2\/types\/page"}],"author":[{"embeddable":true,"href":"https:\/\/blogs.ua.es\/comunicacionypublicosespecificos\/wp-json\/wp\/v2\/users\/2406"}],"replies":[{"embeddable":true,"href":"https:\/\/blogs.ua.es\/comunicacionypublicosespecificos\/wp-json\/wp\/v2\/comments?post=170"}],"version-history":[{"count":15,"href":"https:\/\/blogs.ua.es\/comunicacionypublicosespecificos\/wp-json\/wp\/v2\/pages\/170\/revisions"}],"predecessor-version":[{"id":376,"href":"https:\/\/blogs.ua.es\/comunicacionypublicosespecificos\/wp-json\/wp\/v2\/pages\/170\/revisions\/376"}],"wp:attachment":[{"href":"https:\/\/blogs.ua.es\/comunicacionypublicosespecificos\/wp-json\/wp\/v2\/media?parent=170"}],"curies":[{"name":"wp","href":"https:\/\/api.w.org\/{rel}","templated":true}]}}