{"id":173,"date":"2011-11-30T12:35:08","date_gmt":"2011-11-30T11:35:08","guid":{"rendered":"https:\/\/blogs.ua.es\/comunicacionypublicosespecificos\/?page_id=173"},"modified":"2011-12-20T12:29:00","modified_gmt":"2011-12-20T11:29:00","slug":"congresos","status":"publish","type":"page","link":"https:\/\/blogs.ua.es\/comunicacionypublicosespecificos\/congresos\/","title":{"rendered":"Congresos"},"content":{"rendered":"<ul>\n<li>Campillo Alhama, C., Castell\u00f3 Mart\u00ednez, A. y Hern\u00e1ndez Ruiz, A. (2011). La estrategia de comunicaci\u00f3n 2.0 en los eventos empresariales. II Congreso Internacional Sociedad Digital: espacios para la interactividad y la inmersi\u00f3n.<\/li>\n<li>Campillo, C.; Ramos-Soler, I. (2005). La comunicaci\u00f3n p\u00fablica de PIMESA (promociones e iniciativas municipales de Elche). En <em>V Congreso de Comunicaci\u00f3n Local. <\/em>\u00a0Castell\u00f3n.Ca\u00f1adas, I. y G\u00e1zquez, M. (2011, Julio).\u00a0<em>Elaboraci\u00f3n de un libro de codificaci\u00f3n para caracterizar la prevenci\u00f3n nacional del consumo de drogas, en el \u00e1mbito escolar<\/em>. IX Congreso Nacional de Psicolog\u00eda Cl\u00ednica. San Sebasti\u00e1n (Espa\u00f1a). Publicado en Zych, I., Ferrer, L.E. y Roca D\u00edaz, Y. (2011). IX Congreso Nacional de Psicolog\u00eda Cl\u00ednica.AEPC: Madrid. pp. 299. ISBN 978-84-694-4061-2.<\/li>\n<li>Ca\u00f1adas, I. y G\u00e1zquez, M. (2011, Julio). <em>Elaboraci\u00f3n de un libro de codificaci\u00f3n para caracterizar la prevenci\u00f3n nacional del consumo de drogas, en el \u00e1mbito escolar<\/em>. IX Congreso Nacional de Psicolog\u00eda Cl\u00ednica. San Sebasti\u00e1n (Espa\u00f1a). Publicado en Zych, I., Ferrer, L.E. y Roca D\u00edaz, Y. (2011). IX Congreso Nacional de Psicolog\u00eda Cl\u00ednica.AEPC: Madrid. pp. 299. ISBN 978-84-694-4061-2.<\/li>\n<li>Ca\u00f1adas, I., G\u00e1zquez, M. y Ruiz, I. (2011, Julio).\u00a0<em>Intenci\u00f3n de dejar de fumar tras la reforma de la Ley del Tabaco 28\/2005, en estudiantes universitarios<\/em>. IX Congreso Nacional de Psicolog\u00eda Cl\u00ednica. San Sebasti\u00e1n (Espa\u00f1a). Publicado en Zych, I., Ferrer, L.E. y Roca D\u00edaz, Y. (2011). IX Congreso Nacional de Psicolog\u00eda Cl\u00ednica. AEPC: Madrid. pp. 297. ISBN 978-84-694-4061-2.<\/li>\n<li>Carballo, J.L, Garc\u00eda, G., J\u00e1uregui, V. Mar\u00edn, M. S\u00e1ez, A., P\u00e9rez, M. V. y G\u00e1zquez, M. (2010, Abril).\u00a0<em>Diferencias en habilidades cognitivas entre consumidores abusivos y no abusivos de alcohol en estudiantes de secundaria en funci\u00f3n del g\u00e9nero<\/em>. VII Congreso Iberoamericano de Psicolog\u00eda. Oviedo. (Espa\u00f1a).<\/li>\n<li>Carballo, J.L., Garc\u00eda S\u00e1nchez, G., J\u00e1uregui, V., Mar\u00edn, M., S\u00e1ez, A. P\u00e9rez, V. y G\u00e1zquez, M. (2010, Julio)\u00a0<em>\u00bfAfecta el consumo abusivo de alcohol de los estudiantes de secundaria a sus habilidades cognitivas?<\/em>\u00a0XXXVII Jornadas Nacionales de Socidrogalcohol. Oviedo. (Espa\u00f1a).<\/li>\n<li>Carballo, JL., Garc\u00eda S\u00e1nchez, G., J\u00e1uregui And\u00fajar, V, Mar\u00edn Villa, M., P\u00e9rez-Jover V, G\u00e1zquez, M, Garc\u00eda del Castillo-L\u00f3pez. (2011, Abril).\u00a0<em>An\u00e1lisis de la relaci\u00f3n entre el consumo de alcohol y las habilidades cognitivas en funci\u00f3n del g\u00e9nero<\/em>. XXXVIII Jornadas Nacionales de Socidrogalcohol. Madrid (Espa\u00f1a).<\/li>\n<li>Carret\u00f3n-Ballester, M.C. y Ramos-Soler, I. (2010). Indicadores de responsabilidad social desde las relaciones p\u00fablicas internas: el caso de las empresas alicantinas. En\u00a0 <em>II Congreso Internacional Latina de Comunicaci\u00f3n Social.<\/em>La Laguna (Tenerife).<\/li>\n<li>Carret\u00f3n-Ballester, M.C. y Ramos-Soler, I. (2011). Gesti\u00f3n de comunidades y p\u00fablicos emergentes: redes sociales para mayores y\/o mayores en redes sociales. En\u00a0 <em>VI Congreso Internacional de Investigadores en Relaciones P\u00fablicas.<\/em>Pontevedra.Castell\u00f3 Mart\u00ednez, A. (2009). El marketing viral como estrategia publicitaria online. En<em>Actas del I Congreso Internacional Brand Trends<\/em>.<\/li>\n<li>Castell\u00f3 Mart\u00ednez, A. (2009). Internet como medio para generar branding. En\u00a0<em>Actas del I Congreso Internacional Brand Trends<\/em>.<\/li>\n<li>Castell\u00f3 Mart\u00ednez, A. (2009). La medici\u00f3n de la audiencia online. En\u00a0<em>Actas del I Congreso Internacional Brand Trends<\/em>.<\/li>\n<li>Castell\u00f3 Mart\u00ednez, A. (2010). La construcci\u00f3n del entorno colaborativo por parte del anunciante en la Web2.0. En\u00a0<em>Actas del II Congreso Internacional Ciberperiodismo y Web 2.0<\/em>.<\/li>\n<li>Castell\u00f3 Mart\u00ednez, A. (2010). La figura del Community Manager. En\u00a0<em>Actas del II Congreso Internacional Ciberperiodismo y Web 2.0<\/em>.<\/li>\n<li>Castell\u00f3 Mart\u00ednez, A. (2011). Herramientas de aprendizaje cooperativo aplicadas a la ense\u00f1anza universitaria: un caso pr\u00e1ctico. Congreso Universitario Internacional sobre contenidos, investigaci\u00f3n, innovaci\u00f3n y docencia. Universidad Complutense de Madrid.<\/li>\n<li>Castell\u00f3 Mart\u00ednez, A. (2011). La saturaci\u00f3n publicitaria en los nuevos entornos digitales: \u00bfuna cuesti\u00f3n \u00e9tica?. En J.C. Su\u00e1rez (Ed.),\u00a0<em>La \u00e9tica de la comunicaci\u00f3n a comienzos del siglo XXI. Libro de actas del I Congreso Internacional de \u00e9tica de la comunicaci\u00f3n<\/em>(1128-1138). Madrid: Eduforma, Editorial Mad S.L.<\/li>\n<li>Castell\u00f3 Mart\u00ednez, A. (2011). Las plataformas 2.0 como canales de venta: la compra se vuelve (m\u00e1s) social.\u00a0 Comunica 2.0: II Congreso universitario sobre redes sociales.<a href=\"http:\/\/rua.ua.es\/dspace\/handle\/10045\/19313\">http:\/\/rua.ua.es\/dspace\/handle\/10045\/19313<\/a><\/li>\n<li>De la Torre, M., Tirado, S., Ca\u00f1adas, I. y G\u00e1zquez, M. (2009, Octubre).\u00a0<em>La escala HAD en la psicolog\u00eda de la salud espa\u00f1ola. Un estudio de revisi\u00f3n<\/em>. II Jornadas \u201cEmociones y Bienestar\u201d y la XVI Reuni\u00f3n Anual de la SEAS. Madrid (Espa\u00f1a).<\/li>\n<li>Espada, J.P., G\u00e1zquez, M. y Garc\u00eda del Castillo J.A<em>.<\/em>\u00a0(2007, Julio).\u00a0<em>\u00a0<\/em><em>Comparison between two applications of LST program applied by experts vs teachers<\/em>. Comunicaci\u00f3n presentada en Simposio 25: Addictive behaviours in young people and adolescents: Cognitive-behavioural predictors and preventive applications. V. World Congress of Behaviour and Cognitive Therapies, Barcelona (Espa\u00f1a).<\/li>\n<li>Garc\u00eda del Castillo, J.A., Garc\u00eda del Castillo-L\u00f3pez, L\u00f3pez-S\u00e1nchez, C., Carballo, JL, Marzo, J., G\u00e1zquez, M, LLoret Irles, D. (2011, Abril).\u00a0<em>Inteligencia emocional y alcohol: elaboraci\u00f3n de un modelo multidimensional explicativo de escuaci\u00f3nes estructurales<\/em>. XXXVIII Jornadas Nacionales de Socidrogalcohol. Madrid (Espa\u00f1a).<\/li>\n<li>Garc\u00eda del Castillo, J.A., Garc\u00eda del Castillo-L\u00f3pez, Marzo, J., G\u00e1zquez, M y Ruiz, I. (2011, Mayo).\u00a0<em>An\u00e1lisis relacional entre inteligencia emocional y consumo de alcohol en adolescentes y j\u00f3venes<\/em>. VI Congres de la Societat Catalano Balear de Psicolog\u00eda. Palma de Mallorca (Espa\u00f1a).<\/li>\n<li>Garc\u00eda del Castillo, J.A., G\u00e1zquez, M. y L\u00f3pez-S\u00e1nchez, C. (2010, Diciembre).\u00a0<em>Nivel de comunicaci\u00f3n y credibilidad de la fuente informativa en materia de drogas<\/em>. II Congreso Internacional Latina de Comunicaci\u00f3n Social. Sociedad Latina de Comunicaci\u00f3n Social. Tenerife. (Espa\u00f1a).<\/li>\n<li>Garc\u00eda del Castillo, J.A., G\u00e1zquez, M., L\u00f3pez-S\u00e1nchez, C. y Garc\u00eda del Castillo-L\u00f3pez, A. (2011, Septiembre).\u00a0<em>Credibilidad de los medios de informaci\u00f3n sobre drogas.<\/em>\u00a0VIII Bienal Iberoamericana de Comunicaci\u00f3n. Puebla (M\u00e9xico).<\/li>\n<li>Garc\u00eda del Castillo-L\u00f3pez, A., Marzo, J.C., L\u00f3pez-S\u00e1nchez, C. y G\u00e1zquez, M. (2010, Abril).\u00a0<em>Consumo de alcohol e inteligencia emocional en adolescentes: desarrollo de un modelo multidimensional de prevenci\u00f3n del consumo de alcohol.<\/em>\u00a0VII Congreso Iberoamericano de Psicolog\u00eda. Oviedo. (Espa\u00f1a).<\/li>\n<li>G\u00e1zquez, M y Ca\u00f1adas, I. (2011, Julio).\u00a0<em>An\u00e1lisis de los programas escolares para prevenir el consumo de drogas, desarrollados en Espa\u00f1a en el \u00faltimo decenio<\/em>. IX Congreso Nacional de Psicolog\u00eda Cl\u00ednica. San Sebasti\u00e1n (Espa\u00f1a). Publicado en Zych, I., Ferrer, L.E. y Roca D\u00edaz, Y. (2011). IX Congreso Nacional de Psicolog\u00eda Cl\u00ednica. AEPC: Madrid. pp. 298. ISBN 978-84-694-4061-2.<\/li>\n<li>G\u00e1zquez, M, Garc\u00eda del Castillo, J.A., Espada, J.P., Garc\u00eda del Castillo-L\u00f3pez, A. LLoret Irles, D. (2011, Abril).\u00a0<em>Papel moderador de la variable tipo de aplicador en los resultados del programa Barbacana sobre el consumo de tabaco<\/em>. XXXVIII Jornadas Nacionales de Socidrogalcohol. Madrid (Espa\u00f1a).<\/li>\n<li>G\u00e1zquez, M, Garc\u00eda del Castillo, J.A., Garc\u00eda del Castillo-L\u00f3pez, A., Ruiz, A. (2011, Mayo).\u00a0<em>Factors que augmenten la probabilitat del consum de tabac en adolescents<\/em>. VI Congres de la Societat Catalano Balear de Psicolog\u00eda. Palma de Mallorca (Espa\u00f1a).<\/li>\n<li>G\u00e1zquez, M. (2008, Marzo).\u00a0<em>Familia y Botell\u00f3n<\/em>. Comunicaci\u00f3n presentada en VII Jornadas Auton\u00f3micas. Alcohol y Juventud. Santa Pola (Espa\u00f1a).<\/li>\n<li>G\u00e1zquez, M., Ca\u00f1adas, I., Tirado, S., Espada, J. P.\u00a0 y. Garc\u00eda del Castillo, J. A (2009, Octubre).\u00a0<em>Influencia del tipo de monitor en la mejora de la interacci\u00f3n social en la prevenci\u00f3n escolar del consumo de drogas.<\/em>\u00a0II Jornadas \u201cEmociones y Bienestar\u201d y la XVI Reuni\u00f3n Anual de la SEAS. Madrid. (Espa\u00f1a).<\/li>\n<li>G\u00e1zquez, M., Espada, J.P y Garc\u00eda del Castillo J.A\u00a0 (2007, Julio).\u00a0<em>Eficacia diferencial de un programa de prevenci\u00f3n escolar aplicado por \u201ctutores versus expertos\u201d.\u00a0 Comparaci\u00f3n entre el programa barbacana y un grupo control<\/em>\u00a0.Comunicaci\u00f3n presentada en Simposio 126: Aplicaciones de las T\u00e9cnicas Cognitivo-Conductuales en la Prevenci\u00f3n y Tratamiento De Las Conductas Adictivas. V. World Congress of Behaviour and Cognitive Therapies, Barcelona (Espa\u00f1a).<\/li>\n<li>G\u00e1zquez, M., Espada, J.P., Garc\u00eda del Castillo, J.A. y Carballo, J.L. (2010, Abril).<em>\u00bfInfluye el tipo de monitor sobre la eficacia del programa Barbacana para reducir el consumo de cannabis y otras drogas ilegales?<\/em>\u00a0VII Congreso Iberoamericano de Psicolog\u00eda. Oviedo. (Espa\u00f1a).<\/li>\n<li>G\u00e1zquez, M., Garc\u00eda del Castillo-L\u00f3pez, A., Garc\u00eda del Castillo, J.A. y Espada, J.P. (2010, Abril).\u00a0<em>Comparaci\u00f3n de la eficacia de dos programas basados en la mejora de las competencias personales para prevenir el consumo de alcohol<\/em>. VII Congreso Iberoamericano de Psicolog\u00eda. Oviedo. (Espa\u00f1a).<\/li>\n<li>G\u00e1zquez, M., Segura, M., Garc\u00eda del Castillo, J.A y Lloret, D (2005, Noviembre).<em>G\u00e9nero y tabaco en la UMH: Factores de Inicio<\/em>. V Congreso Nacional de Prevenci\u00f3n y Tratamiento del Tabaquismo. Comit\u00e9 Nacional para la Prevenci\u00f3n del Tabaquismo (CNPT), Salamanca (Espa\u00f1a). Publicado en: Libro de Actas V Congreso Nacional de Prevenci\u00f3n y Tratamiento del Tabaquismo.\u00a0<em>Prevenci\u00f3n del Tabaquismo<\/em>\u00a0(Vol. 7, Supl.1, pp. 171). ERGON: Madrid. ISSN: 1576-1959.<\/li>\n<li>G\u00e1zquez, M., Tirado, S., Ca\u00f1adas, I., Garc\u00eda del Castillo, J. A. y Espada, J. P. (2009, Octubre).\u00a0<em>Eficacia de las intervenciones preventivas del consumo de drogas en la mejora de la interacci\u00f3n social en adolescentes<\/em>. II Jornadas \u201cEmociones y Bienestar\u201d y la XVI Reuni\u00f3n Anual de la SEAS. Madrid (Espa\u00f1a).<\/li>\n<li>Grande, I. , Ramos-Soler, I. (2005). Profiling aging consumers television usage. Implications on advertising strategy. En\u00a0 <em>12th International Conference on Recent Advances in Retailing Consumer Services, EIRASS<\/em>. Orlando (USA).LLoret, D., Bodnariu, A, Hazincop, I, Cabrera, V., G\u00e1zquez, M, Moriano Le\u00f3n, J.A., V\u00e1zquez, A, Dias, P. (2011, Abril).\u00a0<em>European Network on Exchange Early Detection Drug-comsumption. Revisi\u00f3n de programas de prevenci\u00f3n<\/em>. XXXVIII Jornadas Nacionales de Socidrogalcohol. Madrid (Espa\u00f1a).<\/li>\n<li>LLoret, D., G\u00e1zquez, M, Botella, A., Ferri, M.J., Garc\u00eda del Castillo-L\u00f3pez, A., Garc\u00eda del Castillo, J.A. (2011, Abril).\u00a0<em>Modelos de influencia en el inicio del consumo de tabaco<\/em>. XXXVIII Jornadas Nacionales de Socidrogalcohol. Madrid (Espa\u00f1a).<\/li>\n<li>Papi, N.; Ramos-Soler, I. (2002). Los medios de comunicaci\u00f3n publicitarios dentro del espacio europeo. Un nuevo debate. En <em>I Congreso de Estudios Europeos. <\/em>Madrid.<\/li>\n<li>Pap\u00ed, N.; Ramos-Soler, I. <em>et al.<\/em> (2006). Competencias en publicidad y relaciones p\u00fablicas en el marco del EEES: an\u00e1lisis de objetivos comunes desde la troncalidad del primer y \u00faltimo curso en la UA. En \u00a0<em>IV Congreso Internacional Docencia Universitaria e Innovaci\u00f3n<\/em>. Barcelona.<\/li>\n<li>Pap\u00ed, N.; Ramos-Soler, I. <em>et al. <\/em>(2006). Metodolog\u00edas en publicidad y relaciones p\u00fablicas en el marco del EEES: an\u00e1lisis para la innovaci\u00f3n docente. En\u00a0 <em>IV Jornadas de Redes de Investigaci\u00f3n en Docencia Universitaria. <\/em>Alicante.<\/li>\n<li>Ramos-Soler, I. (2001). La comunicaci\u00f3n publicitaria local del peque\u00f1o comercio de joyer\u00eda y relojer\u00eda en la provincia de Alicante. En <em>I Congreso de Comunicaci\u00f3n Local. <\/em>\u00a0Castell\u00f3n.<\/li>\n<li>Ramos-Soler, I. (2007). Adaptaci\u00f3n y validaci\u00f3n de la lista de valores LOV a las personas mayores de 65 a\u00f1os. En <em>IV Congreso de Metodolog\u00eda de Encuestas. <\/em>Pamplona.<\/li>\n<li>Ramos-Soler, I. (2008). Las personas mayores en la publicidad. En <em>50\u00ba Congreso Sdad. Espa\u00f1ola de Geriatr\u00eda y Gerontolog\u00eda.<\/em> Granada.<\/li>\n<li>Ramos-Soler, I. (2009). La publicidad y los mayores. En <em>Jornadas Retos Sociales para el siglo XXI: Las personas mayores y los medios de comunicaci\u00f3n. <\/em>Alicante.<\/li>\n<li>Ramos-Soler, I. (2009). Las personas mayores y la publicidad. En\u00a0 <em>II Jornadas las personas mayores y su imagen p\u00fablica en los medios de comunicaci\u00f3n. <\/em>Vitoria.<\/li>\n<li>Ramos-Soler, I. (2010). Publicidad y Marketing orientada a los mayores. En <em>XVII Jornadas profesionales: intervenci\u00f3n psicol\u00f3gica en el envejecimiento activo. <\/em>Alicante.<\/li>\n<li>Ramos-Soler, I. <em>et al. <\/em>(2008). Metodolog\u00eda did\u00e1ctica aplicada en asignaturas troncales y obligatorias de Publicidad y Relaciones P\u00fablicas. En <em>VI Jornadas de Redes de Investigaci\u00f3n en Docencia Universitaria. <\/em>Alicante.<\/li>\n<li>Ramos-Soler, I. y Tur-Vi\u00f1es, V. (2011). A Cross-Cultural Approach for the sources of information for the elderly consumers: the spanish case. En <em>18<sup>th<\/sup> Recent Advances in Retailing &amp; Services Science Conference. <\/em>San Diego (USA).<\/li>\n<li>Ramos-Soler, I.; Grande, I. (2006).\u00a0 The lifestyle of elderly consumers as a segmentation criterion. Implications for advertising message design. En <em>13th International Conference on Recent Advances in Retailing Consumer Services, EIRASS.\u00a0 <\/em>Budapest (Hungria).<\/li>\n<li>Ramos-Soler, I.; Grande, I.; Tur, V. (2009). Elderly people and advertising: making them more visible and present in the consumer society. En <em>16th International Conference on Recent Advances in Retailing Consumer Services, EIRASS.\u00a0 <\/em>Niagara Falls (Canad\u00e1).<\/li>\n<li>Ramos-Soler, I.; Papi, N. (2004). El uso de las nuevas tecnolog\u00edas como soporte docente e investigador integrado en la formaci\u00f3n universitaria : la explotaci\u00f3n y estudio de las audiencias televisivas. En\u00a0 <em>III Congreso Internacional Docencia Universitaria e Innovaci\u00f3n. <\/em>Girona.<\/li>\n<li>Ramos-Soler, I.; Tur-Vi\u00f1es, V.; Grande, I.\u00a0 (2007). Children\u2019s television audiovisual content: study of entertainment as perceived by children and their preferences as an indicator of quality. En <em>14th International Conference on Recent Advances in Retailing Consumer Services, EIRASS.\u00a0 <\/em>San Francisco (USA).<\/li>\n<li>Ramos-Soler,I. (2001). Escuelas taller y casas de oficios. Una estrategia de comunicaci\u00f3n desde un enfoque marketing social. En <em>I Congreso Ib\u00e9rico de Comunicaci\u00f3n. <\/em>\u00a0M\u00e1laga.Segura, M., G\u00e1zquez, Garc\u00eda del Castillo J. A y Lloret D (2005, Noviembre).\u00a0<em>G\u00e9nero y tabaco en la UMH: Factores de Mantenimiento.<\/em>\u00a0V Congreso Nacional de Prevenci\u00f3n y Tratamiento del Tabaquismo. Comit\u00e9 Nacional para la Prevenci\u00f3n del Tabaquismo (CNPT). Salamanca (Espa\u00f1a). Publicado en: Libro de Actas V Congreso Nacional de Prevenci\u00f3n y Tratamiento del Tabaquismo.\u00a0<em>Prevenci\u00f3n del Tabaquismo<\/em>\u00a0(Vol. 7, Supl.1, pp. 172). ERGON: Madrid. ISSN: 1576-1959.<\/li>\n<li>Tur-Vi\u00f1es, V.; Ramos-Soler, I. (2007). Emerging strategies for marketing toys. En <em>14th International Conference on Recent Advances in Retailing Consumer Services, EIRASS.\u00a0 <\/em>San Francisco (USA).<\/li>\n<li>Tur-Vi\u00f1es, V.; Ramos-Soler, I. (2007).Contenidos audiovisuales televisivos dirigidos a la infancia. Entretenimiento percibido, preferencias programas\/cadena y h\u00e1bitos de visionado en ni\u00f1os de 4 a 12 a\u00f1os.\u00a0 En <em>IV Congreso de Metodolog\u00eda de Encuestas. <\/em>Pamplona.<\/li>\n<li>Tur-Vi\u00f1es. V.; Ramos-Soler, I. (2008). Dise\u00f1o de cuestionario y escalas para la medici\u00f3n del entretenimiento percibido, preferencias programa\/cadena y h\u00e1bitos de visionado televisivo en ni\u00f1os de 4 a 12 a\u00f1os. En <em>Congreso Internacional Fundacional Asociaci\u00f3n Espa\u00f1ola de Investigaci\u00f3n de la Comunicaci\u00f3n. <\/em>Santiago de Compostela.<\/li>\n<\/ul>\n","protected":false},"excerpt":{"rendered":"<p>Campillo Alhama, C., Castell\u00f3 Mart\u00ednez, A. y Hern\u00e1ndez Ruiz, A. (2011). La estrategia de comunicaci\u00f3n 2.0 en los eventos empresariales. II Congreso Internacional Sociedad Digital: espacios para la interactividad y la inmersi\u00f3n. Campillo, C.; Ramos-Soler, I. (2005). La comunicaci\u00f3n p\u00fablica &hellip; <a href=\"https:\/\/blogs.ua.es\/comunicacionypublicosespecificos\/congresos\/\">Continue reading <span class=\"meta-nav\">&rarr;<\/span><\/a><\/p>\n","protected":false},"author":2406,"featured_media":0,"parent":0,"menu_order":0,"comment_status":"closed","ping_status":"closed","template":"","meta":{"footnotes":""},"class_list":["post-173","page","type-page","status-publish","hentry"],"_links":{"self":[{"href":"https:\/\/blogs.ua.es\/comunicacionypublicosespecificos\/wp-json\/wp\/v2\/pages\/173","targetHints":{"allow":["GET"]}}],"collection":[{"href":"https:\/\/blogs.ua.es\/comunicacionypublicosespecificos\/wp-json\/wp\/v2\/pages"}],"about":[{"href":"https:\/\/blogs.ua.es\/comunicacionypublicosespecificos\/wp-json\/wp\/v2\/types\/page"}],"author":[{"embeddable":true,"href":"https:\/\/blogs.ua.es\/comunicacionypublicosespecificos\/wp-json\/wp\/v2\/users\/2406"}],"replies":[{"embeddable":true,"href":"https:\/\/blogs.ua.es\/comunicacionypublicosespecificos\/wp-json\/wp\/v2\/comments?post=173"}],"version-history":[{"count":10,"href":"https:\/\/blogs.ua.es\/comunicacionypublicosespecificos\/wp-json\/wp\/v2\/pages\/173\/revisions"}],"predecessor-version":[{"id":344,"href":"https:\/\/blogs.ua.es\/comunicacionypublicosespecificos\/wp-json\/wp\/v2\/pages\/173\/revisions\/344"}],"wp:attachment":[{"href":"https:\/\/blogs.ua.es\/comunicacionypublicosespecificos\/wp-json\/wp\/v2\/media?parent=173"}],"curies":[{"name":"wp","href":"https:\/\/api.w.org\/{rel}","templated":true}]}}