{"id":176,"date":"2011-11-30T12:35:28","date_gmt":"2011-11-30T11:35:28","guid":{"rendered":"https:\/\/blogs.ua.es\/comunicacionypublicosespecificos\/?page_id=176"},"modified":"2011-12-02T12:14:24","modified_gmt":"2011-12-02T11:14:24","slug":"otros","status":"publish","type":"page","link":"https:\/\/blogs.ua.es\/comunicacionypublicosespecificos\/otros\/","title":{"rendered":"Otros"},"content":{"rendered":"<div><span style=\"font-size: small\"><span class=\"Apple-style-span\" style=\"line-height: 24px\"><br \/>\n<\/span><\/span><\/div>\n<ul>\n<li><a title=\"MEMORIA 2003 SOBRE LA CALIDAD DE LOS CONTENIDOS PROGRAMATICOS Y PUBLICITARIOS \" href=\"http:\/\/web.ua.es\/es\/comunicacioneinfancia\/documentos\/doc-grupo-invest\/informes\/memoria-2003-sobre-la-calidad-de-los-contenidos-program-ticos-y-publicitarios-televisivos.pdf\">MEMORIA 2003 SOBRE LA CALIDAD DE LOS CONTENIDOS PROGRAM\u00c1TICOS Y PUBLICITARIOS TELEVISIVOS<\/a><\/li>\n<li><a title=\"INFORME SOBRE NORMA DE CALIDAD PARA LOS CONTENIDOS TELEVISIVOS DIRIGIDOS A MEN\" href=\"http:\/\/web.ua.es\/es\/comunicacioneinfancia\/documentos\/doc-grupo-invest\/informes\/informe-sobre-norma-de-calidad-para-los-contenidos-televisivos-dirigidos-a-menores.pdf\">INFORME SOBRE NORMA DE CALIDAD PARA LOS CONTENIDOS TELEVISIVOS DIRIGIDOS A MENORES<\/a><\/li>\n<li><a title=\"INFORME SOBRE EXPERIENCIAS DE CERTIFICACION\" href=\"http:\/\/web.ua.es\/es\/comunicacioneinfancia\/documentos\/doc-grupo-invest\/informes\/informe-sobre-experiencias-de-certificaci-n.pdf\">INFORME SOBRE EXPERIENCIAS DE CERTIFICACI\u00d3N<\/a><\/li>\n<li><a title=\"INFORME 2006 PUBLICIDAD INFANTIL\" href=\"http:\/\/web.ua.es\/es\/comunicacioneinfancia\/documentos\/doc-grupo-invest\/informes\/informe-2006-publicidad-infantil.pdf\">INFORME 2006 PUBLICIDAD INFANTIL<\/a><\/li>\n<li><a title=\"INFORME 2006 PROGRAMACION TELEVISIVA INFANTIL\" href=\"http:\/\/web.ua.es\/es\/comunicacioneinfancia\/documentos\/doc-grupo-invest\/informes\/informe-2006-programaci-n-televisiva-infantil.pdf\">INFORME 2006 PROGRAMACI\u00d3N TELEVISIVA INFANTIL<\/a><\/li>\n<li><a title=\"INFORME 2006 AUDIENCIA PROGRAMACION TELEVISIVA INFANTIL\" href=\"http:\/\/web.ua.es\/es\/comunicacioneinfancia\/documentos\/doc-grupo-invest\/informes\/informe-2006-audiencia-programaci-n-televisiva-infantil.pdf\">INFORME 2006 AUDIENCIA PROGRAMACI\u00d3N TELEVISIVA INFANTIL<\/a><\/li>\n<li><a title=\"CUESTIONARIO A NI\u00d1OS SOBRE HABITOS DE VISIONADO TELEVISIVO PREFERENCIAS Y RECU\" href=\"http:\/\/web.ua.es\/es\/comunicacioneinfancia\/documentos\/doc-grupo-invest\/informes\/cuestionario-a-ni-os-sobre-h-bitos-de-visionado-televisivo-preferencias-y-recuerdo-an-lisis-descriptivo-y-caracterizante.pdf\">CUESTIONARIO A NI\u00d1OS SOBRE H\u00c1BITOS DE VISIONADO TELEVISIVO PREFERENCIAS Y RECUERDO AN\u00c1LISIS DESCRIPTIVO Y CARACTERIZANTE<\/a><\/li>\n<li><a title=\"INFORME 2004 DESCRIPTIVO DE LOS CONTENIDOS PROGRAMATICOS Y PUBLICITARIOS DIRIGIDOS\" href=\"http:\/\/web.ua.es\/es\/comunicacioneinfancia\/documentos\/doc-grupo-invest\/informes\/informe-2004-descriptivo-de-los-contenidos-program-ticos-y-publicitarios-dirigidos-a-ni-os-an-lisis-de-audiencia-y-contenido.pdf\">INFORME 2004 DESCRIPTIVO DE LOS CONTENIDOS PROGRAM\u00c1TICOS Y PUBLICITARIOS DIRIGIDOS A NI\u00d1OS- AN\u00c1LISIS DE AUDIENCIA Y CONTENIDO<\/a><\/li>\n<\/ul>\n<ul>\n<li>Jornada Comunicaci\u00f3n y Marketing Ambiental por Internet. E-branding. Participaci\u00f3n en la mesa redonda \u201cLa gesti\u00f3n de la reputaci\u00f3n de marcas verdes\u201d con \u201cLa sensibilizaci\u00f3n medioambiental en redes sociales <em>online<\/em>\u201d. (Valencia, 2009).<\/li>\n<li>Jornada de redes sociales y ONGs. Participaci\u00f3n en la mesa redonda \u201cA debate la solidaridad2.0\u201d. (Valencia, 2009).<\/li>\n<li>Intervenci\u00f3n como ponente en el Seminario Permanente \u201cLa empresa, la \u00e9tica y la RSEen los nuevos contextos digitales\u201d. Ponencia \u201cLas redes sociales <em>online<\/em>\u201d. (Madrid, 2010).<\/li>\n<li>Intervenci\u00f3n como ponente enla Jornada\u201cLa comunicaci\u00f3n 360\u00ba en el sector juguete\u201d. Ponencia \u201cInternet como medio de comunicaci\u00f3n y soporte publicitario\u201d. (Madrid, 2010).<\/li>\n<li>Participaci\u00f3n en el Congreso Internacional IAB Spain de regulaci\u00f3n publicitaria en medios digitales. (Madrid, 2010).<\/li>\n<li>Intervenci\u00f3n como ponente enla I Jornadasobre Salidas Profesionales de Publicidad. Ponencia: \u201cLa Web2.0: oportunidades para tu carrera profesional\u201d. (Elche, 2010).<\/li>\n<li>Intervenci\u00f3n como ponente enla Jornada\u201cEl conocimiento y las redes sociales\u201d. Ponencia: \u201cEstrategias empresariales enla Web2.0. Las redes sociales online\u201d. (Elche, 2010).<\/li>\n<li>Intervenci\u00f3n como ponente enla Jornada\u201cLa empresa enla Web2.0\u201d. Ponencia: \u201cEstrategias empresariales enla Web2.0. Las redes sociales online\u201d. (Alicante, 2010).<\/li>\n<li>Organizaci\u00f3n y direcci\u00f3n dela Jornada\u201cEstrategias empresariales en redes sociales online\u201d. Universidad de Alicante, 2010.<\/li>\n<li>Participaci\u00f3n como ponente en el I Workshop Nacional de estudiantes de Publicidad y RR.PP. sobre Social Media y Social Branding \u201cAprender a Desaprender\u201d con la ponencia \u201cBranding social: be water, my friend\u201d. (Universidad de Alicante, 2010).<\/li>\n<li>Impartido el Taller \u201cEl uso de las redes sociales aplicado a la organizaci\u00f3n de eventos\u201d en el Congreso Nacional OPC Elche. (Elche, 2011).<\/li>\n<li>Ponencia \u201cEstrategias de sensibilizaci\u00f3n ambiental por Internet\u201d. Jornada CTL Community Manager y Medio Ambiente. (Valencia, 2011).<\/li>\n<\/ul>\n","protected":false},"excerpt":{"rendered":"<p>MEMORIA 2003 SOBRE LA CALIDAD DE LOS CONTENIDOS PROGRAM\u00c1TICOS Y PUBLICITARIOS TELEVISIVOS INFORME SOBRE NORMA DE CALIDAD PARA LOS CONTENIDOS TELEVISIVOS DIRIGIDOS A MENORES INFORME SOBRE EXPERIENCIAS DE CERTIFICACI\u00d3N INFORME 2006 PUBLICIDAD INFANTIL INFORME 2006 PROGRAMACI\u00d3N TELEVISIVA INFANTIL INFORME 2006 &hellip; <a href=\"https:\/\/blogs.ua.es\/comunicacionypublicosespecificos\/otros\/\">Continue reading <span class=\"meta-nav\">&rarr;<\/span><\/a><\/p>\n","protected":false},"author":2406,"featured_media":0,"parent":0,"menu_order":0,"comment_status":"closed","ping_status":"closed","template":"","meta":{"footnotes":""},"class_list":["post-176","page","type-page","status-publish","hentry"],"_links":{"self":[{"href":"https:\/\/blogs.ua.es\/comunicacionypublicosespecificos\/wp-json\/wp\/v2\/pages\/176","targetHints":{"allow":["GET"]}}],"collection":[{"href":"https:\/\/blogs.ua.es\/comunicacionypublicosespecificos\/wp-json\/wp\/v2\/pages"}],"about":[{"href":"https:\/\/blogs.ua.es\/comunicacionypublicosespecificos\/wp-json\/wp\/v2\/types\/page"}],"author":[{"embeddable":true,"href":"https:\/\/blogs.ua.es\/comunicacionypublicosespecificos\/wp-json\/wp\/v2\/users\/2406"}],"replies":[{"embeddable":true,"href":"https:\/\/blogs.ua.es\/comunicacionypublicosespecificos\/wp-json\/wp\/v2\/comments?post=176"}],"version-history":[{"count":3,"href":"https:\/\/blogs.ua.es\/comunicacionypublicosespecificos\/wp-json\/wp\/v2\/pages\/176\/revisions"}],"predecessor-version":[{"id":236,"href":"https:\/\/blogs.ua.es\/comunicacionypublicosespecificos\/wp-json\/wp\/v2\/pages\/176\/revisions\/236"}],"wp:attachment":[{"href":"https:\/\/blogs.ua.es\/comunicacionypublicosespecificos\/wp-json\/wp\/v2\/media?parent=176"}],"curies":[{"name":"wp","href":"https:\/\/api.w.org\/{rel}","templated":true}]}}