{"id":179,"date":"2011-11-30T12:35:56","date_gmt":"2011-11-30T11:35:56","guid":{"rendered":"https:\/\/blogs.ua.es\/comunicacionypublicosespecificos\/?page_id=179"},"modified":"2011-12-16T17:01:31","modified_gmt":"2011-12-16T16:01:31","slug":"capitulos-de-libro","status":"publish","type":"page","link":"https:\/\/blogs.ua.es\/comunicacionypublicosespecificos\/capitulos-de-libro\/","title":{"rendered":"Cap\u00edtulos de libro"},"content":{"rendered":"<div>\n<ul>\n<li>Bartual, V., Bardisa, M., L\u00f3pez-S\u00e1nchez, C., y Garc\u00eda-Rodr\u00edguez, J.A. (2000). An\u00e1lisis relacional entre el consumo de drogas y la conducta delictiva. En J, Fern\u00e1ndez; J, Herrero y A, Bravo (Edits).\u00a0<em>Intervenci\u00f3n Psicosocial y comunitaria: la promoci\u00f3n de la salud y la calidad de vida.<\/em>(296- 300). Madrid: Biblioteca Nueva. ISBN: 84-7030-832-7.<\/li>\n<li>Campillo, C. y Ramos-Soler, I. (2006). La comunicaci\u00f3n p\u00fablica de PIMESA. En <em>La comunicaci\u00f3n corporativa en el \u00e1mbito local.<\/em> (Coords.) L\u00f3pez, R.; Fern\u00e1ndez, F.; Dur\u00e1n, A. (730-736). Castell\u00f3n: Universitat Jaume I. ISBN: 84-8021-586-0.<\/li>\n<li>Campillo, C.; Carret\u00f3n, M; L\u00f3pez, S.; Monserrat, J.; Ortiz, M; Pap\u00ed, N; Quiles, C. y\u00a0 Ramos-Soler, Irene.\u00a0 (2008). Metodolog\u00eda did\u00e1ctica aplicada en asignaturas troncales y<br \/>\nobligatorias de Publicidad y Relaciones P\u00fablicas. En <em>VI Jornadas de Redes de Investigaci\u00f3n en Docencia Universitaria. La participaci\u00f3n de la comunidad educativa en Dise\u00f1o de T\u00edtulos.<\/em> (431-445). Alicante: Universidad de Alicante. ISBN: 978-84-691-4559-3<\/li>\n<li>Carret\u00f3n Ballester, MC y Ramos-Soler, I. (2010). Indicadores de responsabilidad social desde las relaciones p\u00fablicas internas: el caso de las empresas alicantinas. En <em>La Comunicaci\u00f3n Social en estado cr\u00edtico. Entre el mercado y la comunicaci\u00f3n para la libertad<\/em>. (55)<em> <\/em>Tenerife: Sociedad Latina de Comunicaci\u00f3n Social. ISBN: 978-84-614-4242-3<\/li>\n<li>Castell\u00f3 Mart\u00ednez, A. (2010). La empresa, la \u00e9tica y la responsabilidad social en los nuevos contextos digitales. En A. Bajo Sanju\u00e1n y N. Villagra Garcia, N. (Eds.),\u00a0<em>La \u00e9tica empresarial y la responsabilidad social en el nuevo contexto digital<\/em>\u00a0(83-111). Madrid: Universidad Pontificia Comillas.<\/li>\n<li>Castell\u00f3 Mart\u00ednez, A. (2010). La sensibilizaci\u00f3n medioambiental en redes sociales. En VV.AA.,\u00a0<em>E-branding verde<\/em>\u00a0(55-86). Madrid: Dykinson.<\/li>\n<li>Castell\u00f3 Mart\u00ednez, A. (2011). Herramientas de aprendizaje cooperativo aplicadas a la ense\u00f1anza universitaria: un caso pr\u00e1ctico. En B. Pe\u00f1a Acu\u00f1a (Coord),\u00a0<em>Nuevas f\u00f3rmulas docentes en el EES<\/em>\u00a0(225-242). Madrid: Visi\u00f3n Libros.<\/li>\n<li>del Pino, C., L\u00f3pez-S\u00e1nchez, y Garc\u00eda del Castillo, J.A. (2009). El alcohol y el tabaco en los escenarios de ficci\u00f3n: el actor como predictor de conductas nocivas. En J.A. Garc\u00eda del Castillo y C. L\u00f3pez-S\u00e1nchez .<em>Medios de comunicaci\u00f3n, publicidad y adicciones.\u00a0<\/em>(205- 224). Madrid: EDAF. ISBN: 978-84-414-2109-7<\/li>\n<li>Garc\u00eda del Castillo, J.A. y L\u00f3pez-S\u00e1nchez, C (2009). Acerca de los medios de comunicaci\u00f3n, la publicidad y las adicciones. En J.A. Garc\u00eda del Castillo y C. L\u00f3pez-S\u00e1nchez.\u00a0<em>Medios de comunicaci\u00f3n, publicidad y adicciones .<\/em>(19- 22). Madrid: EDAF. ISBN: 978-84-414-2109-7<\/li>\n<li>Garc\u00eda del Castillo, J.A., L\u00f3pez-S\u00e1nchez, C y Garc\u00eda del Castillo-L\u00f3pez, A. (2009).El tratamiento informativo de las drogas en los medios de comunicaci\u00f3n escrita y su repercusi\u00f3n en la prevenci\u00f3n. En J.A. Garc\u00eda del Castillo y C. L\u00f3pez-S\u00e1nchez.\u00a0<em>Medios de comunicaci\u00f3n, publicidad y adicciones.<\/em>(23- 46). Madrid: EDAF. ISBN: 978-84-414-21097<\/li>\n<li>Garc\u00eda del Castillo, J.A., L\u00f3pez-S\u00e1nchez, C, Quiles, M.C. y Garc\u00eda del Castillo-L\u00f3pez, A. (2009).La transmisi\u00f3n de valores a trav\u00e9s de la comunicaci\u00f3n publicitaria: las bebidas alcoh\u00f3licas.En J.A. Garc\u00eda del Castillo y C. L\u00f3pez-S\u00e1nchez. .<em>Medios de comunicaci\u00f3n, publicidad y adicciones.<\/em>(75- 100).Madrid:EDAF.ISBN: 978-84-414-2109-7<\/li>\n<li>Garc\u00eda del Castillo, J.A., L\u00f3pez-S\u00e1nchez, C., Segura D\u00edez, M. C. y Garc\u00eda del Castillo-L\u00f3pez, A. (2010).Vulnerabilidad al consumo de drogas. En F. Rodes Lloret, C.E., Monera Olmos y Pastor Bravo, M..<em>Vulnerabilidad Infantil: Un enfoque multidisciplinar<\/em>(7- 21). Madrid: D\u00edaz de Santos. ISBN: 978-84-7978-950-3<\/li>\n<li>Garc\u00eda del Castillo, J.A., Segura, M.C., L\u00f3pez-S\u00e1nchez, C., y Garc\u00eda del Castillo-L\u00f3pez, A. (2009). Jugando con la publicidad. El \u201cadvergaming\u201d. En J.A. Garc\u00eda del Castillo y C. L\u00f3pez-S\u00e1nchez.\u00a0<em>Medios de comunicaci\u00f3n, publicidad y adicciones.<\/em>(101- 120). Madrid: EDAF. ISBN: 978-84-414-2109-7<\/li>\n<li>Garc\u00eda del Castillo, J.A.; L\u00f3pez-S\u00e1nchez, C.; Rodr\u00edguez-Mar\u00edn, J.; Ca\u00f1adas, I. y Mira J.J. (2007). Implementaci\u00f3n de un programa de prevenci\u00f3n de drogas. En A. Blanco y J. Rodr\u00edguez-Mar\u00edn (coords.).\u00a0<em>Intervenci\u00f3n Psicosocial<\/em>. (341- 376). Madrid: Pearson- Prentice Hall. ISBN: 978-84-8322-314-7<\/li>\n<li>Garc\u00eda del Castillo, JA., L\u00f3pez-S\u00e1nchez, C., Lloret, D. y Espada, JP. (2005). Marcadores diferenciales de la coca\u00edna y las drogas sint\u00e9ticas como bases de la prevenci\u00f3n. En J.A. Garc\u00eda del Castillo y C. L\u00f3pez-S\u00e1nchez (comps.).\u00a0<em>Manual de estudios sobre coca\u00edna y drogas de s\u00edntesis.<\/em>\u00a0(131- 168). Madrid: EDAF. ISBN: 84-414-1692-3<\/li>\n<li>Garc\u00eda-Rodr\u00edguez, J.A. y L\u00f3pez-S\u00e1nchez, C. (2001). Medidas de las actitudes en la prevenci\u00f3n de las drogodependencias: El alcohol. En J.A. Garc\u00eda-Rodr\u00edguez y C. L\u00f3pez-S\u00e1nchez (comps.).\u00a0<em>Manual de estudios sobre el alcohol<\/em>. (25- 42). Madrid: EDAF. ISBN: 84-414-1028-3<\/li>\n<li>Garc\u00eda-Rodr\u00edguez, J.A., y L\u00f3pez-S\u00e1nchez, C. (1998). Consideraciones metodol\u00f3gicas acerca de la prevenci\u00f3n de las drogodependencias. En J.A. Garc\u00eda-Rodr\u00edguez y C. L\u00f3pez- S\u00e1nchez (comps.).\u00a0<em>Nuevas aportaciones en prevenci\u00f3n de drogodependencias .<\/em>(19- 44). Madrid: S\u00edntesis. ISBN: 84-7738-603-X.<\/li>\n<li>Grande, I.; Ramos-Soler, I. (2005). Profiling aging consumers televisi\u00f3n usage. Implications on advertising strategy. En <em>Book of Abstracts 12th Recent Advances in Retailing &amp; Services Science Conference.<\/em> (74). Eindhoven: European Institute of Retailing and Services Studies. ISBN: 90-6814-161-9.<\/li>\n<li>L\u00f3pez-S\u00e1nchez, C y Redero Bellido, H (2002). Liderazgo y direcci\u00f3n del servicio. En T. Fern\u00e1ndez Garc\u00eda y A. Ares Parra (coords.).\u00a0<em>Servicios Sociales: direcci\u00f3n, gesti\u00f3n y planificaci\u00f3n.<\/em>(73 \u2013 94). Madrid: Alianza Editorial. ISBN: 84-206-8648-4.<\/li>\n<li>L\u00f3pez-S\u00e1nchez, C., Garc\u00eda del Castillo, J.A., y Garc\u00eda del Castillo-L\u00f3pez, A. (2009). An\u00e1lisis de la publicidad de alcohol desde las teor\u00edas del aprendizaje. En J.A. Garc\u00eda del Castillo y C. L\u00f3pez-S\u00e1nchez.\u00a0<em>Medios de comunicaci\u00f3n, publicidad y adicciones.<\/em>(47- 74). Madrid: EDAF. ISBN: 978-84-414-2109-7<\/li>\n<li>L\u00f3pez-S\u00e1nchez, C., Garc\u00eda-Rodr\u00edguez, J. A., Mira, J. J., y Estevez, C. (2000).Validaci\u00f3n de escalas de actitudes hacia el consumo de tabaco, alcohol y otras drogas. En J, Fern\u00e1ndez, J, Herrero y A, Bravo (Edits).\u00a0<em>Intervenci\u00f3n Psicosocial y comunitaria: la promoci\u00f3n de la salud y la calidad de vida.\u00a0<\/em>(283- 286). Madrid: Biblioteca Nueva. ISBN: 84-7030-832-7.<\/li>\n<li>L\u00f3pez-S\u00e1nchez, C., Garc\u00eda-Rodr\u00edguez, J.A. y Rodr\u00edguez-Mar\u00edn, J. (1993).Dise\u00f1o y puesta en pr\u00e1ctica de un modelo de atenci\u00f3n comunitaria. En G. Musitu, E. Berjano, E. Garc\u00eda, J.R. Bueno (comps.),\u00a0<em>Intervenci\u00f3n psicosocial: programas y experiencias.\u00a0<\/em>(139- 154). Madrid: Editorial Popular. ISBN: 84-7884-114-8.<\/li>\n<li>Mondrag\u00f3n, J., Bueno, A., Rosser, A., L\u00f3pez-S\u00e1nchez, C., y Bel\u00e9ndez, M. (2005). An\u00e1lisis de una implantaci\u00f3n incipiente de los cr\u00e9ditos ECTS. En M.A. Mart\u00ednez y V. Carrasco, (eds.).\u00a0<em>La configuraci\u00f3n del Espacio Europeo de Educaci\u00f3n Superior<\/em>. Alicante: Instituto de Ciencias de la Educaci\u00f3n (ICE). ISBN: 84-689-3730-4 (Formato electr\u00f3nico).<\/li>\n<li>Mondrag\u00f3n, J., L\u00f3pez-S\u00e1nchez, C., G\u00f3mez, A. M., Dom\u00ednguez, F.J., Mira, J., y Mohedano, R. (2006). Implementaci\u00f3n de estrategias de aprendizaje cooperativo. En M.J. Frau; M. J. y N. Sauleda, (eds.).\u00a0<em>La reconfiguraci\u00f3n curricular en el escenario universitario. Redes de Investigaci\u00f3n Docente en el Espacio Europeo de Educaci\u00f3n Superior.<\/em>\u00a0(203- 231). Alicante: Universidad de Alicante. ISBN: 84-268-1269-4.<\/li>\n<li>Papi, N Campillo, C.; Carret\u00f3n, M; L\u00f3pez, S.; Monserrat, J.; Quiles, C.;\u00a0 Ramos-Soler, Irene; Torres, R.\u00a0 (2008). Docentes en troncales de primer y cuarto curso de Publicidad y Relaciones P\u00fablicas. En <em>Investigando en la Estructura Curricular del EEES 2006. (<\/em>Coords.) Iglesias, M.; Pastor, F. (1-71). Alicante: Universidad de Alicante. ISBN: 978-84-690-5146-7<\/li>\n<li>Pap\u00ed, N.; Campillo, C.; Carret\u00f3n, M.C.; Montserrat, J.;Quiles, M.C; Ramos-Soler, I.; R. Torres, R. (2006). Competencias en Publicidad y Relaciones P\u00fablicas en el marco del EEES: an\u00e1lisis de objetivos comunes desde la troncalidad del primer y \u00faltimo curso de la Universidad de Alicante. En <em>4rt.Congr\u00e9s Internacional Doc\u00e8ncia Universit\u00e0ria i Innovaci\u00f3: La competencia docent Vol.2<\/em>. (865). Girona: Universitat de Girona. ISBN: 84-8458-244-4.<\/li>\n<li>Pap\u00ed, N.; Campillo, C.; Carret\u00f3n, M.C.; Quiles, M.C,; Montserrat, J.; Ramos-Soler, I.; R. Torres, R. (2007). Competencias y Metodolog\u00edas en Publicidad y Relaciones P\u00fablicas en el marco europeo. En <em>La multidimensionalidad de la Educaci\u00f3n Universitaria<\/em>. (Eds.) Mart\u00ednez Ruiz, M.A. y Carrasco Embuena, V. (183-206). Alicante: Marfil. ISBN: 978-84-268-1335-0<\/li>\n<li>Pap\u00ed, N.; Campillo, C.; Carret\u00f3n, M.C.; Quiles, M.C,; Montserrat, J.; Ramos-Soler, I.; R. Torres, R. (2007). Metodolog\u00edas en Publicidad y Relaciones P\u00fablicas en el marco del EEES. An\u00e1lisis para la innovaci\u00f3n docente. En <em>IV Jornadas de Redes de Investigaci\u00f3n en Docencia Universitaria. La construcci\u00f3n colegiada del modelo docente universitario del siglo XXI<\/em>. (Eds.) Iglesias, M.; Lape\u00f1a, C.; Pastor, F. (1-14). Alicante: Universidad de Alicante. ISBN: 84-690-0931-1<\/li>\n<li>Ramos-Soler, I y Grande, I. (2006). The lifestyle of elderly consumers as a segmentation critierion: implications for advertising message design. En\u00a0<em>Book of Abstracts 13th Recent Advances in Retailing &amp; Services Science Conference.<\/em> (74). Eindhoven: European Institute of Retailing and Services Studies. ISBN: 90-6814-163-5.<\/li>\n<li>Ramos-Soler, I. (2001). La comunicaci\u00f3n publicitaria local del peque\u00f1o comercio de joyer\u00eda y relojer\u00eda en la provincia de Alicante. En <em>La prensa local y la prensa gratuita<\/em>. (Coords.) L\u00f3pez, R.; Fern\u00e1ndez, F.; Duran, A. (457-467). ISBN: 84-802d1-399X.<\/li>\n<li>Ramos-Soler, I. y\u00a0 Tur Vi\u00f1es, V. (2011). A Cross-Cultural approach for the sources of information for the elderly consumers: the spanish case. En <em>Book of Abstracts of 18<sup>th<\/sup> Recent Advances in Retailing &amp;Services Science Conference. <\/em>(144). Eindhoven: European Institute of Retailing and Services Studies. ISBN: 978-90-6814-185-6<\/li>\n<li>Ramos-Soler, I.; Grande Esteban, I.; Tur Vi\u00f1es, V. (2009). Elderly people and advertising: making them more visible and present in the consumer society. En <em>Book of Abstracts of 16<sup>th<\/sup> Recent Advances in Retailing &amp;Services Science Conference. <\/em>(137). Eindhoven: European Institute of Retailing and Services Studies. ISBN: 978-90-6814-175-7<\/li>\n<li>Ramos-Soler, I.; Papi G\u00e1lvez, N. (2004). El uso de las nuevas tecnolog\u00edas como soporte docente e investigador integrado en la formaci\u00f3n universitaria: la explotaci\u00f3n y estudio de las audiencias televisivas. En <em>3r. Congreso Internacional Docencia Universitaria e Innovaci\u00f3n.<\/em> (19). Barcelona: ICE Universitat Aut\u00f3noma de Barcelona. ISBN: 84-7653-864-2.<\/li>\n<li>Ramos-Soler, I.; Papi G\u00e1lvez, N. (2004). El uso de las nuevas tecnolog\u00edas como soporte docente e investigador integrado en la formaci\u00f3n universitaria: la explotaci\u00f3n y estudio de las audiencias televisivas. En <em>3r. Congreso Internacional Docencia Universitaria e Innovaci\u00f3n.<\/em> (314). Barcelona: ICE Universitat Aut\u00f3noma de Barcelona. ISBN: 84-88795-79-3.<\/li>\n<li>Ramos-Soler, I; Grande, I.; Tur, V. (2007). Children\u2019s Television Audiovisual Content: Study of entertainment as perceived by children, and their preferences as a indicator of quality. En \u00a0<em>Book of Abstracts 14th Recent Advances in Retailing &amp; Services Science Conference.<\/em> (140). Eindhoven: European Institute of Retailing and Services Studies. ISBN: 978-90-6814-167-2<\/li>\n<li>Ramos-Soler, Irene (2007). Adaptaci\u00f3n y validaci\u00f3n de la lista de valores LOV a las personas mayores de 65 a\u00f1os. En <em>IV Congreso de Metodolog\u00eda de Encuestas. Contribuciones cient\u00edficas.<\/em> (Eds.) Abascal Fern\u00e1ndez, E.; D\u00edaz de Rada, V.; Portilla Manj\u00f3n, I. (492-502). Pamplona: Universidad P\u00fablica de Navarra. ISBN: 978-84-9769-191-8<\/li>\n<li>Tur Vi\u00f1es, V. (1995): \u00bfC\u00f3mo afecta la entrada en vigor de la directiva 89\/552\/CEE a la financiaci\u00f3n de las televisiones? EN: Comunicaci\u00f3n y Estudios Universitarios. \/\u00a0 \/\u00a0 Publicaciones CEU.\u00a0 pp.:165- 175. ISBN:\u00a0\u00a0\u00a0 84-86792-36-3<\/li>\n<li>Tur Vi\u00f1es, V. (2002): Comunicando lo local a trav\u00e9s de la creatividad experiencial.\u00a0 EN:\u00a0\u00a0\u00a0 La Prensa Local y la Prensa Gratuita. L\u00f3pez\u00a0\u00a0 Lita, R.; Fern\u00e1ndez Beltr\u00e1n, F.; Dur\u00e1n ma\u00f1es, \u00c1 \/\u00a0 Universitat Jaume I. pp.: 443- 448. ISBN: 84-8921-399-X<\/li>\n<li>\u00a0Tur Vi\u00f1es, V. (2003): Campa\u00f1a de imagen y comunicaci\u00f3n &#8220;Denia Sostenible&#8221;. Un ejemplo de la importancia de los medios locales para la difusi\u00f3n de iniciativas municipales. EN:\u00a0\u00a0\u00a0 Radio y Televisi\u00f3n en el \u00e1mbito local. L\u00f3pez Lita, R.; Fern\u00e1ndez Beltr\u00e1n, F.;Vilar Moreno, F. \/\u00a0 Universitat Jaume I.pp.:263- 271. ISBN: 84-8021-454-6<\/li>\n<li>\u00a0Tur Vi\u00f1es, V. (2008): Utilizaci\u00f3n del software libre Moodle en la asignaTura Creatividad Publicitaria I. EN:\u00a0\u00a0\u00a0 Aportaciones curriculares para la interacci\u00f3n en el aprendizaje. Redes de investigaci\u00f3n Docente-Espacio Europeo de Educaci\u00f3n Superior Vol. I \/ Merma Molina, G.; Pastor Verd\u00fa, F. (Coords.) \/\u00a0 Marfil, p\u00e1ginas 341- 356. ISBN:\u00a0\u00a0\u00a0 978-84-268-1387-9.<\/li>\n<li>Tur Vi\u00f1es, V. y L\u00f3pez-S\u00e1nchez, C. (2010). Certificaci\u00f3n del Audiovisual Televisivo Infantil: de los criterios a la norma. En I. Blanco y M. R\u00f6mer.\u00a0<em>Los ni\u00f1os frente a las pantallas.<\/em>(311- 323). Madrid: Universitas. ISBN: 978-84-7991-282-6<\/li>\n<li>Tur Vi\u00f1es, V. y Ramos- Soler, I. (2008). Dise\u00f1o de cuestionario y escalas para la medici\u00f3n del entretenimiento percibido, preferencias programa\/cadena y h\u00e1bitos de visionado televisivo en ni\u00f1os de 4 a 12 a\u00f1os. En <em>Actas y memoria final del Congreso fundacional AE-IC: Investigar la Comunicaci\u00f3n. <\/em>Digital . Unidixital. ISBN: 978-84-612-3816-3<\/li>\n<li>Tur Vi\u00f1es, V. y Ramos- Soler, I. (2008). Dise\u00f1o de cuestionario y escalas para la medici\u00f3n del entretenimiento percibido, preferencias programa\/cadena y h\u00e1bitos de visionado televisivo en ni\u00f1os de 4 a 12 a\u00f1os. En <em>Libro de Res\u00famenes del \u00a0Congreso Internacional fundacional AE-IC: Investigar la Comunicaci\u00f3n. <\/em>Digital .\u00a0 (170-171). Unidixital. ISBN: 978-84-934272-3-8<\/li>\n<li>Tur Vi\u00f1es, V. y Ramos-Soler, I. (2008).Tendencias de futuro en el mercado infantil. En <em>Tendencias de consumo y oportunidades de negocio.<\/em> (173-182). Valencia:PATECO, Consejo de C\u00e1maras Oficiales de Comercio, Industria y Navegaci\u00f3n de la Comunidad Valenciana. ISBN: 978-84-935349-6-7<\/li>\n<li>Tur Vi\u00f1es, V. y Ramos-Soler, Irene (2007). Contenidos audiovisuales dirigidos a la infancia. Entretenimiento percibido, preferencias programa\/cadena y h\u00e1bitos de visionado en ni\u00f1os de 4 a 12 a\u00f1os. En <em>IV Congreso de Metodolog\u00eda de Encuestas. Contribuciones cient\u00edficas.<\/em> (Eds.) Abascal Fern\u00e1ndez, E.; D\u00edaz de Rada, V.; Portilla Manj\u00f3n, I. (145-148). Pamplona: Universidad P\u00fablica de Navarra. ISBN: 978-84-9769-191-8<\/li>\n<li>Tur Vi\u00f1es, V.; Gonzalez D\u00edaz, C. (2008): Conte\u00fados audiovisuais de qualidade dirigidos ao p\u00fablico infantil EN: Discursos e pr\u00e1ticas de qualidade na televisao \/ Borges, G.: Reia Baptista, V. (Eds.) \/ Editorial: Livros Horizonte (Brasil). ISBN: 978-972-24-1595-8.<\/li>\n<li>Tur Vi\u00f1es, V.; Orbea, J.; Fern\u00e1ndez, D. (2006): Aproximaci\u00f3n a la docencia universitaria en el contexto del espacio Europeo de Educaci\u00f3n Superior. EN: La construcci\u00f3n colegiada del modelo docente universitario del siglo XXI \/ Mart\u00ednez, M.A.; Carrasco, V. \/\u00a0 Editorial Marfil. PP.: 267- 290 ISBN:\u00a0\u00a0 84-268-1266-X.<\/li>\n<li>Tur Vi\u00f1es, V.; Orbea, J.; Fern\u00e1ndez, D. (2006): Red Docencia de Estrategia y Creatividad en Comunicaci\u00f3n Adaptada al EEES. EN: El Modelo Docente en la Universidad. Investigaciones Colegiadas \/ Frau, M.J.; Sauleda, N. (Edits.) \/\u00a0 Marfil\u00a0 ISBN:\u00a0\u00a0\u00a0 84-689-6437-9.<\/li>\n<li>Tur Vi\u00f1es, V.; Ramos Soler, I. (2008): Tendencias de fuTuro en el mercado infantil\u00a0 EN:\u00a0\u00a0 Tendencias de consumo y oportunidades de negocio. Consejo de C\u00e1maras Oficiales de Comercio, Industria y Navegaci\u00f3n de la Comunidad Valenciana. Valencia: PATECO.ISBN: 978-84-935349-6-7.<\/li>\n<li>Tur Vi\u00f1es, V; Franc\u00e9s, M. (2004): Acerca de la programaci\u00f3n infantil.\u00a0 EN:\u00a0\u00a0\u00a0 Ecolog\u00eda de la televisi\u00f3n: tecnolog\u00edas, contenidos y desaf\u00edos empresariales \/ Latorre Izquierdo, J.; Vara Miguel, A.;\u00a0 D\u00edaz M\u00e9ndez, M. (editores) \/\u00a0 Eunate , 399- 408. ISBN:\u00a0\u00a0 84-7768-154-6<\/li>\n<li>Tur Vi\u00f1es, Victoria (2004): Indicadores de calidad en los contenidos audiovisuales de televisi\u00f3n dirigidos a la infancia. EN M\u00ednguez Arranz, N. y Villagra Garc\u00eda, N. La comunicaci\u00f3n: nuevos discursos y perspectivas, pp. 115-124, Madrid: Edipo. ISBN: 84-88365-15-2<\/li>\n<li>Tur Vi\u00f1es, Victoria (2004): Las marcas se van de hogueras. Alicante 2003. EN:\u00a0\u00a0\u00a0 La publicidad local \/ L\u00f3pez Lita, Rafael; Fern\u00e1ndez Beltr\u00e1n, Francisco y Dur\u00e1n Ma\u00f1es, \u00c1ngeles \/\u00a0 Servicio de Publicaciones de la Universitat Jaume I de Castell\u00f3n.pp: 225- 230. ISBN: 84-8021-506-2<\/li>\n<li>Tur Vi\u00f1es, Victoria (2004): Posicionamiento diferencial de las Centrales de Medios espa\u00f1olas en sus piezas creativas de autopublicidad. EN: Ribeiro Cardoso,P. y Nora Gaio,Sof\u00eda (editores)\u00a0\u00a0\u00a0\u00a0 Publicidade e Comunica\u00e7ao Empresarial. Perspectivas e contributos, pp. 259-266. Porto: Universidade Fernando Pessoa. ISBN: 972-8830-16-5<\/li>\n<li>Tur, V. y Ramos-Soler, I (2007). Emerging Strategies for Marketing Toys. En \u00a0<em>Book of Abstracts 14th Recent Advances in Retailing &amp; Services Science Conference.<\/em> (167). Eindhoven: European Institute of Retailing and Services Studies. ISBN: 978-90-6814-167-2.<\/li>\n<li>Tur, V., L\u00f3pez-S\u00e1nchez, C., y Garc\u00eda del Castillo, J.A. (2009). Pantallas y adicci\u00f3n. En J.A. Garc\u00eda del Castillo y C. L\u00f3pez-S\u00e1nchez.\u00a0<em>Medios de comunicaci\u00f3n, publicidad y adicciones.\u00a0<\/em>(301- 322). Madrid: EDAF. ISBN: 978-84-414-2109-7<\/li>\n<li>Tur, V.; L\u00f3pez-S\u00e1nchez, C.; Garc\u00eda del Castillo, J.A. (2009): Pantallas y adicci\u00f3n\u00a0 EN :\u00a0\u00a0\u00a0 Medios de Comunicaci\u00f3n, Publicidad y Adicciones \/ Garc\u00eda del Castillo, JA; L\u00f3pez-S\u00e1nchez, C. \/\u00a0 Edaf .pp.: 301- 322. ISBN:\u00a0\u00a0\u00a0 978-84-414-2109-7.<\/li>\n<li>Tur, V; L\u00f3pez-S\u00e1nchez, C. (2010): Certificaci\u00f3n del audiovisual televisivo infantil: de los criterios a la norma.\u00a0 EN:\u00a0\u00a0\u00a0 Los ni\u00f1os frente a las pantallas \/ Blanco, I\u00a0 y\u00a0 R\u00f6mer, M \/\u00a0 Universitas, pp. 311- 323. ISBN: 978-84-7991-282-6<\/li>\n<\/ul>\n<\/div>\n<p>&nbsp;<\/p>\n","protected":false},"excerpt":{"rendered":"<p>Bartual, V., Bardisa, M., L\u00f3pez-S\u00e1nchez, C., y Garc\u00eda-Rodr\u00edguez, J.A. (2000). An\u00e1lisis relacional entre el consumo de drogas y la conducta delictiva. En J, Fern\u00e1ndez; J, Herrero y A, Bravo (Edits).\u00a0Intervenci\u00f3n Psicosocial y comunitaria: la promoci\u00f3n de la salud y la &hellip; <a href=\"https:\/\/blogs.ua.es\/comunicacionypublicosespecificos\/capitulos-de-libro\/\">Continue reading <span class=\"meta-nav\">&rarr;<\/span><\/a><\/p>\n","protected":false},"author":2406,"featured_media":0,"parent":0,"menu_order":0,"comment_status":"closed","ping_status":"closed","template":"","meta":{"footnotes":""},"class_list":["post-179","page","type-page","status-publish","hentry"],"_links":{"self":[{"href":"https:\/\/blogs.ua.es\/comunicacionypublicosespecificos\/wp-json\/wp\/v2\/pages\/179","targetHints":{"allow":["GET"]}}],"collection":[{"href":"https:\/\/blogs.ua.es\/comunicacionypublicosespecificos\/wp-json\/wp\/v2\/pages"}],"about":[{"href":"https:\/\/blogs.ua.es\/comunicacionypublicosespecificos\/wp-json\/wp\/v2\/types\/page"}],"author":[{"embeddable":true,"href":"https:\/\/blogs.ua.es\/comunicacionypublicosespecificos\/wp-json\/wp\/v2\/users\/2406"}],"replies":[{"embeddable":true,"href":"https:\/\/blogs.ua.es\/comunicacionypublicosespecificos\/wp-json\/wp\/v2\/comments?post=179"}],"version-history":[{"count":9,"href":"https:\/\/blogs.ua.es\/comunicacionypublicosespecificos\/wp-json\/wp\/v2\/pages\/179\/revisions"}],"predecessor-version":[{"id":201,"href":"https:\/\/blogs.ua.es\/comunicacionypublicosespecificos\/wp-json\/wp\/v2\/pages\/179\/revisions\/201"}],"wp:attachment":[{"href":"https:\/\/blogs.ua.es\/comunicacionypublicosespecificos\/wp-json\/wp\/v2\/media?parent=179"}],"curies":[{"name":"wp","href":"https:\/\/api.w.org\/{rel}","templated":true}]}}