{"id":187,"date":"2011-11-30T12:55:01","date_gmt":"2011-11-30T11:55:01","guid":{"rendered":"https:\/\/blogs.ua.es\/comunicacionypublicosespecificos\/?page_id=187"},"modified":"2011-12-16T17:24:20","modified_gmt":"2011-12-16T16:24:20","slug":"proyectos","status":"publish","type":"page","link":"https:\/\/blogs.ua.es\/comunicacionypublicosespecificos\/proyectos\/","title":{"rendered":"Proyectos"},"content":{"rendered":"<p><span style=\"text-decoration: underline\">PROYECTOS EN CURSO<\/span><\/p>\n<ul>\n<li>\u00a0<strong>T\u00edtulo del proyecto:<\/strong> Proyecto Ludicom: An\u00e1lisis estructural comparativo internacional de las informaciones de los envases de juguetes.<\/li>\n<\/ul>\n<p>Contrato de asesoramiento para la transferencia del conocimiento cient\u00edfico.<\/p>\n<p>AIJU (Instituto tecnol\u00f3gico del juguete) y Universidad de Alicante.<\/p>\n<p><strong>Investigador\/es responsable\/es<\/strong>: VICTORIA TUR VI\u00d1ES<\/p>\n<p><strong>Duraci\u00f3n<\/strong>: 1\/10\/2011-31\/12\/2012<\/p>\n<p>&nbsp;<\/p>\n<p>&nbsp;<\/p>\n<ul>\n<li><strong>T\u00edtulo del proyecto<\/strong>: Observatorio Mayores y Medios de Comunicaci\u00f3n (MAYMECO).<\/li>\n<\/ul>\n<p><strong>Entidad financiadora<\/strong>: Universidad de Alicante<\/p>\n<p><strong>Duraci\u00f3n:<\/strong>\u00a0desde 08\/09\/2008 hasta actualidad<\/p>\n<p><strong>Investigador:<\/strong>\u00a0Irene Ramos Soler<\/p>\n<p><strong>N\u00famero de investigadores<\/strong>: 4<\/p>\n<p><strong>Cuant\u00eda de la subvenci\u00f3n<\/strong>\u00a0: 6000 \u20ac<\/p>\n<p>&nbsp;<\/p>\n<p>&nbsp;<\/p>\n<ul>\n<li><strong>T\u00edtulo del proyecto:<\/strong> Jornadas Iberoamericanas de revistas cient\u00edficas de Ciencias Sociales<\/li>\n<\/ul>\n<p><strong>Entidad de realizaci\u00f3n<\/strong>: Universidad de Alicante Tipo de entidad: Universidad<\/p>\n<p><strong>Ciudad<\/strong>: Alicante, Comunidad Valenciana, Espa\u00f1a<\/p>\n<p><strong>Investigador\/es responsable\/es<\/strong>: VICTORIA TUR VI\u00d1ES<\/p>\n<p><strong>N\u00famero de investigadores\/as<\/strong>: 4<\/p>\n<p><strong>Duraci\u00f3n<\/strong>: 01\/01\/2011\u00a0 12 meses<\/p>\n<p>&nbsp;<\/p>\n<p>&nbsp;<\/p>\n<ul>\n<li><strong>T\u00edtulo del proyecto<\/strong>: Observatorio de Revistas cient\u00edficas<\/li>\n<\/ul>\n<p>Universidad de La Laguna, Universidad de Alicante y Universidad Miguel Hern\u00e1ndez.<\/p>\n<p>IP: Jos\u00e9 Manuel de Pablos.<\/p>\n<p><strong>Duraci\u00f3n<\/strong>: 01\/01\/2012-31\/12\/2014.<\/p>\n<p>&nbsp;<\/p>\n<p>&nbsp;<\/p>\n<p><span style=\"text-decoration: underline\">PROYECTOS ANTERIORES<\/span><\/p>\n<ul>\n<li>\u00a0<strong>T\u00edtulo del proyecto<\/strong>: ESMA, Esfuerzo, Satisfacci\u00f3n, Motivaci\u00f3n y Apredizaje en Publicidad y Relaciones P\u00fablicas. REF: 1692<\/li>\n<\/ul>\n<p><strong>Entidad financiadora<\/strong>: ICE-Universidad de Alicante, proyecto Redes de Investigaci\u00f3n en Docencia Universitaria<\/p>\n<p><strong>Duraci\u00f3n:<\/strong> desde 01\/09\/2009 hasta 31\/08\/2010<\/p>\n<p><strong>Investigador principal:<\/strong> Irene Ramos Soler<\/p>\n<p><strong>N\u00famero de investigadores<\/strong>: 10<\/p>\n<p><strong>Cuant\u00eda de la subvenci\u00f3n<\/strong> : 2500\u20ac<\/p>\n<p>&nbsp;<\/p>\n<p>&nbsp;<\/p>\n<ul>\n<li><strong>T\u00edtulo del proyecto:<\/strong>\u00a0Mayores y Publicidad: An\u00e1lisis y efectos del uso de la imagen de las personas mayores en la publicidad en Espa\u00f1a. REF: GVPRE\/2008\/302.<\/li>\n<\/ul>\n<p><strong>Entidad financiadora:<\/strong>\u00a0\u00a0Conselleria d\u2019Educaci\u00f3n de la Generalitat Valenciana. Programa p\u00fablico de ayudas a la realizaci\u00f3n de proyectos precompetitivos de I+D para equipos de investigaci\u00f3n.<\/p>\n<p><strong>Duraci\u00f3n<\/strong>: desde 01\/01\/2008 hasta 31\/12\/2008<\/p>\n<p><strong>Investigador principal<\/strong>: Irene Ramos Soler<\/p>\n<p><strong>N\u00famero de investigadores<\/strong>: 4<\/p>\n<p><strong>Cuant\u00eda de la subvenci\u00f3n :<\/strong>\u00a018.140 \u20ac<\/p>\n<p>&nbsp;<\/p>\n<p>&nbsp;<\/p>\n<ul>\n<li>\u00a0<strong>T\u00edtulo del proyecto<\/strong>: Estrategias de marketing para el desarrollo del turismo rural en la provincia de Alicante.<\/li>\n<\/ul>\n<p><strong>Entidad financiadora<\/strong>: Fundaci\u00f3n Cavanilles de Altos Estudios Tur\u00edsticos. Universidad de Alicante<\/p>\n<p><strong>Duraci\u00f3n:<\/strong> desde 01\/06\/1994 hasta 01\/06\/1995<\/p>\n<p><strong>Investigador:<\/strong> Irene Ramos Soler<\/p>\n<p><strong>N\u00famero de investigadores<\/strong>: 4<\/p>\n<p><strong>Cuant\u00eda de la subvenci\u00f3n<\/strong> : 4808 \u20ac<\/p>\n","protected":false},"excerpt":{"rendered":"<p>PROYECTOS EN CURSO \u00a0T\u00edtulo del proyecto: Proyecto Ludicom: An\u00e1lisis estructural comparativo internacional de las informaciones de los envases de juguetes. Contrato de asesoramiento para la transferencia del conocimiento cient\u00edfico. AIJU (Instituto tecnol\u00f3gico del juguete) y Universidad de Alicante. Investigador\/es responsable\/es: &hellip; <a href=\"https:\/\/blogs.ua.es\/comunicacionypublicosespecificos\/proyectos\/\">Continue reading <span class=\"meta-nav\">&rarr;<\/span><\/a><\/p>\n","protected":false},"author":2406,"featured_media":0,"parent":0,"menu_order":0,"comment_status":"closed","ping_status":"closed","template":"","meta":{"footnotes":""},"class_list":["post-187","page","type-page","status-publish","hentry"],"_links":{"self":[{"href":"https:\/\/blogs.ua.es\/comunicacionypublicosespecificos\/wp-json\/wp\/v2\/pages\/187","targetHints":{"allow":["GET"]}}],"collection":[{"href":"https:\/\/blogs.ua.es\/comunicacionypublicosespecificos\/wp-json\/wp\/v2\/pages"}],"about":[{"href":"https:\/\/blogs.ua.es\/comunicacionypublicosespecificos\/wp-json\/wp\/v2\/types\/page"}],"author":[{"embeddable":true,"href":"https:\/\/blogs.ua.es\/comunicacionypublicosespecificos\/wp-json\/wp\/v2\/users\/2406"}],"replies":[{"embeddable":true,"href":"https:\/\/blogs.ua.es\/comunicacionypublicosespecificos\/wp-json\/wp\/v2\/comments?post=187"}],"version-history":[{"count":11,"href":"https:\/\/blogs.ua.es\/comunicacionypublicosespecificos\/wp-json\/wp\/v2\/pages\/187\/revisions"}],"predecessor-version":[{"id":338,"href":"https:\/\/blogs.ua.es\/comunicacionypublicosespecificos\/wp-json\/wp\/v2\/pages\/187\/revisions\/338"}],"wp:attachment":[{"href":"https:\/\/blogs.ua.es\/comunicacionypublicosespecificos\/wp-json\/wp\/v2\/media?parent=187"}],"curies":[{"name":"wp","href":"https:\/\/api.w.org\/{rel}","templated":true}]}}